{"id":1332,"date":"2019-10-31T12:26:27","date_gmt":"2019-10-31T12:26:27","guid":{"rendered":"https:\/\/kmetijazrazgledom.si\/?page_id=1332"},"modified":"2022-01-17T08:02:25","modified_gmt":"2022-01-17T08:02:25","slug":"radfahren-und-bike-park","status":"publish","type":"page","link":"https:\/\/kmetijazrazgledom.si\/de\/aktivitaeten\/radfahren-und-bike-park\/","title":{"rendered":"RADFAHREN UND BIKE PARK"},"content":{"rendered":"<p>[et_pb_section fb_built=&#8220;1&#8243; fullwidth=&#8220;on&#8220; _builder_version=&#8220;3.29.3&#8243; global_colors_info=&#8220;{}&#8220;][et_pb_fullwidth_header _builder_version=&#8220;3.29.3&#8243; background_image=&#8220;https:\/\/kmetijazrazgledom.si\/wp-content\/uploads\/2019\/10\/KmetijaNaCendovs_BikeParkCerkno.jpg&#8220; background_position=&#8220;top_center&#8220; height=&#8220;350px&#8220; global_colors_info=&#8220;{}&#8220;][\/et_pb_fullwidth_header][\/et_pb_section][et_pb_section fb_built=&#8220;1&#8243; admin_label=&#8220;section&#8220; _builder_version=&#8220;3.22&#8243; global_colors_info=&#8220;{}&#8220;][et_pb_row column_structure=&#8220;1_2,1_2&#8243; admin_label=&#8220;row&#8220; _builder_version=&#8220;3.25&#8243; background_size=&#8220;initial&#8220; background_position=&#8220;top_left&#8220; background_repeat=&#8220;repeat&#8220; global_colors_info=&#8220;{}&#8220;][et_pb_column type=&#8220;1_2&#8243; _builder_version=&#8220;3.25&#8243; custom_padding=&#8220;|||&#8220; global_colors_info=&#8220;{}&#8220; custom_padding__hover=&#8220;|||&#8220;][et_pb_post_title meta=&#8220;off&#8220; featured_image=&#8220;off&#8220; admin_label=&#8220;Naslov&#8220; _builder_version=&#8220;3.29.3&#8243; global_colors_info=&#8220;{}&#8220;][\/et_pb_post_title][et_pb_text admin_label=&#8220;Vsebina&#8220; _builder_version=&#8220;3.29.3&#8243; global_colors_info=&#8220;{}&#8220;]Das Bergland Cerkljansko hribovje ist wie gemacht f\u00fcr Radfahrer. Dort k\u00f6nnen Sie zwischen zahlreichen Radwegen ausw\u00e4hlen; von anspruchsvolleren und kurzen bis hin zu langen und anstrengenden Wegen. Mit dem Rad kann man auf hohe Gipfel fahren, einen wundersch\u00f6nen Ausblick genie\u00dfen und danach eine mit Adrenalin vollgepackte downhill Fahrt machen.<\/p>\n<p>Um sicher zu gehen, dass Sie sich in der Umgebung nicht verlieren, geben wir Ihnen eine Karte mit allen Radwegen.<\/p>\n<p>Lasst das Abenteuer beginnen![\/et_pb_text][et_pb_text admin_label=&#8220;Bike park&#8220; _builder_version=&#8220;3.29.3&#8243; global_colors_info=&#8220;{}&#8220;]<\/p>\n<h2>Bike park<\/h2>\n<p>\u010crni vrh ist nicht nur f\u00fcr Skifahrer und Wanderer reserviert, sonder auch f\u00fcr Radfahrer, die einen Adrenalin-Rausch erleben wollen.<\/p>\n<p>Der Bike Park ist mit zahlreichen Strecken ausgestattet, die alle ein verschiedenes Terrain anbieten. Alle f\u00fchren durch den Wald und der Flow-Trail f\u00fchrt unter dem Sechssessellift. Die zwei Single-Trails und der Flow-Trail sind nach Werkzeugen, die auf den Bauernh\u00f6fen aus unserem Gebiet benutzt werden (vaznka\u0161, vlaka und sne\u017eet), benannt. Im Bike Park ist auch f\u00fcr die Ausleihe von R\u00e4dern, anderer Radausstattung und auch f\u00fcr andere Dienste gesorgt.<\/p>\n<p>[\/et_pb_text][\/et_pb_column][et_pb_column type=&#8220;1_2&#8243; _builder_version=&#8220;3.25&#8243; custom_padding=&#8220;|||&#8220; global_colors_info=&#8220;{}&#8220; custom_padding__hover=&#8220;|||&#8220;][et_pb_testimonial _builder_version=&#8220;3.29.3&#8243; body_font=&#8220;||on||||||&#8220; body_font_size=&#8220;23px&#8220; global_colors_info=&#8220;{}&#8220;]Das Bergland Cerkljansko hribovje ist wie gemacht f\u00fcr Radfahrer. Dort k\u00f6nnen Sie zwischen zahlreichen Radwegen ausw\u00e4hlen; von anspruchsvolleren und kurzen bis hin zu langen und anstrengenden Wegen. [\/et_pb_testimonial][\/et_pb_column][\/et_pb_row][\/et_pb_section][et_pb_section fb_built=&#8220;1&#8243; _builder_version=&#8220;3.29.3&#8243; global_colors_info=&#8220;{}&#8220;][et_pb_row _builder_version=&#8220;3.29.3&#8243; global_colors_info=&#8220;{}&#8220;][et_pb_column type=&#8220;4_4&#8243; _builder_version=&#8220;3.29.3&#8243; global_colors_info=&#8220;{}&#8220;][et_pb_gallery gallery_ids=&#8220;369,368,367,366&#8243; show_title_and_caption=&#8220;off&#8220; show_pagination=&#8220;off&#8220; _builder_version=&#8220;3.29.3&#8243; global_colors_info=&#8220;{}&#8220;][\/et_pb_gallery][\/et_pb_column][\/et_pb_row][\/et_pb_section]<\/p>\n","protected":false},"excerpt":{"rendered":"<p>Das Bergland Cerkljansko hribovje ist wie gemacht f\u00fcr Radfahrer. Dort k\u00f6nnen Sie zwischen zahlreichen Radwegen ausw\u00e4hlen; von anspruchsvolleren und kurzen bis hin zu langen und anstrengenden Wegen. Mit dem Rad kann man auf hohe Gipfel fahren, einen wundersch\u00f6nen Ausblick genie\u00dfen und danach eine mit Adrenalin vollgepackte downhill Fahrt machen. Um sicher zu gehen, dass Sie [&hellip;]<\/p>\n","protected":false},"author":1,"featured_media":0,"parent":1318,"menu_order":0,"comment_status":"closed","ping_status":"closed","template":"","meta":{"_et_pb_use_builder":"on","_et_pb_old_content":"","_et_gb_content_width":"","_monsterinsights_skip_tracking":false,"_monsterinsights_sitenote_active":false,"_monsterinsights_sitenote_note":"","_monsterinsights_sitenote_category":0,"footnotes":""},"yoast_head":"<!-- This site is optimized with the Yoast SEO plugin v21.5 - https:\/\/yoast.com\/wordpress\/plugins\/seo\/ -->\n<title>RADFAHREN UND BIKE PARK &#8212; Kmetija z razgledom<\/title>\n<meta name=\"description\" content=\"Das Bergland Cerkljansko hribovje ist wie gemacht f\u00fcr Radfahrer. Dort k\u00f6nnen Sie zwischen zahlreichen Radwegen ausw\u00e4hlen.\" \/>\n<meta name=\"robots\" content=\"index, follow, max-snippet:-1, max-image-preview:large, max-video-preview:-1\" \/>\n<link rel=\"canonical\" href=\"https:\/\/kmetijazrazgledom.si\/de\/aktivitaeten\/radfahren-und-bike-park\/\" \/>\n<meta property=\"og:locale\" content=\"de_DE\" \/>\n<meta property=\"og:type\" content=\"article\" \/>\n<meta property=\"og:title\" content=\"RADFAHREN UND BIKE PARK &#8212; Kmetija z razgledom\" \/>\n<meta property=\"og:description\" content=\"Das Bergland Cerkljansko hribovje ist wie gemacht f\u00fcr Radfahrer. Dort k\u00f6nnen Sie zwischen zahlreichen Radwegen ausw\u00e4hlen.\" \/>\n<meta property=\"og:url\" content=\"https:\/\/kmetijazrazgledom.si\/de\/aktivitaeten\/radfahren-und-bike-park\/\" \/>\n<meta property=\"og:site_name\" content=\"Kmetija z razgledom\" \/>\n<meta property=\"article:modified_time\" content=\"2022-01-17T08:02:25+00:00\" \/>\n<meta name=\"twitter:card\" content=\"summary_large_image\" \/>\n<meta name=\"twitter:label1\" content=\"Gesch\u00e4tzte Lesezeit\" \/>\n\t<meta name=\"twitter:data1\" content=\"2\u00a0Minuten\" \/>\n<script type=\"application\/ld+json\" class=\"yoast-schema-graph\">{\"@context\":\"https:\/\/schema.org\",\"@graph\":[{\"@type\":\"WebPage\",\"@id\":\"https:\/\/kmetijazrazgledom.si\/de\/aktivitaeten\/radfahren-und-bike-park\/\",\"url\":\"https:\/\/kmetijazrazgledom.si\/de\/aktivitaeten\/radfahren-und-bike-park\/\",\"name\":\"RADFAHREN UND BIKE PARK &#8212; Kmetija z razgledom\",\"isPartOf\":{\"@id\":\"https:\/\/kmetijazrazgledom.si\/#website\"},\"datePublished\":\"2019-10-31T12:26:27+00:00\",\"dateModified\":\"2022-01-17T08:02:25+00:00\",\"description\":\"Das Bergland Cerkljansko hribovje ist wie gemacht f\u00fcr Radfahrer. Dort k\u00f6nnen Sie zwischen zahlreichen Radwegen ausw\u00e4hlen.\",\"breadcrumb\":{\"@id\":\"https:\/\/kmetijazrazgledom.si\/de\/aktivitaeten\/radfahren-und-bike-park\/#breadcrumb\"},\"inLanguage\":\"de\",\"potentialAction\":[{\"@type\":\"ReadAction\",\"target\":[\"https:\/\/kmetijazrazgledom.si\/de\/aktivitaeten\/radfahren-und-bike-park\/\"]}]},{\"@type\":\"BreadcrumbList\",\"@id\":\"https:\/\/kmetijazrazgledom.si\/de\/aktivitaeten\/radfahren-und-bike-park\/#breadcrumb\",\"itemListElement\":[{\"@type\":\"ListItem\",\"position\":1,\"name\":\"Home\",\"item\":\"https:\/\/kmetijazrazgledom.si\/de\/\"},{\"@type\":\"ListItem\",\"position\":2,\"name\":\"Aktivit\u00e4ten\",\"item\":\"https:\/\/kmetijazrazgledom.si\/de\/aktivitaeten\/\"},{\"@type\":\"ListItem\",\"position\":3,\"name\":\"RADFAHREN UND BIKE PARK\"}]},{\"@type\":\"WebSite\",\"@id\":\"https:\/\/kmetijazrazgledom.si\/#website\",\"url\":\"https:\/\/kmetijazrazgledom.si\/\",\"name\":\"Kmetija z razgledom\",\"description\":\"\",\"potentialAction\":[{\"@type\":\"SearchAction\",\"target\":{\"@type\":\"EntryPoint\",\"urlTemplate\":\"https:\/\/kmetijazrazgledom.si\/?s={search_term_string}\"},\"query-input\":\"required name=search_term_string\"}],\"inLanguage\":\"de\"}]}<\/script>\n<!-- \/ Yoast SEO plugin. -->","yoast_head_json":{"title":"RADFAHREN UND BIKE PARK &#8212; Kmetija z razgledom","description":"Das Bergland Cerkljansko hribovje ist wie gemacht f\u00fcr Radfahrer. Dort k\u00f6nnen Sie zwischen zahlreichen Radwegen ausw\u00e4hlen.","robots":{"index":"index","follow":"follow","max-snippet":"max-snippet:-1","max-image-preview":"max-image-preview:large","max-video-preview":"max-video-preview:-1"},"canonical":"https:\/\/kmetijazrazgledom.si\/de\/aktivitaeten\/radfahren-und-bike-park\/","og_locale":"de_DE","og_type":"article","og_title":"RADFAHREN UND BIKE PARK &#8212; Kmetija z razgledom","og_description":"Das Bergland Cerkljansko hribovje ist wie gemacht f\u00fcr Radfahrer. Dort k\u00f6nnen Sie zwischen zahlreichen Radwegen ausw\u00e4hlen.","og_url":"https:\/\/kmetijazrazgledom.si\/de\/aktivitaeten\/radfahren-und-bike-park\/","og_site_name":"Kmetija z razgledom","article_modified_time":"2022-01-17T08:02:25+00:00","twitter_card":"summary_large_image","twitter_misc":{"Gesch\u00e4tzte Lesezeit":"2\u00a0Minuten"},"schema":{"@context":"https:\/\/schema.org","@graph":[{"@type":"WebPage","@id":"https:\/\/kmetijazrazgledom.si\/de\/aktivitaeten\/radfahren-und-bike-park\/","url":"https:\/\/kmetijazrazgledom.si\/de\/aktivitaeten\/radfahren-und-bike-park\/","name":"RADFAHREN UND BIKE PARK &#8212; Kmetija z razgledom","isPartOf":{"@id":"https:\/\/kmetijazrazgledom.si\/#website"},"datePublished":"2019-10-31T12:26:27+00:00","dateModified":"2022-01-17T08:02:25+00:00","description":"Das Bergland Cerkljansko hribovje ist wie gemacht f\u00fcr Radfahrer. Dort k\u00f6nnen Sie zwischen zahlreichen Radwegen ausw\u00e4hlen.","breadcrumb":{"@id":"https:\/\/kmetijazrazgledom.si\/de\/aktivitaeten\/radfahren-und-bike-park\/#breadcrumb"},"inLanguage":"de","potentialAction":[{"@type":"ReadAction","target":["https:\/\/kmetijazrazgledom.si\/de\/aktivitaeten\/radfahren-und-bike-park\/"]}]},{"@type":"BreadcrumbList","@id":"https:\/\/kmetijazrazgledom.si\/de\/aktivitaeten\/radfahren-und-bike-park\/#breadcrumb","itemListElement":[{"@type":"ListItem","position":1,"name":"Home","item":"https:\/\/kmetijazrazgledom.si\/de\/"},{"@type":"ListItem","position":2,"name":"Aktivit\u00e4ten","item":"https:\/\/kmetijazrazgledom.si\/de\/aktivitaeten\/"},{"@type":"ListItem","position":3,"name":"RADFAHREN UND BIKE PARK"}]},{"@type":"WebSite","@id":"https:\/\/kmetijazrazgledom.si\/#website","url":"https:\/\/kmetijazrazgledom.si\/","name":"Kmetija z razgledom","description":"","potentialAction":[{"@type":"SearchAction","target":{"@type":"EntryPoint","urlTemplate":"https:\/\/kmetijazrazgledom.si\/?s={search_term_string}"},"query-input":"required name=search_term_string"}],"inLanguage":"de"}]}},"_links":{"self":[{"href":"https:\/\/kmetijazrazgledom.si\/de\/wp-json\/wp\/v2\/pages\/1332"}],"collection":[{"href":"https:\/\/kmetijazrazgledom.si\/de\/wp-json\/wp\/v2\/pages"}],"about":[{"href":"https:\/\/kmetijazrazgledom.si\/de\/wp-json\/wp\/v2\/types\/page"}],"author":[{"embeddable":true,"href":"https:\/\/kmetijazrazgledom.si\/de\/wp-json\/wp\/v2\/users\/1"}],"replies":[{"embeddable":true,"href":"https:\/\/kmetijazrazgledom.si\/de\/wp-json\/wp\/v2\/comments?post=1332"}],"version-history":[{"count":8,"href":"https:\/\/kmetijazrazgledom.si\/de\/wp-json\/wp\/v2\/pages\/1332\/revisions"}],"predecessor-version":[{"id":2845,"href":"https:\/\/kmetijazrazgledom.si\/de\/wp-json\/wp\/v2\/pages\/1332\/revisions\/2845"}],"up":[{"embeddable":true,"href":"https:\/\/kmetijazrazgledom.si\/de\/wp-json\/wp\/v2\/pages\/1318"}],"wp:attachment":[{"href":"https:\/\/kmetijazrazgledom.si\/de\/wp-json\/wp\/v2\/media?parent=1332"}],"curies":[{"name":"wp","href":"https:\/\/api.w.org\/{rel}","templated":true}]}}