{"id":1341,"date":"2019-10-31T12:30:56","date_gmt":"2019-10-31T12:30:56","guid":{"rendered":"https:\/\/kmetijazrazgledom.si\/?page_id=1341"},"modified":"2022-01-17T08:01:31","modified_gmt":"2022-01-17T08:01:31","slug":"klettern","status":"publish","type":"page","link":"https:\/\/kmetijazrazgledom.si\/de\/aktivitaeten\/klettern\/","title":{"rendered":"KLETTERN"},"content":{"rendered":"<p>[et_pb_section fb_built=&#8220;1&#8243; fullwidth=&#8220;on&#8220; _builder_version=&#8220;3.29.3&#8243; global_colors_info=&#8220;{}&#8220;][et_pb_fullwidth_header _builder_version=&#8220;3.29.3&#8243; background_image=&#8220;https:\/\/kmetijazrazgledom.si\/wp-content\/uploads\/2019\/10\/KmetijaNaCendovs_LutneSkale02.jpg&#8220; height=&#8220;350px&#8220; global_colors_info=&#8220;{}&#8220;][\/et_pb_fullwidth_header][\/et_pb_section][et_pb_section fb_built=&#8220;1&#8243; admin_label=&#8220;section&#8220; _builder_version=&#8220;3.22&#8243; global_colors_info=&#8220;{}&#8220;][et_pb_row column_structure=&#8220;1_2,1_2&#8243; admin_label=&#8220;row&#8220; _builder_version=&#8220;3.25&#8243; background_size=&#8220;initial&#8220; background_position=&#8220;top_left&#8220; background_repeat=&#8220;repeat&#8220; global_colors_info=&#8220;{}&#8220;][et_pb_column type=&#8220;1_2&#8243; _builder_version=&#8220;3.25&#8243; custom_padding=&#8220;|||&#8220; global_colors_info=&#8220;{}&#8220; custom_padding__hover=&#8220;|||&#8220;][et_pb_post_title meta=&#8220;off&#8220; featured_image=&#8220;off&#8220; _builder_version=&#8220;3.29.3&#8243; global_colors_info=&#8220;{}&#8220;][\/et_pb_post_title][et_pb_text _builder_version=&#8220;3.29.3&#8243; link_option_url=&#8220;http:\/\/www.aocerkno.com\/07\/2011\/seznam-smeri\/&#8220; global_colors_info=&#8220;{}&#8220;]Die Klettergegend Lutne skale befindet sich in der Kazarska-Bergschlucht, nah an der Stra\u00dfe, die von Reka bis zum Dorf Bukovo leitet; an der Gabelung, die ins Dorf Police f\u00fchrt. Die Bergcshlucht bietet neben der Klettergegend auch ein paar andere Natursch\u00f6nheiten an (ein Felsentor, Flussbetten und Stromschnellen, Gumpen und Tuffsteinablagerungen).<\/p>\n<p>Das Klettern ist m\u00f6glich vom Anfang Fr\u00fchlings bis zum Ende Herbst. Die Felsw\u00e4nde sind meistens ebenm\u00e4\u00dfig \u00fcberh\u00e4ngend und steif. Sie haben ebenfalls Felshaken (Bohrhaken) und Fixpunkte.  Kletterer k\u00f6nnen in mehr als 40 Richtungen klettern, von den einfachsten bis zu den h\u00e4rtesten Anforderungsgrad.<\/p>\n<p>Liste der Kletterrichtungen:<br \/>\n <strong><a href=\"http:\/\/www.aocerkno.com\/07\/2011\/seznam-smeri\/\" target=\"_blank\" rel=\"noopener noreferrer\">www.aocerkno.com\/seznam-smeri<\/a><\/strong>[\/et_pb_text][\/et_pb_column][et_pb_column type=&#8220;1_2&#8243; _builder_version=&#8220;3.25&#8243; custom_padding=&#8220;|||&#8220; global_colors_info=&#8220;{}&#8220; custom_padding__hover=&#8220;|||&#8220;][et_pb_image src=&#8220;https:\/\/kmetijazrazgledom.si\/wp-content\/uploads\/2019\/10\/KmetijaNaCendovs_LutneSkale01.jpg&#8220; _builder_version=&#8220;3.29.3&#8243; global_colors_info=&#8220;{}&#8220;][\/et_pb_image][\/et_pb_column][\/et_pb_row][\/et_pb_section]<\/p>\n","protected":false},"excerpt":{"rendered":"<p>Die Klettergegend Lutne skale befindet sich in der Kazarska-Bergschlucht, nah an der Stra\u00dfe, die von Reka bis zum Dorf Bukovo leitet; an der Gabelung, die ins Dorf Police f\u00fchrt. Die Bergcshlucht bietet neben der Klettergegend auch ein paar andere Natursch\u00f6nheiten an (ein Felsentor, Flussbetten und Stromschnellen, Gumpen und Tuffsteinablagerungen). Das Klettern ist m\u00f6glich vom Anfang [&hellip;]<\/p>\n","protected":false},"author":1,"featured_media":0,"parent":1318,"menu_order":0,"comment_status":"closed","ping_status":"closed","template":"","meta":{"_et_pb_use_builder":"on","_et_pb_old_content":"","_et_gb_content_width":"","_monsterinsights_skip_tracking":false,"_monsterinsights_sitenote_active":false,"_monsterinsights_sitenote_note":"","_monsterinsights_sitenote_category":0,"footnotes":""},"yoast_head":"<!-- This site is optimized with the Yoast SEO plugin v21.5 - https:\/\/yoast.com\/wordpress\/plugins\/seo\/ -->\n<title>KLETTERN &#8212; Kmetija z razgledom<\/title>\n<meta name=\"description\" content=\"Das Klettern ist m\u00f6glich vom Anfang Fr\u00fchlings bis zum Ende Herbst. Die Felsw\u00e4nde sind meistens ebenm\u00e4\u00dfig \u00fcberh\u00e4ngend und steif.\" \/>\n<meta name=\"robots\" content=\"index, follow, max-snippet:-1, max-image-preview:large, max-video-preview:-1\" \/>\n<link rel=\"canonical\" href=\"https:\/\/kmetijazrazgledom.si\/de\/aktivitaeten\/klettern\/\" \/>\n<meta property=\"og:locale\" content=\"de_DE\" \/>\n<meta property=\"og:type\" content=\"article\" \/>\n<meta property=\"og:title\" content=\"KLETTERN &#8212; Kmetija z razgledom\" \/>\n<meta property=\"og:description\" content=\"Das Klettern ist m\u00f6glich vom Anfang Fr\u00fchlings bis zum Ende Herbst. Die Felsw\u00e4nde sind meistens ebenm\u00e4\u00dfig \u00fcberh\u00e4ngend und steif.\" \/>\n<meta property=\"og:url\" content=\"https:\/\/kmetijazrazgledom.si\/de\/aktivitaeten\/klettern\/\" \/>\n<meta property=\"og:site_name\" content=\"Kmetija z razgledom\" \/>\n<meta property=\"article:modified_time\" content=\"2022-01-17T08:01:31+00:00\" \/>\n<meta name=\"twitter:card\" content=\"summary_large_image\" \/>\n<meta name=\"twitter:label1\" content=\"Gesch\u00e4tzte Lesezeit\" \/>\n\t<meta name=\"twitter:data1\" content=\"1\u00a0Minute\" \/>\n<script type=\"application\/ld+json\" class=\"yoast-schema-graph\">{\"@context\":\"https:\/\/schema.org\",\"@graph\":[{\"@type\":\"WebPage\",\"@id\":\"https:\/\/kmetijazrazgledom.si\/de\/aktivitaeten\/klettern\/\",\"url\":\"https:\/\/kmetijazrazgledom.si\/de\/aktivitaeten\/klettern\/\",\"name\":\"KLETTERN &#8212; Kmetija z razgledom\",\"isPartOf\":{\"@id\":\"https:\/\/kmetijazrazgledom.si\/#website\"},\"datePublished\":\"2019-10-31T12:30:56+00:00\",\"dateModified\":\"2022-01-17T08:01:31+00:00\",\"description\":\"Das Klettern ist m\u00f6glich vom Anfang Fr\u00fchlings bis zum Ende Herbst. Die Felsw\u00e4nde sind meistens ebenm\u00e4\u00dfig \u00fcberh\u00e4ngend und steif.\",\"breadcrumb\":{\"@id\":\"https:\/\/kmetijazrazgledom.si\/de\/aktivitaeten\/klettern\/#breadcrumb\"},\"inLanguage\":\"de\",\"potentialAction\":[{\"@type\":\"ReadAction\",\"target\":[\"https:\/\/kmetijazrazgledom.si\/de\/aktivitaeten\/klettern\/\"]}]},{\"@type\":\"BreadcrumbList\",\"@id\":\"https:\/\/kmetijazrazgledom.si\/de\/aktivitaeten\/klettern\/#breadcrumb\",\"itemListElement\":[{\"@type\":\"ListItem\",\"position\":1,\"name\":\"Home\",\"item\":\"https:\/\/kmetijazrazgledom.si\/de\/\"},{\"@type\":\"ListItem\",\"position\":2,\"name\":\"Aktivit\u00e4ten\",\"item\":\"https:\/\/kmetijazrazgledom.si\/de\/aktivitaeten\/\"},{\"@type\":\"ListItem\",\"position\":3,\"name\":\"KLETTERN\"}]},{\"@type\":\"WebSite\",\"@id\":\"https:\/\/kmetijazrazgledom.si\/#website\",\"url\":\"https:\/\/kmetijazrazgledom.si\/\",\"name\":\"Kmetija z razgledom\",\"description\":\"\",\"potentialAction\":[{\"@type\":\"SearchAction\",\"target\":{\"@type\":\"EntryPoint\",\"urlTemplate\":\"https:\/\/kmetijazrazgledom.si\/?s={search_term_string}\"},\"query-input\":\"required name=search_term_string\"}],\"inLanguage\":\"de\"}]}<\/script>\n<!-- \/ Yoast SEO plugin. -->","yoast_head_json":{"title":"KLETTERN &#8212; Kmetija z razgledom","description":"Das Klettern ist m\u00f6glich vom Anfang Fr\u00fchlings bis zum Ende Herbst. Die Felsw\u00e4nde sind meistens ebenm\u00e4\u00dfig \u00fcberh\u00e4ngend und steif.","robots":{"index":"index","follow":"follow","max-snippet":"max-snippet:-1","max-image-preview":"max-image-preview:large","max-video-preview":"max-video-preview:-1"},"canonical":"https:\/\/kmetijazrazgledom.si\/de\/aktivitaeten\/klettern\/","og_locale":"de_DE","og_type":"article","og_title":"KLETTERN &#8212; Kmetija z razgledom","og_description":"Das Klettern ist m\u00f6glich vom Anfang Fr\u00fchlings bis zum Ende Herbst. Die Felsw\u00e4nde sind meistens ebenm\u00e4\u00dfig \u00fcberh\u00e4ngend und steif.","og_url":"https:\/\/kmetijazrazgledom.si\/de\/aktivitaeten\/klettern\/","og_site_name":"Kmetija z razgledom","article_modified_time":"2022-01-17T08:01:31+00:00","twitter_card":"summary_large_image","twitter_misc":{"Gesch\u00e4tzte Lesezeit":"1\u00a0Minute"},"schema":{"@context":"https:\/\/schema.org","@graph":[{"@type":"WebPage","@id":"https:\/\/kmetijazrazgledom.si\/de\/aktivitaeten\/klettern\/","url":"https:\/\/kmetijazrazgledom.si\/de\/aktivitaeten\/klettern\/","name":"KLETTERN &#8212; Kmetija z razgledom","isPartOf":{"@id":"https:\/\/kmetijazrazgledom.si\/#website"},"datePublished":"2019-10-31T12:30:56+00:00","dateModified":"2022-01-17T08:01:31+00:00","description":"Das Klettern ist m\u00f6glich vom Anfang Fr\u00fchlings bis zum Ende Herbst. Die Felsw\u00e4nde sind meistens ebenm\u00e4\u00dfig \u00fcberh\u00e4ngend und steif.","breadcrumb":{"@id":"https:\/\/kmetijazrazgledom.si\/de\/aktivitaeten\/klettern\/#breadcrumb"},"inLanguage":"de","potentialAction":[{"@type":"ReadAction","target":["https:\/\/kmetijazrazgledom.si\/de\/aktivitaeten\/klettern\/"]}]},{"@type":"BreadcrumbList","@id":"https:\/\/kmetijazrazgledom.si\/de\/aktivitaeten\/klettern\/#breadcrumb","itemListElement":[{"@type":"ListItem","position":1,"name":"Home","item":"https:\/\/kmetijazrazgledom.si\/de\/"},{"@type":"ListItem","position":2,"name":"Aktivit\u00e4ten","item":"https:\/\/kmetijazrazgledom.si\/de\/aktivitaeten\/"},{"@type":"ListItem","position":3,"name":"KLETTERN"}]},{"@type":"WebSite","@id":"https:\/\/kmetijazrazgledom.si\/#website","url":"https:\/\/kmetijazrazgledom.si\/","name":"Kmetija z razgledom","description":"","potentialAction":[{"@type":"SearchAction","target":{"@type":"EntryPoint","urlTemplate":"https:\/\/kmetijazrazgledom.si\/?s={search_term_string}"},"query-input":"required name=search_term_string"}],"inLanguage":"de"}]}},"_links":{"self":[{"href":"https:\/\/kmetijazrazgledom.si\/de\/wp-json\/wp\/v2\/pages\/1341"}],"collection":[{"href":"https:\/\/kmetijazrazgledom.si\/de\/wp-json\/wp\/v2\/pages"}],"about":[{"href":"https:\/\/kmetijazrazgledom.si\/de\/wp-json\/wp\/v2\/types\/page"}],"author":[{"embeddable":true,"href":"https:\/\/kmetijazrazgledom.si\/de\/wp-json\/wp\/v2\/users\/1"}],"replies":[{"embeddable":true,"href":"https:\/\/kmetijazrazgledom.si\/de\/wp-json\/wp\/v2\/comments?post=1341"}],"version-history":[{"count":7,"href":"https:\/\/kmetijazrazgledom.si\/de\/wp-json\/wp\/v2\/pages\/1341\/revisions"}],"predecessor-version":[{"id":2844,"href":"https:\/\/kmetijazrazgledom.si\/de\/wp-json\/wp\/v2\/pages\/1341\/revisions\/2844"}],"up":[{"embeddable":true,"href":"https:\/\/kmetijazrazgledom.si\/de\/wp-json\/wp\/v2\/pages\/1318"}],"wp:attachment":[{"href":"https:\/\/kmetijazrazgledom.si\/de\/wp-json\/wp\/v2\/media?parent=1341"}],"curies":[{"name":"wp","href":"https:\/\/api.w.org\/{rel}","templated":true}]}}