{"id":1350,"date":"2019-10-31T12:37:14","date_gmt":"2019-10-31T12:37:14","guid":{"rendered":"https:\/\/kmetijazrazgledom.si\/?page_id=1350"},"modified":"2022-01-17T08:09:14","modified_gmt":"2022-01-17T08:09:14","slug":"wandern","status":"publish","type":"page","link":"https:\/\/kmetijazrazgledom.si\/de\/aktivitaeten\/wandern\/","title":{"rendered":"WANDERN"},"content":{"rendered":"<p>[et_pb_section fb_built=&#8220;1&#8243; fullwidth=&#8220;on&#8220; _builder_version=&#8220;3.29.3&#8243; global_colors_info=&#8220;{}&#8220;][et_pb_fullwidth_header _builder_version=&#8220;3.29.3&#8243; background_image=&#8220;https:\/\/kmetijazrazgledom.si\/wp-content\/uploads\/2019\/10\/KmetijaNaCendovs_Porezen.jpg&#8220; background_position=&#8220;top_center&#8220; height=&#8220;350px&#8220; global_colors_info=&#8220;{}&#8220;][\/et_pb_fullwidth_header][\/et_pb_section][et_pb_section fb_built=&#8220;1&#8243; admin_label=&#8220;section&#8220; _builder_version=&#8220;3.22&#8243; global_colors_info=&#8220;{}&#8220;][et_pb_row admin_label=&#8220;row&#8220; _builder_version=&#8220;3.25&#8243; background_size=&#8220;initial&#8220; background_position=&#8220;top_left&#8220; background_repeat=&#8220;repeat&#8220; global_colors_info=&#8220;{}&#8220;][et_pb_column type=&#8220;4_4&#8243; _builder_version=&#8220;3.25&#8243; custom_padding=&#8220;|||&#8220; global_colors_info=&#8220;{}&#8220; custom_padding__hover=&#8220;|||&#8220;][et_pb_post_title meta=&#8220;off&#8220; featured_image=&#8220;off&#8220; _builder_version=&#8220;3.29.3&#8243; global_colors_info=&#8220;{}&#8220;][\/et_pb_post_title][et_pb_text _builder_version=&#8220;3.29.3&#8243; global_colors_info=&#8220;{}&#8220;]Cerkno und seine Umgebung geh\u00f6ren zum Bergland Cerkljansko hribovje, das zu dem Alpenvorland z\u00e4hlt. Die Umgebung ist ziemlich steil und streckt sich durchschnittlich bis zu 1000 m in die H\u00f6he. Hier k\u00f6nnen Sie Berge, Bergr\u00fccken, Hochebenen, schmale Bergschluchten, T\u00e4ler, reines Wasser, wundersch\u00f6ne Aussichten, eine unversehrte Natur und viel anderes finden. Beim Besuch des Berglands Cerkljansko hribovje werden sie nicht entt\u00e4uscht.<\/p>\n<p>Hier durchflechten sich viele verschiedene Bergwege und Weitwanderwege, die gut markiert sind.[\/et_pb_text][\/et_pb_column][\/et_pb_row][et_pb_row column_structure=&#8220;1_2,1_2&#8243; admin_label=&#8220;porezen&#8220; _builder_version=&#8220;3.29.3&#8243; global_colors_info=&#8220;{}&#8220;][et_pb_column type=&#8220;1_2&#8243; _builder_version=&#8220;3.29.3&#8243; global_colors_info=&#8220;{}&#8220;][et_pb_image src=&#8220;https:\/\/kmetijazrazgledom.si\/wp-content\/uploads\/2019\/10\/KmetijaNaCendovs_Porezen01.jpg&#8220; _builder_version=&#8220;3.29.3&#8243; global_colors_info=&#8220;{}&#8220;][\/et_pb_image][\/et_pb_column][et_pb_column type=&#8220;1_2&#8243; _builder_version=&#8220;3.29.3&#8243; global_colors_info=&#8220;{}&#8220;][et_pb_text _builder_version=&#8220;3.29.3&#8243; custom_margin=&#8220;10px||||false|false&#8220; custom_padding=&#8220;10px||||false|false&#8220; global_colors_info=&#8220;{}&#8220;]<\/p>\n<h2>Porezen (1630m)<\/h2>\n<p>Porezen ist der h\u00f6chste Gipfel des Berglands Cerkljansko hribovje, das den atemberaubenden Ausblick auf die Bohinj Berge, Julischen Alpen, Karawanken, Kamniker Alpen und das Bergland \u0160kofjelo\u0161ko hribovje bietet. Wenn sie auf die s\u00fcdliche Seite schauen, k\u00f6nnen Sie sogar das Meer sehen. Nur wenige Meter unter der Spitze liegt auch eine Bergh\u00fctte. Die Spitze hat einen Stempel und ein Eintragungsbuch.<\/p>\n<p>Auf Porezen liegen auch ein NOB-Kriegsdenkmal und andere Denkm\u00e4ler, die an die damalige Zeit erinnern. Den Gipfel k\u00f6nnen Sie auf den zahlreichen markierten Wanderwegen aus der Cerkljanska und Ba\u0161ka grapa erklimmen.<\/p>\n<p>[\/et_pb_text][\/et_pb_column][\/et_pb_row][et_pb_row column_structure=&#8220;1_2,1_2&#8243; admin_label=&#8220;blego\u0161&#8220; _builder_version=&#8220;3.29.3&#8243; global_colors_info=&#8220;{}&#8220;][et_pb_column type=&#8220;1_2&#8243; _builder_version=&#8220;3.29.3&#8243; global_colors_info=&#8220;{}&#8220;][et_pb_text _builder_version=&#8220;3.29.3&#8243; custom_margin=&#8220;20px||||false|false&#8220; custom_padding=&#8220;20px||||false|false&#8220; global_colors_info=&#8220;{}&#8220;]<\/p>\n<h2>Blego\u0161 (1564m)<\/h2>\n<p>Blego\u0161 ist der h\u00f6chste Gipfel des Berglands \u0160kofjelo\u0161ko hribovje und geh\u00f6rt mit Porezen und Ratitovec zu einem der drei gr\u00f6\u00dften Gipfel des Alpenvorlands. Er bietet einen wundersch\u00f6nen Ausblick sowohl auf die Julischen Alpen als auch auf andere naheliegende Berge. Auf Blego\u0161 f\u00fchren mehrere markierte Wege. <\/p>\n<p>Die Spitze hat einen Stempel und ein Eintragungsbuch. Ein paar hundert Meter unter der Spitze liegt auch eine Bergh\u00fctte.[\/et_pb_text][\/et_pb_column][et_pb_column type=&#8220;1_2&#8243; _builder_version=&#8220;3.29.3&#8243; global_colors_info=&#8220;{}&#8220;][et_pb_image src=&#8220;https:\/\/kmetijazrazgledom.si\/wp-content\/uploads\/2019\/10\/KmetijaNaCendovs_Blegos.jpg&#8220; _builder_version=&#8220;3.29.3&#8243; global_colors_info=&#8220;{}&#8220;][\/et_pb_image][\/et_pb_column][\/et_pb_row][et_pb_row column_structure=&#8220;1_2,1_2&#8243; admin_label=&#8220;kopa&#8220; _builder_version=&#8220;3.29.3&#8243; global_colors_info=&#8220;{}&#8220;][et_pb_column type=&#8220;1_2&#8243; _builder_version=&#8220;3.29.3&#8243; global_colors_info=&#8220;{}&#8220;][et_pb_image src=&#8220;https:\/\/kmetijazrazgledom.si\/wp-content\/uploads\/2019\/10\/KmetijaNaCendovs_Kopa.jpg&#8220; _builder_version=&#8220;3.29.3&#8243; global_colors_info=&#8220;{}&#8220;][\/et_pb_image][\/et_pb_column][et_pb_column type=&#8220;1_2&#8243; _builder_version=&#8220;3.29.3&#8243; global_colors_info=&#8220;{}&#8220;][et_pb_text _builder_version=&#8220;3.29.3&#8243; custom_margin=&#8220;20px||||false|false&#8220; custom_padding=&#8220;20px||||false|false&#8220; global_colors_info=&#8220;{}&#8220;]<\/p>\n<h2>Kopa (1360m)<\/h2>\n<p>Dieser hohe Felsen \u00e4hnelt einem Kohlmeiler. Kopa ist ein Gipfel, der \u00fcber dem Dorf Novaki loziert ist, auf dem Hang von Cimprovka. Von diesem Gipfel aus haben Sie einen sehr sch\u00f6nen Ausblick auf das Bergland Cerkljansko hribovje, den Trnovo-Wald, und bei sch\u00f6nem Wetter sogar auf die Kamniker Alpen.<\/p>\n<p>Der Ausgangspunkt auf Kopa ist Razpet, das zwischen Novaki und Dav\u010da liegt (an der Grenze vom slowenischen K\u00fcstenland und der Gorenjska Region). Dort befindet sich auch eine Info-Tafel; bis zum Gipfel f\u00fchren markierte Wege.[\/et_pb_text][\/et_pb_column][\/et_pb_row][et_pb_row column_structure=&#8220;1_2,1_2&#8243; admin_label=&#8220;kojca&#8220; _builder_version=&#8220;3.29.3&#8243; global_colors_info=&#8220;{}&#8220;][et_pb_column type=&#8220;1_2&#8243; _builder_version=&#8220;3.29.3&#8243; global_colors_info=&#8220;{}&#8220;][et_pb_text _builder_version=&#8220;3.29.3&#8243; custom_margin=&#8220;20px||||false|false&#8220; custom_padding=&#8220;20px||||false|false&#8220; global_colors_info=&#8220;{}&#8220;]<\/p>\n<h2>Kojca (1303)<\/h2>\n<p>Kojca, die Mutter des Berglands Cerkljansko hribovje, liegt s\u00fcdlich vom Berg Porezno. Auf diesen Gipfel k\u00f6nnen Sie sich aus Zakojca, Orehek oder Jesenica begeben. Er bietet einen wundervollen Ausblick auf das Bergland Cerkljansko hribovje, Porezen, die Berge von Bohinj, Ba\u0161ka grapa, \u010crna prst, bis hin zum Berg Krn.<\/p>\n<p>Auf der Wiese des Gipfels liegt ein Biwak aus Holz.<\/p>\n<p>[\/et_pb_text][\/et_pb_column][et_pb_column type=&#8220;1_2&#8243; _builder_version=&#8220;3.29.3&#8243; global_colors_info=&#8220;{}&#8220;][et_pb_image src=&#8220;https:\/\/kmetijazrazgledom.si\/wp-content\/uploads\/2019\/10\/KmetijaNaCendovs_Kojca.jpg&#8220; _builder_version=&#8220;3.29.3&#8243; global_colors_info=&#8220;{}&#8220;][\/et_pb_image][\/et_pb_column][\/et_pb_row][et_pb_row column_structure=&#8220;1_2,1_2&#8243; admin_label=&#8220;\u010crni Vrh&#8220; _builder_version=&#8220;3.29.3&#8243; global_colors_info=&#8220;{}&#8220;][et_pb_column type=&#8220;1_2&#8243; _builder_version=&#8220;3.29.3&#8243; global_colors_info=&#8220;{}&#8220;][et_pb_image src=&#8220;https:\/\/kmetijazrazgledom.si\/wp-content\/uploads\/2019\/10\/KmetijaNaCendovs_CrniVrh.jpg&#8220; _builder_version=&#8220;3.29.3&#8243; global_colors_info=&#8220;{}&#8220;][\/et_pb_image][\/et_pb_column][et_pb_column type=&#8220;1_2&#8243; _builder_version=&#8220;3.29.3&#8243; global_colors_info=&#8220;{}&#8220;][et_pb_text _builder_version=&#8220;3.29.3&#8243; custom_margin=&#8220;20px||||false|false&#8220; custom_padding=&#8220;20px||||false|false&#8220; global_colors_info=&#8220;{}&#8220;]<\/p>\n<h2>\u010crni vrh (1291m)<\/h2>\n<p>\u010crni vrh ist der h\u00f6chste Punkt des Ski-Resorts Cerkno. Auf dem Gipfel k\u00f6nnen Sie einen wundersch\u00f6nen Ausblick auf die Julianischen Alpen, das Bergland Cerkljansko hribovje, und bei sch\u00f6nem Wetter auch auf die Kamniker Alpen, genie\u00dfen.<\/p>\n<p>Auf ihn k\u00f6nnen sie sich aus Gorenji Novaki, Leskovica usw. begeben.[\/et_pb_text][\/et_pb_column][\/et_pb_row][et_pb_row column_structure=&#8220;1_2,1_2&#8243; admin_label=&#8220;ermanovec&#8220; _builder_version=&#8220;3.29.3&#8243; global_colors_info=&#8220;{}&#8220;][et_pb_column type=&#8220;1_2&#8243; _builder_version=&#8220;3.29.3&#8243; global_colors_info=&#8220;{}&#8220;][et_pb_text _builder_version=&#8220;3.29.3&#8243; custom_margin=&#8220;20px||||false|false&#8220; custom_padding=&#8220;20px||||false|false&#8220; global_colors_info=&#8220;{}&#8220;]<\/p>\n<h2>Ermanovec (1026m)<\/h2>\n<p>Von der Spitze des Ermanovec haben sie einen sehr guten Ausblick auf das ganze Bergland \u0160kofjelo\u0161ko hribovje, Teile des Berglands Cerkljansko hribovje und andere Gipfel in der N\u00e4he. Auf ihn f\u00fchren zahlreiche markierte Wege aus Trebija, Hotavlje, und dem Sattel Kladje. Die Spitze hat einen Stempel und ein Eintragungsbuch.<\/p>\n<p>Unter Ermanovec, auf 968 m Meeresh\u00f6he, liegt eine Bergh\u00fctte.<\/p>\n<p>[\/et_pb_text][\/et_pb_column][et_pb_column type=&#8220;1_2&#8243; _builder_version=&#8220;3.29.3&#8243; global_colors_info=&#8220;{}&#8220;][et_pb_image src=&#8220;https:\/\/kmetijazrazgledom.si\/wp-content\/uploads\/2019\/10\/KmetijaNaCendovs_Ermanovec.jpg&#8220; _builder_version=&#8220;3.29.3&#8243; global_colors_info=&#8220;{}&#8220;][\/et_pb_image][\/et_pb_column][\/et_pb_row][\/et_pb_section]<\/p>\n","protected":false},"excerpt":{"rendered":"<p>Cerkno und seine Umgebung geh\u00f6ren zum Bergland Cerkljansko hribovje, das zu dem Alpenvorland z\u00e4hlt. Die Umgebung ist ziemlich steil und streckt sich durchschnittlich bis zu 1000 m in die H\u00f6he. Hier k\u00f6nnen Sie Berge, Bergr\u00fccken, Hochebenen, schmale Bergschluchten, T\u00e4ler, reines Wasser, wundersch\u00f6ne Aussichten, eine unversehrte Natur und viel anderes finden. Beim Besuch des Berglands Cerkljansko [&hellip;]<\/p>\n","protected":false},"author":1,"featured_media":0,"parent":1318,"menu_order":0,"comment_status":"closed","ping_status":"closed","template":"","meta":{"_et_pb_use_builder":"on","_et_pb_old_content":"","_et_gb_content_width":"","_monsterinsights_skip_tracking":false,"_monsterinsights_sitenote_active":false,"_monsterinsights_sitenote_note":"","_monsterinsights_sitenote_category":0,"footnotes":""},"yoast_head":"<!-- This site is optimized with the Yoast SEO plugin v21.5 - https:\/\/yoast.com\/wordpress\/plugins\/seo\/ -->\n<title>WANDERN &#8212; Kmetija z razgledom<\/title>\n<meta name=\"description\" content=\"Beim Besuch des Berglands Cerkljansko hribovje werden sie nicht entt\u00e4uscht. Hier durchflechten sich viele verschiedene Bergwege und Weitwanderwege.\" \/>\n<meta name=\"robots\" content=\"index, follow, max-snippet:-1, max-image-preview:large, max-video-preview:-1\" \/>\n<link rel=\"canonical\" href=\"https:\/\/kmetijazrazgledom.si\/de\/aktivitaeten\/wandern\/\" \/>\n<meta property=\"og:locale\" content=\"de_DE\" \/>\n<meta property=\"og:type\" content=\"article\" \/>\n<meta property=\"og:title\" content=\"WANDERN &#8212; Kmetija z razgledom\" \/>\n<meta property=\"og:description\" content=\"Beim Besuch des Berglands Cerkljansko hribovje werden sie nicht entt\u00e4uscht. Hier durchflechten sich viele verschiedene Bergwege und Weitwanderwege.\" \/>\n<meta property=\"og:url\" content=\"https:\/\/kmetijazrazgledom.si\/de\/aktivitaeten\/wandern\/\" \/>\n<meta property=\"og:site_name\" content=\"Kmetija z razgledom\" \/>\n<meta property=\"article:modified_time\" content=\"2022-01-17T08:09:14+00:00\" \/>\n<meta name=\"twitter:card\" content=\"summary_large_image\" \/>\n<meta name=\"twitter:label1\" content=\"Gesch\u00e4tzte Lesezeit\" \/>\n\t<meta name=\"twitter:data1\" content=\"6\u00a0Minuten\" \/>\n<script type=\"application\/ld+json\" class=\"yoast-schema-graph\">{\"@context\":\"https:\/\/schema.org\",\"@graph\":[{\"@type\":\"WebPage\",\"@id\":\"https:\/\/kmetijazrazgledom.si\/de\/aktivitaeten\/wandern\/\",\"url\":\"https:\/\/kmetijazrazgledom.si\/de\/aktivitaeten\/wandern\/\",\"name\":\"WANDERN &#8212; Kmetija z razgledom\",\"isPartOf\":{\"@id\":\"https:\/\/kmetijazrazgledom.si\/#website\"},\"datePublished\":\"2019-10-31T12:37:14+00:00\",\"dateModified\":\"2022-01-17T08:09:14+00:00\",\"description\":\"Beim Besuch des Berglands Cerkljansko hribovje werden sie nicht entt\u00e4uscht. Hier durchflechten sich viele verschiedene Bergwege und Weitwanderwege.\",\"breadcrumb\":{\"@id\":\"https:\/\/kmetijazrazgledom.si\/de\/aktivitaeten\/wandern\/#breadcrumb\"},\"inLanguage\":\"de\",\"potentialAction\":[{\"@type\":\"ReadAction\",\"target\":[\"https:\/\/kmetijazrazgledom.si\/de\/aktivitaeten\/wandern\/\"]}]},{\"@type\":\"BreadcrumbList\",\"@id\":\"https:\/\/kmetijazrazgledom.si\/de\/aktivitaeten\/wandern\/#breadcrumb\",\"itemListElement\":[{\"@type\":\"ListItem\",\"position\":1,\"name\":\"Home\",\"item\":\"https:\/\/kmetijazrazgledom.si\/de\/\"},{\"@type\":\"ListItem\",\"position\":2,\"name\":\"Aktivit\u00e4ten\",\"item\":\"https:\/\/kmetijazrazgledom.si\/de\/aktivitaeten\/\"},{\"@type\":\"ListItem\",\"position\":3,\"name\":\"WANDERN\"}]},{\"@type\":\"WebSite\",\"@id\":\"https:\/\/kmetijazrazgledom.si\/#website\",\"url\":\"https:\/\/kmetijazrazgledom.si\/\",\"name\":\"Kmetija z razgledom\",\"description\":\"\",\"potentialAction\":[{\"@type\":\"SearchAction\",\"target\":{\"@type\":\"EntryPoint\",\"urlTemplate\":\"https:\/\/kmetijazrazgledom.si\/?s={search_term_string}\"},\"query-input\":\"required name=search_term_string\"}],\"inLanguage\":\"de\"}]}<\/script>\n<!-- \/ Yoast SEO plugin. -->","yoast_head_json":{"title":"WANDERN &#8212; Kmetija z razgledom","description":"Beim Besuch des Berglands Cerkljansko hribovje werden sie nicht entt\u00e4uscht. Hier durchflechten sich viele verschiedene Bergwege und Weitwanderwege.","robots":{"index":"index","follow":"follow","max-snippet":"max-snippet:-1","max-image-preview":"max-image-preview:large","max-video-preview":"max-video-preview:-1"},"canonical":"https:\/\/kmetijazrazgledom.si\/de\/aktivitaeten\/wandern\/","og_locale":"de_DE","og_type":"article","og_title":"WANDERN &#8212; Kmetija z razgledom","og_description":"Beim Besuch des Berglands Cerkljansko hribovje werden sie nicht entt\u00e4uscht. Hier durchflechten sich viele verschiedene Bergwege und Weitwanderwege.","og_url":"https:\/\/kmetijazrazgledom.si\/de\/aktivitaeten\/wandern\/","og_site_name":"Kmetija z razgledom","article_modified_time":"2022-01-17T08:09:14+00:00","twitter_card":"summary_large_image","twitter_misc":{"Gesch\u00e4tzte Lesezeit":"6\u00a0Minuten"},"schema":{"@context":"https:\/\/schema.org","@graph":[{"@type":"WebPage","@id":"https:\/\/kmetijazrazgledom.si\/de\/aktivitaeten\/wandern\/","url":"https:\/\/kmetijazrazgledom.si\/de\/aktivitaeten\/wandern\/","name":"WANDERN &#8212; Kmetija z razgledom","isPartOf":{"@id":"https:\/\/kmetijazrazgledom.si\/#website"},"datePublished":"2019-10-31T12:37:14+00:00","dateModified":"2022-01-17T08:09:14+00:00","description":"Beim Besuch des Berglands Cerkljansko hribovje werden sie nicht entt\u00e4uscht. Hier durchflechten sich viele verschiedene Bergwege und Weitwanderwege.","breadcrumb":{"@id":"https:\/\/kmetijazrazgledom.si\/de\/aktivitaeten\/wandern\/#breadcrumb"},"inLanguage":"de","potentialAction":[{"@type":"ReadAction","target":["https:\/\/kmetijazrazgledom.si\/de\/aktivitaeten\/wandern\/"]}]},{"@type":"BreadcrumbList","@id":"https:\/\/kmetijazrazgledom.si\/de\/aktivitaeten\/wandern\/#breadcrumb","itemListElement":[{"@type":"ListItem","position":1,"name":"Home","item":"https:\/\/kmetijazrazgledom.si\/de\/"},{"@type":"ListItem","position":2,"name":"Aktivit\u00e4ten","item":"https:\/\/kmetijazrazgledom.si\/de\/aktivitaeten\/"},{"@type":"ListItem","position":3,"name":"WANDERN"}]},{"@type":"WebSite","@id":"https:\/\/kmetijazrazgledom.si\/#website","url":"https:\/\/kmetijazrazgledom.si\/","name":"Kmetija z razgledom","description":"","potentialAction":[{"@type":"SearchAction","target":{"@type":"EntryPoint","urlTemplate":"https:\/\/kmetijazrazgledom.si\/?s={search_term_string}"},"query-input":"required name=search_term_string"}],"inLanguage":"de"}]}},"_links":{"self":[{"href":"https:\/\/kmetijazrazgledom.si\/de\/wp-json\/wp\/v2\/pages\/1350"}],"collection":[{"href":"https:\/\/kmetijazrazgledom.si\/de\/wp-json\/wp\/v2\/pages"}],"about":[{"href":"https:\/\/kmetijazrazgledom.si\/de\/wp-json\/wp\/v2\/types\/page"}],"author":[{"embeddable":true,"href":"https:\/\/kmetijazrazgledom.si\/de\/wp-json\/wp\/v2\/users\/1"}],"replies":[{"embeddable":true,"href":"https:\/\/kmetijazrazgledom.si\/de\/wp-json\/wp\/v2\/comments?post=1350"}],"version-history":[{"count":9,"href":"https:\/\/kmetijazrazgledom.si\/de\/wp-json\/wp\/v2\/pages\/1350\/revisions"}],"predecessor-version":[{"id":2847,"href":"https:\/\/kmetijazrazgledom.si\/de\/wp-json\/wp\/v2\/pages\/1350\/revisions\/2847"}],"up":[{"embeddable":true,"href":"https:\/\/kmetijazrazgledom.si\/de\/wp-json\/wp\/v2\/pages\/1318"}],"wp:attachment":[{"href":"https:\/\/kmetijazrazgledom.si\/de\/wp-json\/wp\/v2\/media?parent=1350"}],"curies":[{"name":"wp","href":"https:\/\/api.w.org\/{rel}","templated":true}]}}