{"id":1358,"date":"2019-10-31T15:49:01","date_gmt":"2019-10-31T15:49:01","guid":{"rendered":"https:\/\/kmetijazrazgledom.si\/?page_id=1358"},"modified":"2022-01-17T08:05:53","modified_gmt":"2022-01-17T08:05:53","slug":"ski-resort-cerkno","status":"publish","type":"page","link":"https:\/\/kmetijazrazgledom.si\/de\/aktivitaeten\/ski-resort-cerkno\/","title":{"rendered":"SKI-RESORT CERKNO"},"content":{"rendered":"<p>[et_pb_section fb_built=&#8220;1&#8243; fullwidth=&#8220;on&#8220; _builder_version=&#8220;3.29.3&#8243; global_colors_info=&#8220;{}&#8220;][et_pb_fullwidth_header _builder_version=&#8220;3.29.3&#8243; background_image=&#8220;https:\/\/kmetijazrazgledom.si\/wp-content\/uploads\/2019\/10\/KmetijaNaCendovs_SkiCenterCerkno06.jpg&#8220; height=&#8220;350px&#8220; global_colors_info=&#8220;{}&#8220;][\/et_pb_fullwidth_header][\/et_pb_section][et_pb_section fb_built=&#8220;1&#8243; admin_label=&#8220;section&#8220; _builder_version=&#8220;3.22&#8243; global_colors_info=&#8220;{}&#8220;][et_pb_row column_structure=&#8220;1_2,1_2&#8243; admin_label=&#8220;row&#8220; _builder_version=&#8220;3.25&#8243; background_size=&#8220;initial&#8220; background_position=&#8220;top_left&#8220; background_repeat=&#8220;repeat&#8220; global_colors_info=&#8220;{}&#8220;][et_pb_column type=&#8220;1_2&#8243; _builder_version=&#8220;3.25&#8243; custom_padding=&#8220;|||&#8220; global_colors_info=&#8220;{}&#8220; custom_padding__hover=&#8220;|||&#8220;][et_pb_post_title meta=&#8220;off&#8220; featured_image=&#8220;off&#8220; _builder_version=&#8220;3.29.3&#8243; global_colors_info=&#8220;{}&#8220;][\/et_pb_post_title][et_pb_text _builder_version=&#8220;3.29.3&#8243; global_colors_info=&#8220;{}&#8220;]Das Ski-Resort Cerkno liegt am Hang von \u010crni vrh (1291 m). Es umfasst 70 ha von exzellenten  Skifahrstrecken eine Skirenn- und Rodelbahn. Das Ski-Terrain ist f\u00fcr alle Ski-Fahrer geeignet, ob Anf\u00e4nger oder Experten. Die Anlagen, Zwei-, Vier-, und Sechs-Sessellifts und die Skilifts sind neu und sicher.<\/p>\n<p>Wenn Sie keine eigene Ski-Ausstattung haben, k\u00f6nnen Sie sich am Ort eine ausleihen. Diejenigen, die keine guten Ski-Fahrer sind, k\u00f6nnen sich dort auch bei der Skischule anmelden. Aber auch f\u00fcr die J\u00fcngsten ist gut gesorgt, da sich auf der Spitze des Ski-Resorts Cerkno ein Kindergarten mit einem \u00dcbungsgel\u00e4nde und Karussell befindet.<\/p>\n<p>Auf der Spitze des Ski-Resorts Cerkno befindet sich das Restaurant \u201eAlpska perla\u201c, wo sie eine reiche Auswahl an Gerichten und Getr\u00e4nken genie\u00dfen k\u00f6nnen, sich dabei etwas aufw\u00e4rmen werden und sich vielleicht auch die \u00dcbertragung Ihrer Lieblingswintersportart ansehen.[\/et_pb_text][\/et_pb_column][et_pb_column type=&#8220;1_2&#8243; _builder_version=&#8220;3.25&#8243; custom_padding=&#8220;|||&#8220; global_colors_info=&#8220;{}&#8220; custom_padding__hover=&#8220;|||&#8220;][et_pb_testimonial _builder_version=&#8220;3.29.3&#8243; body_font=&#8220;||on||||||&#8220; body_font_size=&#8220;23px&#8220; saved_tabs=&#8220;all&#8220; global_colors_info=&#8220;{}&#8220;]Das Ski-Resort Cerkno liegt am Hang von \u010crni vrh (1291 m). Es umfasst 70 ha von exzellenten  Skifahrstrecken eine Skirenn- und Rodelbahn. [\/et_pb_testimonial][\/et_pb_column][\/et_pb_row][\/et_pb_section][et_pb_section fb_built=&#8220;1&#8243; _builder_version=&#8220;3.29.3&#8243; global_colors_info=&#8220;{}&#8220;][et_pb_row _builder_version=&#8220;3.29.3&#8243; global_colors_info=&#8220;{}&#8220;][et_pb_column type=&#8220;4_4&#8243; _builder_version=&#8220;3.29.3&#8243; global_colors_info=&#8220;{}&#8220;][et_pb_gallery gallery_ids=&#8220;414,413,412,411&#8243; show_title_and_caption=&#8220;off&#8220; show_pagination=&#8220;off&#8220; _builder_version=&#8220;3.29.3&#8243; global_colors_info=&#8220;{}&#8220;][\/et_pb_gallery][\/et_pb_column][\/et_pb_row][\/et_pb_section]<\/p>\n","protected":false},"excerpt":{"rendered":"<p>Das Ski-Resort Cerkno liegt am Hang von \u010crni vrh (1291 m). Es umfasst 70 ha von exzellenten Skifahrstrecken eine Skirenn- und Rodelbahn. Das Ski-Terrain ist f\u00fcr alle Ski-Fahrer geeignet, ob Anf\u00e4nger oder Experten. Die Anlagen, Zwei-, Vier-, und Sechs-Sessellifts und die Skilifts sind neu und sicher. Wenn Sie keine eigene Ski-Ausstattung haben, k\u00f6nnen Sie sich [&hellip;]<\/p>\n","protected":false},"author":1,"featured_media":0,"parent":1318,"menu_order":0,"comment_status":"closed","ping_status":"closed","template":"","meta":{"_et_pb_use_builder":"on","_et_pb_old_content":"","_et_gb_content_width":"","_monsterinsights_skip_tracking":false,"_monsterinsights_sitenote_active":false,"_monsterinsights_sitenote_note":"","_monsterinsights_sitenote_category":0,"footnotes":""},"yoast_head":"<!-- This site is optimized with the Yoast SEO plugin v21.5 - https:\/\/yoast.com\/wordpress\/plugins\/seo\/ -->\n<title>SKI-RESORT CERKNO &#8212; Kmetija z razgledom<\/title>\n<meta name=\"description\" content=\"Das Ski-Terrain ist f\u00fcr alle Ski-Fahrer geeignet, ob Anf\u00e4nger oder Experten. Der Ski-Resort Cerkno liegt nur 2,5 km von unseren Appartements.\" \/>\n<meta name=\"robots\" content=\"index, follow, max-snippet:-1, max-image-preview:large, max-video-preview:-1\" \/>\n<link rel=\"canonical\" href=\"https:\/\/kmetijazrazgledom.si\/de\/aktivitaeten\/ski-resort-cerkno\/\" \/>\n<meta property=\"og:locale\" content=\"de_DE\" \/>\n<meta property=\"og:type\" content=\"article\" \/>\n<meta property=\"og:title\" content=\"SKI-RESORT CERKNO &#8212; Kmetija z razgledom\" \/>\n<meta property=\"og:description\" content=\"Das Ski-Terrain ist f\u00fcr alle Ski-Fahrer geeignet, ob Anf\u00e4nger oder Experten. Der Ski-Resort Cerkno liegt nur 2,5 km von unseren Appartements.\" \/>\n<meta property=\"og:url\" content=\"https:\/\/kmetijazrazgledom.si\/de\/aktivitaeten\/ski-resort-cerkno\/\" \/>\n<meta property=\"og:site_name\" content=\"Kmetija z razgledom\" \/>\n<meta property=\"article:modified_time\" content=\"2022-01-17T08:05:53+00:00\" \/>\n<meta name=\"twitter:card\" content=\"summary_large_image\" \/>\n<meta name=\"twitter:label1\" content=\"Gesch\u00e4tzte Lesezeit\" \/>\n\t<meta name=\"twitter:data1\" content=\"2\u00a0Minuten\" \/>\n<script type=\"application\/ld+json\" class=\"yoast-schema-graph\">{\"@context\":\"https:\/\/schema.org\",\"@graph\":[{\"@type\":\"WebPage\",\"@id\":\"https:\/\/kmetijazrazgledom.si\/de\/aktivitaeten\/ski-resort-cerkno\/\",\"url\":\"https:\/\/kmetijazrazgledom.si\/de\/aktivitaeten\/ski-resort-cerkno\/\",\"name\":\"SKI-RESORT CERKNO &#8212; Kmetija z razgledom\",\"isPartOf\":{\"@id\":\"https:\/\/kmetijazrazgledom.si\/#website\"},\"datePublished\":\"2019-10-31T15:49:01+00:00\",\"dateModified\":\"2022-01-17T08:05:53+00:00\",\"description\":\"Das Ski-Terrain ist f\u00fcr alle Ski-Fahrer geeignet, ob Anf\u00e4nger oder Experten. Der Ski-Resort Cerkno liegt nur 2,5 km von unseren Appartements.\",\"breadcrumb\":{\"@id\":\"https:\/\/kmetijazrazgledom.si\/de\/aktivitaeten\/ski-resort-cerkno\/#breadcrumb\"},\"inLanguage\":\"de\",\"potentialAction\":[{\"@type\":\"ReadAction\",\"target\":[\"https:\/\/kmetijazrazgledom.si\/de\/aktivitaeten\/ski-resort-cerkno\/\"]}]},{\"@type\":\"BreadcrumbList\",\"@id\":\"https:\/\/kmetijazrazgledom.si\/de\/aktivitaeten\/ski-resort-cerkno\/#breadcrumb\",\"itemListElement\":[{\"@type\":\"ListItem\",\"position\":1,\"name\":\"Home\",\"item\":\"https:\/\/kmetijazrazgledom.si\/de\/\"},{\"@type\":\"ListItem\",\"position\":2,\"name\":\"Aktivit\u00e4ten\",\"item\":\"https:\/\/kmetijazrazgledom.si\/de\/aktivitaeten\/\"},{\"@type\":\"ListItem\",\"position\":3,\"name\":\"SKI-RESORT CERKNO\"}]},{\"@type\":\"WebSite\",\"@id\":\"https:\/\/kmetijazrazgledom.si\/#website\",\"url\":\"https:\/\/kmetijazrazgledom.si\/\",\"name\":\"Kmetija z razgledom\",\"description\":\"\",\"potentialAction\":[{\"@type\":\"SearchAction\",\"target\":{\"@type\":\"EntryPoint\",\"urlTemplate\":\"https:\/\/kmetijazrazgledom.si\/?s={search_term_string}\"},\"query-input\":\"required name=search_term_string\"}],\"inLanguage\":\"de\"}]}<\/script>\n<!-- \/ Yoast SEO plugin. -->","yoast_head_json":{"title":"SKI-RESORT CERKNO &#8212; Kmetija z razgledom","description":"Das Ski-Terrain ist f\u00fcr alle Ski-Fahrer geeignet, ob Anf\u00e4nger oder Experten. Der Ski-Resort Cerkno liegt nur 2,5 km von unseren Appartements.","robots":{"index":"index","follow":"follow","max-snippet":"max-snippet:-1","max-image-preview":"max-image-preview:large","max-video-preview":"max-video-preview:-1"},"canonical":"https:\/\/kmetijazrazgledom.si\/de\/aktivitaeten\/ski-resort-cerkno\/","og_locale":"de_DE","og_type":"article","og_title":"SKI-RESORT CERKNO &#8212; Kmetija z razgledom","og_description":"Das Ski-Terrain ist f\u00fcr alle Ski-Fahrer geeignet, ob Anf\u00e4nger oder Experten. Der Ski-Resort Cerkno liegt nur 2,5 km von unseren Appartements.","og_url":"https:\/\/kmetijazrazgledom.si\/de\/aktivitaeten\/ski-resort-cerkno\/","og_site_name":"Kmetija z razgledom","article_modified_time":"2022-01-17T08:05:53+00:00","twitter_card":"summary_large_image","twitter_misc":{"Gesch\u00e4tzte Lesezeit":"2\u00a0Minuten"},"schema":{"@context":"https:\/\/schema.org","@graph":[{"@type":"WebPage","@id":"https:\/\/kmetijazrazgledom.si\/de\/aktivitaeten\/ski-resort-cerkno\/","url":"https:\/\/kmetijazrazgledom.si\/de\/aktivitaeten\/ski-resort-cerkno\/","name":"SKI-RESORT CERKNO &#8212; Kmetija z razgledom","isPartOf":{"@id":"https:\/\/kmetijazrazgledom.si\/#website"},"datePublished":"2019-10-31T15:49:01+00:00","dateModified":"2022-01-17T08:05:53+00:00","description":"Das Ski-Terrain ist f\u00fcr alle Ski-Fahrer geeignet, ob Anf\u00e4nger oder Experten. Der Ski-Resort Cerkno liegt nur 2,5 km von unseren Appartements.","breadcrumb":{"@id":"https:\/\/kmetijazrazgledom.si\/de\/aktivitaeten\/ski-resort-cerkno\/#breadcrumb"},"inLanguage":"de","potentialAction":[{"@type":"ReadAction","target":["https:\/\/kmetijazrazgledom.si\/de\/aktivitaeten\/ski-resort-cerkno\/"]}]},{"@type":"BreadcrumbList","@id":"https:\/\/kmetijazrazgledom.si\/de\/aktivitaeten\/ski-resort-cerkno\/#breadcrumb","itemListElement":[{"@type":"ListItem","position":1,"name":"Home","item":"https:\/\/kmetijazrazgledom.si\/de\/"},{"@type":"ListItem","position":2,"name":"Aktivit\u00e4ten","item":"https:\/\/kmetijazrazgledom.si\/de\/aktivitaeten\/"},{"@type":"ListItem","position":3,"name":"SKI-RESORT CERKNO"}]},{"@type":"WebSite","@id":"https:\/\/kmetijazrazgledom.si\/#website","url":"https:\/\/kmetijazrazgledom.si\/","name":"Kmetija z razgledom","description":"","potentialAction":[{"@type":"SearchAction","target":{"@type":"EntryPoint","urlTemplate":"https:\/\/kmetijazrazgledom.si\/?s={search_term_string}"},"query-input":"required name=search_term_string"}],"inLanguage":"de"}]}},"_links":{"self":[{"href":"https:\/\/kmetijazrazgledom.si\/de\/wp-json\/wp\/v2\/pages\/1358"}],"collection":[{"href":"https:\/\/kmetijazrazgledom.si\/de\/wp-json\/wp\/v2\/pages"}],"about":[{"href":"https:\/\/kmetijazrazgledom.si\/de\/wp-json\/wp\/v2\/types\/page"}],"author":[{"embeddable":true,"href":"https:\/\/kmetijazrazgledom.si\/de\/wp-json\/wp\/v2\/users\/1"}],"replies":[{"embeddable":true,"href":"https:\/\/kmetijazrazgledom.si\/de\/wp-json\/wp\/v2\/comments?post=1358"}],"version-history":[{"count":7,"href":"https:\/\/kmetijazrazgledom.si\/de\/wp-json\/wp\/v2\/pages\/1358\/revisions"}],"predecessor-version":[{"id":2846,"href":"https:\/\/kmetijazrazgledom.si\/de\/wp-json\/wp\/v2\/pages\/1358\/revisions\/2846"}],"up":[{"embeddable":true,"href":"https:\/\/kmetijazrazgledom.si\/de\/wp-json\/wp\/v2\/pages\/1318"}],"wp:attachment":[{"href":"https:\/\/kmetijazrazgledom.si\/de\/wp-json\/wp\/v2\/media?parent=1358"}],"curies":[{"name":"wp","href":"https:\/\/api.w.org\/{rel}","templated":true}]}}