{"id":1369,"date":"2019-10-31T16:24:31","date_gmt":"2019-10-31T16:24:31","guid":{"rendered":"https:\/\/kmetijazrazgledom.si\/?page_id=1369"},"modified":"2022-01-17T08:11:37","modified_gmt":"2022-01-17T08:11:37","slug":"wasseraktivitaeten","status":"publish","type":"page","link":"https:\/\/kmetijazrazgledom.si\/de\/aktivitaeten\/wasseraktivitaeten\/","title":{"rendered":"THERME CERKNO UND IDRIJCA"},"content":{"rendered":"<p>[et_pb_section fb_built=&#8220;1&#8243; admin_label=&#8220;section&#8220; _builder_version=&#8220;3.22&#8243; global_colors_info=&#8220;{}&#8220;][et_pb_row admin_label=&#8220;row&#8220; _builder_version=&#8220;3.25&#8243; background_size=&#8220;initial&#8220; background_position=&#8220;top_left&#8220; background_repeat=&#8220;repeat&#8220; global_colors_info=&#8220;{}&#8220;][et_pb_column type=&#8220;4_4&#8243; _builder_version=&#8220;3.25&#8243; custom_padding=&#8220;|||&#8220; global_colors_info=&#8220;{}&#8220; custom_padding__hover=&#8220;|||&#8220;][et_pb_post_title meta=&#8220;off&#8220; featured_image=&#8220;off&#8220; admin_label=&#8220;Naslov&#8220; _builder_version=&#8220;3.29.3&#8243; global_colors_info=&#8220;{}&#8220;][\/et_pb_post_title][et_pb_text admin_label=&#8220;Vsebina&#8220; _builder_version=&#8220;3.29.3&#8243; global_colors_info=&#8220;{}&#8220;]In Cerkno, wo sich eine Thermalquelle befindet, liegt eine kleinere Therme.<br \/>\nDer Fluss Idrijca ist ein beliebter Ort f\u00fcr die Erfrischung im Sommer[\/et_pb_text][\/et_pb_column][\/et_pb_row][et_pb_row column_structure=&#8220;1_2,1_2&#8243; admin_label=&#8220;terme&#8220; _builder_version=&#8220;3.29.3&#8243; global_colors_info=&#8220;{}&#8220;][et_pb_column type=&#8220;1_2&#8243; _builder_version=&#8220;3.29.3&#8243; global_colors_info=&#8220;{}&#8220;][et_pb_text _builder_version=&#8220;3.29.3&#8243; custom_margin=&#8220;10px||||false|false&#8220; custom_padding=&#8220;10px||||false|false&#8220; global_colors_info=&#8220;{}&#8220;]<\/p>\n<h2>Therme Cerkno<\/h2>\n<p>\nIn Cerkno, wo sich eine Thermalquelle befindet, liegt eine kleinere Therme. Die Thermalquelle ist Folge der Lage an der tektonischen Verwerfungslinie Idrija. Die 200 m tiefe Bohrung liegt in der unmittelbaren N\u00e4he der Therme.<br \/>\nDer Innenbereich hat einen 30\u00b0C Schwimmbecken, der aus einem Schwimmbereich, Massaged\u00fcsen und einen Kinderschwimmbecken besteht.<br \/>\nAu\u00dferdem bietet Therme Cerkno auch einen Saunabereich, ein Salzzimmer und einen Fitnessbereich.<br \/>\nTherme Cerkno ist ideal f\u00fcr die Erholung nach dem Skifahren oder anderen Aktivit\u00e4ten im Freien.[\/et_pb_text][\/et_pb_column][et_pb_column type=&#8220;1_2&#8243; _builder_version=&#8220;3.29.3&#8243; global_colors_info=&#8220;{}&#8220;][et_pb_image src=&#8220;https:\/\/kmetijazrazgledom.si\/wp-content\/uploads\/2019\/10\/KmetijaNaCendovs_TermeCerkno03.jpg&#8220; _builder_version=&#8220;3.29.3&#8243; global_colors_info=&#8220;{}&#8220;][\/et_pb_image][\/et_pb_column][\/et_pb_row][et_pb_row column_structure=&#8220;1_2,1_2&#8243; admin_label=&#8220;naravna &#8220; _builder_version=&#8220;3.29.3&#8243; global_colors_info=&#8220;{}&#8220;][et_pb_column type=&#8220;1_2&#8243; _builder_version=&#8220;3.29.3&#8243; global_colors_info=&#8220;{}&#8220;][et_pb_image src=&#8220;https:\/\/kmetijazrazgledom.si\/wp-content\/uploads\/2019\/10\/KmetijaNaCendovs_Idrijca.jpg&#8220; _builder_version=&#8220;3.29.3&#8243; global_colors_info=&#8220;{}&#8220;][\/et_pb_image][\/et_pb_column][et_pb_column type=&#8220;1_2&#8243; _builder_version=&#8220;3.29.3&#8243; global_colors_info=&#8220;{}&#8220;][et_pb_text _builder_version=&#8220;3.29.3&#8243; custom_margin=&#8220;30px||||false|false&#8220; custom_padding=&#8220;30px||||false|false&#8220; global_colors_info=&#8220;{}&#8220;]<\/p>\n<h2>Nat\u00fcrliche Schwimmbecken<\/h2>\n<p>Der Fluss Idrijca ist ein beliebter Ort f\u00fcr die Erfrischung im Sommer. Dem Fluss entlang befinden sich zahlreiche wilde Str\u00e4nde, versteckt in den Schatten der B\u00e4ume, die ideal sind um einen Picknick dort zu machen.<\/p>\n<p>[\/et_pb_text][\/et_pb_column][\/et_pb_row][et_pb_row column_structure=&#8220;1_2,1_2&#8243; admin_label=&#8220;ribolov&#8220; _builder_version=&#8220;3.29.3&#8243; global_colors_info=&#8220;{}&#8220;][et_pb_column type=&#8220;1_2&#8243; _builder_version=&#8220;3.29.3&#8243; global_colors_info=&#8220;{}&#8220;][et_pb_text _builder_version=&#8220;3.29.3&#8243; custom_margin=&#8220;30px||||false|false&#8220; custom_padding=&#8220;30px||||false|false&#8220; global_colors_info=&#8220;{}&#8220;]<\/p>\n<h2>Angeln<\/h2>\n<p>Der Fluss Idrijca und die zahlreichen Fische in ihm, rufen geradezu nach Sportangeln-Fans. Im Fluss kann man neben Regenbogenforellen und Bachforellen auch echte Marmorataforellen finden.<br \/>\nAngler-Familie Idrija:<br \/>\n<a href=\"http:\/\/rd-idrija.si\/wordpress\/sl\/\" target=\"_blank\" rel=\"noopener noreferrer\">http:\/\/rd-idrija.si<\/a><\/p>\n<p>[\/et_pb_text][\/et_pb_column][et_pb_column type=&#8220;1_2&#8243; _builder_version=&#8220;3.29.3&#8243; global_colors_info=&#8220;{}&#8220;][et_pb_image src=&#8220;https:\/\/kmetijazrazgledom.si\/wp-content\/uploads\/2019\/10\/KmetijaNaCendovs_Ribolov.jpg&#8220; _builder_version=&#8220;3.29.3&#8243; global_colors_info=&#8220;{}&#8220;][\/et_pb_image][\/et_pb_column][\/et_pb_row][\/et_pb_section]<\/p>\n","protected":false},"excerpt":{"rendered":"<p>In Cerkno, wo sich eine Thermalquelle befindet, liegt eine kleinere Therme. Der Fluss Idrijca ist ein beliebter Ort f\u00fcr die Erfrischung im SommerTherme Cerkno In Cerkno, wo sich eine Thermalquelle befindet, liegt eine kleinere Therme. Die Thermalquelle ist Folge der Lage an der tektonischen Verwerfungslinie Idrija. Die 200 m tiefe Bohrung liegt in der unmittelbaren [&hellip;]<\/p>\n","protected":false},"author":1,"featured_media":0,"parent":1318,"menu_order":0,"comment_status":"closed","ping_status":"closed","template":"","meta":{"_et_pb_use_builder":"on","_et_pb_old_content":"","_et_gb_content_width":"","_monsterinsights_skip_tracking":false,"_monsterinsights_sitenote_active":false,"_monsterinsights_sitenote_note":"","_monsterinsights_sitenote_category":0,"footnotes":""},"yoast_head":"<!-- This site is optimized with the Yoast SEO plugin v21.5 - https:\/\/yoast.com\/wordpress\/plugins\/seo\/ -->\n<title>THERME CERKNO UND IDRIJCA &#8212; Kmetija z razgledom<\/title>\n<meta name=\"description\" content=\"In Cerkno liegt eine kleinere Therme. Der Fluss Idrijca ist ein beliebter Ort f\u00fcr die Erfrischung im Sommer\" \/>\n<meta name=\"robots\" content=\"index, follow, max-snippet:-1, max-image-preview:large, max-video-preview:-1\" \/>\n<link rel=\"canonical\" href=\"https:\/\/kmetijazrazgledom.si\/de\/aktivitaeten\/wasseraktivitaeten\/\" \/>\n<meta property=\"og:locale\" content=\"de_DE\" \/>\n<meta property=\"og:type\" content=\"article\" \/>\n<meta property=\"og:title\" content=\"THERME CERKNO UND IDRIJCA &#8212; Kmetija z razgledom\" \/>\n<meta property=\"og:description\" content=\"In Cerkno liegt eine kleinere Therme. Der Fluss Idrijca ist ein beliebter Ort f\u00fcr die Erfrischung im Sommer\" \/>\n<meta property=\"og:url\" content=\"https:\/\/kmetijazrazgledom.si\/de\/aktivitaeten\/wasseraktivitaeten\/\" \/>\n<meta property=\"og:site_name\" content=\"Kmetija z razgledom\" \/>\n<meta property=\"article:modified_time\" content=\"2022-01-17T08:11:37+00:00\" \/>\n<meta name=\"twitter:card\" content=\"summary_large_image\" \/>\n<meta name=\"twitter:label1\" content=\"Gesch\u00e4tzte Lesezeit\" \/>\n\t<meta name=\"twitter:data1\" content=\"3\u00a0Minuten\" \/>\n<script type=\"application\/ld+json\" class=\"yoast-schema-graph\">{\"@context\":\"https:\/\/schema.org\",\"@graph\":[{\"@type\":\"WebPage\",\"@id\":\"https:\/\/kmetijazrazgledom.si\/de\/aktivitaeten\/wasseraktivitaeten\/\",\"url\":\"https:\/\/kmetijazrazgledom.si\/de\/aktivitaeten\/wasseraktivitaeten\/\",\"name\":\"THERME CERKNO UND IDRIJCA &#8212; Kmetija z razgledom\",\"isPartOf\":{\"@id\":\"https:\/\/kmetijazrazgledom.si\/#website\"},\"datePublished\":\"2019-10-31T16:24:31+00:00\",\"dateModified\":\"2022-01-17T08:11:37+00:00\",\"description\":\"In Cerkno liegt eine kleinere Therme. Der Fluss Idrijca ist ein beliebter Ort f\u00fcr die Erfrischung im Sommer\",\"breadcrumb\":{\"@id\":\"https:\/\/kmetijazrazgledom.si\/de\/aktivitaeten\/wasseraktivitaeten\/#breadcrumb\"},\"inLanguage\":\"de\",\"potentialAction\":[{\"@type\":\"ReadAction\",\"target\":[\"https:\/\/kmetijazrazgledom.si\/de\/aktivitaeten\/wasseraktivitaeten\/\"]}]},{\"@type\":\"BreadcrumbList\",\"@id\":\"https:\/\/kmetijazrazgledom.si\/de\/aktivitaeten\/wasseraktivitaeten\/#breadcrumb\",\"itemListElement\":[{\"@type\":\"ListItem\",\"position\":1,\"name\":\"Home\",\"item\":\"https:\/\/kmetijazrazgledom.si\/de\/\"},{\"@type\":\"ListItem\",\"position\":2,\"name\":\"Aktivit\u00e4ten\",\"item\":\"https:\/\/kmetijazrazgledom.si\/de\/aktivitaeten\/\"},{\"@type\":\"ListItem\",\"position\":3,\"name\":\"THERME CERKNO UND IDRIJCA\"}]},{\"@type\":\"WebSite\",\"@id\":\"https:\/\/kmetijazrazgledom.si\/#website\",\"url\":\"https:\/\/kmetijazrazgledom.si\/\",\"name\":\"Kmetija z razgledom\",\"description\":\"\",\"potentialAction\":[{\"@type\":\"SearchAction\",\"target\":{\"@type\":\"EntryPoint\",\"urlTemplate\":\"https:\/\/kmetijazrazgledom.si\/?s={search_term_string}\"},\"query-input\":\"required name=search_term_string\"}],\"inLanguage\":\"de\"}]}<\/script>\n<!-- \/ Yoast SEO plugin. -->","yoast_head_json":{"title":"THERME CERKNO UND IDRIJCA &#8212; Kmetija z razgledom","description":"In Cerkno liegt eine kleinere Therme. Der Fluss Idrijca ist ein beliebter Ort f\u00fcr die Erfrischung im Sommer","robots":{"index":"index","follow":"follow","max-snippet":"max-snippet:-1","max-image-preview":"max-image-preview:large","max-video-preview":"max-video-preview:-1"},"canonical":"https:\/\/kmetijazrazgledom.si\/de\/aktivitaeten\/wasseraktivitaeten\/","og_locale":"de_DE","og_type":"article","og_title":"THERME CERKNO UND IDRIJCA &#8212; Kmetija z razgledom","og_description":"In Cerkno liegt eine kleinere Therme. Der Fluss Idrijca ist ein beliebter Ort f\u00fcr die Erfrischung im Sommer","og_url":"https:\/\/kmetijazrazgledom.si\/de\/aktivitaeten\/wasseraktivitaeten\/","og_site_name":"Kmetija z razgledom","article_modified_time":"2022-01-17T08:11:37+00:00","twitter_card":"summary_large_image","twitter_misc":{"Gesch\u00e4tzte Lesezeit":"3\u00a0Minuten"},"schema":{"@context":"https:\/\/schema.org","@graph":[{"@type":"WebPage","@id":"https:\/\/kmetijazrazgledom.si\/de\/aktivitaeten\/wasseraktivitaeten\/","url":"https:\/\/kmetijazrazgledom.si\/de\/aktivitaeten\/wasseraktivitaeten\/","name":"THERME CERKNO UND IDRIJCA &#8212; Kmetija z razgledom","isPartOf":{"@id":"https:\/\/kmetijazrazgledom.si\/#website"},"datePublished":"2019-10-31T16:24:31+00:00","dateModified":"2022-01-17T08:11:37+00:00","description":"In Cerkno liegt eine kleinere Therme. Der Fluss Idrijca ist ein beliebter Ort f\u00fcr die Erfrischung im Sommer","breadcrumb":{"@id":"https:\/\/kmetijazrazgledom.si\/de\/aktivitaeten\/wasseraktivitaeten\/#breadcrumb"},"inLanguage":"de","potentialAction":[{"@type":"ReadAction","target":["https:\/\/kmetijazrazgledom.si\/de\/aktivitaeten\/wasseraktivitaeten\/"]}]},{"@type":"BreadcrumbList","@id":"https:\/\/kmetijazrazgledom.si\/de\/aktivitaeten\/wasseraktivitaeten\/#breadcrumb","itemListElement":[{"@type":"ListItem","position":1,"name":"Home","item":"https:\/\/kmetijazrazgledom.si\/de\/"},{"@type":"ListItem","position":2,"name":"Aktivit\u00e4ten","item":"https:\/\/kmetijazrazgledom.si\/de\/aktivitaeten\/"},{"@type":"ListItem","position":3,"name":"THERME CERKNO UND IDRIJCA"}]},{"@type":"WebSite","@id":"https:\/\/kmetijazrazgledom.si\/#website","url":"https:\/\/kmetijazrazgledom.si\/","name":"Kmetija z razgledom","description":"","potentialAction":[{"@type":"SearchAction","target":{"@type":"EntryPoint","urlTemplate":"https:\/\/kmetijazrazgledom.si\/?s={search_term_string}"},"query-input":"required name=search_term_string"}],"inLanguage":"de"}]}},"_links":{"self":[{"href":"https:\/\/kmetijazrazgledom.si\/de\/wp-json\/wp\/v2\/pages\/1369"}],"collection":[{"href":"https:\/\/kmetijazrazgledom.si\/de\/wp-json\/wp\/v2\/pages"}],"about":[{"href":"https:\/\/kmetijazrazgledom.si\/de\/wp-json\/wp\/v2\/types\/page"}],"author":[{"embeddable":true,"href":"https:\/\/kmetijazrazgledom.si\/de\/wp-json\/wp\/v2\/users\/1"}],"replies":[{"embeddable":true,"href":"https:\/\/kmetijazrazgledom.si\/de\/wp-json\/wp\/v2\/comments?post=1369"}],"version-history":[{"count":7,"href":"https:\/\/kmetijazrazgledom.si\/de\/wp-json\/wp\/v2\/pages\/1369\/revisions"}],"predecessor-version":[{"id":2850,"href":"https:\/\/kmetijazrazgledom.si\/de\/wp-json\/wp\/v2\/pages\/1369\/revisions\/2850"}],"up":[{"embeddable":true,"href":"https:\/\/kmetijazrazgledom.si\/de\/wp-json\/wp\/v2\/pages\/1318"}],"wp:attachment":[{"href":"https:\/\/kmetijazrazgledom.si\/de\/wp-json\/wp\/v2\/media?parent=1369"}],"curies":[{"name":"wp","href":"https:\/\/api.w.org\/{rel}","templated":true}]}}