{"id":1398,"date":"2019-11-02T16:32:29","date_gmt":"2019-11-02T16:32:29","guid":{"rendered":"https:\/\/kmetijazrazgledom.si\/?page_id=1398"},"modified":"2022-01-31T17:59:47","modified_gmt":"2022-01-31T17:59:47","slug":"oekologischer-lebensmittelanbau","status":"publish","type":"page","link":"https:\/\/kmetijazrazgledom.si\/de\/oekologischer-lebensmittelanbau\/","title":{"rendered":"\u00d6kologischer Lebensmittelanbau"},"content":{"rendered":"<p>[et_pb_section fb_built=&#8220;1&#8243; fullwidth=&#8220;on&#8220; _builder_version=&#8220;3.29.3&#8243; global_colors_info=&#8220;{}&#8220;][et_pb_fullwidth_header _builder_version=&#8220;3.29.3&#8243; background_image=&#8220;https:\/\/kmetijazrazgledom.si\/wp-content\/uploads\/2019\/10\/KmetijaNaCendovs_EkoloskaPridelavaZivil.jpg&#8220; height=&#8220;350px&#8220; global_colors_info=&#8220;{}&#8220;]<br \/>\n[\/et_pb_fullwidth_header][\/et_pb_section][et_pb_section fb_built=&#8220;1&#8243; admin_label=&#8220;section&#8220; _builder_version=&#8220;3.22&#8243; global_colors_info=&#8220;{}&#8220;][et_pb_row column_structure=&#8220;1_2,1_2&#8243; admin_label=&#8220;row&#8220; _builder_version=&#8220;3.25&#8243; background_size=&#8220;initial&#8220; background_position=&#8220;top_left&#8220; background_repeat=&#8220;repeat&#8220; global_colors_info=&#8220;{}&#8220;][et_pb_column type=&#8220;1_2&#8243; _builder_version=&#8220;3.25&#8243; custom_padding=&#8220;|||&#8220; global_colors_info=&#8220;{}&#8220; custom_padding__hover=&#8220;|||&#8220;][et_pb_post_title meta=&#8220;off&#8220; featured_image=&#8220;off&#8220; _builder_version=&#8220;3.29.3&#8243; global_colors_info=&#8220;{}&#8220;]<br \/>\n[\/et_pb_post_title][et_pb_testimonial _builder_version=&#8220;3.29.3&#8243; body_font=&#8220;||on||||||&#8220; body_font_size=&#8220;23px&#8220; global_colors_info=&#8220;{}&#8220;]<\/p>\n<p>Auf unserem Bauernhof bekommen Sie Produkte und Lebensmittel der Saison aus unserem eigenen Anbau. Die Lebensmittel sind ausschlie\u00dflich \u00f6kologosch hergestellt, nat\u00fcrlich, gesund und nahrhaft.<\/p>\n<p>[\/et_pb_testimonial][et_pb_text _builder_version=&#8220;3.29.3&#8243; global_colors_info=&#8220;{}&#8220;]<\/p>\n<p>Auf unserem Bauernhof bekommen Sie Produkte und Lebensmittel der Saison aus unserem eigenen Anbau. Die Lebensmittel sind ausschlie\u00dflich \u00f6kologoisch hergestellt, nat\u00fcrlich, gesund und nahrhaft.<br \/>Die gesunden und gleichzeitig leckeren traditionellen lokalen Speisen (kara\u017eevc, smukavc) k\u00f6nnen Sie bei uns nach alten Rezepten auch selber in den modern ausgestatteten Appartements nachkochen.<br \/>Neben unserem Angebot k\u00f6nnen wir Ihnen auch Bio-Lebensmittel und Produkte aus den naheliegenden Bauernh\u00f6fen anbieten.<br \/>Sie selbst k\u00f6nnen auch bei der Arbeit am Bauernhof mitmachen. Sie k\u00f6nnen die Ernte pfl\u00fccken, im Stall helfen, Tiere f\u00fcttern und bei der Heuernte mit anpacken. Die Ferien am Bauernhof sind auch ein gro\u00dfes Abenteuer f\u00fcr Kinder, die entspannt in der Natur spielen und viele Tiere kennenlernen k\u00f6nnen.<\/p>\n<p>[\/et_pb_text][et_pb_image src=&#8220;https:\/\/kmetijazrazgledom.si\/wp-content\/uploads\/2020\/03\/2-1.jpg&#8220; show_in_lightbox=&#8220;on&#8220; _builder_version=&#8220;3.29.3&#8243; z_index_tablet=&#8220;500&#8243; box_shadow_horizontal_tablet=&#8220;0px&#8220; box_shadow_vertical_tablet=&#8220;0px&#8220; box_shadow_blur_tablet=&#8220;40px&#8220; box_shadow_spread_tablet=&#8220;0px&#8220; global_colors_info=&#8220;{}&#8220;][\/et_pb_image][\/et_pb_column][et_pb_column type=&#8220;1_2&#8243; _builder_version=&#8220;3.25&#8243; custom_padding=&#8220;|||&#8220; global_colors_info=&#8220;{}&#8220; custom_padding__hover=&#8220;|||&#8220;][et_pb_image src=&#8220;https:\/\/kmetijazrazgledom.si\/wp-content\/uploads\/2019\/10\/KmetijaNaCendovs_EkoloskaPridelavaZivil_01.jpg&#8220; _builder_version=&#8220;3.29.3&#8243; global_colors_info=&#8220;{}&#8220;]<br \/>\n[\/et_pb_image][\/et_pb_column][\/et_pb_row][\/et_pb_section]<\/p>\n","protected":false},"excerpt":{"rendered":"<p>Auf unserem Bauernhof bekommen Sie Produkte und Lebensmittel der Saison aus unserem eigenen Anbau. Die Lebensmittel sind ausschlie\u00dflich \u00f6kologosch hergestellt, nat\u00fcrlich, gesund und nahrhaft. Auf unserem Bauernhof bekommen Sie Produkte und Lebensmittel der Saison aus unserem eigenen Anbau. Die Lebensmittel sind ausschlie\u00dflich \u00f6kologoisch hergestellt, nat\u00fcrlich, gesund und nahrhaft.Die gesunden und gleichzeitig leckeren traditionellen lokalen Speisen [&hellip;]<\/p>\n","protected":false},"author":1,"featured_media":0,"parent":0,"menu_order":0,"comment_status":"closed","ping_status":"closed","template":"","meta":{"_et_pb_use_builder":"on","_et_pb_old_content":"","_et_gb_content_width":"","_monsterinsights_skip_tracking":false,"_monsterinsights_sitenote_active":false,"_monsterinsights_sitenote_note":"","_monsterinsights_sitenote_category":0,"footnotes":""},"yoast_head":"<!-- This site is optimized with the Yoast SEO plugin v21.5 - https:\/\/yoast.com\/wordpress\/plugins\/seo\/ -->\n<title>\u00d6kologischer Lebensmittelanbau &#8212; Kmetija z razgledom<\/title>\n<meta name=\"description\" content=\"Auf unserem Bauernhof bekommen Sie Produkte und Lebensmittel der Saison aus unserem eigenen Anbau.\" \/>\n<meta name=\"robots\" content=\"index, follow, max-snippet:-1, max-image-preview:large, max-video-preview:-1\" \/>\n<link rel=\"canonical\" href=\"https:\/\/kmetijazrazgledom.si\/de\/oekologischer-lebensmittelanbau\/\" \/>\n<meta property=\"og:locale\" content=\"de_DE\" \/>\n<meta property=\"og:type\" content=\"article\" \/>\n<meta property=\"og:title\" content=\"\u00d6kologischer Lebensmittelanbau &#8212; Kmetija z razgledom\" \/>\n<meta property=\"og:description\" content=\"Auf unserem Bauernhof bekommen Sie Produkte und Lebensmittel der Saison aus unserem eigenen Anbau.\" \/>\n<meta property=\"og:url\" content=\"https:\/\/kmetijazrazgledom.si\/de\/oekologischer-lebensmittelanbau\/\" \/>\n<meta property=\"og:site_name\" content=\"Kmetija z razgledom\" \/>\n<meta property=\"article:modified_time\" content=\"2022-01-31T17:59:47+00:00\" \/>\n<meta name=\"twitter:card\" content=\"summary_large_image\" \/>\n<meta name=\"twitter:label1\" content=\"Gesch\u00e4tzte Lesezeit\" \/>\n\t<meta name=\"twitter:data1\" content=\"2\u00a0Minuten\" \/>\n<script type=\"application\/ld+json\" class=\"yoast-schema-graph\">{\"@context\":\"https:\/\/schema.org\",\"@graph\":[{\"@type\":\"WebPage\",\"@id\":\"https:\/\/kmetijazrazgledom.si\/de\/oekologischer-lebensmittelanbau\/\",\"url\":\"https:\/\/kmetijazrazgledom.si\/de\/oekologischer-lebensmittelanbau\/\",\"name\":\"\u00d6kologischer Lebensmittelanbau &#8212; Kmetija z razgledom\",\"isPartOf\":{\"@id\":\"https:\/\/kmetijazrazgledom.si\/#website\"},\"datePublished\":\"2019-11-02T16:32:29+00:00\",\"dateModified\":\"2022-01-31T17:59:47+00:00\",\"description\":\"Auf unserem Bauernhof bekommen Sie Produkte und Lebensmittel der Saison aus unserem eigenen Anbau.\",\"breadcrumb\":{\"@id\":\"https:\/\/kmetijazrazgledom.si\/de\/oekologischer-lebensmittelanbau\/#breadcrumb\"},\"inLanguage\":\"de\",\"potentialAction\":[{\"@type\":\"ReadAction\",\"target\":[\"https:\/\/kmetijazrazgledom.si\/de\/oekologischer-lebensmittelanbau\/\"]}]},{\"@type\":\"BreadcrumbList\",\"@id\":\"https:\/\/kmetijazrazgledom.si\/de\/oekologischer-lebensmittelanbau\/#breadcrumb\",\"itemListElement\":[{\"@type\":\"ListItem\",\"position\":1,\"name\":\"Home\",\"item\":\"https:\/\/kmetijazrazgledom.si\/de\/\"},{\"@type\":\"ListItem\",\"position\":2,\"name\":\"\u00d6kologischer Lebensmittelanbau\"}]},{\"@type\":\"WebSite\",\"@id\":\"https:\/\/kmetijazrazgledom.si\/#website\",\"url\":\"https:\/\/kmetijazrazgledom.si\/\",\"name\":\"Kmetija z razgledom\",\"description\":\"\",\"potentialAction\":[{\"@type\":\"SearchAction\",\"target\":{\"@type\":\"EntryPoint\",\"urlTemplate\":\"https:\/\/kmetijazrazgledom.si\/?s={search_term_string}\"},\"query-input\":\"required name=search_term_string\"}],\"inLanguage\":\"de\"}]}<\/script>\n<!-- \/ Yoast SEO plugin. -->","yoast_head_json":{"title":"\u00d6kologischer Lebensmittelanbau &#8212; Kmetija z razgledom","description":"Auf unserem Bauernhof bekommen Sie Produkte und Lebensmittel der Saison aus unserem eigenen Anbau.","robots":{"index":"index","follow":"follow","max-snippet":"max-snippet:-1","max-image-preview":"max-image-preview:large","max-video-preview":"max-video-preview:-1"},"canonical":"https:\/\/kmetijazrazgledom.si\/de\/oekologischer-lebensmittelanbau\/","og_locale":"de_DE","og_type":"article","og_title":"\u00d6kologischer Lebensmittelanbau &#8212; Kmetija z razgledom","og_description":"Auf unserem Bauernhof bekommen Sie Produkte und Lebensmittel der Saison aus unserem eigenen Anbau.","og_url":"https:\/\/kmetijazrazgledom.si\/de\/oekologischer-lebensmittelanbau\/","og_site_name":"Kmetija z razgledom","article_modified_time":"2022-01-31T17:59:47+00:00","twitter_card":"summary_large_image","twitter_misc":{"Gesch\u00e4tzte Lesezeit":"2\u00a0Minuten"},"schema":{"@context":"https:\/\/schema.org","@graph":[{"@type":"WebPage","@id":"https:\/\/kmetijazrazgledom.si\/de\/oekologischer-lebensmittelanbau\/","url":"https:\/\/kmetijazrazgledom.si\/de\/oekologischer-lebensmittelanbau\/","name":"\u00d6kologischer Lebensmittelanbau &#8212; Kmetija z razgledom","isPartOf":{"@id":"https:\/\/kmetijazrazgledom.si\/#website"},"datePublished":"2019-11-02T16:32:29+00:00","dateModified":"2022-01-31T17:59:47+00:00","description":"Auf unserem Bauernhof bekommen Sie Produkte und Lebensmittel der Saison aus unserem eigenen Anbau.","breadcrumb":{"@id":"https:\/\/kmetijazrazgledom.si\/de\/oekologischer-lebensmittelanbau\/#breadcrumb"},"inLanguage":"de","potentialAction":[{"@type":"ReadAction","target":["https:\/\/kmetijazrazgledom.si\/de\/oekologischer-lebensmittelanbau\/"]}]},{"@type":"BreadcrumbList","@id":"https:\/\/kmetijazrazgledom.si\/de\/oekologischer-lebensmittelanbau\/#breadcrumb","itemListElement":[{"@type":"ListItem","position":1,"name":"Home","item":"https:\/\/kmetijazrazgledom.si\/de\/"},{"@type":"ListItem","position":2,"name":"\u00d6kologischer Lebensmittelanbau"}]},{"@type":"WebSite","@id":"https:\/\/kmetijazrazgledom.si\/#website","url":"https:\/\/kmetijazrazgledom.si\/","name":"Kmetija z razgledom","description":"","potentialAction":[{"@type":"SearchAction","target":{"@type":"EntryPoint","urlTemplate":"https:\/\/kmetijazrazgledom.si\/?s={search_term_string}"},"query-input":"required name=search_term_string"}],"inLanguage":"de"}]}},"_links":{"self":[{"href":"https:\/\/kmetijazrazgledom.si\/de\/wp-json\/wp\/v2\/pages\/1398"}],"collection":[{"href":"https:\/\/kmetijazrazgledom.si\/de\/wp-json\/wp\/v2\/pages"}],"about":[{"href":"https:\/\/kmetijazrazgledom.si\/de\/wp-json\/wp\/v2\/types\/page"}],"author":[{"embeddable":true,"href":"https:\/\/kmetijazrazgledom.si\/de\/wp-json\/wp\/v2\/users\/1"}],"replies":[{"embeddable":true,"href":"https:\/\/kmetijazrazgledom.si\/de\/wp-json\/wp\/v2\/comments?post=1398"}],"version-history":[{"count":8,"href":"https:\/\/kmetijazrazgledom.si\/de\/wp-json\/wp\/v2\/pages\/1398\/revisions"}],"predecessor-version":[{"id":2869,"href":"https:\/\/kmetijazrazgledom.si\/de\/wp-json\/wp\/v2\/pages\/1398\/revisions\/2869"}],"wp:attachment":[{"href":"https:\/\/kmetijazrazgledom.si\/de\/wp-json\/wp\/v2\/media?parent=1398"}],"curies":[{"name":"wp","href":"https:\/\/api.w.org\/{rel}","templated":true}]}}