{"id":1445,"date":"2019-11-04T11:13:37","date_gmt":"2019-11-04T11:13:37","guid":{"rendered":"https:\/\/kmetijazrazgledom.si\/?page_id=1445"},"modified":"2022-05-10T05:59:28","modified_gmt":"2022-05-10T05:59:28","slug":"geburtshaus-des-schriftstellers-france-bevk","status":"publish","type":"page","link":"https:\/\/kmetijazrazgledom.si\/de\/naturschoenheiten-und-kulturelle-sehenswuerdigkeiten\/geburtshaus-des-schriftstellers-france-bevk\/","title":{"rendered":"GEBURTSHAUS DES SCHRIFTSTELLERS FRANCE BEVK"},"content":{"rendered":"<p>[et_pb_section fb_built=&#8220;1&#8243; fullwidth=&#8220;on&#8220; _builder_version=&#8220;3.29.3&#8243; global_colors_info=&#8220;{}&#8220;][et_pb_fullwidth_header _builder_version=&#8220;3.29.3&#8243; background_image=&#8220;https:\/\/kmetijazrazgledom.si\/wp-content\/uploads\/2019\/10\/KmetijaNaCendovs_BevkovaDomacija.jpg&#8220; height=&#8220;350px&#8220; global_colors_info=&#8220;{}&#8220;][\/et_pb_fullwidth_header][\/et_pb_section][et_pb_section fb_built=&#8220;1&#8243; admin_label=&#8220;section&#8220; _builder_version=&#8220;3.22&#8243; global_colors_info=&#8220;{}&#8220;][et_pb_row admin_label=&#8220;row&#8220; _builder_version=&#8220;3.25&#8243; background_size=&#8220;initial&#8220; background_position=&#8220;top_left&#8220; background_repeat=&#8220;repeat&#8220; global_colors_info=&#8220;{}&#8220;][et_pb_column type=&#8220;4_4&#8243; _builder_version=&#8220;3.25&#8243; custom_padding=&#8220;|||&#8220; global_colors_info=&#8220;{}&#8220; custom_padding__hover=&#8220;|||&#8220;][et_pb_post_title meta=&#8220;off&#8220; featured_image=&#8220;off&#8220; _builder_version=&#8220;3.29.3&#8243; global_colors_info=&#8220;{}&#8220;][\/et_pb_post_title][\/et_pb_column][\/et_pb_row][et_pb_row column_structure=&#8220;3_5,2_5&#8243; admin_label=&#8220;row&#8220; _builder_version=&#8220;3.25&#8243; background_size=&#8220;initial&#8220; background_position=&#8220;top_left&#8220; background_repeat=&#8220;repeat&#8220; global_colors_info=&#8220;{}&#8220;][et_pb_column type=&#8220;3_5&#8243; _builder_version=&#8220;3.25&#8243; custom_padding=&#8220;|||&#8220; global_colors_info=&#8220;{}&#8220; custom_padding__hover=&#8220;|||&#8220;][et_pb_text _builder_version=&#8220;4.14.2&#8243; hover_enabled=&#8220;0&#8243; global_colors_info=&#8220;{}&#8220; sticky_enabled=&#8220;0&#8243;]<\/p>\n<p>Zakojca, der Geburtsort des Schriftstellers, Publizisten und Politiker France Bevk (1890-1970), liegt auf dem n\u00f6rdlichen Hang von Kojca \u00fcber der Ba\u0161ka grapa.<\/p>\n<p>Das Geh\u00f6ft von France Bevk war fr\u00fcher das Volar-Geh\u00f6ft genannt. Er verbrachte dort seine Kindheit und Jugend. Heute wurde an diesem Platz ein Museum errichtet. Im Keller des Geb\u00e4udes ist ein kleiner Stall; im Erdgeschoss befindet sich eine Diele, eine K\u00fcche mit der Feuerstelle, und die \u201ehi\u0161a\u201c (Haus), der wichtigste Raum mit einem Bauernofen und einer kleinen Kammer. Der Dachboden dient heute als ein gro\u00dfer Ausstellungsraum, wo man Dokumente, B\u00fccher und Fotografien, die \u00fcber das Leben des Schriftstellers sprechen, sehen kann.<\/p>\n<p>In den schwierigsten Zeiten hat France Bevk mit seinen Werken das Nationalbewusstsein der Slowenen geweckt und ihnen die Hoffnung auf eine bessere Zukunft gegeben. In seinen Erz\u00e4hlungen und Romanen hat er \u00f6fters die Orte und Menschen aus Kojca beschrieben mit denen er seine Kindheit und Jugend verbrachte. <strong><a href=\"https:\/\/www.muzej-idrija-cerkno.si\/lokacija\/domacija-pisatelja-franceta-bevka\/\" target=\"_blank\" rel=\"noopener noreferrer\">www.muzej-idrija-cerkno.si\/domacija-pisatelja-franceta-bevka<\/a><\/strong><\/p>\n<p>[\/et_pb_text][\/et_pb_column][et_pb_column type=&#8220;2_5&#8243; _builder_version=&#8220;3.25&#8243; custom_padding=&#8220;|||&#8220; global_colors_info=&#8220;{}&#8220; custom_padding__hover=&#8220;|||&#8220;][et_pb_testimonial _builder_version=&#8220;3.29.3&#8243; body_font=&#8220;||on||||||&#8220; body_font_size=&#8220;23px&#8220; global_colors_info=&#8220;{}&#8220;]<\/p>\n<p>Das Geh\u00f6ft von France Bevk war fr\u00fcher das Volar-Geh\u00f6ft genannt. Er verbrachte dort seine Kindheit und Jugend.<\/p>\n<p>[\/et_pb_testimonial][\/et_pb_column][\/et_pb_row][\/et_pb_section]<\/p>\n","protected":false},"excerpt":{"rendered":"<p>Zakojca, der Geburtsort des Schriftstellers, Publizisten und Politiker France Bevk (1890-1970), liegt auf dem n\u00f6rdlichen Hang von Kojca \u00fcber der Ba\u0161ka grapa. Das Geh\u00f6ft von France Bevk war fr\u00fcher das Volar-Geh\u00f6ft genannt. Er verbrachte dort seine Kindheit und Jugend. Heute wurde an diesem Platz ein Museum errichtet. Im Keller des Geb\u00e4udes ist ein kleiner Stall; [&hellip;]<\/p>\n","protected":false},"author":1,"featured_media":0,"parent":1423,"menu_order":0,"comment_status":"closed","ping_status":"closed","template":"","meta":{"_et_pb_use_builder":"on","_et_pb_old_content":"","_et_gb_content_width":"","_monsterinsights_skip_tracking":false,"_monsterinsights_sitenote_active":false,"_monsterinsights_sitenote_note":"","_monsterinsights_sitenote_category":0,"footnotes":""},"yoast_head":"<!-- This site is optimized with the Yoast SEO plugin v21.5 - https:\/\/yoast.com\/wordpress\/plugins\/seo\/ -->\n<title>GEBURTSHAUS DES SCHRIFTSTELLERS FRANCE BEVK &#8212; Kmetija z razgledom<\/title>\n<meta name=\"description\" content=\"Das Geh\u00f6ft von France Bevk war fr\u00fcher das Volar-Geh\u00f6ft genannt. Er verbrachte dort seine Kindheit und Jugend.\" \/>\n<meta name=\"robots\" content=\"index, follow, max-snippet:-1, max-image-preview:large, max-video-preview:-1\" \/>\n<link rel=\"canonical\" href=\"https:\/\/kmetijazrazgledom.si\/de\/naturschoenheiten-und-kulturelle-sehenswuerdigkeiten\/geburtshaus-des-schriftstellers-france-bevk\/\" \/>\n<meta property=\"og:locale\" content=\"de_DE\" \/>\n<meta property=\"og:type\" content=\"article\" \/>\n<meta property=\"og:title\" content=\"GEBURTSHAUS DES SCHRIFTSTELLERS FRANCE BEVK &#8212; Kmetija z razgledom\" \/>\n<meta property=\"og:description\" content=\"Das Geh\u00f6ft von France Bevk war fr\u00fcher das Volar-Geh\u00f6ft genannt. Er verbrachte dort seine Kindheit und Jugend.\" \/>\n<meta property=\"og:url\" content=\"https:\/\/kmetijazrazgledom.si\/de\/naturschoenheiten-und-kulturelle-sehenswuerdigkeiten\/geburtshaus-des-schriftstellers-france-bevk\/\" \/>\n<meta property=\"og:site_name\" content=\"Kmetija z razgledom\" \/>\n<meta property=\"article:modified_time\" content=\"2022-05-10T05:59:28+00:00\" \/>\n<meta name=\"twitter:card\" content=\"summary_large_image\" \/>\n<meta name=\"twitter:label1\" content=\"Gesch\u00e4tzte Lesezeit\" \/>\n\t<meta name=\"twitter:data1\" content=\"2\u00a0Minuten\" \/>\n<script type=\"application\/ld+json\" class=\"yoast-schema-graph\">{\"@context\":\"https:\/\/schema.org\",\"@graph\":[{\"@type\":\"WebPage\",\"@id\":\"https:\/\/kmetijazrazgledom.si\/de\/naturschoenheiten-und-kulturelle-sehenswuerdigkeiten\/geburtshaus-des-schriftstellers-france-bevk\/\",\"url\":\"https:\/\/kmetijazrazgledom.si\/de\/naturschoenheiten-und-kulturelle-sehenswuerdigkeiten\/geburtshaus-des-schriftstellers-france-bevk\/\",\"name\":\"GEBURTSHAUS DES SCHRIFTSTELLERS FRANCE BEVK &#8212; Kmetija z razgledom\",\"isPartOf\":{\"@id\":\"https:\/\/kmetijazrazgledom.si\/#website\"},\"datePublished\":\"2019-11-04T11:13:37+00:00\",\"dateModified\":\"2022-05-10T05:59:28+00:00\",\"description\":\"Das Geh\u00f6ft von France Bevk war fr\u00fcher das Volar-Geh\u00f6ft genannt. Er verbrachte dort seine Kindheit und Jugend.\",\"breadcrumb\":{\"@id\":\"https:\/\/kmetijazrazgledom.si\/de\/naturschoenheiten-und-kulturelle-sehenswuerdigkeiten\/geburtshaus-des-schriftstellers-france-bevk\/#breadcrumb\"},\"inLanguage\":\"de\",\"potentialAction\":[{\"@type\":\"ReadAction\",\"target\":[\"https:\/\/kmetijazrazgledom.si\/de\/naturschoenheiten-und-kulturelle-sehenswuerdigkeiten\/geburtshaus-des-schriftstellers-france-bevk\/\"]}]},{\"@type\":\"BreadcrumbList\",\"@id\":\"https:\/\/kmetijazrazgledom.si\/de\/naturschoenheiten-und-kulturelle-sehenswuerdigkeiten\/geburtshaus-des-schriftstellers-france-bevk\/#breadcrumb\",\"itemListElement\":[{\"@type\":\"ListItem\",\"position\":1,\"name\":\"Home\",\"item\":\"https:\/\/kmetijazrazgledom.si\/de\/\"},{\"@type\":\"ListItem\",\"position\":2,\"name\":\"Natursch\u00f6nheiten und kulturelle Sehensw\u00fcrdigkeiten\",\"item\":\"https:\/\/kmetijazrazgledom.si\/de\/naturschoenheiten-und-kulturelle-sehenswuerdigkeiten\/?lang=de\"},{\"@type\":\"ListItem\",\"position\":3,\"name\":\"GEBURTSHAUS DES SCHRIFTSTELLERS FRANCE BEVK\"}]},{\"@type\":\"WebSite\",\"@id\":\"https:\/\/kmetijazrazgledom.si\/#website\",\"url\":\"https:\/\/kmetijazrazgledom.si\/\",\"name\":\"Kmetija z razgledom\",\"description\":\"\",\"potentialAction\":[{\"@type\":\"SearchAction\",\"target\":{\"@type\":\"EntryPoint\",\"urlTemplate\":\"https:\/\/kmetijazrazgledom.si\/?s={search_term_string}\"},\"query-input\":\"required name=search_term_string\"}],\"inLanguage\":\"de\"}]}<\/script>\n<!-- \/ Yoast SEO plugin. -->","yoast_head_json":{"title":"GEBURTSHAUS DES SCHRIFTSTELLERS FRANCE BEVK &#8212; Kmetija z razgledom","description":"Das Geh\u00f6ft von France Bevk war fr\u00fcher das Volar-Geh\u00f6ft genannt. Er verbrachte dort seine Kindheit und Jugend.","robots":{"index":"index","follow":"follow","max-snippet":"max-snippet:-1","max-image-preview":"max-image-preview:large","max-video-preview":"max-video-preview:-1"},"canonical":"https:\/\/kmetijazrazgledom.si\/de\/naturschoenheiten-und-kulturelle-sehenswuerdigkeiten\/geburtshaus-des-schriftstellers-france-bevk\/","og_locale":"de_DE","og_type":"article","og_title":"GEBURTSHAUS DES SCHRIFTSTELLERS FRANCE BEVK &#8212; Kmetija z razgledom","og_description":"Das Geh\u00f6ft von France Bevk war fr\u00fcher das Volar-Geh\u00f6ft genannt. Er verbrachte dort seine Kindheit und Jugend.","og_url":"https:\/\/kmetijazrazgledom.si\/de\/naturschoenheiten-und-kulturelle-sehenswuerdigkeiten\/geburtshaus-des-schriftstellers-france-bevk\/","og_site_name":"Kmetija z razgledom","article_modified_time":"2022-05-10T05:59:28+00:00","twitter_card":"summary_large_image","twitter_misc":{"Gesch\u00e4tzte Lesezeit":"2\u00a0Minuten"},"schema":{"@context":"https:\/\/schema.org","@graph":[{"@type":"WebPage","@id":"https:\/\/kmetijazrazgledom.si\/de\/naturschoenheiten-und-kulturelle-sehenswuerdigkeiten\/geburtshaus-des-schriftstellers-france-bevk\/","url":"https:\/\/kmetijazrazgledom.si\/de\/naturschoenheiten-und-kulturelle-sehenswuerdigkeiten\/geburtshaus-des-schriftstellers-france-bevk\/","name":"GEBURTSHAUS DES SCHRIFTSTELLERS FRANCE BEVK &#8212; Kmetija z razgledom","isPartOf":{"@id":"https:\/\/kmetijazrazgledom.si\/#website"},"datePublished":"2019-11-04T11:13:37+00:00","dateModified":"2022-05-10T05:59:28+00:00","description":"Das Geh\u00f6ft von France Bevk war fr\u00fcher das Volar-Geh\u00f6ft genannt. Er verbrachte dort seine Kindheit und Jugend.","breadcrumb":{"@id":"https:\/\/kmetijazrazgledom.si\/de\/naturschoenheiten-und-kulturelle-sehenswuerdigkeiten\/geburtshaus-des-schriftstellers-france-bevk\/#breadcrumb"},"inLanguage":"de","potentialAction":[{"@type":"ReadAction","target":["https:\/\/kmetijazrazgledom.si\/de\/naturschoenheiten-und-kulturelle-sehenswuerdigkeiten\/geburtshaus-des-schriftstellers-france-bevk\/"]}]},{"@type":"BreadcrumbList","@id":"https:\/\/kmetijazrazgledom.si\/de\/naturschoenheiten-und-kulturelle-sehenswuerdigkeiten\/geburtshaus-des-schriftstellers-france-bevk\/#breadcrumb","itemListElement":[{"@type":"ListItem","position":1,"name":"Home","item":"https:\/\/kmetijazrazgledom.si\/de\/"},{"@type":"ListItem","position":2,"name":"Natursch\u00f6nheiten und kulturelle Sehensw\u00fcrdigkeiten","item":"https:\/\/kmetijazrazgledom.si\/de\/naturschoenheiten-und-kulturelle-sehenswuerdigkeiten\/?lang=de"},{"@type":"ListItem","position":3,"name":"GEBURTSHAUS DES SCHRIFTSTELLERS FRANCE BEVK"}]},{"@type":"WebSite","@id":"https:\/\/kmetijazrazgledom.si\/#website","url":"https:\/\/kmetijazrazgledom.si\/","name":"Kmetija z razgledom","description":"","potentialAction":[{"@type":"SearchAction","target":{"@type":"EntryPoint","urlTemplate":"https:\/\/kmetijazrazgledom.si\/?s={search_term_string}"},"query-input":"required name=search_term_string"}],"inLanguage":"de"}]}},"_links":{"self":[{"href":"https:\/\/kmetijazrazgledom.si\/de\/wp-json\/wp\/v2\/pages\/1445"}],"collection":[{"href":"https:\/\/kmetijazrazgledom.si\/de\/wp-json\/wp\/v2\/pages"}],"about":[{"href":"https:\/\/kmetijazrazgledom.si\/de\/wp-json\/wp\/v2\/types\/page"}],"author":[{"embeddable":true,"href":"https:\/\/kmetijazrazgledom.si\/de\/wp-json\/wp\/v2\/users\/1"}],"replies":[{"embeddable":true,"href":"https:\/\/kmetijazrazgledom.si\/de\/wp-json\/wp\/v2\/comments?post=1445"}],"version-history":[{"count":10,"href":"https:\/\/kmetijazrazgledom.si\/de\/wp-json\/wp\/v2\/pages\/1445\/revisions"}],"predecessor-version":[{"id":2976,"href":"https:\/\/kmetijazrazgledom.si\/de\/wp-json\/wp\/v2\/pages\/1445\/revisions\/2976"}],"up":[{"embeddable":true,"href":"https:\/\/kmetijazrazgledom.si\/de\/wp-json\/wp\/v2\/pages\/1423"}],"wp:attachment":[{"href":"https:\/\/kmetijazrazgledom.si\/de\/wp-json\/wp\/v2\/media?parent=1445"}],"curies":[{"name":"wp","href":"https:\/\/api.w.org\/{rel}","templated":true}]}}