{"id":1456,"date":"2019-11-04T13:36:45","date_gmt":"2019-11-04T13:36:45","guid":{"rendered":"https:\/\/kmetijazrazgledom.si\/?page_id=1456"},"modified":"2022-01-31T17:51:44","modified_gmt":"2022-01-31T17:51:44","slug":"laufarija-aus-cerkno","status":"publish","type":"page","link":"https:\/\/kmetijazrazgledom.si\/de\/naturschoenheiten-und-kulturelle-sehenswuerdigkeiten\/laufarija-aus-cerkno\/","title":{"rendered":"LAUFARIJA AUS CERKNO"},"content":{"rendered":"<p>[et_pb_section fb_built=&#8220;1&#8243; fullwidth=&#8220;on&#8220; _builder_version=&#8220;3.29.3&#8243; fb_built=&#8220;1&#8243; _i=&#8220;0&#8243; _address=&#8220;0&#8243;][et_pb_fullwidth_header _builder_version=&#8220;3.29.3&#8243; background_image=&#8220;https:\/\/kmetijazrazgledom.si\/wp-content\/uploads\/2019\/10\/KmetijaNaCendovs_CerkljanskaLaufarija.jpg&#8220; background_position=&#8220;top_center&#8220; height=&#8220;350px&#8220; _i=&#8220;0&#8243; _address=&#8220;0.0&#8243;][\/et_pb_fullwidth_header][\/et_pb_section][et_pb_section fb_built=&#8220;1&#8243; admin_label=&#8220;section&#8220; _builder_version=&#8220;3.22&#8243; fb_built=&#8220;1&#8243; _i=&#8220;1&#8243; _address=&#8220;1&#8243;][et_pb_row admin_label=&#8220;row&#8220; _builder_version=&#8220;3.25&#8243; background_size=&#8220;initial&#8220; background_position=&#8220;top_left&#8220; background_repeat=&#8220;repeat&#8220; _i=&#8220;0&#8243; _address=&#8220;1.0&#8243;][et_pb_column type=&#8220;4_4&#8243; _builder_version=&#8220;3.25&#8243; custom_padding=&#8220;|||&#8220; _i=&#8220;0&#8243; _address=&#8220;1.0.0&#8243; custom_padding__hover=&#8220;|||&#8220;][et_pb_post_title meta=&#8220;off&#8220; featured_image=&#8220;off&#8220; _builder_version=&#8220;3.29.3&#8243; _i=&#8220;0&#8243; _address=&#8220;1.0.0.0&#8243;][\/et_pb_post_title][\/et_pb_column][\/et_pb_row][et_pb_row column_structure=&#8220;3_5,2_5&#8243; admin_label=&#8220;row&#8220; _builder_version=&#8220;3.25&#8243; background_size=&#8220;initial&#8220; background_position=&#8220;top_left&#8220; background_repeat=&#8220;repeat&#8220; _i=&#8220;1&#8243; _address=&#8220;1.1&#8243;][et_pb_column type=&#8220;3_5&#8243; _builder_version=&#8220;3.25&#8243; custom_padding=&#8220;|||&#8220; _i=&#8220;0&#8243; _address=&#8220;1.1.0&#8243; custom_padding__hover=&#8220;|||&#8220;][et_pb_text _builder_version=&#8220;3.29.3&#8243; _i=&#8220;0&#8243; _address=&#8220;1.1.0.0&#8243;]\u201eLaufarija\u201c ist eine Faschingstradition in Cerkno, die aus der Zeit des Heidentums stammt und \u00fcber die m\u00fcndliche Volks\u00fcberlieferung erhalten wurde. <\/p>\n<p>\u201eLaufarska dru\u017eina\u201c (die laufarska Familie) besteht aus 25 Gestalten und 26 Masken (eine Gestalt tr\u00e4gt zwei Masken). Jeder \u201elaufar\u201c tr\u00e4gt eine \u201elarfa\u201c- eine Maske und ein Kost\u00fcm- die zusammen mit dem Verhalten, die Gestalt ausmacht. Jede Gestalt kann einzelne menschliche Fehler oder Schw\u00e4chen, eine Sozialschicht oder einen Dorfsonderling darstellen. Bestimmte Gestalten stammen aber noch aus der Zeit des Heidentums und stellen das damalige Glauben in die heutige Zeit dar.<\/p>\n<p>Alle \u201elarfa\u201c, bis auf eine, sind aus Lindenholz geschnitzt. Jede einzelne Gestalt hat ihr eigenes speziell f\u00fcr sie gemachtes Kost\u00fcm. F\u00fcr drei von ihnen wird jedes Jahr ein neues Kost\u00fcm gemacht.<br \/>\nAuf dem Platz in Cerkno wird der \u201ePust\u201c auf den Tod durch den \u201ebot\u201c (Hammer) verurteilt. Der \u201ePust\u201c ist schuld an allem Schlechten, was in der Region passiert ist. Die Verurteilung findet als St\u00fcck in der regionalen Sprache statt.<\/p>\n<p><strong><a href=\"http:\/\/60let.laufarija-cerkno.si\/liki-larfe.html\" target=\"_blank\" rel=\"noopener noreferrer\">http:\/\/60let.laufarija-cerkno.si<\/a><\/strong><\/p>\n<p>[\/et_pb_text][\/et_pb_column][et_pb_column type=&#8220;2_5&#8243; _builder_version=&#8220;3.25&#8243; custom_padding=&#8220;|||&#8220; _i=&#8220;1&#8243; _address=&#8220;1.1.1&#8243; custom_padding__hover=&#8220;|||&#8220;][et_pb_testimonial _builder_version=&#8220;3.29.3&#8243; body_font=&#8220;||on||||||&#8220; body_font_size=&#8220;23px&#8220; _i=&#8220;0&#8243; _address=&#8220;1.1.1.0&#8243;]\u201eLaufarija\u201c ist eine Faschingstradition in Cerkno, die aus der Zeit des Heidentums stammt und \u00fcber die m\u00fcndliche Volks\u00fcberlieferung erhalten wurde. [\/et_pb_testimonial][\/et_pb_column][\/et_pb_row][\/et_pb_section]<\/p>\n","protected":false},"excerpt":{"rendered":"<p>\u201eLaufarija\u201c ist eine Faschingstradition in Cerkno, die aus der Zeit des Heidentums stammt und \u00fcber die m\u00fcndliche Volks\u00fcberlieferung erhalten wurde. \u201eLaufarska dru\u017eina\u201c (die laufarska Familie) besteht aus 25 Gestalten und 26 Masken (eine Gestalt tr\u00e4gt zwei Masken). Jeder \u201elaufar\u201c tr\u00e4gt eine \u201elarfa\u201c- eine Maske und ein Kost\u00fcm- die zusammen mit dem Verhalten, die Gestalt ausmacht. [&hellip;]<\/p>\n","protected":false},"author":1,"featured_media":0,"parent":1423,"menu_order":0,"comment_status":"closed","ping_status":"closed","template":"","meta":{"_et_pb_use_builder":"on","_et_pb_old_content":"","_et_gb_content_width":"","_monsterinsights_skip_tracking":false,"_monsterinsights_sitenote_active":false,"_monsterinsights_sitenote_note":"","_monsterinsights_sitenote_category":0,"footnotes":""},"yoast_head":"<!-- This site is optimized with the Yoast SEO plugin v21.5 - https:\/\/yoast.com\/wordpress\/plugins\/seo\/ -->\n<title>LAUFARIJA AUS CERKNO &#8212; Kmetija z razgledom<\/title>\n<meta name=\"description\" content=\"\u201eLaufarija\u201c ist eine Faschingstradition in Cerkno, die aus der Zeit des Heidentums stammt und \u00fcber die m\u00fcndliche Volks\u00fcberlieferung erhalten wurde.\" \/>\n<meta name=\"robots\" content=\"index, follow, max-snippet:-1, max-image-preview:large, max-video-preview:-1\" \/>\n<link rel=\"canonical\" href=\"https:\/\/kmetijazrazgledom.si\/de\/naturschoenheiten-und-kulturelle-sehenswuerdigkeiten\/laufarija-aus-cerkno\/\" \/>\n<meta property=\"og:locale\" content=\"de_DE\" \/>\n<meta property=\"og:type\" content=\"article\" \/>\n<meta property=\"og:title\" content=\"LAUFARIJA AUS CERKNO &#8212; Kmetija z razgledom\" \/>\n<meta property=\"og:description\" content=\"\u201eLaufarija\u201c ist eine Faschingstradition in Cerkno, die aus der Zeit des Heidentums stammt und \u00fcber die m\u00fcndliche Volks\u00fcberlieferung erhalten wurde.\" \/>\n<meta property=\"og:url\" content=\"https:\/\/kmetijazrazgledom.si\/de\/naturschoenheiten-und-kulturelle-sehenswuerdigkeiten\/laufarija-aus-cerkno\/\" \/>\n<meta property=\"og:site_name\" content=\"Kmetija z razgledom\" \/>\n<meta property=\"article:modified_time\" content=\"2022-01-31T17:51:44+00:00\" \/>\n<meta name=\"twitter:card\" content=\"summary_large_image\" \/>\n<meta name=\"twitter:label1\" content=\"Gesch\u00e4tzte Lesezeit\" \/>\n\t<meta name=\"twitter:data1\" content=\"2\u00a0Minuten\" \/>\n<script type=\"application\/ld+json\" class=\"yoast-schema-graph\">{\"@context\":\"https:\/\/schema.org\",\"@graph\":[{\"@type\":\"WebPage\",\"@id\":\"https:\/\/kmetijazrazgledom.si\/de\/naturschoenheiten-und-kulturelle-sehenswuerdigkeiten\/laufarija-aus-cerkno\/\",\"url\":\"https:\/\/kmetijazrazgledom.si\/de\/naturschoenheiten-und-kulturelle-sehenswuerdigkeiten\/laufarija-aus-cerkno\/\",\"name\":\"LAUFARIJA AUS CERKNO &#8212; Kmetija z razgledom\",\"isPartOf\":{\"@id\":\"https:\/\/kmetijazrazgledom.si\/#website\"},\"datePublished\":\"2019-11-04T13:36:45+00:00\",\"dateModified\":\"2022-01-31T17:51:44+00:00\",\"description\":\"\u201eLaufarija\u201c ist eine Faschingstradition in Cerkno, die aus der Zeit des Heidentums stammt und \u00fcber die m\u00fcndliche Volks\u00fcberlieferung erhalten wurde.\",\"breadcrumb\":{\"@id\":\"https:\/\/kmetijazrazgledom.si\/de\/naturschoenheiten-und-kulturelle-sehenswuerdigkeiten\/laufarija-aus-cerkno\/#breadcrumb\"},\"inLanguage\":\"de\",\"potentialAction\":[{\"@type\":\"ReadAction\",\"target\":[\"https:\/\/kmetijazrazgledom.si\/de\/naturschoenheiten-und-kulturelle-sehenswuerdigkeiten\/laufarija-aus-cerkno\/\"]}]},{\"@type\":\"BreadcrumbList\",\"@id\":\"https:\/\/kmetijazrazgledom.si\/de\/naturschoenheiten-und-kulturelle-sehenswuerdigkeiten\/laufarija-aus-cerkno\/#breadcrumb\",\"itemListElement\":[{\"@type\":\"ListItem\",\"position\":1,\"name\":\"Home\",\"item\":\"https:\/\/kmetijazrazgledom.si\/de\/\"},{\"@type\":\"ListItem\",\"position\":2,\"name\":\"Natursch\u00f6nheiten und kulturelle Sehensw\u00fcrdigkeiten\",\"item\":\"https:\/\/kmetijazrazgledom.si\/de\/naturschoenheiten-und-kulturelle-sehenswuerdigkeiten\/?lang=de\"},{\"@type\":\"ListItem\",\"position\":3,\"name\":\"LAUFARIJA AUS CERKNO\"}]},{\"@type\":\"WebSite\",\"@id\":\"https:\/\/kmetijazrazgledom.si\/#website\",\"url\":\"https:\/\/kmetijazrazgledom.si\/\",\"name\":\"Kmetija z razgledom\",\"description\":\"\",\"potentialAction\":[{\"@type\":\"SearchAction\",\"target\":{\"@type\":\"EntryPoint\",\"urlTemplate\":\"https:\/\/kmetijazrazgledom.si\/?s={search_term_string}\"},\"query-input\":\"required name=search_term_string\"}],\"inLanguage\":\"de\"}]}<\/script>\n<!-- \/ Yoast SEO plugin. -->","yoast_head_json":{"title":"LAUFARIJA AUS CERKNO &#8212; Kmetija z razgledom","description":"\u201eLaufarija\u201c ist eine Faschingstradition in Cerkno, die aus der Zeit des Heidentums stammt und \u00fcber die m\u00fcndliche Volks\u00fcberlieferung erhalten wurde.","robots":{"index":"index","follow":"follow","max-snippet":"max-snippet:-1","max-image-preview":"max-image-preview:large","max-video-preview":"max-video-preview:-1"},"canonical":"https:\/\/kmetijazrazgledom.si\/de\/naturschoenheiten-und-kulturelle-sehenswuerdigkeiten\/laufarija-aus-cerkno\/","og_locale":"de_DE","og_type":"article","og_title":"LAUFARIJA AUS CERKNO &#8212; Kmetija z razgledom","og_description":"\u201eLaufarija\u201c ist eine Faschingstradition in Cerkno, die aus der Zeit des Heidentums stammt und \u00fcber die m\u00fcndliche Volks\u00fcberlieferung erhalten wurde.","og_url":"https:\/\/kmetijazrazgledom.si\/de\/naturschoenheiten-und-kulturelle-sehenswuerdigkeiten\/laufarija-aus-cerkno\/","og_site_name":"Kmetija z razgledom","article_modified_time":"2022-01-31T17:51:44+00:00","twitter_card":"summary_large_image","twitter_misc":{"Gesch\u00e4tzte Lesezeit":"2\u00a0Minuten"},"schema":{"@context":"https:\/\/schema.org","@graph":[{"@type":"WebPage","@id":"https:\/\/kmetijazrazgledom.si\/de\/naturschoenheiten-und-kulturelle-sehenswuerdigkeiten\/laufarija-aus-cerkno\/","url":"https:\/\/kmetijazrazgledom.si\/de\/naturschoenheiten-und-kulturelle-sehenswuerdigkeiten\/laufarija-aus-cerkno\/","name":"LAUFARIJA AUS CERKNO &#8212; Kmetija z razgledom","isPartOf":{"@id":"https:\/\/kmetijazrazgledom.si\/#website"},"datePublished":"2019-11-04T13:36:45+00:00","dateModified":"2022-01-31T17:51:44+00:00","description":"\u201eLaufarija\u201c ist eine Faschingstradition in Cerkno, die aus der Zeit des Heidentums stammt und \u00fcber die m\u00fcndliche Volks\u00fcberlieferung erhalten wurde.","breadcrumb":{"@id":"https:\/\/kmetijazrazgledom.si\/de\/naturschoenheiten-und-kulturelle-sehenswuerdigkeiten\/laufarija-aus-cerkno\/#breadcrumb"},"inLanguage":"de","potentialAction":[{"@type":"ReadAction","target":["https:\/\/kmetijazrazgledom.si\/de\/naturschoenheiten-und-kulturelle-sehenswuerdigkeiten\/laufarija-aus-cerkno\/"]}]},{"@type":"BreadcrumbList","@id":"https:\/\/kmetijazrazgledom.si\/de\/naturschoenheiten-und-kulturelle-sehenswuerdigkeiten\/laufarija-aus-cerkno\/#breadcrumb","itemListElement":[{"@type":"ListItem","position":1,"name":"Home","item":"https:\/\/kmetijazrazgledom.si\/de\/"},{"@type":"ListItem","position":2,"name":"Natursch\u00f6nheiten und kulturelle Sehensw\u00fcrdigkeiten","item":"https:\/\/kmetijazrazgledom.si\/de\/naturschoenheiten-und-kulturelle-sehenswuerdigkeiten\/?lang=de"},{"@type":"ListItem","position":3,"name":"LAUFARIJA AUS CERKNO"}]},{"@type":"WebSite","@id":"https:\/\/kmetijazrazgledom.si\/#website","url":"https:\/\/kmetijazrazgledom.si\/","name":"Kmetija z razgledom","description":"","potentialAction":[{"@type":"SearchAction","target":{"@type":"EntryPoint","urlTemplate":"https:\/\/kmetijazrazgledom.si\/?s={search_term_string}"},"query-input":"required name=search_term_string"}],"inLanguage":"de"}]}},"_links":{"self":[{"href":"https:\/\/kmetijazrazgledom.si\/de\/wp-json\/wp\/v2\/pages\/1456"}],"collection":[{"href":"https:\/\/kmetijazrazgledom.si\/de\/wp-json\/wp\/v2\/pages"}],"about":[{"href":"https:\/\/kmetijazrazgledom.si\/de\/wp-json\/wp\/v2\/types\/page"}],"author":[{"embeddable":true,"href":"https:\/\/kmetijazrazgledom.si\/de\/wp-json\/wp\/v2\/users\/1"}],"replies":[{"embeddable":true,"href":"https:\/\/kmetijazrazgledom.si\/de\/wp-json\/wp\/v2\/comments?post=1456"}],"version-history":[{"count":7,"href":"https:\/\/kmetijazrazgledom.si\/de\/wp-json\/wp\/v2\/pages\/1456\/revisions"}],"predecessor-version":[{"id":1465,"href":"https:\/\/kmetijazrazgledom.si\/de\/wp-json\/wp\/v2\/pages\/1456\/revisions\/1465"}],"up":[{"embeddable":true,"href":"https:\/\/kmetijazrazgledom.si\/de\/wp-json\/wp\/v2\/pages\/1423"}],"wp:attachment":[{"href":"https:\/\/kmetijazrazgledom.si\/de\/wp-json\/wp\/v2\/media?parent=1456"}],"curies":[{"name":"wp","href":"https:\/\/api.w.org\/{rel}","templated":true}]}}