{"id":1466,"date":"2019-11-04T14:39:38","date_gmt":"2019-11-04T14:39:38","guid":{"rendered":"https:\/\/kmetijazrazgledom.si\/?page_id=1466"},"modified":"2022-01-31T17:54:45","modified_gmt":"2022-01-31T17:54:45","slug":"cerkno-museum","status":"publish","type":"page","link":"https:\/\/kmetijazrazgledom.si\/de\/naturschoenheiten-und-kulturelle-sehenswuerdigkeiten\/cerkno-museum\/","title":{"rendered":"CERKNO MUSEUM"},"content":{"rendered":"<p>[et_pb_section fb_built=&#8220;1&#8243; fullwidth=&#8220;on&#8220; _builder_version=&#8220;3.29.3&#8243; global_colors_info=&#8220;{}&#8220;][et_pb_fullwidth_header _builder_version=&#8220;3.29.3&#8243; background_image=&#8220;https:\/\/kmetijazrazgledom.si\/wp-content\/uploads\/2019\/10\/KmetijaNaCendovs_CerkljanskiMuzej.jpg&#8220; height=&#8220;350px&#8220; global_colors_info=&#8220;{}&#8220;][\/et_pb_fullwidth_header][\/et_pb_section][et_pb_section fb_built=&#8220;1&#8243; admin_label=&#8220;section&#8220; _builder_version=&#8220;3.22&#8243; global_colors_info=&#8220;{}&#8220;][et_pb_row admin_label=&#8220;row&#8220; _builder_version=&#8220;3.25&#8243; background_size=&#8220;initial&#8220; background_position=&#8220;top_left&#8220; background_repeat=&#8220;repeat&#8220; global_colors_info=&#8220;{}&#8220;][et_pb_column type=&#8220;4_4&#8243; _builder_version=&#8220;3.25&#8243; custom_padding=&#8220;|||&#8220; global_colors_info=&#8220;{}&#8220; custom_padding__hover=&#8220;|||&#8220;][et_pb_post_title meta=&#8220;off&#8220; featured_image=&#8220;off&#8220; _builder_version=&#8220;3.29.3&#8243; global_colors_info=&#8220;{}&#8220;][\/et_pb_post_title][\/et_pb_column][\/et_pb_row][et_pb_row column_structure=&#8220;3_5,2_5&#8243; admin_label=&#8220;row&#8220; _builder_version=&#8220;3.25&#8243; background_size=&#8220;initial&#8220; background_position=&#8220;top_left&#8220; background_repeat=&#8220;repeat&#8220; global_colors_info=&#8220;{}&#8220;][et_pb_column type=&#8220;3_5&#8243; _builder_version=&#8220;3.25&#8243; custom_padding=&#8220;|||&#8220; global_colors_info=&#8220;{}&#8220; custom_padding__hover=&#8220;|||&#8220;][et_pb_text _builder_version=&#8220;3.29.3&#8243; global_colors_info=&#8220;{}&#8220;]Das Cerkno Museum zeigt mit seiner Sammlungen, Ausstellungen und anderen T\u00e4tigkeiten, die Geschichte von Cerkno mit seiner Umgebung. Das Museum liegt im Geb\u00e4ude des ehemaligen Gerichtes von Cerkno. Es wurde 1978 als Teil der NOB Abteilung des Idrija Stadtmuseums er\u00f6ffnet.<\/p>\n<p>Im Museum befinden sich, neben Gastausstellungen und anderen Events, zwei Dauerausstellungen: Cerkljanska skozi stoletje und Pust je kriv! Pripoved o cerkljanskih laufarjih.<\/p>\n<p><strong><a href=\"http:\/\/www.muzej-idrija-cerkno.si\/index.php\/sl\/lokacijerazstave\/stalne-razstave\/cerkljanski-muzej.html\" target=\"_blank\" rel=\"noopener noreferrer\">www.muzej-idrija-cerkno.si\/cerkljanski-muzej<\/a><\/strong>[\/et_pb_text][\/et_pb_column][et_pb_column type=&#8220;2_5&#8243; _builder_version=&#8220;3.25&#8243; custom_padding=&#8220;|||&#8220; global_colors_info=&#8220;{}&#8220; custom_padding__hover=&#8220;|||&#8220;][et_pb_testimonial _builder_version=&#8220;3.29.3&#8243; body_font=&#8220;||on||||||&#8220; body_font_size=&#8220;23px&#8220; global_colors_info=&#8220;{}&#8220;]Das Cerkno Museum zeigt mit seiner Sammlungen, Ausstellungen und anderen T\u00e4tigkeiten, die Geschichte von Cerkno mit seiner Umgebung. [\/et_pb_testimonial][\/et_pb_column][\/et_pb_row][\/et_pb_section]<\/p>\n","protected":false},"excerpt":{"rendered":"<p>Das Cerkno Museum zeigt mit seiner Sammlungen, Ausstellungen und anderen T\u00e4tigkeiten, die Geschichte von Cerkno mit seiner Umgebung. Das Museum liegt im Geb\u00e4ude des ehemaligen Gerichtes von Cerkno. Es wurde 1978 als Teil der NOB Abteilung des Idrija Stadtmuseums er\u00f6ffnet. Im Museum befinden sich, neben Gastausstellungen und anderen Events, zwei Dauerausstellungen: Cerkljanska skozi stoletje und [&hellip;]<\/p>\n","protected":false},"author":1,"featured_media":0,"parent":1423,"menu_order":0,"comment_status":"closed","ping_status":"closed","template":"","meta":{"_et_pb_use_builder":"on","_et_pb_old_content":"","_et_gb_content_width":"","_monsterinsights_skip_tracking":false,"_monsterinsights_sitenote_active":false,"_monsterinsights_sitenote_note":"","_monsterinsights_sitenote_category":0,"footnotes":""},"yoast_head":"<!-- This site is optimized with the Yoast SEO plugin v21.5 - https:\/\/yoast.com\/wordpress\/plugins\/seo\/ -->\n<title>CERKNO MUSEUM &#8212; Kmetija z razgledom<\/title>\n<meta name=\"description\" content=\"Das Cerkno Museum zeigt mit seiner Sammlungen, Ausstellungen und anderen T\u00e4tigkeiten, die Geschichte von Cerkno mit seiner Umgebung.\" \/>\n<meta name=\"robots\" content=\"index, follow, max-snippet:-1, max-image-preview:large, max-video-preview:-1\" \/>\n<link rel=\"canonical\" href=\"https:\/\/kmetijazrazgledom.si\/de\/naturschoenheiten-und-kulturelle-sehenswuerdigkeiten\/cerkno-museum\/\" \/>\n<meta property=\"og:locale\" content=\"de_DE\" \/>\n<meta property=\"og:type\" content=\"article\" \/>\n<meta property=\"og:title\" content=\"CERKNO MUSEUM &#8212; Kmetija z razgledom\" \/>\n<meta property=\"og:description\" content=\"Das Cerkno Museum zeigt mit seiner Sammlungen, Ausstellungen und anderen T\u00e4tigkeiten, die Geschichte von Cerkno mit seiner Umgebung.\" \/>\n<meta property=\"og:url\" content=\"https:\/\/kmetijazrazgledom.si\/de\/naturschoenheiten-und-kulturelle-sehenswuerdigkeiten\/cerkno-museum\/\" \/>\n<meta property=\"og:site_name\" content=\"Kmetija z razgledom\" \/>\n<meta property=\"article:modified_time\" content=\"2022-01-31T17:54:45+00:00\" \/>\n<meta name=\"twitter:card\" content=\"summary_large_image\" \/>\n<meta name=\"twitter:label1\" content=\"Gesch\u00e4tzte Lesezeit\" \/>\n\t<meta name=\"twitter:data1\" content=\"1\u00a0Minute\" \/>\n<script type=\"application\/ld+json\" class=\"yoast-schema-graph\">{\"@context\":\"https:\/\/schema.org\",\"@graph\":[{\"@type\":\"WebPage\",\"@id\":\"https:\/\/kmetijazrazgledom.si\/de\/naturschoenheiten-und-kulturelle-sehenswuerdigkeiten\/cerkno-museum\/\",\"url\":\"https:\/\/kmetijazrazgledom.si\/de\/naturschoenheiten-und-kulturelle-sehenswuerdigkeiten\/cerkno-museum\/\",\"name\":\"CERKNO MUSEUM &#8212; Kmetija z razgledom\",\"isPartOf\":{\"@id\":\"https:\/\/kmetijazrazgledom.si\/#website\"},\"datePublished\":\"2019-11-04T14:39:38+00:00\",\"dateModified\":\"2022-01-31T17:54:45+00:00\",\"description\":\"Das Cerkno Museum zeigt mit seiner Sammlungen, Ausstellungen und anderen T\u00e4tigkeiten, die Geschichte von Cerkno mit seiner Umgebung.\",\"breadcrumb\":{\"@id\":\"https:\/\/kmetijazrazgledom.si\/de\/naturschoenheiten-und-kulturelle-sehenswuerdigkeiten\/cerkno-museum\/#breadcrumb\"},\"inLanguage\":\"de\",\"potentialAction\":[{\"@type\":\"ReadAction\",\"target\":[\"https:\/\/kmetijazrazgledom.si\/de\/naturschoenheiten-und-kulturelle-sehenswuerdigkeiten\/cerkno-museum\/\"]}]},{\"@type\":\"BreadcrumbList\",\"@id\":\"https:\/\/kmetijazrazgledom.si\/de\/naturschoenheiten-und-kulturelle-sehenswuerdigkeiten\/cerkno-museum\/#breadcrumb\",\"itemListElement\":[{\"@type\":\"ListItem\",\"position\":1,\"name\":\"Home\",\"item\":\"https:\/\/kmetijazrazgledom.si\/de\/\"},{\"@type\":\"ListItem\",\"position\":2,\"name\":\"Natursch\u00f6nheiten und kulturelle Sehensw\u00fcrdigkeiten\",\"item\":\"https:\/\/kmetijazrazgledom.si\/de\/naturschoenheiten-und-kulturelle-sehenswuerdigkeiten\/?lang=de\"},{\"@type\":\"ListItem\",\"position\":3,\"name\":\"CERKNO MUSEUM\"}]},{\"@type\":\"WebSite\",\"@id\":\"https:\/\/kmetijazrazgledom.si\/#website\",\"url\":\"https:\/\/kmetijazrazgledom.si\/\",\"name\":\"Kmetija z razgledom\",\"description\":\"\",\"potentialAction\":[{\"@type\":\"SearchAction\",\"target\":{\"@type\":\"EntryPoint\",\"urlTemplate\":\"https:\/\/kmetijazrazgledom.si\/?s={search_term_string}\"},\"query-input\":\"required name=search_term_string\"}],\"inLanguage\":\"de\"}]}<\/script>\n<!-- \/ Yoast SEO plugin. -->","yoast_head_json":{"title":"CERKNO MUSEUM &#8212; Kmetija z razgledom","description":"Das Cerkno Museum zeigt mit seiner Sammlungen, Ausstellungen und anderen T\u00e4tigkeiten, die Geschichte von Cerkno mit seiner Umgebung.","robots":{"index":"index","follow":"follow","max-snippet":"max-snippet:-1","max-image-preview":"max-image-preview:large","max-video-preview":"max-video-preview:-1"},"canonical":"https:\/\/kmetijazrazgledom.si\/de\/naturschoenheiten-und-kulturelle-sehenswuerdigkeiten\/cerkno-museum\/","og_locale":"de_DE","og_type":"article","og_title":"CERKNO MUSEUM &#8212; Kmetija z razgledom","og_description":"Das Cerkno Museum zeigt mit seiner Sammlungen, Ausstellungen und anderen T\u00e4tigkeiten, die Geschichte von Cerkno mit seiner Umgebung.","og_url":"https:\/\/kmetijazrazgledom.si\/de\/naturschoenheiten-und-kulturelle-sehenswuerdigkeiten\/cerkno-museum\/","og_site_name":"Kmetija z razgledom","article_modified_time":"2022-01-31T17:54:45+00:00","twitter_card":"summary_large_image","twitter_misc":{"Gesch\u00e4tzte Lesezeit":"1\u00a0Minute"},"schema":{"@context":"https:\/\/schema.org","@graph":[{"@type":"WebPage","@id":"https:\/\/kmetijazrazgledom.si\/de\/naturschoenheiten-und-kulturelle-sehenswuerdigkeiten\/cerkno-museum\/","url":"https:\/\/kmetijazrazgledom.si\/de\/naturschoenheiten-und-kulturelle-sehenswuerdigkeiten\/cerkno-museum\/","name":"CERKNO MUSEUM &#8212; Kmetija z razgledom","isPartOf":{"@id":"https:\/\/kmetijazrazgledom.si\/#website"},"datePublished":"2019-11-04T14:39:38+00:00","dateModified":"2022-01-31T17:54:45+00:00","description":"Das Cerkno Museum zeigt mit seiner Sammlungen, Ausstellungen und anderen T\u00e4tigkeiten, die Geschichte von Cerkno mit seiner Umgebung.","breadcrumb":{"@id":"https:\/\/kmetijazrazgledom.si\/de\/naturschoenheiten-und-kulturelle-sehenswuerdigkeiten\/cerkno-museum\/#breadcrumb"},"inLanguage":"de","potentialAction":[{"@type":"ReadAction","target":["https:\/\/kmetijazrazgledom.si\/de\/naturschoenheiten-und-kulturelle-sehenswuerdigkeiten\/cerkno-museum\/"]}]},{"@type":"BreadcrumbList","@id":"https:\/\/kmetijazrazgledom.si\/de\/naturschoenheiten-und-kulturelle-sehenswuerdigkeiten\/cerkno-museum\/#breadcrumb","itemListElement":[{"@type":"ListItem","position":1,"name":"Home","item":"https:\/\/kmetijazrazgledom.si\/de\/"},{"@type":"ListItem","position":2,"name":"Natursch\u00f6nheiten und kulturelle Sehensw\u00fcrdigkeiten","item":"https:\/\/kmetijazrazgledom.si\/de\/naturschoenheiten-und-kulturelle-sehenswuerdigkeiten\/?lang=de"},{"@type":"ListItem","position":3,"name":"CERKNO MUSEUM"}]},{"@type":"WebSite","@id":"https:\/\/kmetijazrazgledom.si\/#website","url":"https:\/\/kmetijazrazgledom.si\/","name":"Kmetija z razgledom","description":"","potentialAction":[{"@type":"SearchAction","target":{"@type":"EntryPoint","urlTemplate":"https:\/\/kmetijazrazgledom.si\/?s={search_term_string}"},"query-input":"required name=search_term_string"}],"inLanguage":"de"}]}},"_links":{"self":[{"href":"https:\/\/kmetijazrazgledom.si\/de\/wp-json\/wp\/v2\/pages\/1466"}],"collection":[{"href":"https:\/\/kmetijazrazgledom.si\/de\/wp-json\/wp\/v2\/pages"}],"about":[{"href":"https:\/\/kmetijazrazgledom.si\/de\/wp-json\/wp\/v2\/types\/page"}],"author":[{"embeddable":true,"href":"https:\/\/kmetijazrazgledom.si\/de\/wp-json\/wp\/v2\/users\/1"}],"replies":[{"embeddable":true,"href":"https:\/\/kmetijazrazgledom.si\/de\/wp-json\/wp\/v2\/comments?post=1466"}],"version-history":[{"count":8,"href":"https:\/\/kmetijazrazgledom.si\/de\/wp-json\/wp\/v2\/pages\/1466\/revisions"}],"predecessor-version":[{"id":2865,"href":"https:\/\/kmetijazrazgledom.si\/de\/wp-json\/wp\/v2\/pages\/1466\/revisions\/2865"}],"up":[{"embeddable":true,"href":"https:\/\/kmetijazrazgledom.si\/de\/wp-json\/wp\/v2\/pages\/1423"}],"wp:attachment":[{"href":"https:\/\/kmetijazrazgledom.si\/de\/wp-json\/wp\/v2\/media?parent=1466"}],"curies":[{"name":"wp","href":"https:\/\/api.w.org\/{rel}","templated":true}]}}