{"id":1475,"date":"2019-11-04T14:49:24","date_gmt":"2019-11-04T14:49:24","guid":{"rendered":"https:\/\/kmetijazrazgledom.si\/?page_id=1475"},"modified":"2022-01-31T17:54:14","modified_gmt":"2022-01-31T17:54:14","slug":"der-see-divje-jezero","status":"publish","type":"page","link":"https:\/\/kmetijazrazgledom.si\/de\/naturschoenheiten-und-kulturelle-sehenswuerdigkeiten\/der-see-divje-jezero\/","title":{"rendered":"DER SEE DIVJE JEZERO"},"content":{"rendered":"<p>[et_pb_section fb_built=&#8220;1&#8243; fullwidth=&#8220;on&#8220; _builder_version=&#8220;3.29.3&#8243; global_colors_info=&#8220;{}&#8220;][et_pb_fullwidth_header _builder_version=&#8220;3.29.3&#8243; background_image=&#8220;https:\/\/kmetijazrazgledom.si\/wp-content\/uploads\/2019\/10\/KmetijaNaCendovs_DivjeJezero.jpg&#8220; height=&#8220;350px&#8220; global_colors_info=&#8220;{}&#8220;][\/et_pb_fullwidth_header][\/et_pb_section][et_pb_section fb_built=&#8220;1&#8243; admin_label=&#8220;section&#8220; _builder_version=&#8220;3.22&#8243; global_colors_info=&#8220;{}&#8220;][et_pb_row admin_label=&#8220;row&#8220; _builder_version=&#8220;3.25&#8243; background_size=&#8220;initial&#8220; background_position=&#8220;top_left&#8220; background_repeat=&#8220;repeat&#8220; global_colors_info=&#8220;{}&#8220;][et_pb_column type=&#8220;4_4&#8243; _builder_version=&#8220;3.25&#8243; custom_padding=&#8220;|||&#8220; global_colors_info=&#8220;{}&#8220; custom_padding__hover=&#8220;|||&#8220;][et_pb_post_title meta=&#8220;off&#8220; featured_image=&#8220;off&#8220; _builder_version=&#8220;3.29.3&#8243; global_colors_info=&#8220;{}&#8220;][\/et_pb_post_title][\/et_pb_column][\/et_pb_row][et_pb_row column_structure=&#8220;3_5,2_5&#8243; admin_label=&#8220;row&#8220; _builder_version=&#8220;3.25&#8243; background_size=&#8220;initial&#8220; background_position=&#8220;top_left&#8220; background_repeat=&#8220;repeat&#8220; global_colors_info=&#8220;{}&#8220;][et_pb_column type=&#8220;3_5&#8243; _builder_version=&#8220;3.25&#8243; custom_padding=&#8220;|||&#8220; global_colors_info=&#8220;{}&#8220; custom_padding__hover=&#8220;|||&#8220;][et_pb_text _builder_version=&#8220;3.29.3&#8243; global_colors_info=&#8220;{}&#8220;]<\/p>\n<p>Der mysteri\u00f6se Karstsee Divje jezero geh\u00f6rt zu den sch\u00f6nsten Naturerben Sloweniens. Der See befindet sich unter schroffen W\u00e4nden des Bergfu\u00dfes am n\u00f6rdlichen Rand des Hochlands \u010crnovr\u0161ka planota und ist eng mit der unterirdischen Wasserwelt verbunden. Die bisherigen Forschungen haben best\u00e4tigt, dass es um eine Quelle des Typen \u201eVaucluse\u201c handelt. Taucher haben den Schacht unter dem See schon 180 m in die Tiefe erforscht.<\/p>\n<p>Der smaragdgr\u00fcne See ist meist idyllisch und behaglich, bei starkem Regen aber speit aus ihm sehr viel Wasser, das sich im Hochland \u010crnovr\u0161ka planota und der Karstwelt unter dem Gipfel Javornik sammelt.<\/p>\n<p>Vom See flie\u00dft der k\u00fcrzeste slowenische Fluss Jezernica (55 m), der bei Regen sogar einen st\u00e4rkeren Durchfluss als der Fluss Idrijca haben kann.<br \/>Der See mit seiner Umgebung prahlt mit sehr reicher Flora und Fauna. Im See leben Seeforellen und in den H\u00f6hlen findet man viele kleine H\u00f6hlentiere, sogar der Proteus.<br \/>In den Felsritzen und auf den kleinen Felsb\u00e4ndern \u00fcber dem See w\u00e4chst die Krainer Primel (Primula carnolica), eine einheimische Pflanze, wessen violette Bl\u00fcten sich in der zweiten H\u00e4lfte von April \u00f6ffnen. Auf den Felsen w\u00e4chst auch das Krainer Tollkraut (Scopolia carnolica) und andere Sorten von Farne.<\/p>\n<p>[\/et_pb_text][\/et_pb_column][et_pb_column type=&#8220;2_5&#8243; _builder_version=&#8220;3.25&#8243; custom_padding=&#8220;|||&#8220; global_colors_info=&#8220;{}&#8220; custom_padding__hover=&#8220;|||&#8220;][et_pb_testimonial _builder_version=&#8220;3.29.3&#8243; body_font=&#8220;||on||||||&#8220; body_font_size=&#8220;23px&#8220; global_colors_info=&#8220;{}&#8220;]Der mysteri\u00f6se Karstsee Divje jezero geh\u00f6rt zu den sch\u00f6nsten Naturerben Sloweniens. [\/et_pb_testimonial][\/et_pb_column][\/et_pb_row][\/et_pb_section]<\/p>\n","protected":false},"excerpt":{"rendered":"<p>Der mysteri\u00f6se Karstsee Divje jezero geh\u00f6rt zu den sch\u00f6nsten Naturerben Sloweniens. Der See befindet sich unter schroffen W\u00e4nden des Bergfu\u00dfes am n\u00f6rdlichen Rand des Hochlands \u010crnovr\u0161ka planota und ist eng mit der unterirdischen Wasserwelt verbunden. Die bisherigen Forschungen haben best\u00e4tigt, dass es um eine Quelle des Typen \u201eVaucluse\u201c handelt. Taucher haben den Schacht unter dem [&hellip;]<\/p>\n","protected":false},"author":1,"featured_media":0,"parent":1423,"menu_order":0,"comment_status":"closed","ping_status":"closed","template":"","meta":{"_et_pb_use_builder":"on","_et_pb_old_content":"","_et_gb_content_width":"","_monsterinsights_skip_tracking":false,"_monsterinsights_sitenote_active":false,"_monsterinsights_sitenote_note":"","_monsterinsights_sitenote_category":0,"footnotes":""},"yoast_head":"<!-- This site is optimized with the Yoast SEO plugin v21.5 - https:\/\/yoast.com\/wordpress\/plugins\/seo\/ -->\n<title>DER SEE DIVJE JEZERO &#8212; Kmetija z razgledom<\/title>\n<meta name=\"description\" content=\"Der mysteri\u00f6se Karstsee Divje jezero geh\u00f6rt zu den sch\u00f6nsten Naturerben Sloweniens.\" \/>\n<meta name=\"robots\" content=\"index, follow, max-snippet:-1, max-image-preview:large, max-video-preview:-1\" \/>\n<link rel=\"canonical\" href=\"https:\/\/kmetijazrazgledom.si\/de\/naturschoenheiten-und-kulturelle-sehenswuerdigkeiten\/der-see-divje-jezero\/\" \/>\n<meta property=\"og:locale\" content=\"de_DE\" \/>\n<meta property=\"og:type\" content=\"article\" \/>\n<meta property=\"og:title\" content=\"DER SEE DIVJE JEZERO &#8212; Kmetija z razgledom\" \/>\n<meta property=\"og:description\" content=\"Der mysteri\u00f6se Karstsee Divje jezero geh\u00f6rt zu den sch\u00f6nsten Naturerben Sloweniens.\" \/>\n<meta property=\"og:url\" content=\"https:\/\/kmetijazrazgledom.si\/de\/naturschoenheiten-und-kulturelle-sehenswuerdigkeiten\/der-see-divje-jezero\/\" \/>\n<meta property=\"og:site_name\" content=\"Kmetija z razgledom\" \/>\n<meta property=\"article:modified_time\" content=\"2022-01-31T17:54:14+00:00\" \/>\n<meta name=\"twitter:card\" content=\"summary_large_image\" \/>\n<meta name=\"twitter:label1\" content=\"Gesch\u00e4tzte Lesezeit\" \/>\n\t<meta name=\"twitter:data1\" content=\"2\u00a0Minuten\" \/>\n<script type=\"application\/ld+json\" class=\"yoast-schema-graph\">{\"@context\":\"https:\/\/schema.org\",\"@graph\":[{\"@type\":\"WebPage\",\"@id\":\"https:\/\/kmetijazrazgledom.si\/de\/naturschoenheiten-und-kulturelle-sehenswuerdigkeiten\/der-see-divje-jezero\/\",\"url\":\"https:\/\/kmetijazrazgledom.si\/de\/naturschoenheiten-und-kulturelle-sehenswuerdigkeiten\/der-see-divje-jezero\/\",\"name\":\"DER SEE DIVJE JEZERO &#8212; Kmetija z razgledom\",\"isPartOf\":{\"@id\":\"https:\/\/kmetijazrazgledom.si\/#website\"},\"datePublished\":\"2019-11-04T14:49:24+00:00\",\"dateModified\":\"2022-01-31T17:54:14+00:00\",\"description\":\"Der mysteri\u00f6se Karstsee Divje jezero geh\u00f6rt zu den sch\u00f6nsten Naturerben Sloweniens.\",\"breadcrumb\":{\"@id\":\"https:\/\/kmetijazrazgledom.si\/de\/naturschoenheiten-und-kulturelle-sehenswuerdigkeiten\/der-see-divje-jezero\/#breadcrumb\"},\"inLanguage\":\"de\",\"potentialAction\":[{\"@type\":\"ReadAction\",\"target\":[\"https:\/\/kmetijazrazgledom.si\/de\/naturschoenheiten-und-kulturelle-sehenswuerdigkeiten\/der-see-divje-jezero\/\"]}]},{\"@type\":\"BreadcrumbList\",\"@id\":\"https:\/\/kmetijazrazgledom.si\/de\/naturschoenheiten-und-kulturelle-sehenswuerdigkeiten\/der-see-divje-jezero\/#breadcrumb\",\"itemListElement\":[{\"@type\":\"ListItem\",\"position\":1,\"name\":\"Home\",\"item\":\"https:\/\/kmetijazrazgledom.si\/de\/\"},{\"@type\":\"ListItem\",\"position\":2,\"name\":\"Natursch\u00f6nheiten und kulturelle Sehensw\u00fcrdigkeiten\",\"item\":\"https:\/\/kmetijazrazgledom.si\/de\/naturschoenheiten-und-kulturelle-sehenswuerdigkeiten\/?lang=de\"},{\"@type\":\"ListItem\",\"position\":3,\"name\":\"DER SEE DIVJE JEZERO\"}]},{\"@type\":\"WebSite\",\"@id\":\"https:\/\/kmetijazrazgledom.si\/#website\",\"url\":\"https:\/\/kmetijazrazgledom.si\/\",\"name\":\"Kmetija z razgledom\",\"description\":\"\",\"potentialAction\":[{\"@type\":\"SearchAction\",\"target\":{\"@type\":\"EntryPoint\",\"urlTemplate\":\"https:\/\/kmetijazrazgledom.si\/?s={search_term_string}\"},\"query-input\":\"required name=search_term_string\"}],\"inLanguage\":\"de\"}]}<\/script>\n<!-- \/ Yoast SEO plugin. -->","yoast_head_json":{"title":"DER SEE DIVJE JEZERO &#8212; Kmetija z razgledom","description":"Der mysteri\u00f6se Karstsee Divje jezero geh\u00f6rt zu den sch\u00f6nsten Naturerben Sloweniens.","robots":{"index":"index","follow":"follow","max-snippet":"max-snippet:-1","max-image-preview":"max-image-preview:large","max-video-preview":"max-video-preview:-1"},"canonical":"https:\/\/kmetijazrazgledom.si\/de\/naturschoenheiten-und-kulturelle-sehenswuerdigkeiten\/der-see-divje-jezero\/","og_locale":"de_DE","og_type":"article","og_title":"DER SEE DIVJE JEZERO &#8212; Kmetija z razgledom","og_description":"Der mysteri\u00f6se Karstsee Divje jezero geh\u00f6rt zu den sch\u00f6nsten Naturerben Sloweniens.","og_url":"https:\/\/kmetijazrazgledom.si\/de\/naturschoenheiten-und-kulturelle-sehenswuerdigkeiten\/der-see-divje-jezero\/","og_site_name":"Kmetija z razgledom","article_modified_time":"2022-01-31T17:54:14+00:00","twitter_card":"summary_large_image","twitter_misc":{"Gesch\u00e4tzte Lesezeit":"2\u00a0Minuten"},"schema":{"@context":"https:\/\/schema.org","@graph":[{"@type":"WebPage","@id":"https:\/\/kmetijazrazgledom.si\/de\/naturschoenheiten-und-kulturelle-sehenswuerdigkeiten\/der-see-divje-jezero\/","url":"https:\/\/kmetijazrazgledom.si\/de\/naturschoenheiten-und-kulturelle-sehenswuerdigkeiten\/der-see-divje-jezero\/","name":"DER SEE DIVJE JEZERO &#8212; Kmetija z razgledom","isPartOf":{"@id":"https:\/\/kmetijazrazgledom.si\/#website"},"datePublished":"2019-11-04T14:49:24+00:00","dateModified":"2022-01-31T17:54:14+00:00","description":"Der mysteri\u00f6se Karstsee Divje jezero geh\u00f6rt zu den sch\u00f6nsten Naturerben Sloweniens.","breadcrumb":{"@id":"https:\/\/kmetijazrazgledom.si\/de\/naturschoenheiten-und-kulturelle-sehenswuerdigkeiten\/der-see-divje-jezero\/#breadcrumb"},"inLanguage":"de","potentialAction":[{"@type":"ReadAction","target":["https:\/\/kmetijazrazgledom.si\/de\/naturschoenheiten-und-kulturelle-sehenswuerdigkeiten\/der-see-divje-jezero\/"]}]},{"@type":"BreadcrumbList","@id":"https:\/\/kmetijazrazgledom.si\/de\/naturschoenheiten-und-kulturelle-sehenswuerdigkeiten\/der-see-divje-jezero\/#breadcrumb","itemListElement":[{"@type":"ListItem","position":1,"name":"Home","item":"https:\/\/kmetijazrazgledom.si\/de\/"},{"@type":"ListItem","position":2,"name":"Natursch\u00f6nheiten und kulturelle Sehensw\u00fcrdigkeiten","item":"https:\/\/kmetijazrazgledom.si\/de\/naturschoenheiten-und-kulturelle-sehenswuerdigkeiten\/?lang=de"},{"@type":"ListItem","position":3,"name":"DER SEE DIVJE JEZERO"}]},{"@type":"WebSite","@id":"https:\/\/kmetijazrazgledom.si\/#website","url":"https:\/\/kmetijazrazgledom.si\/","name":"Kmetija z razgledom","description":"","potentialAction":[{"@type":"SearchAction","target":{"@type":"EntryPoint","urlTemplate":"https:\/\/kmetijazrazgledom.si\/?s={search_term_string}"},"query-input":"required name=search_term_string"}],"inLanguage":"de"}]}},"_links":{"self":[{"href":"https:\/\/kmetijazrazgledom.si\/de\/wp-json\/wp\/v2\/pages\/1475"}],"collection":[{"href":"https:\/\/kmetijazrazgledom.si\/de\/wp-json\/wp\/v2\/pages"}],"about":[{"href":"https:\/\/kmetijazrazgledom.si\/de\/wp-json\/wp\/v2\/types\/page"}],"author":[{"embeddable":true,"href":"https:\/\/kmetijazrazgledom.si\/de\/wp-json\/wp\/v2\/users\/1"}],"replies":[{"embeddable":true,"href":"https:\/\/kmetijazrazgledom.si\/de\/wp-json\/wp\/v2\/comments?post=1475"}],"version-history":[{"count":7,"href":"https:\/\/kmetijazrazgledom.si\/de\/wp-json\/wp\/v2\/pages\/1475\/revisions"}],"predecessor-version":[{"id":2864,"href":"https:\/\/kmetijazrazgledom.si\/de\/wp-json\/wp\/v2\/pages\/1475\/revisions\/2864"}],"up":[{"embeddable":true,"href":"https:\/\/kmetijazrazgledom.si\/de\/wp-json\/wp\/v2\/pages\/1423"}],"wp:attachment":[{"href":"https:\/\/kmetijazrazgledom.si\/de\/wp-json\/wp\/v2\/media?parent=1475"}],"curies":[{"name":"wp","href":"https:\/\/api.w.org\/{rel}","templated":true}]}}