{"id":1492,"date":"2019-11-04T15:55:36","date_gmt":"2019-11-04T15:55:36","guid":{"rendered":"https:\/\/kmetijazrazgledom.si\/?page_id=1492"},"modified":"2022-01-31T18:00:28","modified_gmt":"2022-01-31T18:00:28","slug":"partisanenlazarett-franja-und-pasice-schlucht","status":"publish","type":"page","link":"https:\/\/kmetijazrazgledom.si\/de\/naturschoenheiten-und-kulturelle-sehenswuerdigkeiten\/partisanenlazarett-franja-und-pasice-schlucht\/","title":{"rendered":"PARTISANENLAZARETT FRANJA UND PASICE-SCHLUCHT"},"content":{"rendered":"<p>[et_pb_section fb_built=&#8220;1&#8243; fullwidth=&#8220;on&#8220; _builder_version=&#8220;3.29.3&#8243; global_colors_info=&#8220;{}&#8220;][et_pb_fullwidth_header _builder_version=&#8220;3.29.3&#8243; background_image=&#8220;https:\/\/kmetijazrazgledom.si\/wp-content\/uploads\/2019\/10\/KmetijaNaCendovs_BolnicaFranja.jpg&#8220; height=&#8220;350px&#8220; global_colors_info=&#8220;{}&#8220;][\/et_pb_fullwidth_header][\/et_pb_section][et_pb_section fb_built=&#8220;1&#8243; admin_label=&#8220;section&#8220; _builder_version=&#8220;3.22&#8243; global_colors_info=&#8220;{}&#8220;][et_pb_row admin_label=&#8220;row&#8220; _builder_version=&#8220;3.25&#8243; background_size=&#8220;initial&#8220; background_position=&#8220;top_left&#8220; background_repeat=&#8220;repeat&#8220; global_colors_info=&#8220;{}&#8220;][et_pb_column type=&#8220;4_4&#8243; _builder_version=&#8220;3.25&#8243; custom_padding=&#8220;|||&#8220; global_colors_info=&#8220;{}&#8220; custom_padding__hover=&#8220;|||&#8220;][et_pb_post_title meta=&#8220;off&#8220; featured_image=&#8220;off&#8220; _builder_version=&#8220;3.29.3&#8243; global_colors_info=&#8220;{}&#8220;][\/et_pb_post_title][\/et_pb_column][\/et_pb_row][et_pb_row column_structure=&#8220;3_5,2_5&#8243; admin_label=&#8220;row&#8220; _builder_version=&#8220;3.25&#8243; background_size=&#8220;initial&#8220; background_position=&#8220;top_left&#8220; background_repeat=&#8220;repeat&#8220; global_colors_info=&#8220;{}&#8220;][et_pb_column type=&#8220;3_5&#8243; _builder_version=&#8220;3.25&#8243; custom_padding=&#8220;|||&#8220; global_colors_info=&#8220;{}&#8220; custom_padding__hover=&#8220;|||&#8220;][et_pb_text _builder_version=&#8220;3.29.3&#8243; global_colors_info=&#8220;{}&#8220;]Das Partisanenlazarett Franja ist ein Symbol internationaler Hilfsbereitschaft und des Widerstands gegen Faschismus und Nazismus im Zweiten Weltkrieg.<br \/>\nDas Partisanenlazarett wurde zwischen 1943 und 1945 gebaut und besteht aus 14 Baracken und ein paar anderen Geb\u00e4uden. Es liegt in der schmalen, schwer erreichbaren Pasice-Schlucht, die vom Fluss \u010cerin\u0161\u010dica ausgeformt wurde.<\/p>\n<p>Dr. Franja Bojc Bidovec hat bald nach der Errichtung des Lazaretts die Stelle der Verwalterin \u00fcbernommen. Nach ihr wurde das Partisanenlazarett auch benannt.<br \/>\nMehr als 578 Schwerverletzte wurden hier versorgt, und 300 weitere Leichtverletzte in den \u00e4u\u00dferen Geb\u00e4uden des Partisanen-Krankenhauses. Der Weg zum Lazarett f\u00fchrte den Fluss \u010cerin\u0161\u010dica entlang. Den Verwundeten, die nachts ins Lazarett gebracht wurden, wurden die Augen vor dem Transport verbunden damit sie nicht verraten konnten, wo es liegt. Es war sehr gut versteckt und sein Verteidigungssystem war effektiv, da es der Feind nie gefunden hat.<\/p>\n<p>Das Denkmal wurde 2007 wegen einer Flutkatastrophe fast komplett zerst\u00f6rt, aber sp\u00e4ter gl\u00fccklicherweise komplett renoviert. Auf den alten Stellen der damaligen Baracken wurden Repliken aufgestellt und der Rest der Originalausstattung befindet sich im Museum von Cerkno.<br \/>\nDas Partisanenlazarett Franja ist ein wichtiges Kulturdenkmal Sloweniens, deshalb wurde es der UNESCO als UNESCO-Welterbe vorgeschlagen. Es tr\u00e4gt auch den Titel des europ\u00e4ischen Kulturerbens.<\/p>\n<p>Die Pasice-Bergschlucht in Dolenji Novaki, zwischen den H\u00fcgeln Mali Njiv\u010d und Veliki Njiv\u010d, wird vom \u010ceren\u0161\u010dica-Sturzbach gekennzeichnet. Auf seinem Weg sind viele Gumpen, Wasserf\u00e4lle und H\u00f6hlen entstanden. Diese typischen Karsterscheinungen tauchen im Kalkstein auf der Felssohle auf. Das Terrain dort ist ohne Hilfe praktisch unpassierbar. Bis zum Partisanenlazarett Franja, die inmitten der Bergschlucht liegt, f\u00fchrt ein steiler aber begehbarer Fu\u00dfweg mit kleinen Holzbr\u00fccken.<\/p>\n<p><strong><a href=\"http:\/\/www.muzej-idrija-cerkno.si\/index.php\/sl\/lokacijerazstave\/stalne-razstave\/partizanska-bolnica-franja.html\" target=\"_blank\" rel=\"noopener noreferrer\">www.muzej-idrija-cerkno.si\/partizanska-bolnica-franja<\/a><\/strong>[\/et_pb_text][\/et_pb_column][et_pb_column type=&#8220;2_5&#8243; _builder_version=&#8220;3.25&#8243; custom_padding=&#8220;|||&#8220; global_colors_info=&#8220;{}&#8220; custom_padding__hover=&#8220;|||&#8220;][et_pb_testimonial _builder_version=&#8220;3.29.3&#8243; body_font=&#8220;||on||||||&#8220; body_font_size=&#8220;23px&#8220; global_colors_info=&#8220;{}&#8220;]Das Partisanenlazarett Franja ist ein Symbol internationaler Hilfsbereitschaft und des Widerstands gegen Faschismus und Nazismus im Zweiten Weltkrieg.[\/et_pb_testimonial][\/et_pb_column][\/et_pb_row][\/et_pb_section]<\/p>\n","protected":false},"excerpt":{"rendered":"<p>Das Partisanenlazarett Franja ist ein Symbol internationaler Hilfsbereitschaft und des Widerstands gegen Faschismus und Nazismus im Zweiten Weltkrieg. Das Partisanenlazarett wurde zwischen 1943 und 1945 gebaut und besteht aus 14 Baracken und ein paar anderen Geb\u00e4uden. Es liegt in der schmalen, schwer erreichbaren Pasice-Schlucht, die vom Fluss \u010cerin\u0161\u010dica ausgeformt wurde. Dr. Franja Bojc Bidovec hat [&hellip;]<\/p>\n","protected":false},"author":1,"featured_media":0,"parent":1423,"menu_order":0,"comment_status":"closed","ping_status":"closed","template":"","meta":{"_et_pb_use_builder":"on","_et_pb_old_content":"","_et_gb_content_width":"","_monsterinsights_skip_tracking":false,"_monsterinsights_sitenote_active":false,"_monsterinsights_sitenote_note":"","_monsterinsights_sitenote_category":0,"footnotes":""},"yoast_head":"<!-- This site is optimized with the Yoast SEO plugin v21.5 - https:\/\/yoast.com\/wordpress\/plugins\/seo\/ -->\n<title>PARTISANENLAZARETT FRANJA UND PASICE-SCHLUCHT &#8212; Kmetija z razgledom<\/title>\n<meta name=\"description\" content=\"Das Partisanenlazarett Franja ist ein Symbol internationaler Hilfsbereitschaft und des Widerstands gegen Faschismus und Nazismus im Zweiten Weltkrieg.\" \/>\n<meta name=\"robots\" content=\"index, follow, max-snippet:-1, max-image-preview:large, max-video-preview:-1\" \/>\n<link rel=\"canonical\" href=\"https:\/\/kmetijazrazgledom.si\/de\/naturschoenheiten-und-kulturelle-sehenswuerdigkeiten\/partisanenlazarett-franja-und-pasice-schlucht\/\" \/>\n<meta property=\"og:locale\" content=\"de_DE\" \/>\n<meta property=\"og:type\" content=\"article\" \/>\n<meta property=\"og:title\" content=\"PARTISANENLAZARETT FRANJA UND PASICE-SCHLUCHT &#8212; Kmetija z razgledom\" \/>\n<meta property=\"og:description\" content=\"Das Partisanenlazarett Franja ist ein Symbol internationaler Hilfsbereitschaft und des Widerstands gegen Faschismus und Nazismus im Zweiten Weltkrieg.\" \/>\n<meta property=\"og:url\" content=\"https:\/\/kmetijazrazgledom.si\/de\/naturschoenheiten-und-kulturelle-sehenswuerdigkeiten\/partisanenlazarett-franja-und-pasice-schlucht\/\" \/>\n<meta property=\"og:site_name\" content=\"Kmetija z razgledom\" \/>\n<meta property=\"article:modified_time\" content=\"2022-01-31T18:00:28+00:00\" \/>\n<meta name=\"twitter:card\" content=\"summary_large_image\" \/>\n<meta name=\"twitter:label1\" content=\"Gesch\u00e4tzte Lesezeit\" \/>\n\t<meta name=\"twitter:data1\" content=\"3\u00a0Minuten\" \/>\n<script type=\"application\/ld+json\" class=\"yoast-schema-graph\">{\"@context\":\"https:\/\/schema.org\",\"@graph\":[{\"@type\":\"WebPage\",\"@id\":\"https:\/\/kmetijazrazgledom.si\/de\/naturschoenheiten-und-kulturelle-sehenswuerdigkeiten\/partisanenlazarett-franja-und-pasice-schlucht\/\",\"url\":\"https:\/\/kmetijazrazgledom.si\/de\/naturschoenheiten-und-kulturelle-sehenswuerdigkeiten\/partisanenlazarett-franja-und-pasice-schlucht\/\",\"name\":\"PARTISANENLAZARETT FRANJA UND PASICE-SCHLUCHT &#8212; Kmetija z razgledom\",\"isPartOf\":{\"@id\":\"https:\/\/kmetijazrazgledom.si\/#website\"},\"datePublished\":\"2019-11-04T15:55:36+00:00\",\"dateModified\":\"2022-01-31T18:00:28+00:00\",\"description\":\"Das Partisanenlazarett Franja ist ein Symbol internationaler Hilfsbereitschaft und des Widerstands gegen Faschismus und Nazismus im Zweiten Weltkrieg.\",\"breadcrumb\":{\"@id\":\"https:\/\/kmetijazrazgledom.si\/de\/naturschoenheiten-und-kulturelle-sehenswuerdigkeiten\/partisanenlazarett-franja-und-pasice-schlucht\/#breadcrumb\"},\"inLanguage\":\"de\",\"potentialAction\":[{\"@type\":\"ReadAction\",\"target\":[\"https:\/\/kmetijazrazgledom.si\/de\/naturschoenheiten-und-kulturelle-sehenswuerdigkeiten\/partisanenlazarett-franja-und-pasice-schlucht\/\"]}]},{\"@type\":\"BreadcrumbList\",\"@id\":\"https:\/\/kmetijazrazgledom.si\/de\/naturschoenheiten-und-kulturelle-sehenswuerdigkeiten\/partisanenlazarett-franja-und-pasice-schlucht\/#breadcrumb\",\"itemListElement\":[{\"@type\":\"ListItem\",\"position\":1,\"name\":\"Home\",\"item\":\"https:\/\/kmetijazrazgledom.si\/de\/\"},{\"@type\":\"ListItem\",\"position\":2,\"name\":\"Natursch\u00f6nheiten und kulturelle Sehensw\u00fcrdigkeiten\",\"item\":\"https:\/\/kmetijazrazgledom.si\/de\/naturschoenheiten-und-kulturelle-sehenswuerdigkeiten\/?lang=de\"},{\"@type\":\"ListItem\",\"position\":3,\"name\":\"PARTISANENLAZARETT FRANJA UND PASICE-SCHLUCHT\"}]},{\"@type\":\"WebSite\",\"@id\":\"https:\/\/kmetijazrazgledom.si\/#website\",\"url\":\"https:\/\/kmetijazrazgledom.si\/\",\"name\":\"Kmetija z razgledom\",\"description\":\"\",\"potentialAction\":[{\"@type\":\"SearchAction\",\"target\":{\"@type\":\"EntryPoint\",\"urlTemplate\":\"https:\/\/kmetijazrazgledom.si\/?s={search_term_string}\"},\"query-input\":\"required name=search_term_string\"}],\"inLanguage\":\"de\"}]}<\/script>\n<!-- \/ Yoast SEO plugin. -->","yoast_head_json":{"title":"PARTISANENLAZARETT FRANJA UND PASICE-SCHLUCHT &#8212; Kmetija z razgledom","description":"Das Partisanenlazarett Franja ist ein Symbol internationaler Hilfsbereitschaft und des Widerstands gegen Faschismus und Nazismus im Zweiten Weltkrieg.","robots":{"index":"index","follow":"follow","max-snippet":"max-snippet:-1","max-image-preview":"max-image-preview:large","max-video-preview":"max-video-preview:-1"},"canonical":"https:\/\/kmetijazrazgledom.si\/de\/naturschoenheiten-und-kulturelle-sehenswuerdigkeiten\/partisanenlazarett-franja-und-pasice-schlucht\/","og_locale":"de_DE","og_type":"article","og_title":"PARTISANENLAZARETT FRANJA UND PASICE-SCHLUCHT &#8212; Kmetija z razgledom","og_description":"Das Partisanenlazarett Franja ist ein Symbol internationaler Hilfsbereitschaft und des Widerstands gegen Faschismus und Nazismus im Zweiten Weltkrieg.","og_url":"https:\/\/kmetijazrazgledom.si\/de\/naturschoenheiten-und-kulturelle-sehenswuerdigkeiten\/partisanenlazarett-franja-und-pasice-schlucht\/","og_site_name":"Kmetija z razgledom","article_modified_time":"2022-01-31T18:00:28+00:00","twitter_card":"summary_large_image","twitter_misc":{"Gesch\u00e4tzte Lesezeit":"3\u00a0Minuten"},"schema":{"@context":"https:\/\/schema.org","@graph":[{"@type":"WebPage","@id":"https:\/\/kmetijazrazgledom.si\/de\/naturschoenheiten-und-kulturelle-sehenswuerdigkeiten\/partisanenlazarett-franja-und-pasice-schlucht\/","url":"https:\/\/kmetijazrazgledom.si\/de\/naturschoenheiten-und-kulturelle-sehenswuerdigkeiten\/partisanenlazarett-franja-und-pasice-schlucht\/","name":"PARTISANENLAZARETT FRANJA UND PASICE-SCHLUCHT &#8212; Kmetija z razgledom","isPartOf":{"@id":"https:\/\/kmetijazrazgledom.si\/#website"},"datePublished":"2019-11-04T15:55:36+00:00","dateModified":"2022-01-31T18:00:28+00:00","description":"Das Partisanenlazarett Franja ist ein Symbol internationaler Hilfsbereitschaft und des Widerstands gegen Faschismus und Nazismus im Zweiten Weltkrieg.","breadcrumb":{"@id":"https:\/\/kmetijazrazgledom.si\/de\/naturschoenheiten-und-kulturelle-sehenswuerdigkeiten\/partisanenlazarett-franja-und-pasice-schlucht\/#breadcrumb"},"inLanguage":"de","potentialAction":[{"@type":"ReadAction","target":["https:\/\/kmetijazrazgledom.si\/de\/naturschoenheiten-und-kulturelle-sehenswuerdigkeiten\/partisanenlazarett-franja-und-pasice-schlucht\/"]}]},{"@type":"BreadcrumbList","@id":"https:\/\/kmetijazrazgledom.si\/de\/naturschoenheiten-und-kulturelle-sehenswuerdigkeiten\/partisanenlazarett-franja-und-pasice-schlucht\/#breadcrumb","itemListElement":[{"@type":"ListItem","position":1,"name":"Home","item":"https:\/\/kmetijazrazgledom.si\/de\/"},{"@type":"ListItem","position":2,"name":"Natursch\u00f6nheiten und kulturelle Sehensw\u00fcrdigkeiten","item":"https:\/\/kmetijazrazgledom.si\/de\/naturschoenheiten-und-kulturelle-sehenswuerdigkeiten\/?lang=de"},{"@type":"ListItem","position":3,"name":"PARTISANENLAZARETT FRANJA UND PASICE-SCHLUCHT"}]},{"@type":"WebSite","@id":"https:\/\/kmetijazrazgledom.si\/#website","url":"https:\/\/kmetijazrazgledom.si\/","name":"Kmetija z razgledom","description":"","potentialAction":[{"@type":"SearchAction","target":{"@type":"EntryPoint","urlTemplate":"https:\/\/kmetijazrazgledom.si\/?s={search_term_string}"},"query-input":"required name=search_term_string"}],"inLanguage":"de"}]}},"_links":{"self":[{"href":"https:\/\/kmetijazrazgledom.si\/de\/wp-json\/wp\/v2\/pages\/1492"}],"collection":[{"href":"https:\/\/kmetijazrazgledom.si\/de\/wp-json\/wp\/v2\/pages"}],"about":[{"href":"https:\/\/kmetijazrazgledom.si\/de\/wp-json\/wp\/v2\/types\/page"}],"author":[{"embeddable":true,"href":"https:\/\/kmetijazrazgledom.si\/de\/wp-json\/wp\/v2\/users\/1"}],"replies":[{"embeddable":true,"href":"https:\/\/kmetijazrazgledom.si\/de\/wp-json\/wp\/v2\/comments?post=1492"}],"version-history":[{"count":6,"href":"https:\/\/kmetijazrazgledom.si\/de\/wp-json\/wp\/v2\/pages\/1492\/revisions"}],"predecessor-version":[{"id":2870,"href":"https:\/\/kmetijazrazgledom.si\/de\/wp-json\/wp\/v2\/pages\/1492\/revisions\/2870"}],"up":[{"embeddable":true,"href":"https:\/\/kmetijazrazgledom.si\/de\/wp-json\/wp\/v2\/pages\/1423"}],"wp:attachment":[{"href":"https:\/\/kmetijazrazgledom.si\/de\/wp-json\/wp\/v2\/media?parent=1492"}],"curies":[{"name":"wp","href":"https:\/\/api.w.org\/{rel}","templated":true}]}}