{"id":1512,"date":"2019-11-04T16:46:01","date_gmt":"2019-11-04T16:46:01","guid":{"rendered":"https:\/\/kmetijazrazgledom.si\/?page_id=1512"},"modified":"2022-01-31T17:45:36","modified_gmt":"2022-01-31T17:45:36","slug":"unterkunft","status":"publish","type":"page","link":"https:\/\/kmetijazrazgledom.si\/de\/unterkunft\/","title":{"rendered":"Unterkunft"},"content":{"rendered":"<p>[et_pb_section fb_built=&#8220;1&#8243; admin_label=&#8220;section&#8220; _builder_version=&#8220;3.22&#8243; global_colors_info=&#8220;{}&#8220;][et_pb_row admin_label=&#8220;row&#8220; _builder_version=&#8220;3.25&#8243; background_size=&#8220;initial&#8220; background_position=&#8220;top_left&#8220; background_repeat=&#8220;repeat&#8220; global_colors_info=&#8220;{}&#8220;][et_pb_column type=&#8220;4_4&#8243; _builder_version=&#8220;3.25&#8243; custom_padding=&#8220;|||&#8220; global_colors_info=&#8220;{}&#8220; custom_padding__hover=&#8220;|||&#8220;][et_pb_post_title meta=&#8220;off&#8220; featured_image=&#8220;off&#8220; admin_label=&#8220;Post Title&#8220; _builder_version=&#8220;3.29.3&#8243; global_colors_info=&#8220;{}&#8220;][\/et_pb_post_title][et_pb_text _builder_version=&#8220;3.29.3&#8243; global_colors_info=&#8220;{}&#8220;]Sie werden im Moment auf Ihre allt\u00e4glichen Sorgen vergessen wenn Sie einen Blick auf  unsere wundersch\u00f6ne Aussicht und die nahgelegenen Berge werfen. Spazierg\u00e4nge inmitten von bl\u00fchenden Wiesen und das Gezwitscher der V\u00f6gel werden Sie mit Ruhe und Gelassenheit erf\u00fcllen. Unsere Lebensphilosophie lautet: Natur leben und wertsch\u00e4tzen. Auf unserem Bauernhof na \u010cendav\u0161 werden wir diese Philosophie sehr gerne mit Ihnen teilen.<br \/>\nUnsere Appartements sind ein perfekter Ausgangspunkt f\u00fcr verschiedene Aktivit\u00e4ten im Freien, wie z.B. Wandern, Radfahren, Skifahren usw.<br \/>\nDer Ski-Resort Cerkno ist nur 2,5 km von uns entfernt.<\/p>\n<p>Bis zur Stadt Cerkno sind es nur 7 km. Dort finden Sie: L\u00e4den, eine Bank, eine Tankstelle, Restaurants und die Therme Cerkno.<br \/>\nUnsere Appartements sind schalldicht und haben ein rustikales Ambiente. Sie wurden aus nat\u00fcrlichem Material gebaut und ausgestattet, was zu Ihrem Wohlhaben beitragen wird. Die W\u00e4rme des Holzes, die Aufmerksamkeit und Sorgf\u00e4ltigkeit der Gastgeber und die Umgebung mit der  unversehrten Natur wird Ihnen den perfekten Urlaub hervorzaubern.<\/p>\n<p>Alle Fenster in den Appartements sind mit Rolll\u00e4den und Fliegengittern ausgestattet.<br \/>\nDas Haus wird durch einen Ofen mit hoher W\u00e4rmeausbeute (95%) geheizt, was dem Naturschutz behilft. Wir haben auch unsere eigene gr\u00fcne Elektrizit\u00e4tsversorgung durch unser kleines privates Wasserkraftwerk.[\/et_pb_text][\/et_pb_column][\/et_pb_row][et_pb_row column_structure=&#8220;1_2,1_2&#8243; admin_label=&#8220;row&#8220; _builder_version=&#8220;3.25&#8243; background_size=&#8220;initial&#8220; background_position=&#8220;top_left&#8220; background_repeat=&#8220;repeat&#8220; global_colors_info=&#8220;{}&#8220;][et_pb_column type=&#8220;1_2&#8243; _builder_version=&#8220;3.25&#8243; custom_padding=&#8220;|||&#8220; global_colors_info=&#8220;{}&#8220; custom_padding__hover=&#8220;|||&#8220;][et_pb_image src=&#8220;https:\/\/kmetijazrazgledom.si\/wp-content\/uploads\/2019\/10\/Arnika-2.jpg&#8220; align=&#8220;center&#8220; force_fullwidth=&#8220;on&#8220; _builder_version=&#8220;3.29.3&#8243; background_color=&#8220;#e09900&#8243; global_colors_info=&#8220;{}&#8220;][\/et_pb_image][et_pb_button button_url=&#8220;https:\/\/kmetijazrazgledom.si\/unterkunft\/appartement-arnika\/?lang=de&#8220; button_text=&#8220;APPARTEMENT ARNIKA&#8220; button_alignment=&#8220;center&#8220; _builder_version=&#8220;3.29.3&#8243; global_colors_info=&#8220;{}&#8220;][\/et_pb_button][\/et_pb_column][et_pb_column type=&#8220;1_2&#8243; _builder_version=&#8220;3.25&#8243; custom_padding=&#8220;|||&#8220; global_colors_info=&#8220;{}&#8220; custom_padding__hover=&#8220;|||&#8220;][et_pb_image src=&#8220;https:\/\/kmetijazrazgledom.si\/wp-content\/uploads\/2019\/10\/1-min.jpg&#8220; align=&#8220;center&#8220; _builder_version=&#8220;3.29.3&#8243; background_color=&#8220;#e09900&#8243; global_colors_info=&#8220;{}&#8220;][\/et_pb_image][et_pb_button button_url=&#8220;https:\/\/kmetijazrazgledom.si\/unterkunft\/apartma-vijolica\/?lang=de&#8220; button_text=&#8220;APPARTEMENT VIJOLICA&#8220; button_alignment=&#8220;center&#8220; _builder_version=&#8220;3.29.3&#8243; global_colors_info=&#8220;{}&#8220;][\/et_pb_button][\/et_pb_column][\/et_pb_row][\/et_pb_section]<\/p>\n","protected":false},"excerpt":{"rendered":"<p>Sie werden im Moment auf Ihre allt\u00e4glichen Sorgen vergessen wenn Sie einen Blick auf unsere wundersch\u00f6ne Aussicht und die nahgelegenen Berge werfen. Spazierg\u00e4nge inmitten von bl\u00fchenden Wiesen und das Gezwitscher der V\u00f6gel werden Sie mit Ruhe und Gelassenheit erf\u00fcllen. Unsere Lebensphilosophie lautet: Natur leben und wertsch\u00e4tzen. Auf unserem Bauernhof na \u010cendav\u0161 werden wir diese Philosophie [&hellip;]<\/p>\n","protected":false},"author":1,"featured_media":0,"parent":0,"menu_order":0,"comment_status":"closed","ping_status":"closed","template":"","meta":{"_et_pb_use_builder":"on","_et_pb_old_content":"","_et_gb_content_width":"","_monsterinsights_skip_tracking":false,"_monsterinsights_sitenote_active":false,"_monsterinsights_sitenote_note":"","_monsterinsights_sitenote_category":0,"footnotes":""},"yoast_head":"<!-- This site is optimized with the Yoast SEO plugin v21.5 - https:\/\/yoast.com\/wordpress\/plugins\/seo\/ -->\n<title>Unterkunft &#8212; Kmetija z razgledom<\/title>\n<meta name=\"description\" content=\"Unsere Lebensphilosophie lautet: Natur leben und wertsch\u00e4tzen. Auf unserem Bauernhof werden wir diese Philosophie sehr gerne mit Ihnen teilen.\" \/>\n<meta name=\"robots\" content=\"index, follow, max-snippet:-1, max-image-preview:large, max-video-preview:-1\" \/>\n<link rel=\"canonical\" href=\"https:\/\/kmetijazrazgledom.si\/de\/unterkunft\/\" \/>\n<meta property=\"og:locale\" content=\"de_DE\" \/>\n<meta property=\"og:type\" content=\"article\" \/>\n<meta property=\"og:title\" content=\"Unterkunft &#8212; Kmetija z razgledom\" \/>\n<meta property=\"og:description\" content=\"Unsere Lebensphilosophie lautet: Natur leben und wertsch\u00e4tzen. Auf unserem Bauernhof werden wir diese Philosophie sehr gerne mit Ihnen teilen.\" \/>\n<meta property=\"og:url\" content=\"https:\/\/kmetijazrazgledom.si\/de\/unterkunft\/\" \/>\n<meta property=\"og:site_name\" content=\"Kmetija z razgledom\" \/>\n<meta property=\"article:modified_time\" content=\"2022-01-31T17:45:36+00:00\" \/>\n<meta name=\"twitter:card\" content=\"summary_large_image\" \/>\n<meta name=\"twitter:label1\" content=\"Gesch\u00e4tzte Lesezeit\" \/>\n\t<meta name=\"twitter:data1\" content=\"2\u00a0Minuten\" \/>\n<script type=\"application\/ld+json\" class=\"yoast-schema-graph\">{\"@context\":\"https:\/\/schema.org\",\"@graph\":[{\"@type\":\"WebPage\",\"@id\":\"https:\/\/kmetijazrazgledom.si\/de\/unterkunft\/\",\"url\":\"https:\/\/kmetijazrazgledom.si\/de\/unterkunft\/\",\"name\":\"Unterkunft &#8212; Kmetija z razgledom\",\"isPartOf\":{\"@id\":\"https:\/\/kmetijazrazgledom.si\/#website\"},\"datePublished\":\"2019-11-04T16:46:01+00:00\",\"dateModified\":\"2022-01-31T17:45:36+00:00\",\"description\":\"Unsere Lebensphilosophie lautet: Natur leben und wertsch\u00e4tzen. Auf unserem Bauernhof werden wir diese Philosophie sehr gerne mit Ihnen teilen.\",\"breadcrumb\":{\"@id\":\"https:\/\/kmetijazrazgledom.si\/de\/unterkunft\/#breadcrumb\"},\"inLanguage\":\"de\",\"potentialAction\":[{\"@type\":\"ReadAction\",\"target\":[\"https:\/\/kmetijazrazgledom.si\/de\/unterkunft\/\"]}]},{\"@type\":\"BreadcrumbList\",\"@id\":\"https:\/\/kmetijazrazgledom.si\/de\/unterkunft\/#breadcrumb\",\"itemListElement\":[{\"@type\":\"ListItem\",\"position\":1,\"name\":\"Home\",\"item\":\"https:\/\/kmetijazrazgledom.si\/de\/\"},{\"@type\":\"ListItem\",\"position\":2,\"name\":\"Unterkunft\"}]},{\"@type\":\"WebSite\",\"@id\":\"https:\/\/kmetijazrazgledom.si\/#website\",\"url\":\"https:\/\/kmetijazrazgledom.si\/\",\"name\":\"Kmetija z razgledom\",\"description\":\"\",\"potentialAction\":[{\"@type\":\"SearchAction\",\"target\":{\"@type\":\"EntryPoint\",\"urlTemplate\":\"https:\/\/kmetijazrazgledom.si\/?s={search_term_string}\"},\"query-input\":\"required name=search_term_string\"}],\"inLanguage\":\"de\"}]}<\/script>\n<!-- \/ Yoast SEO plugin. -->","yoast_head_json":{"title":"Unterkunft &#8212; Kmetija z razgledom","description":"Unsere Lebensphilosophie lautet: Natur leben und wertsch\u00e4tzen. Auf unserem Bauernhof werden wir diese Philosophie sehr gerne mit Ihnen teilen.","robots":{"index":"index","follow":"follow","max-snippet":"max-snippet:-1","max-image-preview":"max-image-preview:large","max-video-preview":"max-video-preview:-1"},"canonical":"https:\/\/kmetijazrazgledom.si\/de\/unterkunft\/","og_locale":"de_DE","og_type":"article","og_title":"Unterkunft &#8212; Kmetija z razgledom","og_description":"Unsere Lebensphilosophie lautet: Natur leben und wertsch\u00e4tzen. Auf unserem Bauernhof werden wir diese Philosophie sehr gerne mit Ihnen teilen.","og_url":"https:\/\/kmetijazrazgledom.si\/de\/unterkunft\/","og_site_name":"Kmetija z razgledom","article_modified_time":"2022-01-31T17:45:36+00:00","twitter_card":"summary_large_image","twitter_misc":{"Gesch\u00e4tzte Lesezeit":"2\u00a0Minuten"},"schema":{"@context":"https:\/\/schema.org","@graph":[{"@type":"WebPage","@id":"https:\/\/kmetijazrazgledom.si\/de\/unterkunft\/","url":"https:\/\/kmetijazrazgledom.si\/de\/unterkunft\/","name":"Unterkunft &#8212; Kmetija z razgledom","isPartOf":{"@id":"https:\/\/kmetijazrazgledom.si\/#website"},"datePublished":"2019-11-04T16:46:01+00:00","dateModified":"2022-01-31T17:45:36+00:00","description":"Unsere Lebensphilosophie lautet: Natur leben und wertsch\u00e4tzen. Auf unserem Bauernhof werden wir diese Philosophie sehr gerne mit Ihnen teilen.","breadcrumb":{"@id":"https:\/\/kmetijazrazgledom.si\/de\/unterkunft\/#breadcrumb"},"inLanguage":"de","potentialAction":[{"@type":"ReadAction","target":["https:\/\/kmetijazrazgledom.si\/de\/unterkunft\/"]}]},{"@type":"BreadcrumbList","@id":"https:\/\/kmetijazrazgledom.si\/de\/unterkunft\/#breadcrumb","itemListElement":[{"@type":"ListItem","position":1,"name":"Home","item":"https:\/\/kmetijazrazgledom.si\/de\/"},{"@type":"ListItem","position":2,"name":"Unterkunft"}]},{"@type":"WebSite","@id":"https:\/\/kmetijazrazgledom.si\/#website","url":"https:\/\/kmetijazrazgledom.si\/","name":"Kmetija z razgledom","description":"","potentialAction":[{"@type":"SearchAction","target":{"@type":"EntryPoint","urlTemplate":"https:\/\/kmetijazrazgledom.si\/?s={search_term_string}"},"query-input":"required name=search_term_string"}],"inLanguage":"de"}]}},"_links":{"self":[{"href":"https:\/\/kmetijazrazgledom.si\/de\/wp-json\/wp\/v2\/pages\/1512"}],"collection":[{"href":"https:\/\/kmetijazrazgledom.si\/de\/wp-json\/wp\/v2\/pages"}],"about":[{"href":"https:\/\/kmetijazrazgledom.si\/de\/wp-json\/wp\/v2\/types\/page"}],"author":[{"embeddable":true,"href":"https:\/\/kmetijazrazgledom.si\/de\/wp-json\/wp\/v2\/users\/1"}],"replies":[{"embeddable":true,"href":"https:\/\/kmetijazrazgledom.si\/de\/wp-json\/wp\/v2\/comments?post=1512"}],"version-history":[{"count":8,"href":"https:\/\/kmetijazrazgledom.si\/de\/wp-json\/wp\/v2\/pages\/1512\/revisions"}],"predecessor-version":[{"id":2859,"href":"https:\/\/kmetijazrazgledom.si\/de\/wp-json\/wp\/v2\/pages\/1512\/revisions\/2859"}],"wp:attachment":[{"href":"https:\/\/kmetijazrazgledom.si\/de\/wp-json\/wp\/v2\/media?parent=1512"}],"curies":[{"name":"wp","href":"https:\/\/api.w.org\/{rel}","templated":true}]}}