{"id":1521,"date":"2019-11-04T21:02:11","date_gmt":"2019-11-04T21:02:11","guid":{"rendered":"https:\/\/kmetijazrazgledom.si\/?page_id=1521"},"modified":"2023-11-21T10:44:20","modified_gmt":"2023-11-21T10:44:20","slug":"appartement-arnika","status":"publish","type":"page","link":"https:\/\/kmetijazrazgledom.si\/de\/unterkunft\/appartement-arnika\/","title":{"rendered":"APPARTEMENT ARNIKA (5 Personen)"},"content":{"rendered":"<p>[et_pb_section fb_built=&#8220;1&#8243; fullwidth=&#8220;on&#8220; _builder_version=&#8220;3.29.3&#8243; global_colors_info=&#8220;{}&#8220;][et_pb_fullwidth_header _builder_version=&#8220;3.29.3&#8243; background_image=&#8220;https:\/\/kmetijazrazgledom.si\/wp-content\/uploads\/2019\/10\/Arnika-2.jpg&#8220; min_height=&#8220;350px&#8220; height=&#8220;350px&#8220; global_colors_info=&#8220;{}&#8220;]<br \/>\n[\/et_pb_fullwidth_header][\/et_pb_section][et_pb_section fb_built=&#8220;1&#8243; admin_label=&#8220;section&#8220; _builder_version=&#8220;3.22&#8243; global_colors_info=&#8220;{}&#8220;][et_pb_row column_structure=&#8220;2_3,1_3&#8243; admin_label=&#8220;row&#8220; _builder_version=&#8220;3.29.3&#8243; background_size=&#8220;initial&#8220; background_position=&#8220;top_left&#8220; background_repeat=&#8220;repeat&#8220; global_colors_info=&#8220;{}&#8220;][et_pb_column type=&#8220;2_3&#8243; _builder_version=&#8220;3.25&#8243; custom_padding=&#8220;|||&#8220; global_colors_info=&#8220;{}&#8220; custom_padding__hover=&#8220;|||&#8220;][et_pb_post_title meta=&#8220;off&#8220; featured_image=&#8220;off&#8220; _builder_version=&#8220;3.29.3&#8243; global_colors_info=&#8220;{}&#8220;]<br \/>\n[\/et_pb_post_title][et_pb_text _builder_version=&#8220;4.14.2&#8243; z_index_tablet=&#8220;500&#8243; text_text_shadow_horizontal_length_tablet=&#8220;0px&#8220; text_text_shadow_vertical_length_tablet=&#8220;0px&#8220; text_text_shadow_blur_strength_tablet=&#8220;1px&#8220; link_text_shadow_horizontal_length_tablet=&#8220;0px&#8220; link_text_shadow_vertical_length_tablet=&#8220;0px&#8220; link_text_shadow_blur_strength_tablet=&#8220;1px&#8220; ul_text_shadow_horizontal_length_tablet=&#8220;0px&#8220; ul_text_shadow_vertical_length_tablet=&#8220;0px&#8220; ul_text_shadow_blur_strength_tablet=&#8220;1px&#8220; ol_text_shadow_horizontal_length_tablet=&#8220;0px&#8220; ol_text_shadow_vertical_length_tablet=&#8220;0px&#8220; ol_text_shadow_blur_strength_tablet=&#8220;1px&#8220; quote_text_shadow_horizontal_length_tablet=&#8220;0px&#8220; quote_text_shadow_vertical_length_tablet=&#8220;0px&#8220; quote_text_shadow_blur_strength_tablet=&#8220;1px&#8220; header_text_shadow_horizontal_length_tablet=&#8220;0px&#8220; header_text_shadow_vertical_length_tablet=&#8220;0px&#8220; header_text_shadow_blur_strength_tablet=&#8220;1px&#8220; header_2_text_shadow_horizontal_length_tablet=&#8220;0px&#8220; header_2_text_shadow_vertical_length_tablet=&#8220;0px&#8220; header_2_text_shadow_blur_strength_tablet=&#8220;1px&#8220; header_3_text_shadow_horizontal_length_tablet=&#8220;0px&#8220; header_3_text_shadow_vertical_length_tablet=&#8220;0px&#8220; header_3_text_shadow_blur_strength_tablet=&#8220;1px&#8220; header_4_text_shadow_horizontal_length_tablet=&#8220;0px&#8220; header_4_text_shadow_vertical_length_tablet=&#8220;0px&#8220; header_4_text_shadow_blur_strength_tablet=&#8220;1px&#8220; header_5_text_shadow_horizontal_length_tablet=&#8220;0px&#8220; header_5_text_shadow_vertical_length_tablet=&#8220;0px&#8220; header_5_text_shadow_blur_strength_tablet=&#8220;1px&#8220; header_6_text_shadow_horizontal_length_tablet=&#8220;0px&#8220; header_6_text_shadow_vertical_length_tablet=&#8220;0px&#8220; header_6_text_shadow_blur_strength_tablet=&#8220;1px&#8220; box_shadow_horizontal_tablet=&#8220;0px&#8220; box_shadow_vertical_tablet=&#8220;0px&#8220; box_shadow_blur_tablet=&#8220;40px&#8220; box_shadow_spread_tablet=&#8220;0px&#8220; global_colors_info=&#8220;{}&#8220;]<\/p>\n<p>Arnika ist eine gesch\u00fctzte Pflanzenart, die auch auf unseren Bergwiesen w\u00e4chst. Sie wird oft f\u00fcr die \u00e4u\u00dfere Anwendung als\u00a0 Kompresse oder bei Hautentz\u00fcndungen, Anschwellungen, Verstauchungen, Muskel- und Gelenkeschmerzen und als Sp\u00fclung f\u00fcr Mundgeschw\u00fcre und einen entz\u00fcndeten Rachen gebraucht. Sie kann auch Frostbeulen, H\u00e4morrhoiden und Wunden heilen.<\/p>\n<p>Das Appartement hat eine Luxus-Ausstattung, ist r\u00e4umlich und bequem.<\/p>\n<p>Ausstattung:<\/p>\n<ul>\n<li>Badezimmer (Dusche, Haartrockner)<\/li>\n<li>modern ausgestattete K\u00fcche mit Esszimmer (Glaskeramikkochfeld-Herd, K\u00fchlschrank mit Gefrierschrank, Sp\u00fclmaschine, Dunstabzugshaube, Geschirr und Besteck, Gl\u00e4ser, Teller, Schlafsofa)<\/li>\n<li>TV, WLAN<\/li>\n<li>Zimmer mit Doppelbett und einem Einzelbett<\/li>\n<li><span class=\"VIiyi\" lang=\"de\"><span class=\"JLqJ4b ChMk0b\" data-language-for-alternatives=\"de\" data-language-to-translate-into=\"en\" data-phrase-index=\"0\" data-number-of-phrases=\"1\">Klimaanlage, optional, Aufpreis 4\u20ac pro Tag<\/span><\/span><\/li>\n<\/ul>\n<p><strong>Das Appartement bietet eine gemeinsame Garderobe, einen Abstellraum f\u00fcr Skier und Ski-Ausr\u00fcstung, einen privaten Eingang, einen gemeinsamen Balkon und einen Parkplatz.<\/strong><\/p>\n<p><strong>Im Appartementpreis inbegriffen: Handtuchgeb\u00fchr, Bettw\u00e4schegeb\u00fchr und Reinigungsgeb\u00fchr. Im Appartementpreis nicht inbegriffen: Tourismusabgabe.<\/strong><\/p>\n<p><strong>Anreise (check-in): <\/strong>15:00 \u2013 20:00 Uhr<br \/><strong>Abreise (check-out):<\/strong> bis 9:30 Uhr<\/p>\n<p>[\/et_pb_text][et_pb_text _builder_version=&#8220;4.14.2&#8243; global_colors_info=&#8220;{}&#8220;]<\/p>\nBENTRAL CALENDAR ERROR : NO POST ID\n<p>[\/et_pb_text][\/et_pb_column][et_pb_column type=&#8220;1_3&#8243; _builder_version=&#8220;3.25&#8243; custom_padding=&#8220;|||&#8220; global_colors_info=&#8220;{}&#8220; custom_padding__hover=&#8220;|||&#8220;][et_pb_text _builder_version=&#8220;4.14.2&#8243; global_colors_info=&#8220;{}&#8220;]<\/p>\nBENTRAL RESERVATION ERROR : NO POST ID\n<p>[\/et_pb_text][\/et_pb_column][\/et_pb_row][et_pb_row _builder_version=&#8220;3.29.3&#8243; global_colors_info=&#8220;{}&#8220;][et_pb_column type=&#8220;4_4&#8243; _builder_version=&#8220;3.29.3&#8243; global_colors_info=&#8220;{}&#8220;][et_pb_gallery gallery_ids=&#8220;1879,1876,1855,1852,1873,2002,1870,1867,1861,1858,1849,1864&#8243; posts_number=&#8220;8&#8243; show_title_and_caption=&#8220;off&#8220; _builder_version=&#8220;3.29.3&#8243; z_index_tablet=&#8220;500&#8243; title_text_shadow_horizontal_length_tablet=&#8220;0px&#8220; title_text_shadow_vertical_length_tablet=&#8220;0px&#8220; title_text_shadow_blur_strength_tablet=&#8220;1px&#8220; caption_text_shadow_horizontal_length_tablet=&#8220;0px&#8220; caption_text_shadow_vertical_length_tablet=&#8220;0px&#8220; caption_text_shadow_blur_strength_tablet=&#8220;1px&#8220; pagination_text_shadow_horizontal_length_tablet=&#8220;0px&#8220; pagination_text_shadow_vertical_length_tablet=&#8220;0px&#8220; pagination_text_shadow_blur_strength_tablet=&#8220;1px&#8220; box_shadow_horizontal_tablet=&#8220;0px&#8220; box_shadow_vertical_tablet=&#8220;0px&#8220; box_shadow_blur_tablet=&#8220;40px&#8220; box_shadow_spread_tablet=&#8220;0px&#8220; box_shadow_horizontal_image_tablet=&#8220;0px&#8220; box_shadow_vertical_image_tablet=&#8220;0px&#8220; box_shadow_blur_image_tablet=&#8220;40px&#8220; box_shadow_spread_image_tablet=&#8220;0px&#8220; text_shadow_horizontal_length_tablet=&#8220;0px&#8220; text_shadow_vertical_length_tablet=&#8220;0px&#8220; text_shadow_blur_strength_tablet=&#8220;1px&#8220; global_colors_info=&#8220;{}&#8220;]<br \/>\n[\/et_pb_gallery][et_pb_text _builder_version=&#8220;4.14.2&#8243; global_colors_info=&#8220;{}&#8220;]<\/p>\n[bentral_price] : NO POST ID\n<p>[\/et_pb_text][\/et_pb_column][\/et_pb_row][et_pb_row _builder_version=&#8220;4.14.2&#8243; _module_preset=&#8220;default&#8220; global_colors_info=&#8220;{}&#8220;][et_pb_column type=&#8220;4_4&#8243; _builder_version=&#8220;4.14.2&#8243; _module_preset=&#8220;default&#8220; global_colors_info=&#8220;{}&#8220;][et_pb_text admin_label=&#8220;Reservierungsbedingungen&#8220; _builder_version=&#8220;4.14.2&#8243; _module_preset=&#8220;default&#8220; global_colors_info=&#8220;{}&#8220;]<\/p>\n<p><strong>Reservierungsbedingungen<\/strong><br \/>Wir erstatten die Anzahlung nicht zur\u00fcck. Im Krankheitsfall (\u00e4rztliches Attest) kann die Reservierung einmal in einem Zeitraum von 6 Monaten verschoben werden, bei einem Mindestaufenthalt von 2, 3 oder 4 N\u00e4chten (je nach Saison).<br \/>Unter den oben genannten Bedingungen ist eine Verschiebung der Reservierung auch in der Wintersaison m\u00f6glich, wenn das Skigebiet aufgrund von Schneemangel geschlossen ist.<\/p>\n<p>[\/et_pb_text][\/et_pb_column][\/et_pb_row][\/et_pb_section]<\/p>\n","protected":false},"excerpt":{"rendered":"<p>Arnika ist eine gesch\u00fctzte Pflanzenart, die auch auf unseren Bergwiesen w\u00e4chst. Sie wird oft f\u00fcr die \u00e4u\u00dfere Anwendung als\u00a0 Kompresse oder bei Hautentz\u00fcndungen, Anschwellungen, Verstauchungen, Muskel- und Gelenkeschmerzen und als Sp\u00fclung f\u00fcr Mundgeschw\u00fcre und einen entz\u00fcndeten Rachen gebraucht. Sie kann auch Frostbeulen, H\u00e4morrhoiden und Wunden heilen. Das Appartement hat eine Luxus-Ausstattung, ist r\u00e4umlich und bequem. [&hellip;]<\/p>\n","protected":false},"author":1,"featured_media":0,"parent":1512,"menu_order":0,"comment_status":"closed","ping_status":"closed","template":"","meta":{"_et_pb_use_builder":"on","_et_pb_old_content":"","_et_gb_content_width":"","_monsterinsights_skip_tracking":false,"_monsterinsights_sitenote_active":false,"_monsterinsights_sitenote_note":"","_monsterinsights_sitenote_category":0,"footnotes":""},"yoast_head":"<!-- This site is optimized with the Yoast SEO plugin v21.5 - https:\/\/yoast.com\/wordpress\/plugins\/seo\/ -->\n<title>APPARTEMENT ARNIKA (5 Personen) &#8212; Kmetija z razgledom<\/title>\n<meta name=\"description\" content=\"Das Appartement hat eine Luxus-Ausstattung, ist r\u00e4umlich und bequem. Ausstattung: modern ausgestattete K\u00fcche mit Esszimmer, TV, WLAN...\" \/>\n<meta name=\"robots\" content=\"index, follow, max-snippet:-1, max-image-preview:large, max-video-preview:-1\" \/>\n<link rel=\"canonical\" href=\"https:\/\/kmetijazrazgledom.si\/de\/unterkunft\/appartement-arnika\/\" \/>\n<meta property=\"og:locale\" content=\"de_DE\" \/>\n<meta property=\"og:type\" content=\"article\" \/>\n<meta property=\"og:title\" content=\"APPARTEMENT ARNIKA (5 Personen) &#8212; Kmetija z razgledom\" \/>\n<meta property=\"og:description\" content=\"Das Appartement hat eine Luxus-Ausstattung, ist r\u00e4umlich und bequem. Ausstattung: modern ausgestattete K\u00fcche mit Esszimmer, TV, WLAN...\" \/>\n<meta property=\"og:url\" content=\"https:\/\/kmetijazrazgledom.si\/de\/unterkunft\/appartement-arnika\/\" \/>\n<meta property=\"og:site_name\" content=\"Kmetija z razgledom\" \/>\n<meta property=\"article:modified_time\" content=\"2023-11-21T10:44:20+00:00\" \/>\n<meta name=\"twitter:card\" content=\"summary_large_image\" \/>\n<meta name=\"twitter:label1\" content=\"Gesch\u00e4tzte Lesezeit\" \/>\n\t<meta name=\"twitter:data1\" content=\"4\u00a0Minuten\" \/>\n<script type=\"application\/ld+json\" class=\"yoast-schema-graph\">{\"@context\":\"https:\/\/schema.org\",\"@graph\":[{\"@type\":\"WebPage\",\"@id\":\"https:\/\/kmetijazrazgledom.si\/de\/unterkunft\/appartement-arnika\/\",\"url\":\"https:\/\/kmetijazrazgledom.si\/de\/unterkunft\/appartement-arnika\/\",\"name\":\"APPARTEMENT ARNIKA (5 Personen) &#8212; Kmetija z razgledom\",\"isPartOf\":{\"@id\":\"https:\/\/kmetijazrazgledom.si\/#website\"},\"datePublished\":\"2019-11-04T21:02:11+00:00\",\"dateModified\":\"2023-11-21T10:44:20+00:00\",\"description\":\"Das Appartement hat eine Luxus-Ausstattung, ist r\u00e4umlich und bequem. Ausstattung: modern ausgestattete K\u00fcche mit Esszimmer, TV, WLAN...\",\"breadcrumb\":{\"@id\":\"https:\/\/kmetijazrazgledom.si\/de\/unterkunft\/appartement-arnika\/#breadcrumb\"},\"inLanguage\":\"de\",\"potentialAction\":[{\"@type\":\"ReadAction\",\"target\":[\"https:\/\/kmetijazrazgledom.si\/de\/unterkunft\/appartement-arnika\/\"]}]},{\"@type\":\"BreadcrumbList\",\"@id\":\"https:\/\/kmetijazrazgledom.si\/de\/unterkunft\/appartement-arnika\/#breadcrumb\",\"itemListElement\":[{\"@type\":\"ListItem\",\"position\":1,\"name\":\"Home\",\"item\":\"https:\/\/kmetijazrazgledom.si\/de\/\"},{\"@type\":\"ListItem\",\"position\":2,\"name\":\"Unterkunft\",\"item\":\"https:\/\/kmetijazrazgledom.si\/de\/unterkunft\/\"},{\"@type\":\"ListItem\",\"position\":3,\"name\":\"APPARTEMENT ARNIKA (5 Personen)\"}]},{\"@type\":\"WebSite\",\"@id\":\"https:\/\/kmetijazrazgledom.si\/#website\",\"url\":\"https:\/\/kmetijazrazgledom.si\/\",\"name\":\"Kmetija z razgledom\",\"description\":\"\",\"potentialAction\":[{\"@type\":\"SearchAction\",\"target\":{\"@type\":\"EntryPoint\",\"urlTemplate\":\"https:\/\/kmetijazrazgledom.si\/?s={search_term_string}\"},\"query-input\":\"required name=search_term_string\"}],\"inLanguage\":\"de\"}]}<\/script>\n<!-- \/ Yoast SEO plugin. -->","yoast_head_json":{"title":"APPARTEMENT ARNIKA (5 Personen) &#8212; Kmetija z razgledom","description":"Das Appartement hat eine Luxus-Ausstattung, ist r\u00e4umlich und bequem. Ausstattung: modern ausgestattete K\u00fcche mit Esszimmer, TV, WLAN...","robots":{"index":"index","follow":"follow","max-snippet":"max-snippet:-1","max-image-preview":"max-image-preview:large","max-video-preview":"max-video-preview:-1"},"canonical":"https:\/\/kmetijazrazgledom.si\/de\/unterkunft\/appartement-arnika\/","og_locale":"de_DE","og_type":"article","og_title":"APPARTEMENT ARNIKA (5 Personen) &#8212; Kmetija z razgledom","og_description":"Das Appartement hat eine Luxus-Ausstattung, ist r\u00e4umlich und bequem. Ausstattung: modern ausgestattete K\u00fcche mit Esszimmer, TV, WLAN...","og_url":"https:\/\/kmetijazrazgledom.si\/de\/unterkunft\/appartement-arnika\/","og_site_name":"Kmetija z razgledom","article_modified_time":"2023-11-21T10:44:20+00:00","twitter_card":"summary_large_image","twitter_misc":{"Gesch\u00e4tzte Lesezeit":"4\u00a0Minuten"},"schema":{"@context":"https:\/\/schema.org","@graph":[{"@type":"WebPage","@id":"https:\/\/kmetijazrazgledom.si\/de\/unterkunft\/appartement-arnika\/","url":"https:\/\/kmetijazrazgledom.si\/de\/unterkunft\/appartement-arnika\/","name":"APPARTEMENT ARNIKA (5 Personen) &#8212; Kmetija z razgledom","isPartOf":{"@id":"https:\/\/kmetijazrazgledom.si\/#website"},"datePublished":"2019-11-04T21:02:11+00:00","dateModified":"2023-11-21T10:44:20+00:00","description":"Das Appartement hat eine Luxus-Ausstattung, ist r\u00e4umlich und bequem. Ausstattung: modern ausgestattete K\u00fcche mit Esszimmer, TV, WLAN...","breadcrumb":{"@id":"https:\/\/kmetijazrazgledom.si\/de\/unterkunft\/appartement-arnika\/#breadcrumb"},"inLanguage":"de","potentialAction":[{"@type":"ReadAction","target":["https:\/\/kmetijazrazgledom.si\/de\/unterkunft\/appartement-arnika\/"]}]},{"@type":"BreadcrumbList","@id":"https:\/\/kmetijazrazgledom.si\/de\/unterkunft\/appartement-arnika\/#breadcrumb","itemListElement":[{"@type":"ListItem","position":1,"name":"Home","item":"https:\/\/kmetijazrazgledom.si\/de\/"},{"@type":"ListItem","position":2,"name":"Unterkunft","item":"https:\/\/kmetijazrazgledom.si\/de\/unterkunft\/"},{"@type":"ListItem","position":3,"name":"APPARTEMENT ARNIKA (5 Personen)"}]},{"@type":"WebSite","@id":"https:\/\/kmetijazrazgledom.si\/#website","url":"https:\/\/kmetijazrazgledom.si\/","name":"Kmetija z razgledom","description":"","potentialAction":[{"@type":"SearchAction","target":{"@type":"EntryPoint","urlTemplate":"https:\/\/kmetijazrazgledom.si\/?s={search_term_string}"},"query-input":"required name=search_term_string"}],"inLanguage":"de"}]}},"_links":{"self":[{"href":"https:\/\/kmetijazrazgledom.si\/de\/wp-json\/wp\/v2\/pages\/1521"}],"collection":[{"href":"https:\/\/kmetijazrazgledom.si\/de\/wp-json\/wp\/v2\/pages"}],"about":[{"href":"https:\/\/kmetijazrazgledom.si\/de\/wp-json\/wp\/v2\/types\/page"}],"author":[{"embeddable":true,"href":"https:\/\/kmetijazrazgledom.si\/de\/wp-json\/wp\/v2\/users\/1"}],"replies":[{"embeddable":true,"href":"https:\/\/kmetijazrazgledom.si\/de\/wp-json\/wp\/v2\/comments?post=1521"}],"version-history":[{"count":19,"href":"https:\/\/kmetijazrazgledom.si\/de\/wp-json\/wp\/v2\/pages\/1521\/revisions"}],"predecessor-version":[{"id":3007,"href":"https:\/\/kmetijazrazgledom.si\/de\/wp-json\/wp\/v2\/pages\/1521\/revisions\/3007"}],"up":[{"embeddable":true,"href":"https:\/\/kmetijazrazgledom.si\/de\/wp-json\/wp\/v2\/pages\/1512"}],"wp:attachment":[{"href":"https:\/\/kmetijazrazgledom.si\/de\/wp-json\/wp\/v2\/media?parent=1521"}],"curies":[{"name":"wp","href":"https:\/\/api.w.org\/{rel}","templated":true}]}}