{"id":1547,"date":"2019-11-04T21:19:07","date_gmt":"2019-11-04T21:19:07","guid":{"rendered":"https:\/\/kmetijazrazgledom.si\/?page_id=1547"},"modified":"2022-01-31T17:41:17","modified_gmt":"2022-01-31T17:41:17","slug":"ueber-uns","status":"publish","type":"page","link":"https:\/\/kmetijazrazgledom.si\/de\/ueber-uns\/","title":{"rendered":"\u00dcber uns"},"content":{"rendered":"<p>[et_pb_section fb_built=&#8220;1&#8243; fullwidth=&#8220;on&#8220; _builder_version=&#8220;3.29.3&#8243; global_colors_info=&#8220;{}&#8220;][et_pb_fullwidth_header _builder_version=&#8220;3.29.3&#8243; background_image=&#8220;https:\/\/kmetijazrazgledom.si\/wp-content\/uploads\/2019\/10\/5.jpg&#8220; min_height=&#8220;350px&#8220; height=&#8220;350px&#8220; global_colors_info=&#8220;{}&#8220;]<\/p>\n<p>[\/et_pb_fullwidth_header][\/et_pb_section][et_pb_section fb_built=&#8220;1&#8243; admin_label=&#8220;section&#8220; _builder_version=&#8220;3.22&#8243; custom_padding=&#8220;||0px|||&#8220; global_colors_info=&#8220;{}&#8220;][et_pb_row column_structure=&#8220;3_5,2_5&#8243; admin_label=&#8220;row&#8220; _builder_version=&#8220;3.25&#8243; background_size=&#8220;initial&#8220; background_position=&#8220;top_left&#8220; background_repeat=&#8220;repeat&#8220; global_colors_info=&#8220;{}&#8220;][et_pb_column type=&#8220;3_5&#8243; _builder_version=&#8220;3.25&#8243; custom_padding=&#8220;|||&#8220; global_colors_info=&#8220;{}&#8220; custom_padding__hover=&#8220;|||&#8220;][et_pb_text _builder_version=&#8220;3.29.3&#8243; global_colors_info=&#8220;{}&#8220;]<\/p>\n<h1>GEH\u00d6FT<\/h1>\n<p>Unser Bauernhof na \u010cendav\u0161 liegt in Novaki, eine Streusiedlung im Norden des slowenischen K\u00fcstenlandes, auf 600 m Meeresh\u00f6he. Das Geh\u00f6ft liegt neben dem slowenischen Weitwanderweg, der weiter in die Gorenjska Region f\u00fchrt (Bohinj, Bled, Triglav Nationalpark). Nur 7 km von uns entfernt liegt aber auch ein gr\u00f6\u00dferer Ort, Cerkno. <\/p>\n<p>Das Dorf Novaki wurde zum ersten Mal schon im 13. Jahrhundert erw\u00e4hnt als nur wenige Leute dort lebten, die aber alle leider sp\u00e4ter wegen der Pest gestorben sind. In sp\u00e4teren Jahren besiedelten neue Menschen das Gebiet, wovon auch der Name des Dorfes Novaki (Neulings Dorf*) stammt. Die neuen Einwohner wurden deswegen auch Nova\u010dani (Neulinge*) benannt.<\/p>\n<p>Die Geschichte unseres Bauernhofes reicht ins 16. Jahrhundert zur\u00fcck. Unsere Vorfahren waren schon seit langem Viehz\u00fcchter, Obstanbauer, besch\u00e4ftigten sich mit dem Landbau und Milchprodukten. Unser Geh\u00f6ft besteht aus einem alten Haus, einem neuen Haus und einem Stall mit einer Scheune, aber das Gesamtbild des Bauernhofes vervollst\u00e4ndigen zwei traditionelle Heuharfen oder s.g. \u201etoplar\u201c, die sowohl dem Trocknen des Heus als auch der Bewahrung des Werkzeugs dienen. Um den Bauernhof herum streckt sich auch 36 ha Land aus.<\/p>\n<p>Der Stall und das alte Haus wurden 1943 w\u00e4hrend eines Bombenangriffs v\u00f6llig zerst\u00f6rt und sp\u00e4ter wieder am selben Platz aufgebaut. Nach dem Erdbeben 1978 wurde dann auch das neue Haus gebaut in dem sich auch unsere zwei Appartements befinden.<\/p>\n<p>Die gute Lage unseres Bauernhofes bietet unseren G\u00e4sten die idealen Ferien, sowohl im Sommer als auch im Winter. Im Winter k\u00f6nnen Sie Skifahren auf dem 2,5 km entfernten Ski-Resort Cerkno. In der Sommer-, Fr\u00fchling- und Herbstzeit bietet sich aber die M\u00f6glichkeit, dass Sie zu Fu\u00df oder mit dem Fahrrad unsere nahgelegenen Berge und T\u00e4ler erforschen und Ihre Freizeit in der unversehrten Natur mit wundersch\u00f6nen Ausblicken genie\u00dfen. Die Nahtstelle vom slowenischen K\u00fcstenland und der Gorenjska Region bietet viel Natursch\u00f6nheiten aber auch zahlreiche kulturelle Sehensw\u00fcrdigkeiten.<\/p>\n<p>[\/et_pb_text][\/et_pb_column][et_pb_column type=&#8220;2_5&#8243; _builder_version=&#8220;3.25&#8243; custom_padding=&#8220;|||&#8220; global_colors_info=&#8220;{}&#8220; custom_padding__hover=&#8220;|||&#8220;][et_pb_image src=&#8220;https:\/\/kmetijazrazgledom.si\/wp-content\/uploads\/2019\/11\/KmetijaNaCendovs_Onas02.png&#8220; _builder_version=&#8220;3.29.3&#8243; global_colors_info=&#8220;{}&#8220;]<\/p>\n<p>[\/et_pb_image][et_pb_image src=&#8220;https:\/\/kmetijazrazgledom.si\/wp-content\/uploads\/2019\/11\/KmetijaNaCendovs_Onas01.png&#8220; _builder_version=&#8220;3.29.3&#8243; global_colors_info=&#8220;{}&#8220;]<\/p>\n<p>[\/et_pb_image][\/et_pb_column][\/et_pb_row][\/et_pb_section][et_pb_section fb_built=&#8220;1&#8243; _builder_version=&#8220;3.29.3&#8243; custom_padding=&#8220;0px|||||&#8220; global_colors_info=&#8220;{}&#8220;][et_pb_row _builder_version=&#8220;3.29.3&#8243; custom_padding=&#8220;0px|||||&#8220; global_colors_info=&#8220;{}&#8220;][et_pb_column type=&#8220;4_4&#8243; _builder_version=&#8220;3.29.3&#8243; global_colors_info=&#8220;{}&#8220;][et_pb_gallery gallery_ids=&#8220;1753,1938,1940,1936,2085&#8243; show_title_and_caption=&#8220;off&#8220; _builder_version=&#8220;3.29.3&#8243; z_index_tablet=&#8220;500&#8243; title_text_shadow_horizontal_length_tablet=&#8220;0px&#8220; title_text_shadow_vertical_length_tablet=&#8220;0px&#8220; title_text_shadow_blur_strength_tablet=&#8220;1px&#8220; caption_text_shadow_horizontal_length_tablet=&#8220;0px&#8220; caption_text_shadow_vertical_length_tablet=&#8220;0px&#8220; caption_text_shadow_blur_strength_tablet=&#8220;1px&#8220; pagination_text_shadow_horizontal_length_tablet=&#8220;0px&#8220; pagination_text_shadow_vertical_length_tablet=&#8220;0px&#8220; pagination_text_shadow_blur_strength_tablet=&#8220;1px&#8220; box_shadow_horizontal_tablet=&#8220;0px&#8220; box_shadow_vertical_tablet=&#8220;0px&#8220; box_shadow_blur_tablet=&#8220;40px&#8220; box_shadow_spread_tablet=&#8220;0px&#8220; box_shadow_horizontal_image_tablet=&#8220;0px&#8220; box_shadow_vertical_image_tablet=&#8220;0px&#8220; box_shadow_blur_image_tablet=&#8220;40px&#8220; box_shadow_spread_image_tablet=&#8220;0px&#8220; text_shadow_horizontal_length_tablet=&#8220;0px&#8220; text_shadow_vertical_length_tablet=&#8220;0px&#8220; text_shadow_blur_strength_tablet=&#8220;1px&#8220; global_colors_info=&#8220;{}&#8220;]<\/p>\n<p>[\/et_pb_gallery][\/et_pb_column][\/et_pb_row][\/et_pb_section]<\/p>\n","protected":false},"excerpt":{"rendered":"<p>GEH\u00d6FT Unser Bauernhof na \u010cendav\u0161 liegt in Novaki, eine Streusiedlung im Norden des slowenischen K\u00fcstenlandes, auf 600 m Meeresh\u00f6he. Das Geh\u00f6ft liegt neben dem slowenischen Weitwanderweg, der weiter in die Gorenjska Region f\u00fchrt (Bohinj, Bled, Triglav Nationalpark). Nur 7 km von uns entfernt liegt aber auch ein gr\u00f6\u00dferer Ort, Cerkno. Das Dorf Novaki wurde zum [&hellip;]<\/p>\n","protected":false},"author":1,"featured_media":0,"parent":0,"menu_order":0,"comment_status":"closed","ping_status":"closed","template":"","meta":{"_et_pb_use_builder":"on","_et_pb_old_content":"","_et_gb_content_width":"","_monsterinsights_skip_tracking":false,"_monsterinsights_sitenote_active":false,"_monsterinsights_sitenote_note":"","_monsterinsights_sitenote_category":0,"footnotes":""},"yoast_head":"<!-- This site is optimized with the Yoast SEO plugin v21.5 - https:\/\/yoast.com\/wordpress\/plugins\/seo\/ -->\n<title>\u00dcber uns &#8212; Kmetija z razgledom<\/title>\n<meta name=\"description\" content=\"Die gute Lage unseres Bauernhofes bietet unseren G\u00e4sten die idealen Ferien, sowohl im Sommer als auch im Winter.\" \/>\n<meta name=\"robots\" content=\"index, follow, max-snippet:-1, max-image-preview:large, max-video-preview:-1\" \/>\n<link rel=\"canonical\" href=\"https:\/\/kmetijazrazgledom.si\/de\/ueber-uns\/\" \/>\n<meta property=\"og:locale\" content=\"de_DE\" \/>\n<meta property=\"og:type\" content=\"article\" \/>\n<meta property=\"og:title\" content=\"\u00dcber uns &#8212; Kmetija z razgledom\" \/>\n<meta property=\"og:description\" content=\"Die gute Lage unseres Bauernhofes bietet unseren G\u00e4sten die idealen Ferien, sowohl im Sommer als auch im Winter.\" \/>\n<meta property=\"og:url\" content=\"https:\/\/kmetijazrazgledom.si\/de\/ueber-uns\/\" \/>\n<meta property=\"og:site_name\" content=\"Kmetija z razgledom\" \/>\n<meta property=\"article:modified_time\" content=\"2022-01-31T17:41:17+00:00\" \/>\n<meta name=\"twitter:card\" content=\"summary_large_image\" \/>\n<meta name=\"twitter:label1\" content=\"Gesch\u00e4tzte Lesezeit\" \/>\n\t<meta name=\"twitter:data1\" content=\"3\u00a0Minuten\" \/>\n<script type=\"application\/ld+json\" class=\"yoast-schema-graph\">{\"@context\":\"https:\/\/schema.org\",\"@graph\":[{\"@type\":\"WebPage\",\"@id\":\"https:\/\/kmetijazrazgledom.si\/de\/ueber-uns\/\",\"url\":\"https:\/\/kmetijazrazgledom.si\/de\/ueber-uns\/\",\"name\":\"\u00dcber uns &#8212; Kmetija z razgledom\",\"isPartOf\":{\"@id\":\"https:\/\/kmetijazrazgledom.si\/#website\"},\"datePublished\":\"2019-11-04T21:19:07+00:00\",\"dateModified\":\"2022-01-31T17:41:17+00:00\",\"description\":\"Die gute Lage unseres Bauernhofes bietet unseren G\u00e4sten die idealen Ferien, sowohl im Sommer als auch im Winter.\",\"breadcrumb\":{\"@id\":\"https:\/\/kmetijazrazgledom.si\/de\/ueber-uns\/#breadcrumb\"},\"inLanguage\":\"de\",\"potentialAction\":[{\"@type\":\"ReadAction\",\"target\":[\"https:\/\/kmetijazrazgledom.si\/de\/ueber-uns\/\"]}]},{\"@type\":\"BreadcrumbList\",\"@id\":\"https:\/\/kmetijazrazgledom.si\/de\/ueber-uns\/#breadcrumb\",\"itemListElement\":[{\"@type\":\"ListItem\",\"position\":1,\"name\":\"Home\",\"item\":\"https:\/\/kmetijazrazgledom.si\/de\/\"},{\"@type\":\"ListItem\",\"position\":2,\"name\":\"\u00dcber uns\"}]},{\"@type\":\"WebSite\",\"@id\":\"https:\/\/kmetijazrazgledom.si\/#website\",\"url\":\"https:\/\/kmetijazrazgledom.si\/\",\"name\":\"Kmetija z razgledom\",\"description\":\"\",\"potentialAction\":[{\"@type\":\"SearchAction\",\"target\":{\"@type\":\"EntryPoint\",\"urlTemplate\":\"https:\/\/kmetijazrazgledom.si\/?s={search_term_string}\"},\"query-input\":\"required name=search_term_string\"}],\"inLanguage\":\"de\"}]}<\/script>\n<!-- \/ Yoast SEO plugin. -->","yoast_head_json":{"title":"\u00dcber uns &#8212; Kmetija z razgledom","description":"Die gute Lage unseres Bauernhofes bietet unseren G\u00e4sten die idealen Ferien, sowohl im Sommer als auch im Winter.","robots":{"index":"index","follow":"follow","max-snippet":"max-snippet:-1","max-image-preview":"max-image-preview:large","max-video-preview":"max-video-preview:-1"},"canonical":"https:\/\/kmetijazrazgledom.si\/de\/ueber-uns\/","og_locale":"de_DE","og_type":"article","og_title":"\u00dcber uns &#8212; Kmetija z razgledom","og_description":"Die gute Lage unseres Bauernhofes bietet unseren G\u00e4sten die idealen Ferien, sowohl im Sommer als auch im Winter.","og_url":"https:\/\/kmetijazrazgledom.si\/de\/ueber-uns\/","og_site_name":"Kmetija z razgledom","article_modified_time":"2022-01-31T17:41:17+00:00","twitter_card":"summary_large_image","twitter_misc":{"Gesch\u00e4tzte Lesezeit":"3\u00a0Minuten"},"schema":{"@context":"https:\/\/schema.org","@graph":[{"@type":"WebPage","@id":"https:\/\/kmetijazrazgledom.si\/de\/ueber-uns\/","url":"https:\/\/kmetijazrazgledom.si\/de\/ueber-uns\/","name":"\u00dcber uns &#8212; Kmetija z razgledom","isPartOf":{"@id":"https:\/\/kmetijazrazgledom.si\/#website"},"datePublished":"2019-11-04T21:19:07+00:00","dateModified":"2022-01-31T17:41:17+00:00","description":"Die gute Lage unseres Bauernhofes bietet unseren G\u00e4sten die idealen Ferien, sowohl im Sommer als auch im Winter.","breadcrumb":{"@id":"https:\/\/kmetijazrazgledom.si\/de\/ueber-uns\/#breadcrumb"},"inLanguage":"de","potentialAction":[{"@type":"ReadAction","target":["https:\/\/kmetijazrazgledom.si\/de\/ueber-uns\/"]}]},{"@type":"BreadcrumbList","@id":"https:\/\/kmetijazrazgledom.si\/de\/ueber-uns\/#breadcrumb","itemListElement":[{"@type":"ListItem","position":1,"name":"Home","item":"https:\/\/kmetijazrazgledom.si\/de\/"},{"@type":"ListItem","position":2,"name":"\u00dcber uns"}]},{"@type":"WebSite","@id":"https:\/\/kmetijazrazgledom.si\/#website","url":"https:\/\/kmetijazrazgledom.si\/","name":"Kmetija z razgledom","description":"","potentialAction":[{"@type":"SearchAction","target":{"@type":"EntryPoint","urlTemplate":"https:\/\/kmetijazrazgledom.si\/?s={search_term_string}"},"query-input":"required name=search_term_string"}],"inLanguage":"de"}]}},"_links":{"self":[{"href":"https:\/\/kmetijazrazgledom.si\/de\/wp-json\/wp\/v2\/pages\/1547"}],"collection":[{"href":"https:\/\/kmetijazrazgledom.si\/de\/wp-json\/wp\/v2\/pages"}],"about":[{"href":"https:\/\/kmetijazrazgledom.si\/de\/wp-json\/wp\/v2\/types\/page"}],"author":[{"embeddable":true,"href":"https:\/\/kmetijazrazgledom.si\/de\/wp-json\/wp\/v2\/users\/1"}],"replies":[{"embeddable":true,"href":"https:\/\/kmetijazrazgledom.si\/de\/wp-json\/wp\/v2\/comments?post=1547"}],"version-history":[{"count":12,"href":"https:\/\/kmetijazrazgledom.si\/de\/wp-json\/wp\/v2\/pages\/1547\/revisions"}],"predecessor-version":[{"id":2856,"href":"https:\/\/kmetijazrazgledom.si\/de\/wp-json\/wp\/v2\/pages\/1547\/revisions\/2856"}],"wp:attachment":[{"href":"https:\/\/kmetijazrazgledom.si\/de\/wp-json\/wp\/v2\/media?parent=1547"}],"curies":[{"name":"wp","href":"https:\/\/api.w.org\/{rel}","templated":true}]}}