{"id":2753,"date":"2021-12-30T10:09:25","date_gmt":"2021-12-30T10:09:25","guid":{"rendered":"https:\/\/kmetijazrazgledom.si\/?page_id=2753"},"modified":"2023-11-21T13:07:06","modified_gmt":"2023-11-21T13:07:06","slug":"kontakt","status":"publish","type":"page","link":"https:\/\/kmetijazrazgledom.si\/de\/kontakt\/","title":{"rendered":"Kontakt"},"content":{"rendered":"<p>[et_pb_section fb_built=&#8220;1&#8243; fullwidth=&#8220;on&#8220; disabled_on=&#8220;on|on|on&#8220; _builder_version=&#8220;3.29.3&#8243; disabled=&#8220;on&#8220; collapsed=&#8220;off&#8220; global_colors_info=&#8220;{}&#8220;][et_pb_fullwidth_header _builder_version=&#8220;3.29.3&#8243; background_image=&#8220;https:\/\/kmetijazrazgledom.si\/wp-content\/uploads\/2019\/10\/KmetijaNaCendovs_home.jpg&#8220; height=&#8220;350px&#8220; global_colors_info=&#8220;{}&#8220;][\/et_pb_fullwidth_header][\/et_pb_section][et_pb_section fb_built=&#8220;1&#8243; fullwidth=&#8220;on&#8220; _builder_version=&#8220;3.29.3&#8243; global_colors_info=&#8220;{}&#8220;][et_pb_fullwidth_map address=&#8220;Dolenji Novaki 44, 5282 Cerkno, Slovenija&#8220; zoom_level=&#8220;12&#8243; address_lat=&#8220;46.1504823&#8243; address_lng=&#8220;14.0392101&#8243; mouse_wheel=&#8220;off&#8220; module_id=&#8220;map_anchor&#8220; _builder_version=&#8220;4.14.2&#8243; child_filter_saturate=&#8220;27%&#8220; child_filter_invert=&#8220;96%&#8220; child_filter_sepia=&#8220;43%&#8220; child_mix_blend_mode=&#8220;multiply&#8220; global_colors_info=&#8220;{}&#8220;][et_pb_map_pin title=&#8220;Novaki&#8220; pin_address=&#8220;Dolenji Novaki 44, 5282 Cerkno, Slovenija&#8220; pin_address_lat=&#8220;46.1504823&#8243; pin_address_lng=&#8220;14.0392101&#8243; _builder_version=&#8220;4.14.2&#8243; global_colors_info=&#8220;{}&#8220;][\/et_pb_map_pin][\/et_pb_fullwidth_map][\/et_pb_section][et_pb_section fb_built=&#8220;1&#8243; admin_label=&#8220;section&#8220; _builder_version=&#8220;3.22&#8243; global_colors_info=&#8220;{}&#8220;][et_pb_row admin_label=&#8220;row&#8220; _builder_version=&#8220;3.29.3&#8243; background_size=&#8220;initial&#8220; background_position=&#8220;top_left&#8220; background_repeat=&#8220;repeat&#8220; global_colors_info=&#8220;{}&#8220;][et_pb_column type=&#8220;4_4&#8243; _builder_version=&#8220;3.29.3&#8243; custom_padding=&#8220;|||&#8220; global_colors_info=&#8220;{}&#8220; custom_padding__hover=&#8220;|||&#8220;][et_pb_post_title meta=&#8220;off&#8220; featured_image=&#8220;off&#8220; _builder_version=&#8220;4.14.2&#8243; global_colors_info=&#8220;{}&#8220;][\/et_pb_post_title][\/et_pb_column][\/et_pb_row][et_pb_row column_structure=&#8220;2_5,3_5&#8243; admin_label=&#8220;row&#8220; _builder_version=&#8220;3.25&#8243; background_size=&#8220;initial&#8220; background_position=&#8220;top_left&#8220; background_repeat=&#8220;repeat&#8220; global_colors_info=&#8220;{}&#8220;][et_pb_column type=&#8220;2_5&#8243; _builder_version=&#8220;3.25&#8243; custom_padding=&#8220;|||&#8220; global_colors_info=&#8220;{}&#8220; custom_padding__hover=&#8220;|||&#8220;][et_pb_text _builder_version=&#8220;4.14.2&#8243; global_colors_info=&#8220;{}&#8220;]<\/p>\n<p><strong>Kmetija Na \u010cendav\u0161<\/strong><br \/>Dolenji Novaki 44<br \/>5282 Cerkno<br \/>tel: +386 41 337 131<\/p>\n<p>[\/et_pb_text][et_pb_text _builder_version=&#8220;4.14.2&#8243; global_colors_info=&#8220;{}&#8220;]<strong>Entfernung zu wichtigen Orten, Natur- und Kultursehensw\u00fcrdigkeiten:<\/strong><\/p>\n<ul>\n<li>Ljubljana \u2013 57km<\/li>\n<li>Die H\u00f6hle von Postojna \u2013 68km<\/li>\n<li>Bled \u2013 55km<\/li>\n<li>Bohinj \u2013 36km<\/li>\n<li>Bovec \u2013 77km<\/li>\n<li>Tolmin \u2013 41km<\/li>\n<li>Flughafen Ljubljana \u2013 53km<\/li>\n<\/ul>\n<p>[\/et_pb_text][et_pb_divider _builder_version=&#8220;4.14.2&#8243; _module_preset=&#8220;default&#8220; global_colors_info=&#8220;{}&#8220; locked=&#8220;off&#8220;][\/et_pb_divider][et_pb_text _builder_version=&#8220;4.14.2&#8243; _module_preset=&#8220;default&#8220; admin_label=&#8220;Reservierungsbedingungen&#8220; hover_enabled=&#8220;0&#8243; sticky_enabled=&#8220;0&#8243;]<\/p>\n<p><strong>Reservierungsbedingungen<\/strong><br \/>Wir erstatten die Anzahlung nicht zur\u00fcck. Im Krankheitsfall (\u00e4rztliches Attest) kann die Reservierung einmal in einem Zeitraum von 6 Monaten verschoben werden, bei einem Mindestaufenthalt von 2, 3 oder 4 N\u00e4chten (je nach Saison). Unter den oben genannten Bedingungen ist eine Verschiebung der Reservierung auch in der Wintersaison m\u00f6glich, wenn das Skigebiet aufgrund von Schneemangel geschlossen ist.<\/p>\n<p>[\/et_pb_text][\/et_pb_column][et_pb_column type=&#8220;3_5&#8243; _builder_version=&#8220;3.25&#8243; custom_padding=&#8220;|||&#8220; global_colors_info=&#8220;{}&#8220; custom_padding__hover=&#8220;|||&#8220;][et_pb_code _builder_version=&#8220;4.14.2&#8243; min_height=&#8220;1000px&#8220; global_colors_info=&#8220;{}&#8220;]<script src=\"\/\/www.bentral.com\/service\/embed\/booking.js?id=7a44514e&#038;width=full&#038;poweredby=0&#038;lang=de&#038;key=88334ea3e3cdfbde5c2a8d0aedb04add\"><\/script>[\/et_pb_code][\/et_pb_column][\/et_pb_row][\/et_pb_section]<\/p>\n","protected":false},"excerpt":{"rendered":"<p>Kmetija Na \u010cendav\u0161Dolenji Novaki 445282 Cerknotel: +386 41 337 131Entfernung zu wichtigen Orten, Natur- und Kultursehensw\u00fcrdigkeiten: Ljubljana \u2013 57km Die H\u00f6hle von Postojna \u2013 68km Bled \u2013 55km Bohinj \u2013 36km Bovec \u2013 77km Tolmin \u2013 41km Flughafen Ljubljana \u2013 53km ReservierungsbedingungenWir erstatten die Anzahlung nicht zur\u00fcck. Im Krankheitsfall (\u00e4rztliches Attest) kann die Reservierung einmal [&hellip;]<\/p>\n","protected":false},"author":2,"featured_media":0,"parent":0,"menu_order":0,"comment_status":"closed","ping_status":"closed","template":"","meta":{"_et_pb_use_builder":"on","_et_pb_old_content":"<p>[et_pb_section fb_built=\"1\" fullwidth=\"on\" disabled_on=\"on|on|on\" _builder_version=\"3.29.3\" disabled=\"on\" collapsed=\"off\" fb_built=\"1\" _i=\"0\" _address=\"0\"][et_pb_fullwidth_header _builder_version=\"3.29.3\" background_image=\"https:\/\/kmetijazrazgledom.si\/wp-content\/uploads\/2019\/10\/KmetijaNaCendovs_home.jpg\" height=\"350px\" _i=\"0\" _address=\"0.0\"][\/et_pb_fullwidth_header][\/et_pb_section][et_pb_section fb_built=\"1\" fullwidth=\"on\" _builder_version=\"3.29.3\" fb_built=\"1\" _i=\"1\" _address=\"1\"][et_pb_fullwidth_map address=\"Dolenji Novaki 44, 5282 Cerkno, Slovenija\" zoom_level=\"12\" address_lat=\"46.1504823\" address_lng=\"14.0392101\" mouse_wheel=\"off\" module_id=\"map_anchor\" _builder_version=\"3.29.3\" child_filter_saturate=\"27%\" child_filter_invert=\"96%\" child_filter_sepia=\"43%\" child_mix_blend_mode=\"multiply\" _i=\"0\" _address=\"1.0\"][et_pb_map_pin title=\"Novaki\" pin_address=\"Dolenji Novaki 44, 5282 Cerkno, Slovenija\" pin_address_lat=\"46.1504823\" pin_address_lng=\"14.0392101\" _builder_version=\"3.29.3\" hover_enabled=\"0\" _i=\"0\" _address=\"1.0.0\"][\/et_pb_map_pin][\/et_pb_fullwidth_map][\/et_pb_section][et_pb_section fb_built=\"1\" admin_label=\"section\" _builder_version=\"3.22\" fb_built=\"1\" _i=\"2\" _address=\"2\"][et_pb_row admin_label=\"row\" _builder_version=\"3.29.3\" background_size=\"initial\" background_position=\"top_left\" background_repeat=\"repeat\" _i=\"0\" _address=\"2.0\"][et_pb_column type=\"4_4\" _builder_version=\"3.29.3\" custom_padding=\"|||\" _i=\"0\" _address=\"2.0.0\" custom_padding__hover=\"|||\"][et_pb_post_title meta=\"off\" featured_image=\"off\" _builder_version=\"3.29.3\" _i=\"0\" _address=\"2.0.0.0\"][\/et_pb_post_title][\/et_pb_column][\/et_pb_row][et_pb_row column_structure=\"2_5,3_5\" admin_label=\"row\" _builder_version=\"3.25\" background_size=\"initial\" background_position=\"top_left\" background_repeat=\"repeat\" _i=\"1\" _address=\"2.1\"][et_pb_column type=\"2_5\" _builder_version=\"3.25\" custom_padding=\"|||\" _i=\"0\" _address=\"2.1.0\" custom_padding__hover=\"|||\"][et_pb_text _builder_version=\"3.29.3\" _i=\"0\" _address=\"2.1.0.0\"]<\/p><p><strong>Kmetija Na \u010cendav\u0161<\/strong><br \/>Dolenji Novaki 44<br \/>5282 Cerkno<br \/>tel: +386 41 337 131<\/p><p>[\/et_pb_text][et_pb_text _builder_version=\"3.29.3\" _i=\"1\" _address=\"2.1.0.1\"]<\/p><p><strong>Oddaljenost pomembnih krajev, naravnih in kulturnih znamenitosti:<\/strong><\/p><ul><li>Ljubljana \u2013 57km<\/li><li>Postojnska jama \u2013 68km<\/li><li>Bled \u2013 55km<\/li><li>Bohinj \u2013 36km<\/li><li>Bovec \u2013 77km<\/li><li>Tolmin \u2013 41km<\/li><li>Letali\u0161\u010de Ljubljana \u2013 53km<\/li><\/ul><p>[\/et_pb_text][\/et_pb_column][et_pb_column type=\"3_5\" _builder_version=\"3.25\" custom_padding=\"|||\" _i=\"1\" _address=\"2.1.1\" custom_padding__hover=\"|||\"][et_pb_code _builder_version=\"3.29.3\" min_height=\"1000px\" hover_enabled=\"0\" _i=\"0\" _address=\"2.1.1.0\"]<script src=\"\/\/www.bentral.com\/service\/embed\/booking.js?id=7a44514e&width=full&poweredby=0&lang=sl&key=88334ea3e3cdfbde5c2a8d0aedb04add\"><\/script>[\/et_pb_code][\/et_pb_column][\/et_pb_row][\/et_pb_section]<\/p>","_et_gb_content_width":"","_monsterinsights_skip_tracking":false,"_monsterinsights_sitenote_active":false,"_monsterinsights_sitenote_note":"","_monsterinsights_sitenote_category":0,"footnotes":""},"yoast_head":"<!-- This site is optimized with the Yoast SEO plugin v21.5 - https:\/\/yoast.com\/wordpress\/plugins\/seo\/ -->\n<title>Kontakt &#8212; Kmetija z razgledom<\/title>\n<meta name=\"description\" content=\"Appartements Kmetija Na \u010cendav\u0161 Dolenji Novaki 44, Cerkno, tel: +386 41 337 131\" \/>\n<meta name=\"robots\" content=\"index, follow, max-snippet:-1, max-image-preview:large, max-video-preview:-1\" \/>\n<link rel=\"canonical\" href=\"https:\/\/kmetijazrazgledom.si\/de\/kontakt\/\" \/>\n<meta property=\"og:locale\" content=\"de_DE\" \/>\n<meta property=\"og:type\" content=\"article\" \/>\n<meta property=\"og:title\" content=\"Kontakt &#8212; Kmetija z razgledom\" \/>\n<meta property=\"og:description\" content=\"Appartements Kmetija Na \u010cendav\u0161 Dolenji Novaki 44, Cerkno, tel: +386 41 337 131\" \/>\n<meta property=\"og:url\" content=\"https:\/\/kmetijazrazgledom.si\/de\/kontakt\/\" \/>\n<meta property=\"og:site_name\" content=\"Kmetija z razgledom\" \/>\n<meta property=\"article:modified_time\" content=\"2023-11-21T13:07:06+00:00\" \/>\n<meta name=\"twitter:card\" content=\"summary_large_image\" \/>\n<meta name=\"twitter:label1\" content=\"Gesch\u00e4tzte Lesezeit\" \/>\n\t<meta name=\"twitter:data1\" content=\"1\u00a0Minute\" \/>\n<script type=\"application\/ld+json\" class=\"yoast-schema-graph\">{\"@context\":\"https:\/\/schema.org\",\"@graph\":[{\"@type\":\"WebPage\",\"@id\":\"https:\/\/kmetijazrazgledom.si\/de\/kontakt\/\",\"url\":\"https:\/\/kmetijazrazgledom.si\/de\/kontakt\/\",\"name\":\"Kontakt &#8212; Kmetija z razgledom\",\"isPartOf\":{\"@id\":\"https:\/\/kmetijazrazgledom.si\/#website\"},\"datePublished\":\"2021-12-30T10:09:25+00:00\",\"dateModified\":\"2023-11-21T13:07:06+00:00\",\"description\":\"Appartements Kmetija Na \u010cendav\u0161 Dolenji Novaki 44, Cerkno, tel: +386 41 337 131\",\"breadcrumb\":{\"@id\":\"https:\/\/kmetijazrazgledom.si\/de\/kontakt\/#breadcrumb\"},\"inLanguage\":\"de\",\"potentialAction\":[{\"@type\":\"ReadAction\",\"target\":[\"https:\/\/kmetijazrazgledom.si\/de\/kontakt\/\"]}]},{\"@type\":\"BreadcrumbList\",\"@id\":\"https:\/\/kmetijazrazgledom.si\/de\/kontakt\/#breadcrumb\",\"itemListElement\":[{\"@type\":\"ListItem\",\"position\":1,\"name\":\"Home\",\"item\":\"https:\/\/kmetijazrazgledom.si\/de\/\"},{\"@type\":\"ListItem\",\"position\":2,\"name\":\"Kontakt\"}]},{\"@type\":\"WebSite\",\"@id\":\"https:\/\/kmetijazrazgledom.si\/#website\",\"url\":\"https:\/\/kmetijazrazgledom.si\/\",\"name\":\"Kmetija z razgledom\",\"description\":\"\",\"potentialAction\":[{\"@type\":\"SearchAction\",\"target\":{\"@type\":\"EntryPoint\",\"urlTemplate\":\"https:\/\/kmetijazrazgledom.si\/?s={search_term_string}\"},\"query-input\":\"required name=search_term_string\"}],\"inLanguage\":\"de\"}]}<\/script>\n<!-- \/ Yoast SEO plugin. -->","yoast_head_json":{"title":"Kontakt &#8212; Kmetija z razgledom","description":"Appartements Kmetija Na \u010cendav\u0161 Dolenji Novaki 44, Cerkno, tel: +386 41 337 131","robots":{"index":"index","follow":"follow","max-snippet":"max-snippet:-1","max-image-preview":"max-image-preview:large","max-video-preview":"max-video-preview:-1"},"canonical":"https:\/\/kmetijazrazgledom.si\/de\/kontakt\/","og_locale":"de_DE","og_type":"article","og_title":"Kontakt &#8212; Kmetija z razgledom","og_description":"Appartements Kmetija Na \u010cendav\u0161 Dolenji Novaki 44, Cerkno, tel: +386 41 337 131","og_url":"https:\/\/kmetijazrazgledom.si\/de\/kontakt\/","og_site_name":"Kmetija z razgledom","article_modified_time":"2023-11-21T13:07:06+00:00","twitter_card":"summary_large_image","twitter_misc":{"Gesch\u00e4tzte Lesezeit":"1\u00a0Minute"},"schema":{"@context":"https:\/\/schema.org","@graph":[{"@type":"WebPage","@id":"https:\/\/kmetijazrazgledom.si\/de\/kontakt\/","url":"https:\/\/kmetijazrazgledom.si\/de\/kontakt\/","name":"Kontakt &#8212; Kmetija z razgledom","isPartOf":{"@id":"https:\/\/kmetijazrazgledom.si\/#website"},"datePublished":"2021-12-30T10:09:25+00:00","dateModified":"2023-11-21T13:07:06+00:00","description":"Appartements Kmetija Na \u010cendav\u0161 Dolenji Novaki 44, Cerkno, tel: +386 41 337 131","breadcrumb":{"@id":"https:\/\/kmetijazrazgledom.si\/de\/kontakt\/#breadcrumb"},"inLanguage":"de","potentialAction":[{"@type":"ReadAction","target":["https:\/\/kmetijazrazgledom.si\/de\/kontakt\/"]}]},{"@type":"BreadcrumbList","@id":"https:\/\/kmetijazrazgledom.si\/de\/kontakt\/#breadcrumb","itemListElement":[{"@type":"ListItem","position":1,"name":"Home","item":"https:\/\/kmetijazrazgledom.si\/de\/"},{"@type":"ListItem","position":2,"name":"Kontakt"}]},{"@type":"WebSite","@id":"https:\/\/kmetijazrazgledom.si\/#website","url":"https:\/\/kmetijazrazgledom.si\/","name":"Kmetija z razgledom","description":"","potentialAction":[{"@type":"SearchAction","target":{"@type":"EntryPoint","urlTemplate":"https:\/\/kmetijazrazgledom.si\/?s={search_term_string}"},"query-input":"required name=search_term_string"}],"inLanguage":"de"}]}},"_links":{"self":[{"href":"https:\/\/kmetijazrazgledom.si\/de\/wp-json\/wp\/v2\/pages\/2753"}],"collection":[{"href":"https:\/\/kmetijazrazgledom.si\/de\/wp-json\/wp\/v2\/pages"}],"about":[{"href":"https:\/\/kmetijazrazgledom.si\/de\/wp-json\/wp\/v2\/types\/page"}],"author":[{"embeddable":true,"href":"https:\/\/kmetijazrazgledom.si\/de\/wp-json\/wp\/v2\/users\/2"}],"replies":[{"embeddable":true,"href":"https:\/\/kmetijazrazgledom.si\/de\/wp-json\/wp\/v2\/comments?post=2753"}],"version-history":[{"count":8,"href":"https:\/\/kmetijazrazgledom.si\/de\/wp-json\/wp\/v2\/pages\/2753\/revisions"}],"predecessor-version":[{"id":3036,"href":"https:\/\/kmetijazrazgledom.si\/de\/wp-json\/wp\/v2\/pages\/2753\/revisions\/3036"}],"wp:attachment":[{"href":"https:\/\/kmetijazrazgledom.si\/de\/wp-json\/wp\/v2\/media?parent=2753"}],"curies":[{"name":"wp","href":"https:\/\/api.w.org\/{rel}","templated":true}]}}