{"id":983,"date":"2019-10-29T10:47:00","date_gmt":"2019-10-29T10:47:00","guid":{"rendered":"https:\/\/kmetijazrazgledom.si\/activities\/pohodnistvo\/"},"modified":"2022-01-07T18:30:10","modified_gmt":"2022-01-07T18:30:10","slug":"pohodnistvo","status":"publish","type":"page","link":"https:\/\/kmetijazrazgledom.si\/en\/activities\/pohodnistvo\/","title":{"rendered":"HIKING"},"content":{"rendered":"<p>[et_pb_section fb_built=&#8221;1&#8243; fullwidth=&#8221;on&#8221; _builder_version=&#8221;3.29.3&#8243; global_colors_info=&#8221;{}&#8221;][et_pb_fullwidth_header _builder_version=&#8221;3.29.3&#8243; background_image=&#8221;https:\/\/kmetijazrazgledom.si\/wp-content\/uploads\/2019\/10\/KmetijaNaCendovs_Porezen.jpg&#8221; background_position=&#8221;top_center&#8221; height=&#8221;350px&#8221; global_colors_info=&#8221;{}&#8221;][\/et_pb_fullwidth_header][\/et_pb_section][et_pb_section fb_built=&#8221;1&#8243; admin_label=&#8221;section&#8221; _builder_version=&#8221;3.22&#8243; global_colors_info=&#8221;{}&#8221;][et_pb_row admin_label=&#8221;row&#8221; _builder_version=&#8221;3.25&#8243; background_size=&#8221;initial&#8221; background_position=&#8221;top_left&#8221; background_repeat=&#8221;repeat&#8221; global_colors_info=&#8221;{}&#8221;][et_pb_column type=&#8221;4_4&#8243; _builder_version=&#8221;3.25&#8243; custom_padding=&#8221;|||&#8221; global_colors_info=&#8221;{}&#8221; custom_padding__hover=&#8221;|||&#8221;][et_pb_post_title meta=&#8221;off&#8221; featured_image=&#8221;off&#8221; _builder_version=&#8221;3.29.3&#8243; global_colors_info=&#8221;{}&#8221;][\/et_pb_post_title][et_pb_text _builder_version=&#8221;3.29.3&#8243; global_colors_info=&#8221;{}&#8221;]<strong>Cerkno and its surroundings belong to the Cerkljansko hribovje (The Cerkno Hills) which is classified as prealpine hill. It is quite steep and reaches the average altitude of 1000 metres. There you can find hills, ridges, plateau, narrow gorges, valleys, crystal clear water, magnificent views, intact nature\u2026 You will not be disappointed. <\/p>\n<p>Mountain hiking trails, long-distance trails and a lot of maintained and marked trails are intertwined.<br \/>\n<\/strong>[\/et_pb_text][\/et_pb_column][\/et_pb_row][et_pb_row column_structure=&#8221;1_2,1_2&#8243; admin_label=&#8221;porezen&#8221; _builder_version=&#8221;3.29.3&#8243; global_colors_info=&#8221;{}&#8221;][et_pb_column type=&#8221;1_2&#8243; _builder_version=&#8221;3.29.3&#8243; global_colors_info=&#8221;{}&#8221;][et_pb_image src=&#8221;https:\/\/kmetijazrazgledom.si\/wp-content\/uploads\/2019\/10\/KmetijaNaCendovs_Porezen01.jpg&#8221; _builder_version=&#8221;3.29.3&#8243; global_colors_info=&#8221;{}&#8221;][\/et_pb_image][\/et_pb_column][et_pb_column type=&#8221;1_2&#8243; _builder_version=&#8221;3.29.3&#8243; global_colors_info=&#8221;{}&#8221;][et_pb_text _builder_version=&#8221;3.29.3&#8243; custom_margin=&#8221;10px||||false|false&#8221; custom_padding=&#8221;10px||||false|false&#8221; global_colors_info=&#8221;{}&#8221;]<\/p>\n<h2>Porezen (1630m)<\/h2>\n<p>Porezen is the highest summit of Cerkljansko hribovje (The Cerkno Hills) which affords a view to the Bohinj mountains, Julian Alps, Karavanke, Kamni\u0161ko Savinjske Alpe (Kamnik-Savinja Alps), Cerkljansko and \u0160kofjelo\u0161ko hribovje (The Cerkno and \u0160kofja Loka Hills), in the south you can see all the way down to the sea. Only a few metres under the top of Cerkno&#8217;s mighty peak you can also find a mountain hut. There is a stamp and a register book at the summit.<\/p>\n<p>At the summit there are a large National Liberation Struggle memorial and some other relics from the time of wars. <\/p>\n<p>There are many marked paths leading to Porezen from the direction of Cerkno and Ba\u0161ka Grapa valley. [\/et_pb_text][\/et_pb_column][\/et_pb_row][et_pb_row column_structure=&#8221;1_2,1_2&#8243; admin_label=&#8221;blego\u0161&#8221; _builder_version=&#8221;3.29.3&#8243; global_colors_info=&#8221;{}&#8221;][et_pb_column type=&#8221;1_2&#8243; _builder_version=&#8221;3.29.3&#8243; global_colors_info=&#8221;{}&#8221;][et_pb_text _builder_version=&#8221;3.29.3&#8243; custom_margin=&#8221;20px||||false|false&#8221; custom_padding=&#8221;20px||||false|false&#8221; global_colors_info=&#8221;{}&#8221;]<\/p>\n<h2>Blego\u0161 (1564m)<\/h2>\n<p>Blego\u0161 is the highest summit of \u0160kofjelo\u0161ko hribovje (\u0160kofja Loka Hills) and besides Porezen and Ratitovec one of the \u201cbig three\u201d prealpine summits with a magnificent view as to Julijske Alpe as to the surrounding hills. There are many marked paths leading to it. At the summit you can find a stamp and a register book. A couple of hundred metres under the top, you can find a mountain hut. [\/et_pb_text][\/et_pb_column][et_pb_column type=&#8221;1_2&#8243; _builder_version=&#8221;3.29.3&#8243; global_colors_info=&#8221;{}&#8221;][et_pb_image src=&#8221;https:\/\/kmetijazrazgledom.si\/wp-content\/uploads\/2019\/10\/KmetijaNaCendovs_Blegos.jpg&#8221; _builder_version=&#8221;3.29.3&#8243; global_colors_info=&#8221;{}&#8221;][\/et_pb_image][\/et_pb_column][\/et_pb_row][et_pb_row column_structure=&#8221;1_2,1_2&#8243; admin_label=&#8221;kopa&#8221; _builder_version=&#8221;3.29.3&#8243; global_colors_info=&#8221;{}&#8221;][et_pb_column type=&#8221;1_2&#8243; _builder_version=&#8221;3.29.3&#8243; global_colors_info=&#8221;{}&#8221;][et_pb_image src=&#8221;https:\/\/kmetijazrazgledom.si\/wp-content\/uploads\/2019\/10\/KmetijaNaCendovs_Kopa.jpg&#8221; _builder_version=&#8221;3.29.3&#8243; global_colors_info=&#8221;{}&#8221;][\/et_pb_image][\/et_pb_column][et_pb_column type=&#8221;1_2&#8243; _builder_version=&#8221;3.29.3&#8243; global_colors_info=&#8221;{}&#8221;][et_pb_text _builder_version=&#8221;3.29.3&#8243; custom_margin=&#8221;20px||||false|false&#8221; custom_padding=&#8221;20px||||false|false&#8221; global_colors_info=&#8221;{}&#8221;]<\/p>\n<h2>Kopa (1360m)<\/h2>\n<p>The locals named this high rock \u201cKapa\u201d or Kopa due to its similarity to charcoal-heaps. Kopa spreads out above the village of Novaki, on the slope of Cimprovka which offers a view to Cerkno and surrounding hills, Trnovski gozd (Trnovo Forest Plateau), in fine weather also all the way to Kamni\u0161ko-Savinjske Alpe (Kamnik-Savinja Alps). The starting point is at Razpet which is on the border between the villages of Novaki and Dav\u010da (a border between the Primorska and Gorenjska Regions).<\/p>\n<p>At the starting point there is an informational signpost from which leads a marked trail to the top of the summit.<\/p>\n<p>[\/et_pb_text][\/et_pb_column][\/et_pb_row][et_pb_row column_structure=&#8221;1_2,1_2&#8243; admin_label=&#8221;kojca&#8221; _builder_version=&#8221;3.29.3&#8243; global_colors_info=&#8221;{}&#8221;][et_pb_column type=&#8221;1_2&#8243; _builder_version=&#8221;3.29.3&#8243; global_colors_info=&#8221;{}&#8221;][et_pb_text _builder_version=&#8221;3.29.3&#8243; custom_margin=&#8221;20px||||false|false&#8221; custom_padding=&#8221;20px||||false|false&#8221; global_colors_info=&#8221;{}&#8221;]<\/p>\n<h2>Kojca (1303)<\/h2>\n<p>Kojca, a mother of Cerkljansko hribovje (The Cerkno Hills), lies south of the Porezen summit. There are many marked trails leading to Kojca: from the villages of Zakojca, Orehek and Jesenica. You can enjoy the view of Cerkljansko hribovje (The Cerkno Hills), Porezen, Bohinj mountains, Ba\u0161ka Grapa valley, \u010crna Prst and all the way to Krn. <\/p>\n<p>On the grassy top there is also a wooden bivouac. [\/et_pb_text][\/et_pb_column][et_pb_column type=&#8221;1_2&#8243; _builder_version=&#8221;3.29.3&#8243; global_colors_info=&#8221;{}&#8221;][et_pb_image src=&#8221;https:\/\/kmetijazrazgledom.si\/wp-content\/uploads\/2019\/10\/KmetijaNaCendovs_Kojca.jpg&#8221; _builder_version=&#8221;3.29.3&#8243; global_colors_info=&#8221;{}&#8221;][\/et_pb_image][\/et_pb_column][\/et_pb_row][et_pb_row column_structure=&#8221;1_2,1_2&#8243; admin_label=&#8221;\u010crni Vrh&#8221; _builder_version=&#8221;3.29.3&#8243; global_colors_info=&#8221;{}&#8221;][et_pb_column type=&#8221;1_2&#8243; _builder_version=&#8221;3.29.3&#8243; global_colors_info=&#8221;{}&#8221;][et_pb_image src=&#8221;https:\/\/kmetijazrazgledom.si\/wp-content\/uploads\/2019\/10\/KmetijaNaCendovs_CrniVrh.jpg&#8221; _builder_version=&#8221;3.29.3&#8243; global_colors_info=&#8221;{}&#8221;][\/et_pb_image][\/et_pb_column][et_pb_column type=&#8221;1_2&#8243; _builder_version=&#8221;3.29.3&#8243; global_colors_info=&#8221;{}&#8221;][et_pb_text _builder_version=&#8221;3.29.3&#8243; custom_margin=&#8221;20px||||false|false&#8221; custom_padding=&#8221;20px||||false|false&#8221; global_colors_info=&#8221;{}&#8221;]<\/p>\n<h2>\u010crni vrh (1291m)<\/h2>\n<p>\u010crni Vrh is the highest point of the Ski resort Cerkno. At the summit there is a nice view of the Julian Alps, Cerkljansko hribovje (The Cerkno hills), in nice weather also all the way to Kamni\u0161ko-Savinjske Alpe (Kamnik-Savinja Alps).<\/p>\n<p>Marked trails lead from Gorenji Novaki, Leskovica&#8230;<\/p>\n<p>[\/et_pb_text][\/et_pb_column][\/et_pb_row][et_pb_row column_structure=&#8221;1_2,1_2&#8243; admin_label=&#8221;ermanovec&#8221; _builder_version=&#8221;3.29.3&#8243; global_colors_info=&#8221;{}&#8221;][et_pb_column type=&#8221;1_2&#8243; _builder_version=&#8221;3.29.3&#8243; global_colors_info=&#8221;{}&#8221;][et_pb_text _builder_version=&#8221;3.29.3&#8243; custom_margin=&#8221;20px||||false|false&#8221; custom_padding=&#8221;20px||||false|false&#8221; global_colors_info=&#8221;{}&#8221;]<\/p>\n<h2>Ermanovec (1026m)<\/h2>\n<p>From Ermanovec there is a magnificent viewpoint which opens up with the entire \u0160kofjelo\u0161ko hribovje (\u0160kofja Loka hills), parts of Cerkljansko hribovje (The Cerkno Hills) and other summits in the area. Many marked hiking trails lead to Ermanovec: from the village of Trebija, Hotavlje and Kladje pass. There is a stamp and a register book at the summit. <\/p>\n<p>Under Ermanovec, at the altitude of 968 metres, there is also a mountain hut. [\/et_pb_text][\/et_pb_column][et_pb_column type=&#8221;1_2&#8243; _builder_version=&#8221;3.29.3&#8243; global_colors_info=&#8221;{}&#8221;][et_pb_image src=&#8221;https:\/\/kmetijazrazgledom.si\/wp-content\/uploads\/2019\/10\/KmetijaNaCendovs_Ermanovec.jpg&#8221; _builder_version=&#8221;3.29.3&#8243; global_colors_info=&#8221;{}&#8221;][\/et_pb_image][\/et_pb_column][\/et_pb_row][\/et_pb_section]<\/p>\n","protected":false},"excerpt":{"rendered":"<p>Cerkno and its surroundings belong to the Cerkljansko hribovje (The Cerkno Hills) which is classified as prealpine hill. It is quite steep and reaches the average altitude of 1000 metres. There you can find hills, ridges, plateau, narrow gorges, valleys, crystal clear water, magnificent views, intact nature\u2026 You will not be disappointed. Mountain hiking trails, [&hellip;]<\/p>\n","protected":false},"author":1,"featured_media":0,"parent":939,"menu_order":0,"comment_status":"closed","ping_status":"closed","template":"","meta":{"_et_pb_use_builder":"on","_et_pb_old_content":"","_et_gb_content_width":"","_monsterinsights_skip_tracking":false,"_monsterinsights_sitenote_active":false,"_monsterinsights_sitenote_note":"","_monsterinsights_sitenote_category":0,"footnotes":""},"yoast_head":"<!-- This site is optimized with the Yoast SEO plugin v21.5 - https:\/\/yoast.com\/wordpress\/plugins\/seo\/ -->\n<title>HIKING &#8212; Kmetija z razgledom<\/title>\n<meta name=\"description\" content=\"Cerkno and its surroundings belong to the Cerkljansko hribovje (The Cerkno Hills) which is classified as prealpine hill.\" \/>\n<meta name=\"robots\" content=\"index, follow, max-snippet:-1, max-image-preview:large, max-video-preview:-1\" \/>\n<link rel=\"canonical\" href=\"https:\/\/kmetijazrazgledom.si\/en\/activities\/pohodnistvo\/\" \/>\n<meta property=\"og:locale\" content=\"en_US\" \/>\n<meta property=\"og:type\" content=\"article\" \/>\n<meta property=\"og:title\" content=\"HIKING &#8212; Kmetija z razgledom\" \/>\n<meta property=\"og:description\" content=\"Cerkno and its surroundings belong to the Cerkljansko hribovje (The Cerkno Hills) which is classified as prealpine hill.\" \/>\n<meta property=\"og:url\" content=\"https:\/\/kmetijazrazgledom.si\/en\/activities\/pohodnistvo\/\" \/>\n<meta property=\"og:site_name\" content=\"Kmetija z razgledom\" \/>\n<meta property=\"article:modified_time\" content=\"2022-01-07T18:30:10+00:00\" \/>\n<meta name=\"twitter:card\" content=\"summary_large_image\" \/>\n<meta name=\"twitter:label1\" content=\"Est. reading time\" \/>\n\t<meta name=\"twitter:data1\" content=\"6 minutes\" \/>\n<script type=\"application\/ld+json\" class=\"yoast-schema-graph\">{\"@context\":\"https:\/\/schema.org\",\"@graph\":[{\"@type\":\"WebPage\",\"@id\":\"https:\/\/kmetijazrazgledom.si\/en\/activities\/pohodnistvo\/\",\"url\":\"https:\/\/kmetijazrazgledom.si\/en\/activities\/pohodnistvo\/\",\"name\":\"HIKING &#8212; Kmetija z razgledom\",\"isPartOf\":{\"@id\":\"https:\/\/kmetijazrazgledom.si\/#website\"},\"datePublished\":\"2019-10-29T10:47:00+00:00\",\"dateModified\":\"2022-01-07T18:30:10+00:00\",\"description\":\"Cerkno and its surroundings belong to the Cerkljansko hribovje (The Cerkno Hills) which is classified as prealpine hill.\",\"breadcrumb\":{\"@id\":\"https:\/\/kmetijazrazgledom.si\/en\/activities\/pohodnistvo\/#breadcrumb\"},\"inLanguage\":\"en-US\",\"potentialAction\":[{\"@type\":\"ReadAction\",\"target\":[\"https:\/\/kmetijazrazgledom.si\/en\/activities\/pohodnistvo\/\"]}]},{\"@type\":\"BreadcrumbList\",\"@id\":\"https:\/\/kmetijazrazgledom.si\/en\/activities\/pohodnistvo\/#breadcrumb\",\"itemListElement\":[{\"@type\":\"ListItem\",\"position\":1,\"name\":\"Home\",\"item\":\"https:\/\/kmetijazrazgledom.si\/en\/\"},{\"@type\":\"ListItem\",\"position\":2,\"name\":\"Activities\",\"item\":\"https:\/\/kmetijazrazgledom.si\/en\/activities\/\"},{\"@type\":\"ListItem\",\"position\":3,\"name\":\"HIKING\"}]},{\"@type\":\"WebSite\",\"@id\":\"https:\/\/kmetijazrazgledom.si\/#website\",\"url\":\"https:\/\/kmetijazrazgledom.si\/\",\"name\":\"Kmetija z razgledom\",\"description\":\"\",\"potentialAction\":[{\"@type\":\"SearchAction\",\"target\":{\"@type\":\"EntryPoint\",\"urlTemplate\":\"https:\/\/kmetijazrazgledom.si\/?s={search_term_string}\"},\"query-input\":\"required name=search_term_string\"}],\"inLanguage\":\"en-US\"}]}<\/script>\n<!-- \/ Yoast SEO plugin. -->","yoast_head_json":{"title":"HIKING &#8212; Kmetija z razgledom","description":"Cerkno and its surroundings belong to the Cerkljansko hribovje (The Cerkno Hills) which is classified as prealpine hill.","robots":{"index":"index","follow":"follow","max-snippet":"max-snippet:-1","max-image-preview":"max-image-preview:large","max-video-preview":"max-video-preview:-1"},"canonical":"https:\/\/kmetijazrazgledom.si\/en\/activities\/pohodnistvo\/","og_locale":"en_US","og_type":"article","og_title":"HIKING &#8212; Kmetija z razgledom","og_description":"Cerkno and its surroundings belong to the Cerkljansko hribovje (The Cerkno Hills) which is classified as prealpine hill.","og_url":"https:\/\/kmetijazrazgledom.si\/en\/activities\/pohodnistvo\/","og_site_name":"Kmetija z razgledom","article_modified_time":"2022-01-07T18:30:10+00:00","twitter_card":"summary_large_image","twitter_misc":{"Est. reading time":"6 minutes"},"schema":{"@context":"https:\/\/schema.org","@graph":[{"@type":"WebPage","@id":"https:\/\/kmetijazrazgledom.si\/en\/activities\/pohodnistvo\/","url":"https:\/\/kmetijazrazgledom.si\/en\/activities\/pohodnistvo\/","name":"HIKING &#8212; Kmetija z razgledom","isPartOf":{"@id":"https:\/\/kmetijazrazgledom.si\/#website"},"datePublished":"2019-10-29T10:47:00+00:00","dateModified":"2022-01-07T18:30:10+00:00","description":"Cerkno and its surroundings belong to the Cerkljansko hribovje (The Cerkno Hills) which is classified as prealpine hill.","breadcrumb":{"@id":"https:\/\/kmetijazrazgledom.si\/en\/activities\/pohodnistvo\/#breadcrumb"},"inLanguage":"en-US","potentialAction":[{"@type":"ReadAction","target":["https:\/\/kmetijazrazgledom.si\/en\/activities\/pohodnistvo\/"]}]},{"@type":"BreadcrumbList","@id":"https:\/\/kmetijazrazgledom.si\/en\/activities\/pohodnistvo\/#breadcrumb","itemListElement":[{"@type":"ListItem","position":1,"name":"Home","item":"https:\/\/kmetijazrazgledom.si\/en\/"},{"@type":"ListItem","position":2,"name":"Activities","item":"https:\/\/kmetijazrazgledom.si\/en\/activities\/"},{"@type":"ListItem","position":3,"name":"HIKING"}]},{"@type":"WebSite","@id":"https:\/\/kmetijazrazgledom.si\/#website","url":"https:\/\/kmetijazrazgledom.si\/","name":"Kmetija z razgledom","description":"","potentialAction":[{"@type":"SearchAction","target":{"@type":"EntryPoint","urlTemplate":"https:\/\/kmetijazrazgledom.si\/?s={search_term_string}"},"query-input":"required name=search_term_string"}],"inLanguage":"en-US"}]}},"_links":{"self":[{"href":"https:\/\/kmetijazrazgledom.si\/en\/wp-json\/wp\/v2\/pages\/983"}],"collection":[{"href":"https:\/\/kmetijazrazgledom.si\/en\/wp-json\/wp\/v2\/pages"}],"about":[{"href":"https:\/\/kmetijazrazgledom.si\/en\/wp-json\/wp\/v2\/types\/page"}],"author":[{"embeddable":true,"href":"https:\/\/kmetijazrazgledom.si\/en\/wp-json\/wp\/v2\/users\/1"}],"replies":[{"embeddable":true,"href":"https:\/\/kmetijazrazgledom.si\/en\/wp-json\/wp\/v2\/comments?post=983"}],"version-history":[{"count":6,"href":"https:\/\/kmetijazrazgledom.si\/en\/wp-json\/wp\/v2\/pages\/983\/revisions"}],"predecessor-version":[{"id":2793,"href":"https:\/\/kmetijazrazgledom.si\/en\/wp-json\/wp\/v2\/pages\/983\/revisions\/2793"}],"up":[{"embeddable":true,"href":"https:\/\/kmetijazrazgledom.si\/en\/wp-json\/wp\/v2\/pages\/939"}],"wp:attachment":[{"href":"https:\/\/kmetijazrazgledom.si\/en\/wp-json\/wp\/v2\/media?parent=983"}],"curies":[{"name":"wp","href":"https:\/\/api.w.org\/{rel}","templated":true}]}}