{"id":1026,"date":"2019-10-29T11:31:29","date_gmt":"2019-10-29T11:31:29","guid":{"rendered":"https:\/\/kmetijazrazgledom.si\/?page_id=1026"},"modified":"2023-11-21T13:03:00","modified_gmt":"2023-11-21T13:03:00","slug":"kontakt","status":"publish","type":"page","link":"https:\/\/kmetijazrazgledom.si\/hr\/kontakt\/","title":{"rendered":"Kontakt"},"content":{"rendered":"<p>[et_pb_section fb_built=&#8221;1&#8243; fullwidth=&#8221;on&#8221; disabled_on=&#8221;on|on|on&#8221; _builder_version=&#8221;3.29.3&#8243; disabled=&#8221;on&#8221; collapsed=&#8221;off&#8221; global_colors_info=&#8221;{}&#8221;][et_pb_fullwidth_header _builder_version=&#8221;3.29.3&#8243; background_image=&#8221;https:\/\/kmetijazrazgledom.si\/wp-content\/uploads\/2019\/10\/KmetijaNaCendovs_home.jpg&#8221; height=&#8221;350px&#8221; global_colors_info=&#8221;{}&#8221;][\/et_pb_fullwidth_header][\/et_pb_section][et_pb_section fb_built=&#8221;1&#8243; fullwidth=&#8221;on&#8221; _builder_version=&#8221;3.29.3&#8243; global_colors_info=&#8221;{}&#8221;][et_pb_fullwidth_map address=&#8221;Dolenji Novaki 44, 5282 Cerkno, Slovenija&#8221; zoom_level=&#8221;12&#8243; address_lat=&#8221;46.1504823&#8243; address_lng=&#8221;14.0392101&#8243; mouse_wheel=&#8221;off&#8221; module_id=&#8221;map_anchor&#8221; _builder_version=&#8221;3.29.3&#8243; child_filter_saturate=&#8221;27%&#8221; child_filter_invert=&#8221;96%&#8221; child_filter_sepia=&#8221;43%&#8221; child_mix_blend_mode=&#8221;multiply&#8221; global_colors_info=&#8221;{}&#8221;][et_pb_map_pin title=&#8221;Novaki&#8221; pin_address=&#8221;Dolenji Novaki 44, 5282 Cerkno, Slovenija&#8221; pin_address_lat=&#8221;46.1504823&#8243; pin_address_lng=&#8221;14.0392101&#8243; _builder_version=&#8221;3.29.3&#8243; global_colors_info=&#8221;{}&#8221;][\/et_pb_map_pin][\/et_pb_fullwidth_map][\/et_pb_section][et_pb_section fb_built=&#8221;1&#8243; admin_label=&#8221;section&#8221; _builder_version=&#8221;3.22&#8243; global_colors_info=&#8221;{}&#8221;][et_pb_row admin_label=&#8221;row&#8221; _builder_version=&#8221;3.29.3&#8243; background_size=&#8221;initial&#8221; background_position=&#8221;top_left&#8221; background_repeat=&#8221;repeat&#8221; global_colors_info=&#8221;{}&#8221;][et_pb_column type=&#8221;4_4&#8243; _builder_version=&#8221;3.29.3&#8243; custom_padding=&#8221;|||&#8221; global_colors_info=&#8221;{}&#8221; custom_padding__hover=&#8221;|||&#8221;][et_pb_post_title meta=&#8221;off&#8221; featured_image=&#8221;off&#8221; _builder_version=&#8221;3.29.3&#8243; global_colors_info=&#8221;{}&#8221;][\/et_pb_post_title][\/et_pb_column][\/et_pb_row][et_pb_row column_structure=&#8221;2_5,3_5&#8243; admin_label=&#8221;row&#8221; _builder_version=&#8221;3.25&#8243; background_size=&#8221;initial&#8221; background_position=&#8221;top_left&#8221; background_repeat=&#8221;repeat&#8221; global_colors_info=&#8221;{}&#8221;][et_pb_column type=&#8221;2_5&#8243; _builder_version=&#8221;3.25&#8243; custom_padding=&#8221;|||&#8221; global_colors_info=&#8221;{}&#8221; custom_padding__hover=&#8221;|||&#8221;][et_pb_text _builder_version=&#8221;3.29.3&#8243; global_colors_info=&#8221;{}&#8221;]<\/p>\n<p><strong>Kmetija Na \u010cendav\u0161\u00a0<\/strong><br \/>Dolenji Novaki 44<br \/>5282 Cerkno<br \/>tel: +386 41 337 131<\/p>\n<p>[\/et_pb_text][et_pb_text _builder_version=&#8221;3.29.3&#8243; global_colors_info=&#8221;{}&#8221;]<\/p>\n<p class=\"p1\"><strong>Udaljenosti va\u017enih mjesta, prirodnih i kulturnih znamenitosti:<\/strong><\/p>\n<ul class=\"ul1\">\n<li class=\"li1\">Ljubljana \u2013 57km<\/li>\n<li class=\"li1\">Postojnska jama \u2013 68km<\/li>\n<li class=\"li1\">Bled \u2013 55km<\/li>\n<li class=\"li1\">Bohinj \u2013 36km<\/li>\n<li class=\"li1\">Bovec \u2013 77km<\/li>\n<li class=\"li1\">Tolmin \u2013 41km<\/li>\n<li class=\"li1\">Zra\u010dna luka Ljubljana \u2013 53km<\/li>\n<\/ul>\n<p>[\/et_pb_text][et_pb_divider _builder_version=&#8221;4.14.2&#8243; _module_preset=&#8221;default&#8221; global_colors_info=&#8221;{}&#8221; locked=&#8221;off&#8221;][\/et_pb_divider][et_pb_text admin_label=&#8221;Pravila i uvjeti rezervacije&#8221; _builder_version=&#8221;4.14.2&#8243; _module_preset=&#8221;default&#8221; global_colors_info=&#8221;{}&#8221;]<\/p>\n<p><strong>Pravila i uvjeti rezervacije<\/strong><br \/>Akontaciju ne vra\u0107amo. U slu\u010daju bolesti (lije\u010dni\u010dka potvrda) rezervaciju je mogu\u0107e odgoditi jednom u razdoblju od 6 mjeseci, uz minimalan boravak od 2, 3 ili 4 no\u0107i (ovisno o sezoni). Pod gore navedenim uvjetima, mogu\u0107e je odgoditi rezervaciju u zimskoj sezoni, ukoliko je skijali\u0161te zatvoreno zbog nedostatka snijega.<\/p>\n<p>[\/et_pb_text][\/et_pb_column][et_pb_column type=&#8221;3_5&#8243; _builder_version=&#8221;3.25&#8243; custom_padding=&#8221;|||&#8221; global_colors_info=&#8221;{}&#8221; custom_padding__hover=&#8221;|||&#8221;][et_pb_code _builder_version=&#8221;4.14.2&#8243; global_colors_info=&#8221;{}&#8221;]<script src=\"\/\/www.bentral.com\/service\/embed\/booking.js?id=7a44514e&#038;width=full&#038;poweredby=0&#038;lang=hr&#038;key=88334ea3e3cdfbde5c2a8d0aedb04add\"><\/script>[\/et_pb_code][\/et_pb_column][\/et_pb_row][\/et_pb_section]<\/p>\n","protected":false},"excerpt":{"rendered":"<p>Kmetija Na \u010cendav\u0161\u00a0Dolenji Novaki 445282 Cerknotel: +386 41 337 131Udaljenosti va\u017enih mjesta, prirodnih i kulturnih znamenitosti: Ljubljana \u2013 57km Postojnska jama \u2013 68km Bled \u2013 55km Bohinj \u2013 36km Bovec \u2013 77km Tolmin \u2013 41km Zra\u010dna luka Ljubljana \u2013 53km Pravila i uvjeti rezervacijeAkontaciju ne vra\u0107amo. U slu\u010daju bolesti (lije\u010dni\u010dka potvrda) rezervaciju je mogu\u0107e odgoditi [&hellip;]<\/p>\n","protected":false},"author":2,"featured_media":0,"parent":0,"menu_order":0,"comment_status":"closed","ping_status":"closed","template":"","meta":{"_et_pb_use_builder":"on","_et_pb_old_content":"","_et_gb_content_width":"","_monsterinsights_skip_tracking":false,"_monsterinsights_sitenote_active":false,"_monsterinsights_sitenote_note":"","_monsterinsights_sitenote_category":0,"footnotes":""},"yoast_head":"<!-- This site is optimized with the Yoast SEO plugin v21.5 - https:\/\/yoast.com\/wordpress\/plugins\/seo\/ -->\n<title>Kontakt &#8212; Kmetija z razgledom<\/title>\n<meta name=\"description\" content=\"Apartmaji Cerkno, Kmetija Na \u010cendav\u0161 - kmetija z razgledom, Dolenji Novaki 44, Cerkno tel: +386 41 337 131\" \/>\n<meta name=\"robots\" content=\"index, follow, max-snippet:-1, max-image-preview:large, max-video-preview:-1\" \/>\n<link rel=\"canonical\" href=\"https:\/\/kmetijazrazgledom.si\/hr\/kontakt\/\" \/>\n<meta property=\"og:locale\" content=\"hr_HR\" \/>\n<meta property=\"og:type\" content=\"article\" \/>\n<meta property=\"og:title\" content=\"Kontakt &#8212; Kmetija z razgledom\" \/>\n<meta property=\"og:description\" content=\"Apartmaji Cerkno, Kmetija Na \u010cendav\u0161 - kmetija z razgledom, Dolenji Novaki 44, Cerkno tel: +386 41 337 131\" \/>\n<meta property=\"og:url\" content=\"https:\/\/kmetijazrazgledom.si\/hr\/kontakt\/\" \/>\n<meta property=\"og:site_name\" content=\"Kmetija z razgledom\" \/>\n<meta property=\"article:modified_time\" content=\"2023-11-21T13:03:00+00:00\" \/>\n<meta name=\"twitter:card\" content=\"summary_large_image\" \/>\n<meta name=\"twitter:label1\" content=\"Procijenjeno vrijeme \u010ditanja\" \/>\n\t<meta name=\"twitter:data1\" content=\"2 minute\" \/>\n<script type=\"application\/ld+json\" class=\"yoast-schema-graph\">{\"@context\":\"https:\/\/schema.org\",\"@graph\":[{\"@type\":\"WebPage\",\"@id\":\"https:\/\/kmetijazrazgledom.si\/hr\/kontakt\/\",\"url\":\"https:\/\/kmetijazrazgledom.si\/hr\/kontakt\/\",\"name\":\"Kontakt &#8212; Kmetija z razgledom\",\"isPartOf\":{\"@id\":\"https:\/\/kmetijazrazgledom.si\/#website\"},\"datePublished\":\"2019-10-29T11:31:29+00:00\",\"dateModified\":\"2023-11-21T13:03:00+00:00\",\"description\":\"Apartmaji Cerkno, Kmetija Na \u010cendav\u0161 - kmetija z razgledom, Dolenji Novaki 44, Cerkno tel: +386 41 337 131\",\"breadcrumb\":{\"@id\":\"https:\/\/kmetijazrazgledom.si\/hr\/kontakt\/#breadcrumb\"},\"inLanguage\":\"hr\",\"potentialAction\":[{\"@type\":\"ReadAction\",\"target\":[\"https:\/\/kmetijazrazgledom.si\/hr\/kontakt\/\"]}]},{\"@type\":\"BreadcrumbList\",\"@id\":\"https:\/\/kmetijazrazgledom.si\/hr\/kontakt\/#breadcrumb\",\"itemListElement\":[{\"@type\":\"ListItem\",\"position\":1,\"name\":\"Home\",\"item\":\"https:\/\/kmetijazrazgledom.si\/hr\/\"},{\"@type\":\"ListItem\",\"position\":2,\"name\":\"Kontakt\"}]},{\"@type\":\"WebSite\",\"@id\":\"https:\/\/kmetijazrazgledom.si\/#website\",\"url\":\"https:\/\/kmetijazrazgledom.si\/\",\"name\":\"Kmetija z razgledom\",\"description\":\"\",\"potentialAction\":[{\"@type\":\"SearchAction\",\"target\":{\"@type\":\"EntryPoint\",\"urlTemplate\":\"https:\/\/kmetijazrazgledom.si\/?s={search_term_string}\"},\"query-input\":\"required name=search_term_string\"}],\"inLanguage\":\"hr\"}]}<\/script>\n<!-- \/ Yoast SEO plugin. -->","yoast_head_json":{"title":"Kontakt &#8212; Kmetija z razgledom","description":"Apartmaji Cerkno, Kmetija Na \u010cendav\u0161 - kmetija z razgledom, Dolenji Novaki 44, Cerkno tel: +386 41 337 131","robots":{"index":"index","follow":"follow","max-snippet":"max-snippet:-1","max-image-preview":"max-image-preview:large","max-video-preview":"max-video-preview:-1"},"canonical":"https:\/\/kmetijazrazgledom.si\/hr\/kontakt\/","og_locale":"hr_HR","og_type":"article","og_title":"Kontakt &#8212; Kmetija z razgledom","og_description":"Apartmaji Cerkno, Kmetija Na \u010cendav\u0161 - kmetija z razgledom, Dolenji Novaki 44, Cerkno tel: +386 41 337 131","og_url":"https:\/\/kmetijazrazgledom.si\/hr\/kontakt\/","og_site_name":"Kmetija z razgledom","article_modified_time":"2023-11-21T13:03:00+00:00","twitter_card":"summary_large_image","twitter_misc":{"Procijenjeno vrijeme \u010ditanja":"2 minute"},"schema":{"@context":"https:\/\/schema.org","@graph":[{"@type":"WebPage","@id":"https:\/\/kmetijazrazgledom.si\/hr\/kontakt\/","url":"https:\/\/kmetijazrazgledom.si\/hr\/kontakt\/","name":"Kontakt &#8212; Kmetija z razgledom","isPartOf":{"@id":"https:\/\/kmetijazrazgledom.si\/#website"},"datePublished":"2019-10-29T11:31:29+00:00","dateModified":"2023-11-21T13:03:00+00:00","description":"Apartmaji Cerkno, Kmetija Na \u010cendav\u0161 - kmetija z razgledom, Dolenji Novaki 44, Cerkno tel: +386 41 337 131","breadcrumb":{"@id":"https:\/\/kmetijazrazgledom.si\/hr\/kontakt\/#breadcrumb"},"inLanguage":"hr","potentialAction":[{"@type":"ReadAction","target":["https:\/\/kmetijazrazgledom.si\/hr\/kontakt\/"]}]},{"@type":"BreadcrumbList","@id":"https:\/\/kmetijazrazgledom.si\/hr\/kontakt\/#breadcrumb","itemListElement":[{"@type":"ListItem","position":1,"name":"Home","item":"https:\/\/kmetijazrazgledom.si\/hr\/"},{"@type":"ListItem","position":2,"name":"Kontakt"}]},{"@type":"WebSite","@id":"https:\/\/kmetijazrazgledom.si\/#website","url":"https:\/\/kmetijazrazgledom.si\/","name":"Kmetija z razgledom","description":"","potentialAction":[{"@type":"SearchAction","target":{"@type":"EntryPoint","urlTemplate":"https:\/\/kmetijazrazgledom.si\/?s={search_term_string}"},"query-input":"required name=search_term_string"}],"inLanguage":"hr"}]}},"_links":{"self":[{"href":"https:\/\/kmetijazrazgledom.si\/hr\/wp-json\/wp\/v2\/pages\/1026"}],"collection":[{"href":"https:\/\/kmetijazrazgledom.si\/hr\/wp-json\/wp\/v2\/pages"}],"about":[{"href":"https:\/\/kmetijazrazgledom.si\/hr\/wp-json\/wp\/v2\/types\/page"}],"author":[{"embeddable":true,"href":"https:\/\/kmetijazrazgledom.si\/hr\/wp-json\/wp\/v2\/users\/2"}],"replies":[{"embeddable":true,"href":"https:\/\/kmetijazrazgledom.si\/hr\/wp-json\/wp\/v2\/comments?post=1026"}],"version-history":[{"count":15,"href":"https:\/\/kmetijazrazgledom.si\/hr\/wp-json\/wp\/v2\/pages\/1026\/revisions"}],"predecessor-version":[{"id":3032,"href":"https:\/\/kmetijazrazgledom.si\/hr\/wp-json\/wp\/v2\/pages\/1026\/revisions\/3032"}],"wp:attachment":[{"href":"https:\/\/kmetijazrazgledom.si\/hr\/wp-json\/wp\/v2\/media?parent=1026"}],"curies":[{"name":"wp","href":"https:\/\/api.w.org\/{rel}","templated":true}]}}