{"id":1045,"date":"2019-10-29T11:44:20","date_gmt":"2019-10-29T11:44:20","guid":{"rendered":"https:\/\/kmetijazrazgledom.si\/?page_id=1045"},"modified":"2022-01-14T16:53:38","modified_gmt":"2022-01-14T16:53:38","slug":"bevkova-kuca","status":"publish","type":"page","link":"https:\/\/kmetijazrazgledom.si\/hr\/prirodne-i-kulturne-znamenitosti\/bevkova-kuca\/","title":{"rendered":"BEVKOVA KU\u0106A"},"content":{"rendered":"<p>[et_pb_section fb_built=&#8221;1&#8243; fullwidth=&#8221;on&#8221; _builder_version=&#8221;3.29.3&#8243; global_colors_info=&#8221;{}&#8221;][et_pb_fullwidth_header _builder_version=&#8221;3.29.3&#8243; background_image=&#8221;https:\/\/kmetijazrazgledom.si\/wp-content\/uploads\/2019\/10\/KmetijaNaCendovs_BevkovaDomacija.jpg&#8221; height=&#8221;350px&#8221; global_colors_info=&#8221;{}&#8221;][\/et_pb_fullwidth_header][\/et_pb_section][et_pb_section fb_built=&#8221;1&#8243; admin_label=&#8221;section&#8221; _builder_version=&#8221;3.22&#8243; global_colors_info=&#8221;{}&#8221;][et_pb_row admin_label=&#8221;row&#8221; _builder_version=&#8221;3.25&#8243; background_size=&#8221;initial&#8221; background_position=&#8221;top_left&#8221; background_repeat=&#8221;repeat&#8221; global_colors_info=&#8221;{}&#8221;][et_pb_column type=&#8221;4_4&#8243; _builder_version=&#8221;3.25&#8243; custom_padding=&#8221;|||&#8221; global_colors_info=&#8221;{}&#8221; custom_padding__hover=&#8221;|||&#8221;][et_pb_post_title meta=&#8221;off&#8221; featured_image=&#8221;off&#8221; _builder_version=&#8221;3.29.3&#8243; global_colors_info=&#8221;{}&#8221;][\/et_pb_post_title][\/et_pb_column][\/et_pb_row][et_pb_row column_structure=&#8221;3_5,2_5&#8243; admin_label=&#8221;row&#8221; _builder_version=&#8221;3.25&#8243; background_size=&#8221;initial&#8221; background_position=&#8221;top_left&#8221; background_repeat=&#8221;repeat&#8221; global_colors_info=&#8221;{}&#8221;][et_pb_column type=&#8221;3_5&#8243; _builder_version=&#8221;3.25&#8243; custom_padding=&#8221;|||&#8221; global_colors_info=&#8221;{}&#8221; custom_padding__hover=&#8221;|||&#8221;][et_pb_text _builder_version=&#8221;3.29.3&#8243; global_colors_info=&#8221;{}&#8221;]<\/p>\n<p class=\"p2\">Zakojca, rodno mjesto knji\u017eevnika, publiciste i politi\u010dara Franca Bevka (1890-1970), nalazi se na sjevernoj padini Kojce i iznad<span class=\"Apple-converted-space\">\u00a0 <\/span>Ba\u0161ke grape.<\/p>\n<p class=\"p2\">Francov je dom bio na Volarevom imanju gdje je proveo djetinjstvo i ranu mladost.<\/p>\n<p class=\"p2\">Danas je u toj ku\u0107i ure\u0111en muzej. U podrumu objekta je mala \u0161tala u prizemlju hodnik i kuhinja s ognji\u0161tem te \u201eku\u0107a\u201d, sredi\u0161nji prostor s kru\u0161nom pe\u0107i, te jo\u0161 mala soba. Potkrovlje danas slu\u017ei kao veliki izlo\u017ebeni prostor, u kojem mo\u017eemo prona\u0107i dokumente, knjige, fotografije koje svjedo\u010de o autorovom \u017eivotu.<\/p>\n<p class=\"p2\">France Bevk, je osobito u najte\u017eim trenucima sa svojim djelima budio u sunarodnjacima nacionalnu svijest i vjeru u bolju budu\u0107nost. \u010cesto je u tim pri\u010dama i romanima opisivao mjesta i ljude ispod Kojce, s kojima je proveo djetinjstvo i mladost.<\/p>\n<p><strong><a href=\"https:\/\/www.muzej-idrija-cerkno.si\/lokacija\/domacija-pisatelja-franceta-bevka\/\" target=\"_blank\" rel=\"noopener noreferrer\">www.muzej-idrija-cerkno.si\/domacija-pisatelja-franceta-bevka<\/a><\/strong><\/p>\n<p>[\/et_pb_text][\/et_pb_column][et_pb_column type=&#8221;2_5&#8243; _builder_version=&#8221;3.25&#8243; custom_padding=&#8221;|||&#8221; global_colors_info=&#8221;{}&#8221; custom_padding__hover=&#8221;|||&#8221;][et_pb_testimonial _builder_version=&#8221;3.29.3&#8243; body_font=&#8221;||on||||||&#8221; body_font_size=&#8221;23px&#8221; global_colors_info=&#8221;{}&#8221;]<\/p>\n<p class=\"p1\">Francov je dom bio na Volarevom imanju gdje je proveo djetinjstvo i ranu mladost. Danas je u toj ku\u0107i ure\u0111en muzej.<\/p>\n<p>[\/et_pb_testimonial][\/et_pb_column][\/et_pb_row][\/et_pb_section]<\/p>\n","protected":false},"excerpt":{"rendered":"<p>Zakojca, rodno mjesto knji\u017eevnika, publiciste i politi\u010dara Franca Bevka (1890-1970), nalazi se na sjevernoj padini Kojce i iznad\u00a0 Ba\u0161ke grape. Francov je dom bio na Volarevom imanju gdje je proveo djetinjstvo i ranu mladost. Danas je u toj ku\u0107i ure\u0111en muzej. U podrumu objekta je mala \u0161tala u prizemlju hodnik i kuhinja s ognji\u0161tem te [&hellip;]<\/p>\n","protected":false},"author":2,"featured_media":0,"parent":1112,"menu_order":0,"comment_status":"closed","ping_status":"closed","template":"","meta":{"_et_pb_use_builder":"on","_et_pb_old_content":"","_et_gb_content_width":"","_monsterinsights_skip_tracking":false,"_monsterinsights_sitenote_active":false,"_monsterinsights_sitenote_note":"","_monsterinsights_sitenote_category":0,"footnotes":""},"yoast_head":"<!-- This site is optimized with the Yoast SEO plugin v21.5 - https:\/\/yoast.com\/wordpress\/plugins\/seo\/ -->\n<title>BEVKOVA KU\u0106A &#8212; Kmetija z razgledom<\/title>\n<meta name=\"description\" content=\"Zakojca, rodno mjesto knji\u017eevnika, publiciste i politi\u010dara Franca Bevka. Tu se nalazi muzej Bevkova ku\u0107a.\" \/>\n<meta name=\"robots\" content=\"index, follow, max-snippet:-1, max-image-preview:large, max-video-preview:-1\" \/>\n<link rel=\"canonical\" href=\"https:\/\/kmetijazrazgledom.si\/hr\/prirodne-i-kulturne-znamenitosti\/bevkova-kuca\/\" \/>\n<meta property=\"og:locale\" content=\"hr_HR\" \/>\n<meta property=\"og:type\" content=\"article\" \/>\n<meta property=\"og:title\" content=\"BEVKOVA KU\u0106A &#8212; Kmetija z razgledom\" \/>\n<meta property=\"og:description\" content=\"Zakojca, rodno mjesto knji\u017eevnika, publiciste i politi\u010dara Franca Bevka. Tu se nalazi muzej Bevkova ku\u0107a.\" \/>\n<meta property=\"og:url\" content=\"https:\/\/kmetijazrazgledom.si\/hr\/prirodne-i-kulturne-znamenitosti\/bevkova-kuca\/\" \/>\n<meta property=\"og:site_name\" content=\"Kmetija z razgledom\" \/>\n<meta property=\"article:modified_time\" content=\"2022-01-14T16:53:38+00:00\" \/>\n<meta name=\"twitter:card\" content=\"summary_large_image\" \/>\n<meta name=\"twitter:label1\" content=\"Procijenjeno vrijeme \u010ditanja\" \/>\n\t<meta name=\"twitter:data1\" content=\"2 minute\" \/>\n<script type=\"application\/ld+json\" class=\"yoast-schema-graph\">{\"@context\":\"https:\/\/schema.org\",\"@graph\":[{\"@type\":\"WebPage\",\"@id\":\"https:\/\/kmetijazrazgledom.si\/hr\/prirodne-i-kulturne-znamenitosti\/bevkova-kuca\/\",\"url\":\"https:\/\/kmetijazrazgledom.si\/hr\/prirodne-i-kulturne-znamenitosti\/bevkova-kuca\/\",\"name\":\"BEVKOVA KU\u0106A &#8212; Kmetija z razgledom\",\"isPartOf\":{\"@id\":\"https:\/\/kmetijazrazgledom.si\/#website\"},\"datePublished\":\"2019-10-29T11:44:20+00:00\",\"dateModified\":\"2022-01-14T16:53:38+00:00\",\"description\":\"Zakojca, rodno mjesto knji\u017eevnika, publiciste i politi\u010dara Franca Bevka. Tu se nalazi muzej Bevkova ku\u0107a.\",\"breadcrumb\":{\"@id\":\"https:\/\/kmetijazrazgledom.si\/hr\/prirodne-i-kulturne-znamenitosti\/bevkova-kuca\/#breadcrumb\"},\"inLanguage\":\"hr\",\"potentialAction\":[{\"@type\":\"ReadAction\",\"target\":[\"https:\/\/kmetijazrazgledom.si\/hr\/prirodne-i-kulturne-znamenitosti\/bevkova-kuca\/\"]}]},{\"@type\":\"BreadcrumbList\",\"@id\":\"https:\/\/kmetijazrazgledom.si\/hr\/prirodne-i-kulturne-znamenitosti\/bevkova-kuca\/#breadcrumb\",\"itemListElement\":[{\"@type\":\"ListItem\",\"position\":1,\"name\":\"Home\",\"item\":\"https:\/\/kmetijazrazgledom.si\/hr\/\"},{\"@type\":\"ListItem\",\"position\":2,\"name\":\"Prirodne i kulturne znamenitosti\",\"item\":\"https:\/\/kmetijazrazgledom.si\/hr\/prirodne-i-kulturne-znamenitosti\/\"},{\"@type\":\"ListItem\",\"position\":3,\"name\":\"BEVKOVA KU\u0106A\"}]},{\"@type\":\"WebSite\",\"@id\":\"https:\/\/kmetijazrazgledom.si\/#website\",\"url\":\"https:\/\/kmetijazrazgledom.si\/\",\"name\":\"Kmetija z razgledom\",\"description\":\"\",\"potentialAction\":[{\"@type\":\"SearchAction\",\"target\":{\"@type\":\"EntryPoint\",\"urlTemplate\":\"https:\/\/kmetijazrazgledom.si\/?s={search_term_string}\"},\"query-input\":\"required name=search_term_string\"}],\"inLanguage\":\"hr\"}]}<\/script>\n<!-- \/ Yoast SEO plugin. -->","yoast_head_json":{"title":"BEVKOVA KU\u0106A &#8212; Kmetija z razgledom","description":"Zakojca, rodno mjesto knji\u017eevnika, publiciste i politi\u010dara Franca Bevka. Tu se nalazi muzej Bevkova ku\u0107a.","robots":{"index":"index","follow":"follow","max-snippet":"max-snippet:-1","max-image-preview":"max-image-preview:large","max-video-preview":"max-video-preview:-1"},"canonical":"https:\/\/kmetijazrazgledom.si\/hr\/prirodne-i-kulturne-znamenitosti\/bevkova-kuca\/","og_locale":"hr_HR","og_type":"article","og_title":"BEVKOVA KU\u0106A &#8212; Kmetija z razgledom","og_description":"Zakojca, rodno mjesto knji\u017eevnika, publiciste i politi\u010dara Franca Bevka. Tu se nalazi muzej Bevkova ku\u0107a.","og_url":"https:\/\/kmetijazrazgledom.si\/hr\/prirodne-i-kulturne-znamenitosti\/bevkova-kuca\/","og_site_name":"Kmetija z razgledom","article_modified_time":"2022-01-14T16:53:38+00:00","twitter_card":"summary_large_image","twitter_misc":{"Procijenjeno vrijeme \u010ditanja":"2 minute"},"schema":{"@context":"https:\/\/schema.org","@graph":[{"@type":"WebPage","@id":"https:\/\/kmetijazrazgledom.si\/hr\/prirodne-i-kulturne-znamenitosti\/bevkova-kuca\/","url":"https:\/\/kmetijazrazgledom.si\/hr\/prirodne-i-kulturne-znamenitosti\/bevkova-kuca\/","name":"BEVKOVA KU\u0106A &#8212; Kmetija z razgledom","isPartOf":{"@id":"https:\/\/kmetijazrazgledom.si\/#website"},"datePublished":"2019-10-29T11:44:20+00:00","dateModified":"2022-01-14T16:53:38+00:00","description":"Zakojca, rodno mjesto knji\u017eevnika, publiciste i politi\u010dara Franca Bevka. Tu se nalazi muzej Bevkova ku\u0107a.","breadcrumb":{"@id":"https:\/\/kmetijazrazgledom.si\/hr\/prirodne-i-kulturne-znamenitosti\/bevkova-kuca\/#breadcrumb"},"inLanguage":"hr","potentialAction":[{"@type":"ReadAction","target":["https:\/\/kmetijazrazgledom.si\/hr\/prirodne-i-kulturne-znamenitosti\/bevkova-kuca\/"]}]},{"@type":"BreadcrumbList","@id":"https:\/\/kmetijazrazgledom.si\/hr\/prirodne-i-kulturne-znamenitosti\/bevkova-kuca\/#breadcrumb","itemListElement":[{"@type":"ListItem","position":1,"name":"Home","item":"https:\/\/kmetijazrazgledom.si\/hr\/"},{"@type":"ListItem","position":2,"name":"Prirodne i kulturne znamenitosti","item":"https:\/\/kmetijazrazgledom.si\/hr\/prirodne-i-kulturne-znamenitosti\/"},{"@type":"ListItem","position":3,"name":"BEVKOVA KU\u0106A"}]},{"@type":"WebSite","@id":"https:\/\/kmetijazrazgledom.si\/#website","url":"https:\/\/kmetijazrazgledom.si\/","name":"Kmetija z razgledom","description":"","potentialAction":[{"@type":"SearchAction","target":{"@type":"EntryPoint","urlTemplate":"https:\/\/kmetijazrazgledom.si\/?s={search_term_string}"},"query-input":"required name=search_term_string"}],"inLanguage":"hr"}]}},"_links":{"self":[{"href":"https:\/\/kmetijazrazgledom.si\/hr\/wp-json\/wp\/v2\/pages\/1045"}],"collection":[{"href":"https:\/\/kmetijazrazgledom.si\/hr\/wp-json\/wp\/v2\/pages"}],"about":[{"href":"https:\/\/kmetijazrazgledom.si\/hr\/wp-json\/wp\/v2\/types\/page"}],"author":[{"embeddable":true,"href":"https:\/\/kmetijazrazgledom.si\/hr\/wp-json\/wp\/v2\/users\/2"}],"replies":[{"embeddable":true,"href":"https:\/\/kmetijazrazgledom.si\/hr\/wp-json\/wp\/v2\/comments?post=1045"}],"version-history":[{"count":6,"href":"https:\/\/kmetijazrazgledom.si\/hr\/wp-json\/wp\/v2\/pages\/1045\/revisions"}],"predecessor-version":[{"id":2831,"href":"https:\/\/kmetijazrazgledom.si\/hr\/wp-json\/wp\/v2\/pages\/1045\/revisions\/2831"}],"up":[{"embeddable":true,"href":"https:\/\/kmetijazrazgledom.si\/hr\/wp-json\/wp\/v2\/pages\/1112"}],"wp:attachment":[{"href":"https:\/\/kmetijazrazgledom.si\/hr\/wp-json\/wp\/v2\/media?parent=1045"}],"curies":[{"name":"wp","href":"https:\/\/api.w.org\/{rel}","templated":true}]}}