{"id":1082,"date":"2019-10-29T12:21:59","date_gmt":"2019-10-29T12:21:59","guid":{"rendered":"https:\/\/kmetijazrazgledom.si\/?page_id=1082"},"modified":"2022-01-14T16:49:40","modified_gmt":"2022-01-14T16:49:40","slug":"jazz-cerkno-i-festival-keltika","status":"publish","type":"page","link":"https:\/\/kmetijazrazgledom.si\/hr\/prirodne-i-kulturne-znamenitosti\/jazz-cerkno-i-festival-keltika\/","title":{"rendered":"JAZZ CERKNO I FESTIVAL KELTIKA"},"content":{"rendered":"<p>[et_pb_section fb_built=&#8221;1&#8243; fullwidth=&#8221;on&#8221; _builder_version=&#8221;3.29.3&#8243; global_colors_info=&#8221;{}&#8221;][et_pb_fullwidth_header _builder_version=&#8221;3.29.3&#8243; background_image=&#8221;https:\/\/kmetijazrazgledom.si\/wp-content\/uploads\/2019\/10\/KmetijaNaCendovs_JazzCerkno.jpg&#8221; background_position=&#8221;bottom_center&#8221; height=&#8221;350px&#8221; global_colors_info=&#8221;{}&#8221;][\/et_pb_fullwidth_header][\/et_pb_section][et_pb_section fb_built=&#8221;1&#8243; admin_label=&#8221;section&#8221; _builder_version=&#8221;3.22&#8243; global_colors_info=&#8221;{}&#8221;][et_pb_row admin_label=&#8221;row&#8221; _builder_version=&#8221;3.25&#8243; background_size=&#8221;initial&#8221; background_position=&#8221;top_left&#8221; background_repeat=&#8221;repeat&#8221; global_colors_info=&#8221;{}&#8221;][et_pb_column type=&#8221;4_4&#8243; _builder_version=&#8221;3.25&#8243; custom_padding=&#8221;|||&#8221; global_colors_info=&#8221;{}&#8221; custom_padding__hover=&#8221;|||&#8221;][et_pb_post_title meta=&#8221;off&#8221; featured_image=&#8221;off&#8221; _builder_version=&#8221;3.29.3&#8243; global_colors_info=&#8221;{}&#8221;][\/et_pb_post_title][\/et_pb_column][\/et_pb_row][et_pb_row column_structure=&#8221;3_5,2_5&#8243; admin_label=&#8221;row&#8221; _builder_version=&#8221;3.25&#8243; background_size=&#8221;initial&#8221; background_position=&#8221;top_left&#8221; background_repeat=&#8221;repeat&#8221; global_colors_info=&#8221;{}&#8221;][et_pb_column type=&#8221;3_5&#8243; _builder_version=&#8221;3.25&#8243; custom_padding=&#8221;|||&#8221; global_colors_info=&#8221;{}&#8221; custom_padding__hover=&#8221;|||&#8221;][et_pb_text _builder_version=&#8221;3.29.3&#8243; global_colors_info=&#8221;{}&#8221;]<\/p>\n<p class=\"p1\">Cerkno nudi osim prirodnih i kulturnih znamenitosti, tako\u0111er bogata koncertna doga\u0111anja. U svibnju se u centru grada Cerkno organizira festivalski doga\u0111aj Jazz Cerkno na kojem nastupaju svjetski poznata jazz imena.<\/p>\n<p class=\"p1\">Festival Keltika se odr\u017eava tijekom cijele godine, koncerti se odr\u017eavaju u Baru pr&#8217; Gabrijelu, a, ljeti na trgu ispred bara. Radi se o glazbenom ispreplitanju, rock, etno i alternativnih \u017eanrova, ukratko, za svako uho po ne\u0161to.<\/p>\n<p><strong><a href=\"http:\/\/www.jazzcerkno.si\/\" target=\"_blank\" rel=\"noopener noreferrer\">www.jazzcerkno.si<\/a><\/strong><\/p>\n<p>[\/et_pb_text][\/et_pb_column][et_pb_column type=&#8221;2_5&#8243; _builder_version=&#8221;3.25&#8243; custom_padding=&#8221;|||&#8221; global_colors_info=&#8221;{}&#8221; custom_padding__hover=&#8221;|||&#8221;][et_pb_testimonial _builder_version=&#8221;3.29.3&#8243; body_font=&#8221;||on||||||&#8221; body_font_size=&#8221;23px&#8221; global_colors_info=&#8221;{}&#8221;]<\/p>\n<p class=\"p1\">Cerkno nudi osim prirodnih i kulturnih znamenitosti, tako\u0111er bogata koncertna doga\u0111anja.<\/p>\n<p>[\/et_pb_testimonial][\/et_pb_column][\/et_pb_row][\/et_pb_section]<\/p>\n","protected":false},"excerpt":{"rendered":"<p>Cerkno nudi osim prirodnih i kulturnih znamenitosti, tako\u0111er bogata koncertna doga\u0111anja. U svibnju se u centru grada Cerkno organizira festivalski doga\u0111aj Jazz Cerkno na kojem nastupaju svjetski poznata jazz imena. Festival Keltika se odr\u017eava tijekom cijele godine, koncerti se odr\u017eavaju u Baru pr&#8217; Gabrijelu, a, ljeti na trgu ispred bara. Radi se o glazbenom ispreplitanju, [&hellip;]<\/p>\n","protected":false},"author":2,"featured_media":0,"parent":1112,"menu_order":0,"comment_status":"closed","ping_status":"closed","template":"","meta":{"_et_pb_use_builder":"on","_et_pb_old_content":"","_et_gb_content_width":"","_monsterinsights_skip_tracking":false,"_monsterinsights_sitenote_active":false,"_monsterinsights_sitenote_note":"","_monsterinsights_sitenote_category":0,"footnotes":""},"yoast_head":"<!-- This site is optimized with the Yoast SEO plugin v21.5 - https:\/\/yoast.com\/wordpress\/plugins\/seo\/ -->\n<title>JAZZ CERKNO I FESTIVAL KELTIKA &#8212; Kmetija z razgledom<\/title>\n<meta name=\"description\" content=\"U svibnju se u centru grada Cerkno organizira festivalski doga\u0111aj Jazz Cerkno na kojem nastupaju svjetski poznata jazz imena.\" \/>\n<meta name=\"robots\" content=\"index, follow, max-snippet:-1, max-image-preview:large, max-video-preview:-1\" \/>\n<link rel=\"canonical\" href=\"https:\/\/kmetijazrazgledom.si\/hr\/prirodne-i-kulturne-znamenitosti\/jazz-cerkno-i-festival-keltika\/\" \/>\n<meta property=\"og:locale\" content=\"hr_HR\" \/>\n<meta property=\"og:type\" content=\"article\" \/>\n<meta property=\"og:title\" content=\"JAZZ CERKNO I FESTIVAL KELTIKA &#8212; Kmetija z razgledom\" \/>\n<meta property=\"og:description\" content=\"U svibnju se u centru grada Cerkno organizira festivalski doga\u0111aj Jazz Cerkno na kojem nastupaju svjetski poznata jazz imena.\" \/>\n<meta property=\"og:url\" content=\"https:\/\/kmetijazrazgledom.si\/hr\/prirodne-i-kulturne-znamenitosti\/jazz-cerkno-i-festival-keltika\/\" \/>\n<meta property=\"og:site_name\" content=\"Kmetija z razgledom\" \/>\n<meta property=\"article:modified_time\" content=\"2022-01-14T16:49:40+00:00\" \/>\n<meta name=\"twitter:card\" content=\"summary_large_image\" \/>\n<meta name=\"twitter:label1\" content=\"Procijenjeno vrijeme \u010ditanja\" \/>\n\t<meta name=\"twitter:data1\" content=\"1 minuta\" \/>\n<script type=\"application\/ld+json\" class=\"yoast-schema-graph\">{\"@context\":\"https:\/\/schema.org\",\"@graph\":[{\"@type\":\"WebPage\",\"@id\":\"https:\/\/kmetijazrazgledom.si\/hr\/prirodne-i-kulturne-znamenitosti\/jazz-cerkno-i-festival-keltika\/\",\"url\":\"https:\/\/kmetijazrazgledom.si\/hr\/prirodne-i-kulturne-znamenitosti\/jazz-cerkno-i-festival-keltika\/\",\"name\":\"JAZZ CERKNO I FESTIVAL KELTIKA &#8212; Kmetija z razgledom\",\"isPartOf\":{\"@id\":\"https:\/\/kmetijazrazgledom.si\/#website\"},\"datePublished\":\"2019-10-29T12:21:59+00:00\",\"dateModified\":\"2022-01-14T16:49:40+00:00\",\"description\":\"U svibnju se u centru grada Cerkno organizira festivalski doga\u0111aj Jazz Cerkno na kojem nastupaju svjetski poznata jazz imena.\",\"breadcrumb\":{\"@id\":\"https:\/\/kmetijazrazgledom.si\/hr\/prirodne-i-kulturne-znamenitosti\/jazz-cerkno-i-festival-keltika\/#breadcrumb\"},\"inLanguage\":\"hr\",\"potentialAction\":[{\"@type\":\"ReadAction\",\"target\":[\"https:\/\/kmetijazrazgledom.si\/hr\/prirodne-i-kulturne-znamenitosti\/jazz-cerkno-i-festival-keltika\/\"]}]},{\"@type\":\"BreadcrumbList\",\"@id\":\"https:\/\/kmetijazrazgledom.si\/hr\/prirodne-i-kulturne-znamenitosti\/jazz-cerkno-i-festival-keltika\/#breadcrumb\",\"itemListElement\":[{\"@type\":\"ListItem\",\"position\":1,\"name\":\"Home\",\"item\":\"https:\/\/kmetijazrazgledom.si\/hr\/\"},{\"@type\":\"ListItem\",\"position\":2,\"name\":\"Prirodne i kulturne znamenitosti\",\"item\":\"https:\/\/kmetijazrazgledom.si\/hr\/prirodne-i-kulturne-znamenitosti\/\"},{\"@type\":\"ListItem\",\"position\":3,\"name\":\"JAZZ CERKNO I FESTIVAL KELTIKA\"}]},{\"@type\":\"WebSite\",\"@id\":\"https:\/\/kmetijazrazgledom.si\/#website\",\"url\":\"https:\/\/kmetijazrazgledom.si\/\",\"name\":\"Kmetija z razgledom\",\"description\":\"\",\"potentialAction\":[{\"@type\":\"SearchAction\",\"target\":{\"@type\":\"EntryPoint\",\"urlTemplate\":\"https:\/\/kmetijazrazgledom.si\/?s={search_term_string}\"},\"query-input\":\"required name=search_term_string\"}],\"inLanguage\":\"hr\"}]}<\/script>\n<!-- \/ Yoast SEO plugin. -->","yoast_head_json":{"title":"JAZZ CERKNO I FESTIVAL KELTIKA &#8212; Kmetija z razgledom","description":"U svibnju se u centru grada Cerkno organizira festivalski doga\u0111aj Jazz Cerkno na kojem nastupaju svjetski poznata jazz imena.","robots":{"index":"index","follow":"follow","max-snippet":"max-snippet:-1","max-image-preview":"max-image-preview:large","max-video-preview":"max-video-preview:-1"},"canonical":"https:\/\/kmetijazrazgledom.si\/hr\/prirodne-i-kulturne-znamenitosti\/jazz-cerkno-i-festival-keltika\/","og_locale":"hr_HR","og_type":"article","og_title":"JAZZ CERKNO I FESTIVAL KELTIKA &#8212; Kmetija z razgledom","og_description":"U svibnju se u centru grada Cerkno organizira festivalski doga\u0111aj Jazz Cerkno na kojem nastupaju svjetski poznata jazz imena.","og_url":"https:\/\/kmetijazrazgledom.si\/hr\/prirodne-i-kulturne-znamenitosti\/jazz-cerkno-i-festival-keltika\/","og_site_name":"Kmetija z razgledom","article_modified_time":"2022-01-14T16:49:40+00:00","twitter_card":"summary_large_image","twitter_misc":{"Procijenjeno vrijeme \u010ditanja":"1 minuta"},"schema":{"@context":"https:\/\/schema.org","@graph":[{"@type":"WebPage","@id":"https:\/\/kmetijazrazgledom.si\/hr\/prirodne-i-kulturne-znamenitosti\/jazz-cerkno-i-festival-keltika\/","url":"https:\/\/kmetijazrazgledom.si\/hr\/prirodne-i-kulturne-znamenitosti\/jazz-cerkno-i-festival-keltika\/","name":"JAZZ CERKNO I FESTIVAL KELTIKA &#8212; Kmetija z razgledom","isPartOf":{"@id":"https:\/\/kmetijazrazgledom.si\/#website"},"datePublished":"2019-10-29T12:21:59+00:00","dateModified":"2022-01-14T16:49:40+00:00","description":"U svibnju se u centru grada Cerkno organizira festivalski doga\u0111aj Jazz Cerkno na kojem nastupaju svjetski poznata jazz imena.","breadcrumb":{"@id":"https:\/\/kmetijazrazgledom.si\/hr\/prirodne-i-kulturne-znamenitosti\/jazz-cerkno-i-festival-keltika\/#breadcrumb"},"inLanguage":"hr","potentialAction":[{"@type":"ReadAction","target":["https:\/\/kmetijazrazgledom.si\/hr\/prirodne-i-kulturne-znamenitosti\/jazz-cerkno-i-festival-keltika\/"]}]},{"@type":"BreadcrumbList","@id":"https:\/\/kmetijazrazgledom.si\/hr\/prirodne-i-kulturne-znamenitosti\/jazz-cerkno-i-festival-keltika\/#breadcrumb","itemListElement":[{"@type":"ListItem","position":1,"name":"Home","item":"https:\/\/kmetijazrazgledom.si\/hr\/"},{"@type":"ListItem","position":2,"name":"Prirodne i kulturne znamenitosti","item":"https:\/\/kmetijazrazgledom.si\/hr\/prirodne-i-kulturne-znamenitosti\/"},{"@type":"ListItem","position":3,"name":"JAZZ CERKNO I FESTIVAL KELTIKA"}]},{"@type":"WebSite","@id":"https:\/\/kmetijazrazgledom.si\/#website","url":"https:\/\/kmetijazrazgledom.si\/","name":"Kmetija z razgledom","description":"","potentialAction":[{"@type":"SearchAction","target":{"@type":"EntryPoint","urlTemplate":"https:\/\/kmetijazrazgledom.si\/?s={search_term_string}"},"query-input":"required name=search_term_string"}],"inLanguage":"hr"}]}},"_links":{"self":[{"href":"https:\/\/kmetijazrazgledom.si\/hr\/wp-json\/wp\/v2\/pages\/1082"}],"collection":[{"href":"https:\/\/kmetijazrazgledom.si\/hr\/wp-json\/wp\/v2\/pages"}],"about":[{"href":"https:\/\/kmetijazrazgledom.si\/hr\/wp-json\/wp\/v2\/types\/page"}],"author":[{"embeddable":true,"href":"https:\/\/kmetijazrazgledom.si\/hr\/wp-json\/wp\/v2\/users\/2"}],"replies":[{"embeddable":true,"href":"https:\/\/kmetijazrazgledom.si\/hr\/wp-json\/wp\/v2\/comments?post=1082"}],"version-history":[{"count":5,"href":"https:\/\/kmetijazrazgledom.si\/hr\/wp-json\/wp\/v2\/pages\/1082\/revisions"}],"predecessor-version":[{"id":2828,"href":"https:\/\/kmetijazrazgledom.si\/hr\/wp-json\/wp\/v2\/pages\/1082\/revisions\/2828"}],"up":[{"embeddable":true,"href":"https:\/\/kmetijazrazgledom.si\/hr\/wp-json\/wp\/v2\/pages\/1112"}],"wp:attachment":[{"href":"https:\/\/kmetijazrazgledom.si\/hr\/wp-json\/wp\/v2\/media?parent=1082"}],"curies":[{"name":"wp","href":"https:\/\/api.w.org\/{rel}","templated":true}]}}