{"id":1089,"date":"2019-10-29T12:31:34","date_gmt":"2019-10-29T12:31:34","guid":{"rendered":"https:\/\/kmetijazrazgledom.si\/?page_id=1089"},"modified":"2022-01-14T16:59:13","modified_gmt":"2022-01-14T16:59:13","slug":"partizanska-bolnica-franja-i-sutjeska-pasice","status":"publish","type":"page","link":"https:\/\/kmetijazrazgledom.si\/hr\/prirodne-i-kulturne-znamenitosti\/partizanska-bolnica-franja-i-sutjeska-pasice\/","title":{"rendered":"PARTIZANSKA BOLNICA FRANJA I SUTJESKA PASICE"},"content":{"rendered":"<p>[et_pb_section fb_built=&#8221;1&#8243; fullwidth=&#8221;on&#8221; _builder_version=&#8221;3.29.3&#8243; global_colors_info=&#8221;{}&#8221;][et_pb_fullwidth_header _builder_version=&#8221;3.29.3&#8243; background_image=&#8221;https:\/\/kmetijazrazgledom.si\/wp-content\/uploads\/2019\/10\/KmetijaNaCendovs_BolnicaFranja.jpg&#8221; height=&#8221;350px&#8221; global_colors_info=&#8221;{}&#8221;][\/et_pb_fullwidth_header][\/et_pb_section][et_pb_section fb_built=&#8221;1&#8243; admin_label=&#8221;section&#8221; _builder_version=&#8221;3.22&#8243; global_colors_info=&#8221;{}&#8221;][et_pb_row admin_label=&#8221;row&#8221; _builder_version=&#8221;3.25&#8243; background_size=&#8221;initial&#8221; background_position=&#8221;top_left&#8221; background_repeat=&#8221;repeat&#8221; global_colors_info=&#8221;{}&#8221;][et_pb_column type=&#8221;4_4&#8243; _builder_version=&#8221;3.25&#8243; custom_padding=&#8221;|||&#8221; global_colors_info=&#8221;{}&#8221; custom_padding__hover=&#8221;|||&#8221;][et_pb_post_title meta=&#8221;off&#8221; featured_image=&#8221;off&#8221; _builder_version=&#8221;3.29.3&#8243; global_colors_info=&#8221;{}&#8221;][\/et_pb_post_title][\/et_pb_column][\/et_pb_row][et_pb_row column_structure=&#8221;3_5,2_5&#8243; admin_label=&#8221;row&#8221; _builder_version=&#8221;3.25&#8243; background_size=&#8221;initial&#8221; background_position=&#8221;top_left&#8221; background_repeat=&#8221;repeat&#8221; global_colors_info=&#8221;{}&#8221;][et_pb_column type=&#8221;3_5&#8243; _builder_version=&#8221;3.25&#8243; custom_padding=&#8221;|||&#8221; global_colors_info=&#8221;{}&#8221; custom_padding__hover=&#8221;|||&#8221;][et_pb_text _builder_version=&#8221;3.29.3&#8243; global_colors_info=&#8221;{}&#8221;]<\/p>\n<p class=\"p1\">Partizanska bolnica Franja, simbol me\u0111unarodnog povezivanja i otpora fa\u0161izmu i nacizmu tijekom Drugog svjetskog rata.<\/p>\n<p class=\"p1\">Izgra\u0111ena je izme\u0111u 1943. i 1945. godine, sastoji se od 14 baraka i nekoliko pomo\u0107nih objekata. Nalazi se u vrlo uskom, te\u0161ko dostupnoj sutjeski Pasice, koju je oblikovao potok \u010cerin\u0161\u010dica.<\/p>\n<p class=\"p1\">Dr. Franja Bojc Bidovec, ubrzo nakon uspostave bolnice, preuzela je funkciju upravitelja, a ba\u0161 po njoj je partizanska bolnica dobila ime.<\/p>\n<p class=\"p1\">Ovdje je lije\u010deno 578 te\u0161kih ranjenika, dok je u deset vanjskih odjeljaka bolnice bilo oko 300 lak\u0161e ranjenih osoba. Pristupni put do bolnice vodio je preko korita rijeke \u010cerin\u0161\u010dice, a ranjenicima su bile vezane o\u010di prije prebacivanja, koje se izvodilo no\u0107u, tako da nisu mogli izdati gdje se lije\u010de. Bila je dobro skrivena, njezin obrambeni sustav djelotvoran, jer je neprijatelj nikada nije prona\u0161ao.<\/p>\n<p class=\"p1\">Godine 2007. spomenik je gotovo uni\u0161ten i kasnije obnovljen. Na mjestima starih baraka i odnesenih bolni\u010dkih predmeta postavljene su replike, dok je ostatak originalnih predmeta u muzeju u Cerknom.<\/p>\n<p class=\"p1\">Partizanska bolnica Franja je spomenik od nacionalnog zna\u010daja, uvr\u0161ten na Probni UNESCO-v popis svjetske ba\u0161tine i nosi oznaku europske ba\u0161tine.<\/p>\n<p class=\"p1\">Sutjesku Pasice u Dolenjim Novakima, izme\u0111u gora Mali i Veliki Njiv\u010d, karakterizira potok \u010ceren\u0161\u010dica. Na svom putu pravi brojne virove, slapove i fosilne posude &#8211; drasle. U vapnencu kao stjenovitoj podlozi pojavljuju se te karakteristi\u010dne kra\u0161ke pojave. Teren je prirodno, bez pomagala, prakti\u010dki neprohodan. Do partizanske bolnice Franja, koja se nalazi duboko u sutjeski, vodi ure\u0111en strm pje\u0161a\u010dki put s drvenim mosti\u0107ima.<\/p>\n<p><strong><a href=\"http:\/\/www.muzej-idrija-cerkno.si\/index.php\/sl\/lokacijerazstave\/stalne-razstave\/partizanska-bolnica-franja.html\" target=\"_blank\" rel=\"noopener noreferrer\">www.muzej-idrija-cerkno.si\/partizanska-bolnica-franja<\/a><\/strong><\/p>\n<p>[\/et_pb_text][\/et_pb_column][et_pb_column type=&#8221;2_5&#8243; _builder_version=&#8221;3.25&#8243; custom_padding=&#8221;|||&#8221; global_colors_info=&#8221;{}&#8221; custom_padding__hover=&#8221;|||&#8221;][et_pb_testimonial _builder_version=&#8221;3.29.3&#8243; body_font=&#8221;||on||||||&#8221; body_font_size=&#8221;23px&#8221; global_colors_info=&#8221;{}&#8221;]<\/p>\n<p class=\"p1\">Partizanska bolnica Franja, simbol me\u0111unarodnog povezivanja i otpora fa\u0161izmu i nacizmu tijekom Drugog svjetskog rata.<\/p>\n<p>[\/et_pb_testimonial][\/et_pb_column][\/et_pb_row][\/et_pb_section]<\/p>\n","protected":false},"excerpt":{"rendered":"<p>Partizanska bolnica Franja, simbol me\u0111unarodnog povezivanja i otpora fa\u0161izmu i nacizmu tijekom Drugog svjetskog rata. Izgra\u0111ena je izme\u0111u 1943. i 1945. godine, sastoji se od 14 baraka i nekoliko pomo\u0107nih objekata. Nalazi se u vrlo uskom, te\u0161ko dostupnoj sutjeski Pasice, koju je oblikovao potok \u010cerin\u0161\u010dica. Dr. Franja Bojc Bidovec, ubrzo nakon uspostave bolnice, preuzela je [&hellip;]<\/p>\n","protected":false},"author":2,"featured_media":0,"parent":1112,"menu_order":0,"comment_status":"closed","ping_status":"closed","template":"","meta":{"_et_pb_use_builder":"on","_et_pb_old_content":"","_et_gb_content_width":"","_monsterinsights_skip_tracking":false,"_monsterinsights_sitenote_active":false,"_monsterinsights_sitenote_note":"","_monsterinsights_sitenote_category":0,"footnotes":""},"yoast_head":"<!-- This site is optimized with the Yoast SEO plugin v21.5 - https:\/\/yoast.com\/wordpress\/plugins\/seo\/ -->\n<title>PARTIZANSKA BOLNICA FRANJA I SUTJESKA PASICE &#8212; Kmetija z razgledom<\/title>\n<meta name=\"description\" content=\"Partizanska bolnica Franja, simbol me\u0111unarodnog povezivanja i otpora fa\u0161izmu i nacizmu tijekom Drugog svjetskog rata.\" \/>\n<meta name=\"robots\" content=\"index, follow, max-snippet:-1, max-image-preview:large, max-video-preview:-1\" \/>\n<link rel=\"canonical\" href=\"https:\/\/kmetijazrazgledom.si\/hr\/prirodne-i-kulturne-znamenitosti\/partizanska-bolnica-franja-i-sutjeska-pasice\/\" \/>\n<meta property=\"og:locale\" content=\"hr_HR\" \/>\n<meta property=\"og:type\" content=\"article\" \/>\n<meta property=\"og:title\" content=\"PARTIZANSKA BOLNICA FRANJA I SUTJESKA PASICE &#8212; Kmetija z razgledom\" \/>\n<meta property=\"og:description\" content=\"Partizanska bolnica Franja, simbol me\u0111unarodnog povezivanja i otpora fa\u0161izmu i nacizmu tijekom Drugog svjetskog rata.\" \/>\n<meta property=\"og:url\" content=\"https:\/\/kmetijazrazgledom.si\/hr\/prirodne-i-kulturne-znamenitosti\/partizanska-bolnica-franja-i-sutjeska-pasice\/\" \/>\n<meta property=\"og:site_name\" content=\"Kmetija z razgledom\" \/>\n<meta property=\"article:modified_time\" content=\"2022-01-14T16:59:13+00:00\" \/>\n<meta name=\"twitter:card\" content=\"summary_large_image\" \/>\n<meta name=\"twitter:label1\" content=\"Procijenjeno vrijeme \u010ditanja\" \/>\n\t<meta name=\"twitter:data1\" content=\"2 minute\" \/>\n<script type=\"application\/ld+json\" class=\"yoast-schema-graph\">{\"@context\":\"https:\/\/schema.org\",\"@graph\":[{\"@type\":\"WebPage\",\"@id\":\"https:\/\/kmetijazrazgledom.si\/hr\/prirodne-i-kulturne-znamenitosti\/partizanska-bolnica-franja-i-sutjeska-pasice\/\",\"url\":\"https:\/\/kmetijazrazgledom.si\/hr\/prirodne-i-kulturne-znamenitosti\/partizanska-bolnica-franja-i-sutjeska-pasice\/\",\"name\":\"PARTIZANSKA BOLNICA FRANJA I SUTJESKA PASICE &#8212; Kmetija z razgledom\",\"isPartOf\":{\"@id\":\"https:\/\/kmetijazrazgledom.si\/#website\"},\"datePublished\":\"2019-10-29T12:31:34+00:00\",\"dateModified\":\"2022-01-14T16:59:13+00:00\",\"description\":\"Partizanska bolnica Franja, simbol me\u0111unarodnog povezivanja i otpora fa\u0161izmu i nacizmu tijekom Drugog svjetskog rata.\",\"breadcrumb\":{\"@id\":\"https:\/\/kmetijazrazgledom.si\/hr\/prirodne-i-kulturne-znamenitosti\/partizanska-bolnica-franja-i-sutjeska-pasice\/#breadcrumb\"},\"inLanguage\":\"hr\",\"potentialAction\":[{\"@type\":\"ReadAction\",\"target\":[\"https:\/\/kmetijazrazgledom.si\/hr\/prirodne-i-kulturne-znamenitosti\/partizanska-bolnica-franja-i-sutjeska-pasice\/\"]}]},{\"@type\":\"BreadcrumbList\",\"@id\":\"https:\/\/kmetijazrazgledom.si\/hr\/prirodne-i-kulturne-znamenitosti\/partizanska-bolnica-franja-i-sutjeska-pasice\/#breadcrumb\",\"itemListElement\":[{\"@type\":\"ListItem\",\"position\":1,\"name\":\"Home\",\"item\":\"https:\/\/kmetijazrazgledom.si\/hr\/\"},{\"@type\":\"ListItem\",\"position\":2,\"name\":\"Prirodne i kulturne znamenitosti\",\"item\":\"https:\/\/kmetijazrazgledom.si\/hr\/prirodne-i-kulturne-znamenitosti\/\"},{\"@type\":\"ListItem\",\"position\":3,\"name\":\"PARTIZANSKA BOLNICA FRANJA I SUTJESKA PASICE\"}]},{\"@type\":\"WebSite\",\"@id\":\"https:\/\/kmetijazrazgledom.si\/#website\",\"url\":\"https:\/\/kmetijazrazgledom.si\/\",\"name\":\"Kmetija z razgledom\",\"description\":\"\",\"potentialAction\":[{\"@type\":\"SearchAction\",\"target\":{\"@type\":\"EntryPoint\",\"urlTemplate\":\"https:\/\/kmetijazrazgledom.si\/?s={search_term_string}\"},\"query-input\":\"required name=search_term_string\"}],\"inLanguage\":\"hr\"}]}<\/script>\n<!-- \/ Yoast SEO plugin. -->","yoast_head_json":{"title":"PARTIZANSKA BOLNICA FRANJA I SUTJESKA PASICE &#8212; Kmetija z razgledom","description":"Partizanska bolnica Franja, simbol me\u0111unarodnog povezivanja i otpora fa\u0161izmu i nacizmu tijekom Drugog svjetskog rata.","robots":{"index":"index","follow":"follow","max-snippet":"max-snippet:-1","max-image-preview":"max-image-preview:large","max-video-preview":"max-video-preview:-1"},"canonical":"https:\/\/kmetijazrazgledom.si\/hr\/prirodne-i-kulturne-znamenitosti\/partizanska-bolnica-franja-i-sutjeska-pasice\/","og_locale":"hr_HR","og_type":"article","og_title":"PARTIZANSKA BOLNICA FRANJA I SUTJESKA PASICE &#8212; Kmetija z razgledom","og_description":"Partizanska bolnica Franja, simbol me\u0111unarodnog povezivanja i otpora fa\u0161izmu i nacizmu tijekom Drugog svjetskog rata.","og_url":"https:\/\/kmetijazrazgledom.si\/hr\/prirodne-i-kulturne-znamenitosti\/partizanska-bolnica-franja-i-sutjeska-pasice\/","og_site_name":"Kmetija z razgledom","article_modified_time":"2022-01-14T16:59:13+00:00","twitter_card":"summary_large_image","twitter_misc":{"Procijenjeno vrijeme \u010ditanja":"2 minute"},"schema":{"@context":"https:\/\/schema.org","@graph":[{"@type":"WebPage","@id":"https:\/\/kmetijazrazgledom.si\/hr\/prirodne-i-kulturne-znamenitosti\/partizanska-bolnica-franja-i-sutjeska-pasice\/","url":"https:\/\/kmetijazrazgledom.si\/hr\/prirodne-i-kulturne-znamenitosti\/partizanska-bolnica-franja-i-sutjeska-pasice\/","name":"PARTIZANSKA BOLNICA FRANJA I SUTJESKA PASICE &#8212; Kmetija z razgledom","isPartOf":{"@id":"https:\/\/kmetijazrazgledom.si\/#website"},"datePublished":"2019-10-29T12:31:34+00:00","dateModified":"2022-01-14T16:59:13+00:00","description":"Partizanska bolnica Franja, simbol me\u0111unarodnog povezivanja i otpora fa\u0161izmu i nacizmu tijekom Drugog svjetskog rata.","breadcrumb":{"@id":"https:\/\/kmetijazrazgledom.si\/hr\/prirodne-i-kulturne-znamenitosti\/partizanska-bolnica-franja-i-sutjeska-pasice\/#breadcrumb"},"inLanguage":"hr","potentialAction":[{"@type":"ReadAction","target":["https:\/\/kmetijazrazgledom.si\/hr\/prirodne-i-kulturne-znamenitosti\/partizanska-bolnica-franja-i-sutjeska-pasice\/"]}]},{"@type":"BreadcrumbList","@id":"https:\/\/kmetijazrazgledom.si\/hr\/prirodne-i-kulturne-znamenitosti\/partizanska-bolnica-franja-i-sutjeska-pasice\/#breadcrumb","itemListElement":[{"@type":"ListItem","position":1,"name":"Home","item":"https:\/\/kmetijazrazgledom.si\/hr\/"},{"@type":"ListItem","position":2,"name":"Prirodne i kulturne znamenitosti","item":"https:\/\/kmetijazrazgledom.si\/hr\/prirodne-i-kulturne-znamenitosti\/"},{"@type":"ListItem","position":3,"name":"PARTIZANSKA BOLNICA FRANJA I SUTJESKA PASICE"}]},{"@type":"WebSite","@id":"https:\/\/kmetijazrazgledom.si\/#website","url":"https:\/\/kmetijazrazgledom.si\/","name":"Kmetija z razgledom","description":"","potentialAction":[{"@type":"SearchAction","target":{"@type":"EntryPoint","urlTemplate":"https:\/\/kmetijazrazgledom.si\/?s={search_term_string}"},"query-input":"required name=search_term_string"}],"inLanguage":"hr"}]}},"_links":{"self":[{"href":"https:\/\/kmetijazrazgledom.si\/hr\/wp-json\/wp\/v2\/pages\/1089"}],"collection":[{"href":"https:\/\/kmetijazrazgledom.si\/hr\/wp-json\/wp\/v2\/pages"}],"about":[{"href":"https:\/\/kmetijazrazgledom.si\/hr\/wp-json\/wp\/v2\/types\/page"}],"author":[{"embeddable":true,"href":"https:\/\/kmetijazrazgledom.si\/hr\/wp-json\/wp\/v2\/users\/2"}],"replies":[{"embeddable":true,"href":"https:\/\/kmetijazrazgledom.si\/hr\/wp-json\/wp\/v2\/comments?post=1089"}],"version-history":[{"count":5,"href":"https:\/\/kmetijazrazgledom.si\/hr\/wp-json\/wp\/v2\/pages\/1089\/revisions"}],"predecessor-version":[{"id":2837,"href":"https:\/\/kmetijazrazgledom.si\/hr\/wp-json\/wp\/v2\/pages\/1089\/revisions\/2837"}],"up":[{"embeddable":true,"href":"https:\/\/kmetijazrazgledom.si\/hr\/wp-json\/wp\/v2\/pages\/1112"}],"wp:attachment":[{"href":"https:\/\/kmetijazrazgledom.si\/hr\/wp-json\/wp\/v2\/media?parent=1089"}],"curies":[{"name":"wp","href":"https:\/\/api.w.org\/{rel}","templated":true}]}}