{"id":1115,"date":"2019-10-29T12:45:02","date_gmt":"2019-10-29T12:45:02","guid":{"rendered":"https:\/\/kmetijazrazgledom.si\/?page_id=1115"},"modified":"2022-01-14T17:00:20","modified_gmt":"2022-01-14T17:00:20","slug":"zakojska-grapa","status":"publish","type":"page","link":"https:\/\/kmetijazrazgledom.si\/hr\/prirodne-i-kulturne-znamenitosti\/zakojska-grapa\/","title":{"rendered":"ZAKOJ\u0160KA GRAPA"},"content":{"rendered":"<p>[et_pb_section fb_built=&#8221;1&#8243; fullwidth=&#8221;on&#8221; _builder_version=&#8221;3.29.3&#8243; global_colors_info=&#8221;{}&#8221;][et_pb_fullwidth_header _builder_version=&#8221;3.29.3&#8243; background_image=&#8221;https:\/\/kmetijazrazgledom.si\/wp-content\/uploads\/2019\/10\/KmetijaNaCendovs_ZakojskaGrapa.jpg&#8221; height=&#8221;350px&#8221; global_colors_info=&#8221;{}&#8221;][\/et_pb_fullwidth_header][\/et_pb_section][et_pb_section fb_built=&#8221;1&#8243; admin_label=&#8221;section&#8221; _builder_version=&#8221;3.22&#8243; global_colors_info=&#8221;{}&#8221;][et_pb_row admin_label=&#8221;row&#8221; _builder_version=&#8221;3.25&#8243; background_size=&#8221;initial&#8221; background_position=&#8221;top_left&#8221; background_repeat=&#8221;repeat&#8221; global_colors_info=&#8221;{}&#8221;][et_pb_column type=&#8221;4_4&#8243; _builder_version=&#8221;3.25&#8243; custom_padding=&#8221;|||&#8221; global_colors_info=&#8221;{}&#8221; custom_padding__hover=&#8221;|||&#8221;][et_pb_post_title meta=&#8221;off&#8221; featured_image=&#8221;off&#8221; _builder_version=&#8221;3.29.3&#8243; global_colors_info=&#8221;{}&#8221;][\/et_pb_post_title][\/et_pb_column][\/et_pb_row][et_pb_row column_structure=&#8221;3_5,2_5&#8243; admin_label=&#8221;row&#8221; _builder_version=&#8221;3.25&#8243; background_size=&#8221;initial&#8221; background_position=&#8221;top_left&#8221; background_repeat=&#8221;repeat&#8221; global_colors_info=&#8221;{}&#8221;][et_pb_column type=&#8221;3_5&#8243; _builder_version=&#8221;3.25&#8243; custom_padding=&#8221;|||&#8221; global_colors_info=&#8221;{}&#8221; custom_padding__hover=&#8221;|||&#8221;][et_pb_text _builder_version=&#8221;3.29.3&#8243; global_colors_info=&#8221;{}&#8221;]<\/p>\n<p class=\"p1\">Danas, divlja, netaknuta, neko\u0107 dom pet obitelji. Put u tu zatvorenu, te\u0161ko dostupnu dolinu je pun adrenalina, neozna\u010den, uzak, a njegova polazna to\u010dka je Zakojca ili prijevoj Vrh Ravni. Na putu do napu\u0161tenih obiteljskih imanja mo\u017eete vidjeti slapove, brzake i vodene vrtloge potoka Poreznica.<\/p>\n<p class=\"p1\">Stanovnici Zakoj\u0161ke grape su bili poljoprivrednici koji su za pre\u017eivljavanje obra\u0111ivali zemlju, tako\u0111er su imali mlinove i pilane na potoku Poreznica.<\/p>\n<p>[\/et_pb_text][\/et_pb_column][et_pb_column type=&#8221;2_5&#8243; _builder_version=&#8221;3.25&#8243; custom_padding=&#8221;|||&#8221; global_colors_info=&#8221;{}&#8221; custom_padding__hover=&#8221;|||&#8221;][et_pb_testimonial _builder_version=&#8221;3.29.3&#8243; body_font=&#8221;||on||||||&#8221; body_font_size=&#8221;23px&#8221; global_colors_info=&#8221;{}&#8221;]<\/p>\n<p class=\"p1\">Stanovnici Zakoj\u0161ke grape su bili poljoprivrednici koji su za pre\u017eivljavanje obra\u0111ivali zemlju, tako\u0111er su imali mlinove i pilane na potoku Poreznica.<\/p>\n<p>[\/et_pb_testimonial][\/et_pb_column][\/et_pb_row][\/et_pb_section]<\/p>\n","protected":false},"excerpt":{"rendered":"<p>Danas, divlja, netaknuta, neko\u0107 dom pet obitelji. Put u tu zatvorenu, te\u0161ko dostupnu dolinu je pun adrenalina, neozna\u010den, uzak, a njegova polazna to\u010dka je Zakojca ili prijevoj Vrh Ravni. Na putu do napu\u0161tenih obiteljskih imanja mo\u017eete vidjeti slapove, brzake i vodene vrtloge potoka Poreznica. Stanovnici Zakoj\u0161ke grape su bili poljoprivrednici koji su za pre\u017eivljavanje obra\u0111ivali [&hellip;]<\/p>\n","protected":false},"author":2,"featured_media":0,"parent":1112,"menu_order":0,"comment_status":"closed","ping_status":"closed","template":"","meta":{"_et_pb_use_builder":"on","_et_pb_old_content":"","_et_gb_content_width":"","_monsterinsights_skip_tracking":false,"_monsterinsights_sitenote_active":false,"_monsterinsights_sitenote_note":"","_monsterinsights_sitenote_category":0,"footnotes":""},"yoast_head":"<!-- This site is optimized with the Yoast SEO plugin v21.5 - https:\/\/yoast.com\/wordpress\/plugins\/seo\/ -->\n<title>ZAKOJ\u0160KA GRAPA &#8212; Kmetija z razgledom<\/title>\n<meta name=\"description\" content=\"Zakoj\u0161ka grapa, danas divlja, netaknuta, neko\u0107 dom pet obitelji. Put u tu zatvorenu, te\u0161ko dostupnu dolinu je pun adrenalina.\" \/>\n<meta name=\"robots\" content=\"index, follow, max-snippet:-1, max-image-preview:large, max-video-preview:-1\" \/>\n<link rel=\"canonical\" href=\"https:\/\/kmetijazrazgledom.si\/hr\/prirodne-i-kulturne-znamenitosti\/zakojska-grapa\/\" \/>\n<meta property=\"og:locale\" content=\"hr_HR\" \/>\n<meta property=\"og:type\" content=\"article\" \/>\n<meta property=\"og:title\" content=\"ZAKOJ\u0160KA GRAPA &#8212; Kmetija z razgledom\" \/>\n<meta property=\"og:description\" content=\"Zakoj\u0161ka grapa, danas divlja, netaknuta, neko\u0107 dom pet obitelji. Put u tu zatvorenu, te\u0161ko dostupnu dolinu je pun adrenalina.\" \/>\n<meta property=\"og:url\" content=\"https:\/\/kmetijazrazgledom.si\/hr\/prirodne-i-kulturne-znamenitosti\/zakojska-grapa\/\" \/>\n<meta property=\"og:site_name\" content=\"Kmetija z razgledom\" \/>\n<meta property=\"article:modified_time\" content=\"2022-01-14T17:00:20+00:00\" \/>\n<meta name=\"twitter:card\" content=\"summary_large_image\" \/>\n<meta name=\"twitter:label1\" content=\"Procijenjeno vrijeme \u010ditanja\" \/>\n\t<meta name=\"twitter:data1\" content=\"2 minute\" \/>\n<script type=\"application\/ld+json\" class=\"yoast-schema-graph\">{\"@context\":\"https:\/\/schema.org\",\"@graph\":[{\"@type\":\"WebPage\",\"@id\":\"https:\/\/kmetijazrazgledom.si\/hr\/prirodne-i-kulturne-znamenitosti\/zakojska-grapa\/\",\"url\":\"https:\/\/kmetijazrazgledom.si\/hr\/prirodne-i-kulturne-znamenitosti\/zakojska-grapa\/\",\"name\":\"ZAKOJ\u0160KA GRAPA &#8212; Kmetija z razgledom\",\"isPartOf\":{\"@id\":\"https:\/\/kmetijazrazgledom.si\/#website\"},\"datePublished\":\"2019-10-29T12:45:02+00:00\",\"dateModified\":\"2022-01-14T17:00:20+00:00\",\"description\":\"Zakoj\u0161ka grapa, danas divlja, netaknuta, neko\u0107 dom pet obitelji. Put u tu zatvorenu, te\u0161ko dostupnu dolinu je pun adrenalina.\",\"breadcrumb\":{\"@id\":\"https:\/\/kmetijazrazgledom.si\/hr\/prirodne-i-kulturne-znamenitosti\/zakojska-grapa\/#breadcrumb\"},\"inLanguage\":\"hr\",\"potentialAction\":[{\"@type\":\"ReadAction\",\"target\":[\"https:\/\/kmetijazrazgledom.si\/hr\/prirodne-i-kulturne-znamenitosti\/zakojska-grapa\/\"]}]},{\"@type\":\"BreadcrumbList\",\"@id\":\"https:\/\/kmetijazrazgledom.si\/hr\/prirodne-i-kulturne-znamenitosti\/zakojska-grapa\/#breadcrumb\",\"itemListElement\":[{\"@type\":\"ListItem\",\"position\":1,\"name\":\"Home\",\"item\":\"https:\/\/kmetijazrazgledom.si\/hr\/\"},{\"@type\":\"ListItem\",\"position\":2,\"name\":\"Prirodne i kulturne znamenitosti\",\"item\":\"https:\/\/kmetijazrazgledom.si\/hr\/prirodne-i-kulturne-znamenitosti\/\"},{\"@type\":\"ListItem\",\"position\":3,\"name\":\"ZAKOJ\u0160KA GRAPA\"}]},{\"@type\":\"WebSite\",\"@id\":\"https:\/\/kmetijazrazgledom.si\/#website\",\"url\":\"https:\/\/kmetijazrazgledom.si\/\",\"name\":\"Kmetija z razgledom\",\"description\":\"\",\"potentialAction\":[{\"@type\":\"SearchAction\",\"target\":{\"@type\":\"EntryPoint\",\"urlTemplate\":\"https:\/\/kmetijazrazgledom.si\/?s={search_term_string}\"},\"query-input\":\"required name=search_term_string\"}],\"inLanguage\":\"hr\"}]}<\/script>\n<!-- \/ Yoast SEO plugin. -->","yoast_head_json":{"title":"ZAKOJ\u0160KA GRAPA &#8212; Kmetija z razgledom","description":"Zakoj\u0161ka grapa, danas divlja, netaknuta, neko\u0107 dom pet obitelji. Put u tu zatvorenu, te\u0161ko dostupnu dolinu je pun adrenalina.","robots":{"index":"index","follow":"follow","max-snippet":"max-snippet:-1","max-image-preview":"max-image-preview:large","max-video-preview":"max-video-preview:-1"},"canonical":"https:\/\/kmetijazrazgledom.si\/hr\/prirodne-i-kulturne-znamenitosti\/zakojska-grapa\/","og_locale":"hr_HR","og_type":"article","og_title":"ZAKOJ\u0160KA GRAPA &#8212; Kmetija z razgledom","og_description":"Zakoj\u0161ka grapa, danas divlja, netaknuta, neko\u0107 dom pet obitelji. Put u tu zatvorenu, te\u0161ko dostupnu dolinu je pun adrenalina.","og_url":"https:\/\/kmetijazrazgledom.si\/hr\/prirodne-i-kulturne-znamenitosti\/zakojska-grapa\/","og_site_name":"Kmetija z razgledom","article_modified_time":"2022-01-14T17:00:20+00:00","twitter_card":"summary_large_image","twitter_misc":{"Procijenjeno vrijeme \u010ditanja":"2 minute"},"schema":{"@context":"https:\/\/schema.org","@graph":[{"@type":"WebPage","@id":"https:\/\/kmetijazrazgledom.si\/hr\/prirodne-i-kulturne-znamenitosti\/zakojska-grapa\/","url":"https:\/\/kmetijazrazgledom.si\/hr\/prirodne-i-kulturne-znamenitosti\/zakojska-grapa\/","name":"ZAKOJ\u0160KA GRAPA &#8212; Kmetija z razgledom","isPartOf":{"@id":"https:\/\/kmetijazrazgledom.si\/#website"},"datePublished":"2019-10-29T12:45:02+00:00","dateModified":"2022-01-14T17:00:20+00:00","description":"Zakoj\u0161ka grapa, danas divlja, netaknuta, neko\u0107 dom pet obitelji. Put u tu zatvorenu, te\u0161ko dostupnu dolinu je pun adrenalina.","breadcrumb":{"@id":"https:\/\/kmetijazrazgledom.si\/hr\/prirodne-i-kulturne-znamenitosti\/zakojska-grapa\/#breadcrumb"},"inLanguage":"hr","potentialAction":[{"@type":"ReadAction","target":["https:\/\/kmetijazrazgledom.si\/hr\/prirodne-i-kulturne-znamenitosti\/zakojska-grapa\/"]}]},{"@type":"BreadcrumbList","@id":"https:\/\/kmetijazrazgledom.si\/hr\/prirodne-i-kulturne-znamenitosti\/zakojska-grapa\/#breadcrumb","itemListElement":[{"@type":"ListItem","position":1,"name":"Home","item":"https:\/\/kmetijazrazgledom.si\/hr\/"},{"@type":"ListItem","position":2,"name":"Prirodne i kulturne znamenitosti","item":"https:\/\/kmetijazrazgledom.si\/hr\/prirodne-i-kulturne-znamenitosti\/"},{"@type":"ListItem","position":3,"name":"ZAKOJ\u0160KA GRAPA"}]},{"@type":"WebSite","@id":"https:\/\/kmetijazrazgledom.si\/#website","url":"https:\/\/kmetijazrazgledom.si\/","name":"Kmetija z razgledom","description":"","potentialAction":[{"@type":"SearchAction","target":{"@type":"EntryPoint","urlTemplate":"https:\/\/kmetijazrazgledom.si\/?s={search_term_string}"},"query-input":"required name=search_term_string"}],"inLanguage":"hr"}]}},"_links":{"self":[{"href":"https:\/\/kmetijazrazgledom.si\/hr\/wp-json\/wp\/v2\/pages\/1115"}],"collection":[{"href":"https:\/\/kmetijazrazgledom.si\/hr\/wp-json\/wp\/v2\/pages"}],"about":[{"href":"https:\/\/kmetijazrazgledom.si\/hr\/wp-json\/wp\/v2\/types\/page"}],"author":[{"embeddable":true,"href":"https:\/\/kmetijazrazgledom.si\/hr\/wp-json\/wp\/v2\/users\/2"}],"replies":[{"embeddable":true,"href":"https:\/\/kmetijazrazgledom.si\/hr\/wp-json\/wp\/v2\/comments?post=1115"}],"version-history":[{"count":4,"href":"https:\/\/kmetijazrazgledom.si\/hr\/wp-json\/wp\/v2\/pages\/1115\/revisions"}],"predecessor-version":[{"id":2838,"href":"https:\/\/kmetijazrazgledom.si\/hr\/wp-json\/wp\/v2\/pages\/1115\/revisions\/2838"}],"up":[{"embeddable":true,"href":"https:\/\/kmetijazrazgledom.si\/hr\/wp-json\/wp\/v2\/pages\/1112"}],"wp:attachment":[{"href":"https:\/\/kmetijazrazgledom.si\/hr\/wp-json\/wp\/v2\/media?parent=1115"}],"curies":[{"name":"wp","href":"https:\/\/api.w.org\/{rel}","templated":true}]}}