{"id":1120,"date":"2019-10-29T12:48:04","date_gmt":"2019-10-29T12:48:04","guid":{"rendered":"https:\/\/kmetijazrazgledom.si\/?page_id=1120"},"modified":"2022-01-10T17:46:57","modified_gmt":"2022-01-10T17:46:57","slug":"o-nama","status":"publish","type":"page","link":"https:\/\/kmetijazrazgledom.si\/hr\/o-nama\/","title":{"rendered":"O NAMA"},"content":{"rendered":"<p>[et_pb_section fb_built=&#8221;1&#8243; fullwidth=&#8221;on&#8221; _builder_version=&#8221;3.29.3&#8243; global_colors_info=&#8221;{}&#8221;][et_pb_fullwidth_header _builder_version=&#8221;3.29.3&#8243; background_image=&#8221;https:\/\/kmetijazrazgledom.si\/wp-content\/uploads\/2019\/10\/5.jpg&#8221; min_height=&#8221;350px&#8221; height=&#8221;350px&#8221; global_colors_info=&#8221;{}&#8221;]<\/p>\n<p>[\/et_pb_fullwidth_header][\/et_pb_section][et_pb_section fb_built=&#8221;1&#8243; admin_label=&#8221;section&#8221; _builder_version=&#8221;3.22&#8243; custom_padding=&#8221;||0px|||&#8221; global_colors_info=&#8221;{}&#8221;][et_pb_row column_structure=&#8221;3_5,2_5&#8243; admin_label=&#8221;row&#8221; _builder_version=&#8221;3.25&#8243; background_size=&#8221;initial&#8221; background_position=&#8221;top_left&#8221; background_repeat=&#8221;repeat&#8221; global_colors_info=&#8221;{}&#8221;][et_pb_column type=&#8221;3_5&#8243; _builder_version=&#8221;3.25&#8243; custom_padding=&#8221;|||&#8221; global_colors_info=&#8221;{}&#8221; custom_padding__hover=&#8221;|||&#8221;][et_pb_text _builder_version=&#8221;3.29.3&#8243; global_colors_info=&#8221;{}&#8221;]<\/p>\n<h1>NA\u0160E GOSPODARSTVO<\/h1>\n<p>&nbsp;<\/p>\n<p class=\"p1\">Farma na \u010cendav\u0161 nalazi se u Novakih, razasutom sjevernoprimorskom selu, 600 metara iznad razine mora. Imanje se nalazi na glavnoj transverzali koja vodi naprijed na Gorenjsku (Bohinj, Bled, Nacionalni park Triglav). Najbli\u017ee ve\u0107e mjesto je Cerkno, udaljeno od nas svega 7 km.<\/p>\n<p class=\"p1\">Selo se prvi put spominje u 13. stolje\u0107u, tada je tu \u017eivio samo mali broj ljudi, koji su kasnije umrli od kuge. Kasnije su se naselili novi stanovnici, otuda i ime Novaki, jer su nove do\u0161ljake nazvali Nova\u010dani (novi seljaci).<\/p>\n<p class=\"p1\">Povijest na\u0161e farme datira iz 16. stolje\u0107a, njegove glavne grane su uvijek bile sto\u010darstvo, proizvodnja mlijeka, poljoprivreda i proizvodnja vo\u0107a. Imanje se sastoji od stare i nove ku\u0107e, staje sa \u0161tagljem, a cjelokupnu sliku farme nadopunjuju dva tradicionalna kozolca \u00bbtoplarja\u00ab, koji slu\u017ee za su\u0161enje sijena i spremi\u0161te seoskih alata. Oko poljoprivrednih objekata, prote\u017ee se 36 hektara zemlji\u0161ta.<\/p>\n<p class=\"p1\">Staja i ku\u0107a su bile 1943. godine tijekom bombardiranja sru\u0161ene i potom obnovljene na istom mjestu. Godine 1978., nakon potresa, sagra\u0111ena je nova ku\u0107a u kojoj se nalaze apartmani i na\u0161 dom.<\/p>\n<p class=\"p1\">Povoljan polo\u017eaj na\u0161e farme gostima nudi savr\u0161en odmor, kako ljeti tako i zimi. Tijekom zime mo\u017eete skijati na 2,5 km udaljenom Skija\u0161kom centru Cerkno. U prolje\u0107e, ljeto i jesen, mo\u017eete pro\u0161etati ili s biciklom istra\u017eiti okolne planine, doline i u\u017eivati u netaknutoj prirodi i prelijepim pogledima. Raskri\u017eje Primorske i Gorenjske nudi mnoge prirodne i kulturne znamenitosti.<\/p>\n<p>[\/et_pb_text][\/et_pb_column][et_pb_column type=&#8221;2_5&#8243; _builder_version=&#8221;3.25&#8243; custom_padding=&#8221;|||&#8221; global_colors_info=&#8221;{}&#8221; custom_padding__hover=&#8221;|||&#8221;][et_pb_image src=&#8221;https:\/\/kmetijazrazgledom.si\/wp-content\/uploads\/2019\/11\/KmetijaNaCendovs_Onas02.png&#8221; _builder_version=&#8221;3.29.3&#8243; global_colors_info=&#8221;{}&#8221;]<\/p>\n<p>[\/et_pb_image][et_pb_image src=&#8221;https:\/\/kmetijazrazgledom.si\/wp-content\/uploads\/2019\/11\/KmetijaNaCendovs_Onas01.png&#8221; _builder_version=&#8221;3.29.3&#8243; global_colors_info=&#8221;{}&#8221;]<\/p>\n<p>[\/et_pb_image][\/et_pb_column][\/et_pb_row][\/et_pb_section][et_pb_section fb_built=&#8221;1&#8243; _builder_version=&#8221;3.29.3&#8243; custom_padding=&#8221;0px|||||&#8221; global_colors_info=&#8221;{}&#8221;][et_pb_row _builder_version=&#8221;3.29.3&#8243; custom_padding=&#8221;0px|||||&#8221; global_colors_info=&#8221;{}&#8221;][et_pb_column type=&#8221;4_4&#8243; _builder_version=&#8221;3.29.3&#8243; global_colors_info=&#8221;{}&#8221;][et_pb_gallery gallery_ids=&#8221;1751,1937,1939,1935,2083&#8243; show_title_and_caption=&#8221;off&#8221; _builder_version=&#8221;3.29.3&#8243; z_index_tablet=&#8221;500&#8243; title_text_shadow_horizontal_length_tablet=&#8221;0px&#8221; title_text_shadow_vertical_length_tablet=&#8221;0px&#8221; title_text_shadow_blur_strength_tablet=&#8221;1px&#8221; caption_text_shadow_horizontal_length_tablet=&#8221;0px&#8221; caption_text_shadow_vertical_length_tablet=&#8221;0px&#8221; caption_text_shadow_blur_strength_tablet=&#8221;1px&#8221; pagination_text_shadow_horizontal_length_tablet=&#8221;0px&#8221; pagination_text_shadow_vertical_length_tablet=&#8221;0px&#8221; pagination_text_shadow_blur_strength_tablet=&#8221;1px&#8221; box_shadow_horizontal_tablet=&#8221;0px&#8221; box_shadow_vertical_tablet=&#8221;0px&#8221; box_shadow_blur_tablet=&#8221;40px&#8221; box_shadow_spread_tablet=&#8221;0px&#8221; box_shadow_horizontal_image_tablet=&#8221;0px&#8221; box_shadow_vertical_image_tablet=&#8221;0px&#8221; box_shadow_blur_image_tablet=&#8221;40px&#8221; box_shadow_spread_image_tablet=&#8221;0px&#8221; text_shadow_horizontal_length_tablet=&#8221;0px&#8221; text_shadow_vertical_length_tablet=&#8221;0px&#8221; text_shadow_blur_strength_tablet=&#8221;1px&#8221; global_colors_info=&#8221;{}&#8221;]<\/p>\n<p>[\/et_pb_gallery][\/et_pb_column][\/et_pb_row][\/et_pb_section]<\/p>\n","protected":false},"excerpt":{"rendered":"<p>NA\u0160E GOSPODARSTVO &nbsp; Farma na \u010cendav\u0161 nalazi se u Novakih, razasutom sjevernoprimorskom selu, 600 metara iznad razine mora. Imanje se nalazi na glavnoj transverzali koja vodi naprijed na Gorenjsku (Bohinj, Bled, Nacionalni park Triglav). Najbli\u017ee ve\u0107e mjesto je Cerkno, udaljeno od nas svega 7 km. Selo se prvi put spominje u 13. stolje\u0107u, tada je [&hellip;]<\/p>\n","protected":false},"author":2,"featured_media":0,"parent":0,"menu_order":0,"comment_status":"closed","ping_status":"closed","template":"","meta":{"_et_pb_use_builder":"on","_et_pb_old_content":"","_et_gb_content_width":"","_monsterinsights_skip_tracking":false,"_monsterinsights_sitenote_active":false,"_monsterinsights_sitenote_note":"","_monsterinsights_sitenote_category":0,"footnotes":""},"yoast_head":"<!-- This site is optimized with the Yoast SEO plugin v21.5 - https:\/\/yoast.com\/wordpress\/plugins\/seo\/ -->\n<title>O NAMA &#8212; Kmetija z razgledom<\/title>\n<meta name=\"description\" content=\"Povoljan polo\u017eaj na\u0161e farme gostima nudi savr\u0161en odmor, kako ljeti tako i zimi. Raskri\u017eje Primorske i Gorenjske nudi mnoge znamenitosti.\" \/>\n<meta name=\"robots\" content=\"index, follow, max-snippet:-1, max-image-preview:large, max-video-preview:-1\" \/>\n<link rel=\"canonical\" href=\"https:\/\/kmetijazrazgledom.si\/hr\/o-nama\/\" \/>\n<meta property=\"og:locale\" content=\"hr_HR\" \/>\n<meta property=\"og:type\" content=\"article\" \/>\n<meta property=\"og:title\" content=\"O NAMA &#8212; Kmetija z razgledom\" \/>\n<meta property=\"og:description\" content=\"Povoljan polo\u017eaj na\u0161e farme gostima nudi savr\u0161en odmor, kako ljeti tako i zimi. Raskri\u017eje Primorske i Gorenjske nudi mnoge znamenitosti.\" \/>\n<meta property=\"og:url\" content=\"https:\/\/kmetijazrazgledom.si\/hr\/o-nama\/\" \/>\n<meta property=\"og:site_name\" content=\"Kmetija z razgledom\" \/>\n<meta property=\"article:modified_time\" content=\"2022-01-10T17:46:57+00:00\" \/>\n<meta name=\"twitter:card\" content=\"summary_large_image\" \/>\n<script type=\"application\/ld+json\" class=\"yoast-schema-graph\">{\"@context\":\"https:\/\/schema.org\",\"@graph\":[{\"@type\":\"WebPage\",\"@id\":\"https:\/\/kmetijazrazgledom.si\/hr\/o-nama\/\",\"url\":\"https:\/\/kmetijazrazgledom.si\/hr\/o-nama\/\",\"name\":\"O NAMA &#8212; Kmetija z razgledom\",\"isPartOf\":{\"@id\":\"https:\/\/kmetijazrazgledom.si\/#website\"},\"datePublished\":\"2019-10-29T12:48:04+00:00\",\"dateModified\":\"2022-01-10T17:46:57+00:00\",\"description\":\"Povoljan polo\u017eaj na\u0161e farme gostima nudi savr\u0161en odmor, kako ljeti tako i zimi. Raskri\u017eje Primorske i Gorenjske nudi mnoge znamenitosti.\",\"breadcrumb\":{\"@id\":\"https:\/\/kmetijazrazgledom.si\/hr\/o-nama\/#breadcrumb\"},\"inLanguage\":\"hr\",\"potentialAction\":[{\"@type\":\"ReadAction\",\"target\":[\"https:\/\/kmetijazrazgledom.si\/hr\/o-nama\/\"]}]},{\"@type\":\"BreadcrumbList\",\"@id\":\"https:\/\/kmetijazrazgledom.si\/hr\/o-nama\/#breadcrumb\",\"itemListElement\":[{\"@type\":\"ListItem\",\"position\":1,\"name\":\"Home\",\"item\":\"https:\/\/kmetijazrazgledom.si\/hr\/\"},{\"@type\":\"ListItem\",\"position\":2,\"name\":\"O NAMA\"}]},{\"@type\":\"WebSite\",\"@id\":\"https:\/\/kmetijazrazgledom.si\/#website\",\"url\":\"https:\/\/kmetijazrazgledom.si\/\",\"name\":\"Kmetija z razgledom\",\"description\":\"\",\"potentialAction\":[{\"@type\":\"SearchAction\",\"target\":{\"@type\":\"EntryPoint\",\"urlTemplate\":\"https:\/\/kmetijazrazgledom.si\/?s={search_term_string}\"},\"query-input\":\"required name=search_term_string\"}],\"inLanguage\":\"hr\"}]}<\/script>\n<!-- \/ Yoast SEO plugin. -->","yoast_head_json":{"title":"O NAMA &#8212; Kmetija z razgledom","description":"Povoljan polo\u017eaj na\u0161e farme gostima nudi savr\u0161en odmor, kako ljeti tako i zimi. Raskri\u017eje Primorske i Gorenjske nudi mnoge znamenitosti.","robots":{"index":"index","follow":"follow","max-snippet":"max-snippet:-1","max-image-preview":"max-image-preview:large","max-video-preview":"max-video-preview:-1"},"canonical":"https:\/\/kmetijazrazgledom.si\/hr\/o-nama\/","og_locale":"hr_HR","og_type":"article","og_title":"O NAMA &#8212; Kmetija z razgledom","og_description":"Povoljan polo\u017eaj na\u0161e farme gostima nudi savr\u0161en odmor, kako ljeti tako i zimi. Raskri\u017eje Primorske i Gorenjske nudi mnoge znamenitosti.","og_url":"https:\/\/kmetijazrazgledom.si\/hr\/o-nama\/","og_site_name":"Kmetija z razgledom","article_modified_time":"2022-01-10T17:46:57+00:00","twitter_card":"summary_large_image","schema":{"@context":"https:\/\/schema.org","@graph":[{"@type":"WebPage","@id":"https:\/\/kmetijazrazgledom.si\/hr\/o-nama\/","url":"https:\/\/kmetijazrazgledom.si\/hr\/o-nama\/","name":"O NAMA &#8212; Kmetija z razgledom","isPartOf":{"@id":"https:\/\/kmetijazrazgledom.si\/#website"},"datePublished":"2019-10-29T12:48:04+00:00","dateModified":"2022-01-10T17:46:57+00:00","description":"Povoljan polo\u017eaj na\u0161e farme gostima nudi savr\u0161en odmor, kako ljeti tako i zimi. Raskri\u017eje Primorske i Gorenjske nudi mnoge znamenitosti.","breadcrumb":{"@id":"https:\/\/kmetijazrazgledom.si\/hr\/o-nama\/#breadcrumb"},"inLanguage":"hr","potentialAction":[{"@type":"ReadAction","target":["https:\/\/kmetijazrazgledom.si\/hr\/o-nama\/"]}]},{"@type":"BreadcrumbList","@id":"https:\/\/kmetijazrazgledom.si\/hr\/o-nama\/#breadcrumb","itemListElement":[{"@type":"ListItem","position":1,"name":"Home","item":"https:\/\/kmetijazrazgledom.si\/hr\/"},{"@type":"ListItem","position":2,"name":"O NAMA"}]},{"@type":"WebSite","@id":"https:\/\/kmetijazrazgledom.si\/#website","url":"https:\/\/kmetijazrazgledom.si\/","name":"Kmetija z razgledom","description":"","potentialAction":[{"@type":"SearchAction","target":{"@type":"EntryPoint","urlTemplate":"https:\/\/kmetijazrazgledom.si\/?s={search_term_string}"},"query-input":"required name=search_term_string"}],"inLanguage":"hr"}]}},"_links":{"self":[{"href":"https:\/\/kmetijazrazgledom.si\/hr\/wp-json\/wp\/v2\/pages\/1120"}],"collection":[{"href":"https:\/\/kmetijazrazgledom.si\/hr\/wp-json\/wp\/v2\/pages"}],"about":[{"href":"https:\/\/kmetijazrazgledom.si\/hr\/wp-json\/wp\/v2\/types\/page"}],"author":[{"embeddable":true,"href":"https:\/\/kmetijazrazgledom.si\/hr\/wp-json\/wp\/v2\/users\/2"}],"replies":[{"embeddable":true,"href":"https:\/\/kmetijazrazgledom.si\/hr\/wp-json\/wp\/v2\/comments?post=1120"}],"version-history":[{"count":9,"href":"https:\/\/kmetijazrazgledom.si\/hr\/wp-json\/wp\/v2\/pages\/1120\/revisions"}],"predecessor-version":[{"id":2823,"href":"https:\/\/kmetijazrazgledom.si\/hr\/wp-json\/wp\/v2\/pages\/1120\/revisions\/2823"}],"wp:attachment":[{"href":"https:\/\/kmetijazrazgledom.si\/hr\/wp-json\/wp\/v2\/media?parent=1120"}],"curies":[{"name":"wp","href":"https:\/\/api.w.org\/{rel}","templated":true}]}}