{"id":1126,"date":"2019-10-29T12:56:18","date_gmt":"2019-10-29T12:56:18","guid":{"rendered":"https:\/\/kmetijazrazgledom.si\/?page_id=1126"},"modified":"2022-01-14T17:02:20","modified_gmt":"2022-01-14T17:02:20","slug":"smestaj","status":"publish","type":"page","link":"https:\/\/kmetijazrazgledom.si\/hr\/smestaj\/","title":{"rendered":"SME\u0160TAJ"},"content":{"rendered":"<p>[et_pb_section fb_built=&#8221;1&#8243; admin_label=&#8221;section&#8221; _builder_version=&#8221;3.22&#8243; global_colors_info=&#8221;{}&#8221;][et_pb_row admin_label=&#8221;row&#8221; _builder_version=&#8221;3.25&#8243; background_size=&#8221;initial&#8221; background_position=&#8221;top_left&#8221; background_repeat=&#8221;repeat&#8221; global_colors_info=&#8221;{}&#8221;][et_pb_column type=&#8221;4_4&#8243; _builder_version=&#8221;3.25&#8243; custom_padding=&#8221;|||&#8221; global_colors_info=&#8221;{}&#8221; custom_padding__hover=&#8221;|||&#8221;][et_pb_post_title meta=&#8221;off&#8221; featured_image=&#8221;off&#8221; admin_label=&#8221;Post Title&#8221; _builder_version=&#8221;3.29.3&#8243; global_colors_info=&#8221;{}&#8221;][\/et_pb_post_title][et_pb_text _builder_version=&#8221;3.29.3&#8243; global_colors_info=&#8221;{}&#8221;]<\/p>\n<p class=\"p1\">Kada se osvrnete po okolici farme o\u010darat \u0107e vas vidici i ljepote okolnih brda, zaboravit \u0107ete na svakodnevne brige. \u0160etnje cvjetnim livadama i cvrkut ptica \u0107e vas nadahnut mirom i ti\u0161inom. Na\u0161a filozofija \u017eivota je su\u017eivot s prirodom i po\u0161tovanje prema njoj. Rado \u0107emo to podijeliti s vama na Farmi na \u010cendav\u0161.<\/p>\n<p class=\"p1\">Na\u0161i apartmani izvrsna su polazna to\u010dka za aktivnosti na otvorenom, npr. planinarenje, biciklizam i skijanje; Skijali\u0161te Cerkno udaljeno je samo 2,5 km od nas.<\/p>\n<p class=\"p1\">Grad Cerkno je udaljeno 7 km, gdje se nalaze trgovine, banka, benzinska postaja, restorani i Terme Cerkno.<\/p>\n<p class=\"p1\">Apartmani Arnika i Vijolica zvu\u010dno su izolirani, rustikalnog izgleda i izgra\u0111eni te opremljeni prirodnim materijalima, koji su klju\u010d za dobrobit. Toplina drveta, pa\u017enja i briga doma\u0107eg stanovni\u0161tva i obilje netaknute prirode pru\u017eit \u0107e vam nezaboravan odmor.<\/p>\n<p class=\"p1\">Prozori u apartmanima opremljeni su roletnama i mre\u017eama za komarce.<\/p>\n<p class=\"p1\">Ku\u0107u grijemo s pe\u0107i na drva visoke u\u010dinkovitosti (95%), te tako poma\u017eemo o\u010duvanju prirode. Tako\u0111er se opskrbljujemo s vlastitom zelenom elektri\u010dnom energijom iz vlastite male hidroelektrane.<\/p>\n<p>[\/et_pb_text][\/et_pb_column][\/et_pb_row][et_pb_row column_structure=&#8221;1_2,1_2&#8243; admin_label=&#8221;row&#8221; _builder_version=&#8221;3.25&#8243; background_size=&#8221;initial&#8221; background_position=&#8221;top_left&#8221; background_repeat=&#8221;repeat&#8221; global_colors_info=&#8221;{}&#8221;][et_pb_column type=&#8221;1_2&#8243; _builder_version=&#8221;3.25&#8243; custom_padding=&#8221;|||&#8221; global_colors_info=&#8221;{}&#8221; custom_padding__hover=&#8221;|||&#8221;][et_pb_image src=&#8221;https:\/\/kmetijazrazgledom.si\/wp-content\/uploads\/2019\/10\/Arnika-2.jpg&#8221; align=&#8221;center&#8221; force_fullwidth=&#8221;on&#8221; _builder_version=&#8221;3.29.3&#8243; background_color=&#8221;#e09900&#8243; global_colors_info=&#8221;{}&#8221;][\/et_pb_image][et_pb_button button_url=&#8221;https:\/\/kmetijazrazgledom.si\/smestaj\/apartman-arnika\/?lang=hr&#8221; button_text=&#8221;APARTMA ARNIKA&#8221; button_alignment=&#8221;center&#8221; _builder_version=&#8221;3.29.3&#8243; global_colors_info=&#8221;{}&#8221;][\/et_pb_button][\/et_pb_column][et_pb_column type=&#8221;1_2&#8243; _builder_version=&#8221;3.25&#8243; custom_padding=&#8221;|||&#8221; global_colors_info=&#8221;{}&#8221; custom_padding__hover=&#8221;|||&#8221;][et_pb_image src=&#8221;https:\/\/kmetijazrazgledom.si\/wp-content\/uploads\/2019\/10\/1-min.jpg&#8221; align=&#8221;center&#8221; _builder_version=&#8221;3.29.3&#8243; background_color=&#8221;#e09900&#8243; global_colors_info=&#8221;{}&#8221;][\/et_pb_image][et_pb_button button_url=&#8221;https:\/\/kmetijazrazgledom.si\/smestaj\/apartman-vijolica\/?lang=hr&#8221; button_text=&#8221; APARTMA VIJOLICA&#8221; button_alignment=&#8221;center&#8221; _builder_version=&#8221;3.29.3&#8243; global_colors_info=&#8221;{}&#8221;][\/et_pb_button][\/et_pb_column][\/et_pb_row][\/et_pb_section]<\/p>\n","protected":false},"excerpt":{"rendered":"<p>Kada se osvrnete po okolici farme o\u010darat \u0107e vas vidici i ljepote okolnih brda, zaboravit \u0107ete na svakodnevne brige. \u0160etnje cvjetnim livadama i cvrkut ptica \u0107e vas nadahnut mirom i ti\u0161inom. Na\u0161a filozofija \u017eivota je su\u017eivot s prirodom i po\u0161tovanje prema njoj. Rado \u0107emo to podijeliti s vama na Farmi na \u010cendav\u0161. Na\u0161i apartmani izvrsna [&hellip;]<\/p>\n","protected":false},"author":2,"featured_media":0,"parent":0,"menu_order":0,"comment_status":"closed","ping_status":"closed","template":"","meta":{"_et_pb_use_builder":"on","_et_pb_old_content":"","_et_gb_content_width":"","_monsterinsights_skip_tracking":false,"_monsterinsights_sitenote_active":false,"_monsterinsights_sitenote_note":"","_monsterinsights_sitenote_category":0,"footnotes":""},"yoast_head":"<!-- This site is optimized with the Yoast SEO plugin v21.5 - https:\/\/yoast.com\/wordpress\/plugins\/seo\/ -->\n<title>SME\u0160TAJ &#8212; Kmetija z razgledom<\/title>\n<meta name=\"description\" content=\"Sme\u0161taj Kmetija na \u010cendav\u0161 - kmetija z razgledom, apartmani Cerkno. Povoljan polo\u017eaj na\u0161e farme gostima nudi savr\u0161en odmor.\" \/>\n<meta name=\"robots\" content=\"index, follow, max-snippet:-1, max-image-preview:large, max-video-preview:-1\" \/>\n<link rel=\"canonical\" href=\"https:\/\/kmetijazrazgledom.si\/hr\/smestaj\/\" \/>\n<meta property=\"og:locale\" content=\"hr_HR\" \/>\n<meta property=\"og:type\" content=\"article\" \/>\n<meta property=\"og:title\" content=\"SME\u0160TAJ &#8212; Kmetija z razgledom\" \/>\n<meta property=\"og:description\" content=\"Sme\u0161taj Kmetija na \u010cendav\u0161 - kmetija z razgledom, apartmani Cerkno. Povoljan polo\u017eaj na\u0161e farme gostima nudi savr\u0161en odmor.\" \/>\n<meta property=\"og:url\" content=\"https:\/\/kmetijazrazgledom.si\/hr\/smestaj\/\" \/>\n<meta property=\"og:site_name\" content=\"Kmetija z razgledom\" \/>\n<meta property=\"article:modified_time\" content=\"2022-01-14T17:02:20+00:00\" \/>\n<meta name=\"twitter:card\" content=\"summary_large_image\" \/>\n<meta name=\"twitter:label1\" content=\"Procijenjeno vrijeme \u010ditanja\" \/>\n\t<meta name=\"twitter:data1\" content=\"2 minute\" \/>\n<script type=\"application\/ld+json\" class=\"yoast-schema-graph\">{\"@context\":\"https:\/\/schema.org\",\"@graph\":[{\"@type\":\"WebPage\",\"@id\":\"https:\/\/kmetijazrazgledom.si\/hr\/smestaj\/\",\"url\":\"https:\/\/kmetijazrazgledom.si\/hr\/smestaj\/\",\"name\":\"SME\u0160TAJ &#8212; Kmetija z razgledom\",\"isPartOf\":{\"@id\":\"https:\/\/kmetijazrazgledom.si\/#website\"},\"datePublished\":\"2019-10-29T12:56:18+00:00\",\"dateModified\":\"2022-01-14T17:02:20+00:00\",\"description\":\"Sme\u0161taj Kmetija na \u010cendav\u0161 - kmetija z razgledom, apartmani Cerkno. Povoljan polo\u017eaj na\u0161e farme gostima nudi savr\u0161en odmor.\",\"breadcrumb\":{\"@id\":\"https:\/\/kmetijazrazgledom.si\/hr\/smestaj\/#breadcrumb\"},\"inLanguage\":\"hr\",\"potentialAction\":[{\"@type\":\"ReadAction\",\"target\":[\"https:\/\/kmetijazrazgledom.si\/hr\/smestaj\/\"]}]},{\"@type\":\"BreadcrumbList\",\"@id\":\"https:\/\/kmetijazrazgledom.si\/hr\/smestaj\/#breadcrumb\",\"itemListElement\":[{\"@type\":\"ListItem\",\"position\":1,\"name\":\"Home\",\"item\":\"https:\/\/kmetijazrazgledom.si\/hr\/\"},{\"@type\":\"ListItem\",\"position\":2,\"name\":\"SME\u0160TAJ\"}]},{\"@type\":\"WebSite\",\"@id\":\"https:\/\/kmetijazrazgledom.si\/#website\",\"url\":\"https:\/\/kmetijazrazgledom.si\/\",\"name\":\"Kmetija z razgledom\",\"description\":\"\",\"potentialAction\":[{\"@type\":\"SearchAction\",\"target\":{\"@type\":\"EntryPoint\",\"urlTemplate\":\"https:\/\/kmetijazrazgledom.si\/?s={search_term_string}\"},\"query-input\":\"required name=search_term_string\"}],\"inLanguage\":\"hr\"}]}<\/script>\n<!-- \/ Yoast SEO plugin. -->","yoast_head_json":{"title":"SME\u0160TAJ &#8212; Kmetija z razgledom","description":"Sme\u0161taj Kmetija na \u010cendav\u0161 - kmetija z razgledom, apartmani Cerkno. Povoljan polo\u017eaj na\u0161e farme gostima nudi savr\u0161en odmor.","robots":{"index":"index","follow":"follow","max-snippet":"max-snippet:-1","max-image-preview":"max-image-preview:large","max-video-preview":"max-video-preview:-1"},"canonical":"https:\/\/kmetijazrazgledom.si\/hr\/smestaj\/","og_locale":"hr_HR","og_type":"article","og_title":"SME\u0160TAJ &#8212; Kmetija z razgledom","og_description":"Sme\u0161taj Kmetija na \u010cendav\u0161 - kmetija z razgledom, apartmani Cerkno. Povoljan polo\u017eaj na\u0161e farme gostima nudi savr\u0161en odmor.","og_url":"https:\/\/kmetijazrazgledom.si\/hr\/smestaj\/","og_site_name":"Kmetija z razgledom","article_modified_time":"2022-01-14T17:02:20+00:00","twitter_card":"summary_large_image","twitter_misc":{"Procijenjeno vrijeme \u010ditanja":"2 minute"},"schema":{"@context":"https:\/\/schema.org","@graph":[{"@type":"WebPage","@id":"https:\/\/kmetijazrazgledom.si\/hr\/smestaj\/","url":"https:\/\/kmetijazrazgledom.si\/hr\/smestaj\/","name":"SME\u0160TAJ &#8212; Kmetija z razgledom","isPartOf":{"@id":"https:\/\/kmetijazrazgledom.si\/#website"},"datePublished":"2019-10-29T12:56:18+00:00","dateModified":"2022-01-14T17:02:20+00:00","description":"Sme\u0161taj Kmetija na \u010cendav\u0161 - kmetija z razgledom, apartmani Cerkno. Povoljan polo\u017eaj na\u0161e farme gostima nudi savr\u0161en odmor.","breadcrumb":{"@id":"https:\/\/kmetijazrazgledom.si\/hr\/smestaj\/#breadcrumb"},"inLanguage":"hr","potentialAction":[{"@type":"ReadAction","target":["https:\/\/kmetijazrazgledom.si\/hr\/smestaj\/"]}]},{"@type":"BreadcrumbList","@id":"https:\/\/kmetijazrazgledom.si\/hr\/smestaj\/#breadcrumb","itemListElement":[{"@type":"ListItem","position":1,"name":"Home","item":"https:\/\/kmetijazrazgledom.si\/hr\/"},{"@type":"ListItem","position":2,"name":"SME\u0160TAJ"}]},{"@type":"WebSite","@id":"https:\/\/kmetijazrazgledom.si\/#website","url":"https:\/\/kmetijazrazgledom.si\/","name":"Kmetija z razgledom","description":"","potentialAction":[{"@type":"SearchAction","target":{"@type":"EntryPoint","urlTemplate":"https:\/\/kmetijazrazgledom.si\/?s={search_term_string}"},"query-input":"required name=search_term_string"}],"inLanguage":"hr"}]}},"_links":{"self":[{"href":"https:\/\/kmetijazrazgledom.si\/hr\/wp-json\/wp\/v2\/pages\/1126"}],"collection":[{"href":"https:\/\/kmetijazrazgledom.si\/hr\/wp-json\/wp\/v2\/pages"}],"about":[{"href":"https:\/\/kmetijazrazgledom.si\/hr\/wp-json\/wp\/v2\/types\/page"}],"author":[{"embeddable":true,"href":"https:\/\/kmetijazrazgledom.si\/hr\/wp-json\/wp\/v2\/users\/2"}],"replies":[{"embeddable":true,"href":"https:\/\/kmetijazrazgledom.si\/hr\/wp-json\/wp\/v2\/comments?post=1126"}],"version-history":[{"count":8,"href":"https:\/\/kmetijazrazgledom.si\/hr\/wp-json\/wp\/v2\/pages\/1126\/revisions"}],"predecessor-version":[{"id":2839,"href":"https:\/\/kmetijazrazgledom.si\/hr\/wp-json\/wp\/v2\/pages\/1126\/revisions\/2839"}],"wp:attachment":[{"href":"https:\/\/kmetijazrazgledom.si\/hr\/wp-json\/wp\/v2\/media?parent=1126"}],"curies":[{"name":"wp","href":"https:\/\/api.w.org\/{rel}","templated":true}]}}