{"id":1152,"date":"2019-10-29T13:06:50","date_gmt":"2019-10-29T13:06:50","guid":{"rendered":"https:\/\/kmetijazrazgledom.si\/?page_id=1152"},"modified":"2023-11-21T10:56:32","modified_gmt":"2023-11-21T10:56:32","slug":"apartman-vijolica","status":"publish","type":"page","link":"https:\/\/kmetijazrazgledom.si\/hr\/smestaj\/apartman-vijolica\/","title":{"rendered":"APARTMAN VIJOLICA (5 osoba)"},"content":{"rendered":"<p>[et_pb_section fb_built=&#8221;1&#8243; fullwidth=&#8221;on&#8221; _builder_version=&#8221;3.29.3&#8243; global_colors_info=&#8221;{}&#8221;][et_pb_fullwidth_header _builder_version=&#8221;3.29.3&#8243; background_image=&#8221;https:\/\/kmetijazrazgledom.si\/wp-content\/uploads\/2019\/10\/1-min.jpg&#8221; height=&#8221;350px&#8221; global_colors_info=&#8221;{}&#8221;]<br \/>\n[\/et_pb_fullwidth_header][\/et_pb_section][et_pb_section fb_built=&#8221;1&#8243; admin_label=&#8221;section&#8221; _builder_version=&#8221;3.22&#8243; global_colors_info=&#8221;{}&#8221;][et_pb_row column_structure=&#8221;2_3,1_3&#8243; admin_label=&#8221;row&#8221; _builder_version=&#8221;3.29.3&#8243; background_size=&#8221;initial&#8221; background_position=&#8221;top_left&#8221; background_repeat=&#8221;repeat&#8221; global_colors_info=&#8221;{}&#8221;][et_pb_column type=&#8221;2_3&#8243; _builder_version=&#8221;3.25&#8243; custom_padding=&#8221;|||&#8221; global_colors_info=&#8221;{}&#8221; custom_padding__hover=&#8221;|||&#8221;][et_pb_post_title meta=&#8221;off&#8221; featured_image=&#8221;off&#8221; _builder_version=&#8221;3.29.3&#8243; global_colors_info=&#8221;{}&#8221;]<br \/>\n[\/et_pb_post_title][et_pb_text _builder_version=&#8221;4.14.2&#8243; z_index_tablet=&#8221;500&#8243; text_text_shadow_horizontal_length_tablet=&#8221;0px&#8221; text_text_shadow_vertical_length_tablet=&#8221;0px&#8221; text_text_shadow_blur_strength_tablet=&#8221;1px&#8221; link_text_shadow_horizontal_length_tablet=&#8221;0px&#8221; link_text_shadow_vertical_length_tablet=&#8221;0px&#8221; link_text_shadow_blur_strength_tablet=&#8221;1px&#8221; ul_text_shadow_horizontal_length_tablet=&#8221;0px&#8221; ul_text_shadow_vertical_length_tablet=&#8221;0px&#8221; ul_text_shadow_blur_strength_tablet=&#8221;1px&#8221; ol_text_shadow_horizontal_length_tablet=&#8221;0px&#8221; ol_text_shadow_vertical_length_tablet=&#8221;0px&#8221; ol_text_shadow_blur_strength_tablet=&#8221;1px&#8221; quote_text_shadow_horizontal_length_tablet=&#8221;0px&#8221; quote_text_shadow_vertical_length_tablet=&#8221;0px&#8221; quote_text_shadow_blur_strength_tablet=&#8221;1px&#8221; header_text_shadow_horizontal_length_tablet=&#8221;0px&#8221; header_text_shadow_vertical_length_tablet=&#8221;0px&#8221; header_text_shadow_blur_strength_tablet=&#8221;1px&#8221; header_2_text_shadow_horizontal_length_tablet=&#8221;0px&#8221; header_2_text_shadow_vertical_length_tablet=&#8221;0px&#8221; header_2_text_shadow_blur_strength_tablet=&#8221;1px&#8221; header_3_text_shadow_horizontal_length_tablet=&#8221;0px&#8221; header_3_text_shadow_vertical_length_tablet=&#8221;0px&#8221; header_3_text_shadow_blur_strength_tablet=&#8221;1px&#8221; header_4_text_shadow_horizontal_length_tablet=&#8221;0px&#8221; header_4_text_shadow_vertical_length_tablet=&#8221;0px&#8221; header_4_text_shadow_blur_strength_tablet=&#8221;1px&#8221; header_5_text_shadow_horizontal_length_tablet=&#8221;0px&#8221; header_5_text_shadow_vertical_length_tablet=&#8221;0px&#8221; header_5_text_shadow_blur_strength_tablet=&#8221;1px&#8221; header_6_text_shadow_horizontal_length_tablet=&#8221;0px&#8221; header_6_text_shadow_vertical_length_tablet=&#8221;0px&#8221; header_6_text_shadow_blur_strength_tablet=&#8221;1px&#8221; box_shadow_horizontal_tablet=&#8221;0px&#8221; box_shadow_vertical_tablet=&#8221;0px&#8221; box_shadow_blur_tablet=&#8221;40px&#8221; box_shadow_spread_tablet=&#8221;0px&#8221; global_colors_info=&#8221;{}&#8221;]<\/p>\n<p class=\"p1\">Vijolica (Ljubi\u010dica) je mirisna vi\u0161egodi\u0161nja biljka koja raste na na\u0161im livadama i na rubu \u0161uma. Njezini se cvjetovi koriste u proizvodnji parfema, a iz korijena se mo\u017ee napraviti uvarak, \u0161to savr\u0161eno lije\u010di sve poreme\u0107aje di\u0161nog sustava. Uvarak pijemo kod upornog ka\u0161lja, bronhitisa i astme. Tako\u0111er dobro djeluje protiv gripe i reumatskih problema.<\/p>\n<p class=\"p1\">Apartman je namje\u0161ten iznad standarda, prostran i udoban.<\/p>\n<p class=\"p1\"><b>Sadr\u017eaji apartmana:<\/b><\/p>\n<ul class=\"ul1\">\n<li class=\"li1\">kupaonica (tu\u0161, su\u0161ilo za kosu)<\/li>\n<li class=\"li1\">moderno opremljena kuhinja s blagovaonicom (pe\u0107nica sa staklokerami\u010dkom plo\u010dom za kuhanje, hladnjak sa zamrziva\u010dem, perilica posu\u0111a, napa, posu\u0111e i pribor, \u010da\u0161e, tanjuri)<\/li>\n<li class=\"li1\">kau\u010d na rasklapanje<\/li>\n<li class=\"li1\">TV, be\u017ei\u010dni internet<\/li>\n<li class=\"li1\">soba s bra\u010dnim krevetom i krevetom za 1 osobu<\/li>\n<li>klima ure\u0111aj, po \u017eelji, doplata 4\u20ac po danu<\/li>\n<\/ul>\n<p class=\"p1\"><b>Apartman nudi zajedni\u010dku prostoriju za presvla\u010denje, spremi\u0161te za skije i opremu, poseban ulaz, zajedni\u010dki balkon i parking. <\/b><\/p>\n<p class=\"p1\"><b>U cijenu je uklju\u010deno: ru\u010dnici, posteljina i zavr\u0161no \u010di\u0161\u0107enje. Boravi\u0161na pristojba nije uklju\u010dena u cijenu. <\/b><\/p>\n<p class=\"p1\"><b>Dolazak (check-in): <\/b>od 15.00 \u2013 20.00<br \/><b>Odlazak (check-out): <\/b>do 9.30<\/p>\n<p>[\/et_pb_text][et_pb_text _builder_version=&#8221;4.14.2&#8243; global_colors_info=&#8221;{}&#8221;]<\/p>\nBENTRAL CALENDAR ERROR : NO POST ID\n<p>[\/et_pb_text][\/et_pb_column][et_pb_column type=&#8221;1_3&#8243; _builder_version=&#8221;3.25&#8243; custom_padding=&#8221;|||&#8221; global_colors_info=&#8221;{}&#8221; custom_padding__hover=&#8221;|||&#8221;][et_pb_text _builder_version=&#8221;3.29.3&#8243; global_colors_info=&#8221;{}&#8221;]<\/p>\nBENTRAL RESERVATION ERROR : NO POST ID\n<p>[\/et_pb_text][\/et_pb_column][\/et_pb_row][et_pb_row _builder_version=&#8221;3.29.3&#8243; global_colors_info=&#8221;{}&#8221;][et_pb_column type=&#8221;4_4&#8243; _builder_version=&#8221;3.29.3&#8243; global_colors_info=&#8221;{}&#8221;][et_pb_gallery gallery_ids=&#8221;1157,1166,1161,1167,1168,1158,1159,1160,1162,1164,1165,1169,1163&#8243; posts_number=&#8221;8&#8243; show_title_and_caption=&#8221;off&#8221; _builder_version=&#8221;3.29.3&#8243; z_index_tablet=&#8221;500&#8243; title_text_shadow_horizontal_length_tablet=&#8221;0px&#8221; title_text_shadow_vertical_length_tablet=&#8221;0px&#8221; title_text_shadow_blur_strength_tablet=&#8221;1px&#8221; caption_text_shadow_horizontal_length_tablet=&#8221;0px&#8221; caption_text_shadow_vertical_length_tablet=&#8221;0px&#8221; caption_text_shadow_blur_strength_tablet=&#8221;1px&#8221; pagination_text_shadow_horizontal_length_tablet=&#8221;0px&#8221; pagination_text_shadow_vertical_length_tablet=&#8221;0px&#8221; pagination_text_shadow_blur_strength_tablet=&#8221;1px&#8221; box_shadow_horizontal_tablet=&#8221;0px&#8221; box_shadow_vertical_tablet=&#8221;0px&#8221; box_shadow_blur_tablet=&#8221;40px&#8221; box_shadow_spread_tablet=&#8221;0px&#8221; box_shadow_horizontal_image_tablet=&#8221;0px&#8221; box_shadow_vertical_image_tablet=&#8221;0px&#8221; box_shadow_blur_image_tablet=&#8221;40px&#8221; box_shadow_spread_image_tablet=&#8221;0px&#8221; text_shadow_horizontal_length_tablet=&#8221;0px&#8221; text_shadow_vertical_length_tablet=&#8221;0px&#8221; text_shadow_blur_strength_tablet=&#8221;1px&#8221; global_colors_info=&#8221;{}&#8221;]<br \/>\n[\/et_pb_gallery][et_pb_text _builder_version=&#8221;3.29.3&#8243; global_colors_info=&#8221;{}&#8221;]<\/p>\n[bentral_price] : NO POST ID\n<p>[\/et_pb_text][\/et_pb_column][\/et_pb_row][et_pb_row _builder_version=&#8221;4.14.2&#8243; _module_preset=&#8221;default&#8221;][et_pb_column _builder_version=&#8221;4.14.2&#8243; _module_preset=&#8221;default&#8221; type=&#8221;4_4&#8243;][et_pb_text _builder_version=&#8221;4.14.2&#8243; _module_preset=&#8221;default&#8221; hover_enabled=&#8221;0&#8243; sticky_enabled=&#8221;0&#8243; admin_label=&#8221;Pravila i uvjeti rezervacije&#8221;]<\/p>\n<p><strong>Pravila i uvjeti rezervacije<\/strong><br \/>Akontaciju ne vra\u0107amo. U slu\u010daju bolesti (lije\u010dni\u010dka potvrda) rezervaciju je mogu\u0107e odgoditi jednom u razdoblju od 6 mjeseci, uz minimalan boravak od 2, 3 ili 4 no\u0107i (ovisno o sezoni). Pod gore navedenim uvjetima, mogu\u0107e je odgoditi rezervaciju u zimskoj sezoni, ukoliko je skijali\u0161te zatvoreno zbog nedostatka snijega.<\/p>\n<p>[\/et_pb_text][\/et_pb_column][\/et_pb_row][\/et_pb_section]<\/p>\n","protected":false},"excerpt":{"rendered":"<p>Vijolica (Ljubi\u010dica) je mirisna vi\u0161egodi\u0161nja biljka koja raste na na\u0161im livadama i na rubu \u0161uma. Njezini se cvjetovi koriste u proizvodnji parfema, a iz korijena se mo\u017ee napraviti uvarak, \u0161to savr\u0161eno lije\u010di sve poreme\u0107aje di\u0161nog sustava. Uvarak pijemo kod upornog ka\u0161lja, bronhitisa i astme. Tako\u0111er dobro djeluje protiv gripe i reumatskih problema. Apartman je namje\u0161ten [&hellip;]<\/p>\n","protected":false},"author":2,"featured_media":0,"parent":1126,"menu_order":0,"comment_status":"closed","ping_status":"closed","template":"","meta":{"_et_pb_use_builder":"on","_et_pb_old_content":"","_et_gb_content_width":"","_monsterinsights_skip_tracking":false,"_monsterinsights_sitenote_active":false,"_monsterinsights_sitenote_note":"","_monsterinsights_sitenote_category":0,"footnotes":""},"yoast_head":"<!-- This site is optimized with the Yoast SEO plugin v21.5 - https:\/\/yoast.com\/wordpress\/plugins\/seo\/ -->\n<title>APARTMAN VIJOLICA (5 osoba) &#8212; Kmetija z razgledom<\/title>\n<meta name=\"description\" content=\"Sadr\u017eaji apartmana Vijolica: kupaonica, moderno opremljena kuhinja s blagovaonicom, TV, be\u017ei\u010dni internet. Apartmani Cerkno, Kmetija na \u010cendav\u0161.\" \/>\n<meta name=\"robots\" content=\"index, follow, max-snippet:-1, max-image-preview:large, max-video-preview:-1\" \/>\n<link rel=\"canonical\" href=\"https:\/\/kmetijazrazgledom.si\/hr\/smestaj\/apartman-vijolica\/\" \/>\n<meta property=\"og:locale\" content=\"hr_HR\" \/>\n<meta property=\"og:type\" content=\"article\" \/>\n<meta property=\"og:title\" content=\"APARTMAN VIJOLICA (5 osoba) &#8212; Kmetija z razgledom\" \/>\n<meta property=\"og:description\" content=\"Sadr\u017eaji apartmana Vijolica: kupaonica, moderno opremljena kuhinja s blagovaonicom, TV, be\u017ei\u010dni internet. Apartmani Cerkno, Kmetija na \u010cendav\u0161.\" \/>\n<meta property=\"og:url\" content=\"https:\/\/kmetijazrazgledom.si\/hr\/smestaj\/apartman-vijolica\/\" \/>\n<meta property=\"og:site_name\" content=\"Kmetija z razgledom\" \/>\n<meta property=\"article:modified_time\" content=\"2023-11-21T10:56:32+00:00\" \/>\n<meta name=\"twitter:card\" content=\"summary_large_image\" \/>\n<meta name=\"twitter:label1\" content=\"Procijenjeno vrijeme \u010ditanja\" \/>\n\t<meta name=\"twitter:data1\" content=\"4 minute\" \/>\n<script type=\"application\/ld+json\" class=\"yoast-schema-graph\">{\"@context\":\"https:\/\/schema.org\",\"@graph\":[{\"@type\":\"WebPage\",\"@id\":\"https:\/\/kmetijazrazgledom.si\/hr\/smestaj\/apartman-vijolica\/\",\"url\":\"https:\/\/kmetijazrazgledom.si\/hr\/smestaj\/apartman-vijolica\/\",\"name\":\"APARTMAN VIJOLICA (5 osoba) &#8212; Kmetija z razgledom\",\"isPartOf\":{\"@id\":\"https:\/\/kmetijazrazgledom.si\/#website\"},\"datePublished\":\"2019-10-29T13:06:50+00:00\",\"dateModified\":\"2023-11-21T10:56:32+00:00\",\"description\":\"Sadr\u017eaji apartmana Vijolica: kupaonica, moderno opremljena kuhinja s blagovaonicom, TV, be\u017ei\u010dni internet. Apartmani Cerkno, Kmetija na \u010cendav\u0161.\",\"breadcrumb\":{\"@id\":\"https:\/\/kmetijazrazgledom.si\/hr\/smestaj\/apartman-vijolica\/#breadcrumb\"},\"inLanguage\":\"hr\",\"potentialAction\":[{\"@type\":\"ReadAction\",\"target\":[\"https:\/\/kmetijazrazgledom.si\/hr\/smestaj\/apartman-vijolica\/\"]}]},{\"@type\":\"BreadcrumbList\",\"@id\":\"https:\/\/kmetijazrazgledom.si\/hr\/smestaj\/apartman-vijolica\/#breadcrumb\",\"itemListElement\":[{\"@type\":\"ListItem\",\"position\":1,\"name\":\"Home\",\"item\":\"https:\/\/kmetijazrazgledom.si\/hr\/\"},{\"@type\":\"ListItem\",\"position\":2,\"name\":\"SME\u0160TAJ\",\"item\":\"https:\/\/kmetijazrazgledom.si\/hr\/smestaj\/\"},{\"@type\":\"ListItem\",\"position\":3,\"name\":\"APARTMAN VIJOLICA (5 osoba)\"}]},{\"@type\":\"WebSite\",\"@id\":\"https:\/\/kmetijazrazgledom.si\/#website\",\"url\":\"https:\/\/kmetijazrazgledom.si\/\",\"name\":\"Kmetija z razgledom\",\"description\":\"\",\"potentialAction\":[{\"@type\":\"SearchAction\",\"target\":{\"@type\":\"EntryPoint\",\"urlTemplate\":\"https:\/\/kmetijazrazgledom.si\/?s={search_term_string}\"},\"query-input\":\"required name=search_term_string\"}],\"inLanguage\":\"hr\"}]}<\/script>\n<!-- \/ Yoast SEO plugin. -->","yoast_head_json":{"title":"APARTMAN VIJOLICA (5 osoba) &#8212; Kmetija z razgledom","description":"Sadr\u017eaji apartmana Vijolica: kupaonica, moderno opremljena kuhinja s blagovaonicom, TV, be\u017ei\u010dni internet. Apartmani Cerkno, Kmetija na \u010cendav\u0161.","robots":{"index":"index","follow":"follow","max-snippet":"max-snippet:-1","max-image-preview":"max-image-preview:large","max-video-preview":"max-video-preview:-1"},"canonical":"https:\/\/kmetijazrazgledom.si\/hr\/smestaj\/apartman-vijolica\/","og_locale":"hr_HR","og_type":"article","og_title":"APARTMAN VIJOLICA (5 osoba) &#8212; Kmetija z razgledom","og_description":"Sadr\u017eaji apartmana Vijolica: kupaonica, moderno opremljena kuhinja s blagovaonicom, TV, be\u017ei\u010dni internet. Apartmani Cerkno, Kmetija na \u010cendav\u0161.","og_url":"https:\/\/kmetijazrazgledom.si\/hr\/smestaj\/apartman-vijolica\/","og_site_name":"Kmetija z razgledom","article_modified_time":"2023-11-21T10:56:32+00:00","twitter_card":"summary_large_image","twitter_misc":{"Procijenjeno vrijeme \u010ditanja":"4 minute"},"schema":{"@context":"https:\/\/schema.org","@graph":[{"@type":"WebPage","@id":"https:\/\/kmetijazrazgledom.si\/hr\/smestaj\/apartman-vijolica\/","url":"https:\/\/kmetijazrazgledom.si\/hr\/smestaj\/apartman-vijolica\/","name":"APARTMAN VIJOLICA (5 osoba) &#8212; Kmetija z razgledom","isPartOf":{"@id":"https:\/\/kmetijazrazgledom.si\/#website"},"datePublished":"2019-10-29T13:06:50+00:00","dateModified":"2023-11-21T10:56:32+00:00","description":"Sadr\u017eaji apartmana Vijolica: kupaonica, moderno opremljena kuhinja s blagovaonicom, TV, be\u017ei\u010dni internet. Apartmani Cerkno, Kmetija na \u010cendav\u0161.","breadcrumb":{"@id":"https:\/\/kmetijazrazgledom.si\/hr\/smestaj\/apartman-vijolica\/#breadcrumb"},"inLanguage":"hr","potentialAction":[{"@type":"ReadAction","target":["https:\/\/kmetijazrazgledom.si\/hr\/smestaj\/apartman-vijolica\/"]}]},{"@type":"BreadcrumbList","@id":"https:\/\/kmetijazrazgledom.si\/hr\/smestaj\/apartman-vijolica\/#breadcrumb","itemListElement":[{"@type":"ListItem","position":1,"name":"Home","item":"https:\/\/kmetijazrazgledom.si\/hr\/"},{"@type":"ListItem","position":2,"name":"SME\u0160TAJ","item":"https:\/\/kmetijazrazgledom.si\/hr\/smestaj\/"},{"@type":"ListItem","position":3,"name":"APARTMAN VIJOLICA (5 osoba)"}]},{"@type":"WebSite","@id":"https:\/\/kmetijazrazgledom.si\/#website","url":"https:\/\/kmetijazrazgledom.si\/","name":"Kmetija z razgledom","description":"","potentialAction":[{"@type":"SearchAction","target":{"@type":"EntryPoint","urlTemplate":"https:\/\/kmetijazrazgledom.si\/?s={search_term_string}"},"query-input":"required name=search_term_string"}],"inLanguage":"hr"}]}},"_links":{"self":[{"href":"https:\/\/kmetijazrazgledom.si\/hr\/wp-json\/wp\/v2\/pages\/1152"}],"collection":[{"href":"https:\/\/kmetijazrazgledom.si\/hr\/wp-json\/wp\/v2\/pages"}],"about":[{"href":"https:\/\/kmetijazrazgledom.si\/hr\/wp-json\/wp\/v2\/types\/page"}],"author":[{"embeddable":true,"href":"https:\/\/kmetijazrazgledom.si\/hr\/wp-json\/wp\/v2\/users\/2"}],"replies":[{"embeddable":true,"href":"https:\/\/kmetijazrazgledom.si\/hr\/wp-json\/wp\/v2\/comments?post=1152"}],"version-history":[{"count":16,"href":"https:\/\/kmetijazrazgledom.si\/hr\/wp-json\/wp\/v2\/pages\/1152\/revisions"}],"predecessor-version":[{"id":3013,"href":"https:\/\/kmetijazrazgledom.si\/hr\/wp-json\/wp\/v2\/pages\/1152\/revisions\/3013"}],"up":[{"embeddable":true,"href":"https:\/\/kmetijazrazgledom.si\/hr\/wp-json\/wp\/v2\/pages\/1126"}],"wp:attachment":[{"href":"https:\/\/kmetijazrazgledom.si\/hr\/wp-json\/wp\/v2\/media?parent=1152"}],"curies":[{"name":"wp","href":"https:\/\/api.w.org\/{rel}","templated":true}]}}