{"id":850,"date":"2019-10-28T13:03:49","date_gmt":"2019-10-28T13:03:49","guid":{"rendered":"https:\/\/kmetijazrazgledom.si\/?page_id=850"},"modified":"2022-01-10T17:29:40","modified_gmt":"2022-01-10T17:29:40","slug":"domace-aktivnosti","status":"publish","type":"page","link":"https:\/\/kmetijazrazgledom.si\/hr\/aktivnosti\/domace-aktivnosti\/","title":{"rendered":"DOMA\u0106E AKTIVNOSTI"},"content":{"rendered":"<p>[et_pb_section fb_built=&#8221;1&#8243; fullwidth=&#8221;on&#8221; _builder_version=&#8221;3.29.3&#8243; global_colors_info=&#8221;{}&#8221;][et_pb_fullwidth_header _builder_version=&#8221;3.29.3&#8243; background_image=&#8221;https:\/\/kmetijazrazgledom.si\/wp-content\/uploads\/2019\/10\/KmetijaNaCendovs_DomaceAktivnosti.jpg&#8221; height=&#8221;350px&#8221; global_colors_info=&#8221;{}&#8221;][\/et_pb_fullwidth_header][\/et_pb_section][et_pb_section fb_built=&#8221;1&#8243; admin_label=&#8221;section&#8221; _builder_version=&#8221;3.22&#8243; global_colors_info=&#8221;{}&#8221;][et_pb_row column_structure=&#8221;1_2,1_2&#8243; admin_label=&#8221;row&#8221; _builder_version=&#8221;3.25&#8243; background_size=&#8221;initial&#8221; background_position=&#8221;top_left&#8221; background_repeat=&#8221;repeat&#8221; global_colors_info=&#8221;{}&#8221;][et_pb_column type=&#8221;1_2&#8243; _builder_version=&#8221;3.25&#8243; custom_padding=&#8221;|||&#8221; global_colors_info=&#8221;{}&#8221; custom_padding__hover=&#8221;|||&#8221;][et_pb_post_title meta=&#8221;off&#8221; featured_image=&#8221;off&#8221; _builder_version=&#8221;3.29.3&#8243; global_colors_info=&#8221;{}&#8221;][\/et_pb_post_title][et_pb_text _builder_version=&#8221;3.29.3&#8243; global_colors_info=&#8221;{}&#8221;]<\/p>\n<p>\u200bU onim toplijim mjesecima mo\u017eete se udobno smjestiti na na\u0161em vrtu, hvatati sun\u010deve zrake na le\u017ealjci, odmarati se nakon ru\u010dka u vise\u0107oj mre\u017ei ili \u010ditati knjigu na vise\u0107oj stolici. Osim dje\u010djeg igrali\u0161ta, u vrtu se nalaze stolni tenis i pikado. Tako\u0111er mo\u017eete pripremiti piknik u vrtu, pripremiti ukusna jela za cijelu obitelj na ro\u0161tilju.<\/p>\n<p>Zimi stolni tenis i pikado premjestimo na toplo mjesto gdje djecu \u010deka i stolni nogomet.<\/p>\n<p>[\/et_pb_text][\/et_pb_column][et_pb_column type=&#8221;1_2&#8243; _builder_version=&#8221;3.25&#8243; custom_padding=&#8221;|||&#8221; global_colors_info=&#8221;{}&#8221; custom_padding__hover=&#8221;|||&#8221;][et_pb_image src=&#8221;https:\/\/kmetijazrazgledom.si\/wp-content\/uploads\/2019\/10\/KmetijaNaCendovs_DomaceAktivnosti_01.jpg&#8221; _builder_version=&#8221;3.29.3&#8243; global_colors_info=&#8221;{}&#8221;][\/et_pb_image][\/et_pb_column][\/et_pb_row][et_pb_row _builder_version=&#8221;3.29.3&#8243; global_colors_info=&#8221;{}&#8221;][et_pb_column type=&#8221;4_4&#8243; _builder_version=&#8221;3.29.3&#8243; global_colors_info=&#8221;{}&#8221;][et_pb_gallery gallery_ids=&#8221;669,668,667,666&#8243; show_title_and_caption=&#8221;off&#8221; show_pagination=&#8221;off&#8221; _builder_version=&#8221;3.29.3&#8243; global_colors_info=&#8221;{}&#8221;][\/et_pb_gallery][\/et_pb_column][\/et_pb_row][\/et_pb_section]<\/p>\n","protected":false},"excerpt":{"rendered":"<p>\u200bU onim toplijim mjesecima mo\u017eete se udobno smjestiti na na\u0161em vrtu, hvatati sun\u010deve zrake na le\u017ealjci, odmarati se nakon ru\u010dka u vise\u0107oj mre\u017ei ili \u010ditati knjigu na vise\u0107oj stolici. Osim dje\u010djeg igrali\u0161ta, u vrtu se nalaze stolni tenis i pikado. Tako\u0111er mo\u017eete pripremiti piknik u vrtu, pripremiti ukusna jela za cijelu obitelj na ro\u0161tilju. Zimi [&hellip;]<\/p>\n","protected":false},"author":2,"featured_media":0,"parent":1213,"menu_order":0,"comment_status":"closed","ping_status":"closed","template":"","meta":{"_et_pb_use_builder":"on","_et_pb_old_content":"","_et_gb_content_width":"","_monsterinsights_skip_tracking":false,"_monsterinsights_sitenote_active":false,"_monsterinsights_sitenote_note":"","_monsterinsights_sitenote_category":0,"footnotes":""},"yoast_head":"<!-- This site is optimized with the Yoast SEO plugin v21.5 - https:\/\/yoast.com\/wordpress\/plugins\/seo\/ -->\n<title>DOMA\u0106E AKTIVNOSTI &#8212; Kmetija z razgledom<\/title>\n<meta name=\"description\" content=\"U onim toplijim mjesecima mo\u017eete se udobno smjestiti na na\u0161em vrtu, zimi stolni tenis i pikado premjestimo na toplo mjesto.\" \/>\n<meta name=\"robots\" content=\"index, follow, max-snippet:-1, max-image-preview:large, max-video-preview:-1\" \/>\n<link rel=\"canonical\" href=\"https:\/\/kmetijazrazgledom.si\/hr\/aktivnosti\/domace-aktivnosti\/\" \/>\n<meta property=\"og:locale\" content=\"hr_HR\" \/>\n<meta property=\"og:type\" content=\"article\" \/>\n<meta property=\"og:title\" content=\"DOMA\u0106E AKTIVNOSTI &#8212; Kmetija z razgledom\" \/>\n<meta property=\"og:description\" content=\"U onim toplijim mjesecima mo\u017eete se udobno smjestiti na na\u0161em vrtu, zimi stolni tenis i pikado premjestimo na toplo mjesto.\" \/>\n<meta property=\"og:url\" content=\"https:\/\/kmetijazrazgledom.si\/hr\/aktivnosti\/domace-aktivnosti\/\" \/>\n<meta property=\"og:site_name\" content=\"Kmetija z razgledom\" \/>\n<meta property=\"article:modified_time\" content=\"2022-01-10T17:29:40+00:00\" \/>\n<meta name=\"twitter:card\" content=\"summary_large_image\" \/>\n<meta name=\"twitter:label1\" content=\"Procijenjeno vrijeme \u010ditanja\" \/>\n\t<meta name=\"twitter:data1\" content=\"1 minuta\" \/>\n<script type=\"application\/ld+json\" class=\"yoast-schema-graph\">{\"@context\":\"https:\/\/schema.org\",\"@graph\":[{\"@type\":\"WebPage\",\"@id\":\"https:\/\/kmetijazrazgledom.si\/hr\/aktivnosti\/domace-aktivnosti\/\",\"url\":\"https:\/\/kmetijazrazgledom.si\/hr\/aktivnosti\/domace-aktivnosti\/\",\"name\":\"DOMA\u0106E AKTIVNOSTI &#8212; Kmetija z razgledom\",\"isPartOf\":{\"@id\":\"https:\/\/kmetijazrazgledom.si\/#website\"},\"datePublished\":\"2019-10-28T13:03:49+00:00\",\"dateModified\":\"2022-01-10T17:29:40+00:00\",\"description\":\"U onim toplijim mjesecima mo\u017eete se udobno smjestiti na na\u0161em vrtu, zimi stolni tenis i pikado premjestimo na toplo mjesto.\",\"breadcrumb\":{\"@id\":\"https:\/\/kmetijazrazgledom.si\/hr\/aktivnosti\/domace-aktivnosti\/#breadcrumb\"},\"inLanguage\":\"hr\",\"potentialAction\":[{\"@type\":\"ReadAction\",\"target\":[\"https:\/\/kmetijazrazgledom.si\/hr\/aktivnosti\/domace-aktivnosti\/\"]}]},{\"@type\":\"BreadcrumbList\",\"@id\":\"https:\/\/kmetijazrazgledom.si\/hr\/aktivnosti\/domace-aktivnosti\/#breadcrumb\",\"itemListElement\":[{\"@type\":\"ListItem\",\"position\":1,\"name\":\"Home\",\"item\":\"https:\/\/kmetijazrazgledom.si\/hr\/\"},{\"@type\":\"ListItem\",\"position\":2,\"name\":\"Aktivnosti\",\"item\":\"https:\/\/kmetijazrazgledom.si\/hr\/aktivnosti\/\"},{\"@type\":\"ListItem\",\"position\":3,\"name\":\"DOMA\u0106E AKTIVNOSTI\"}]},{\"@type\":\"WebSite\",\"@id\":\"https:\/\/kmetijazrazgledom.si\/#website\",\"url\":\"https:\/\/kmetijazrazgledom.si\/\",\"name\":\"Kmetija z razgledom\",\"description\":\"\",\"potentialAction\":[{\"@type\":\"SearchAction\",\"target\":{\"@type\":\"EntryPoint\",\"urlTemplate\":\"https:\/\/kmetijazrazgledom.si\/?s={search_term_string}\"},\"query-input\":\"required name=search_term_string\"}],\"inLanguage\":\"hr\"}]}<\/script>\n<!-- \/ Yoast SEO plugin. -->","yoast_head_json":{"title":"DOMA\u0106E AKTIVNOSTI &#8212; Kmetija z razgledom","description":"U onim toplijim mjesecima mo\u017eete se udobno smjestiti na na\u0161em vrtu, zimi stolni tenis i pikado premjestimo na toplo mjesto.","robots":{"index":"index","follow":"follow","max-snippet":"max-snippet:-1","max-image-preview":"max-image-preview:large","max-video-preview":"max-video-preview:-1"},"canonical":"https:\/\/kmetijazrazgledom.si\/hr\/aktivnosti\/domace-aktivnosti\/","og_locale":"hr_HR","og_type":"article","og_title":"DOMA\u0106E AKTIVNOSTI &#8212; Kmetija z razgledom","og_description":"U onim toplijim mjesecima mo\u017eete se udobno smjestiti na na\u0161em vrtu, zimi stolni tenis i pikado premjestimo na toplo mjesto.","og_url":"https:\/\/kmetijazrazgledom.si\/hr\/aktivnosti\/domace-aktivnosti\/","og_site_name":"Kmetija z razgledom","article_modified_time":"2022-01-10T17:29:40+00:00","twitter_card":"summary_large_image","twitter_misc":{"Procijenjeno vrijeme \u010ditanja":"1 minuta"},"schema":{"@context":"https:\/\/schema.org","@graph":[{"@type":"WebPage","@id":"https:\/\/kmetijazrazgledom.si\/hr\/aktivnosti\/domace-aktivnosti\/","url":"https:\/\/kmetijazrazgledom.si\/hr\/aktivnosti\/domace-aktivnosti\/","name":"DOMA\u0106E AKTIVNOSTI &#8212; Kmetija z razgledom","isPartOf":{"@id":"https:\/\/kmetijazrazgledom.si\/#website"},"datePublished":"2019-10-28T13:03:49+00:00","dateModified":"2022-01-10T17:29:40+00:00","description":"U onim toplijim mjesecima mo\u017eete se udobno smjestiti na na\u0161em vrtu, zimi stolni tenis i pikado premjestimo na toplo mjesto.","breadcrumb":{"@id":"https:\/\/kmetijazrazgledom.si\/hr\/aktivnosti\/domace-aktivnosti\/#breadcrumb"},"inLanguage":"hr","potentialAction":[{"@type":"ReadAction","target":["https:\/\/kmetijazrazgledom.si\/hr\/aktivnosti\/domace-aktivnosti\/"]}]},{"@type":"BreadcrumbList","@id":"https:\/\/kmetijazrazgledom.si\/hr\/aktivnosti\/domace-aktivnosti\/#breadcrumb","itemListElement":[{"@type":"ListItem","position":1,"name":"Home","item":"https:\/\/kmetijazrazgledom.si\/hr\/"},{"@type":"ListItem","position":2,"name":"Aktivnosti","item":"https:\/\/kmetijazrazgledom.si\/hr\/aktivnosti\/"},{"@type":"ListItem","position":3,"name":"DOMA\u0106E AKTIVNOSTI"}]},{"@type":"WebSite","@id":"https:\/\/kmetijazrazgledom.si\/#website","url":"https:\/\/kmetijazrazgledom.si\/","name":"Kmetija z razgledom","description":"","potentialAction":[{"@type":"SearchAction","target":{"@type":"EntryPoint","urlTemplate":"https:\/\/kmetijazrazgledom.si\/?s={search_term_string}"},"query-input":"required name=search_term_string"}],"inLanguage":"hr"}]}},"_links":{"self":[{"href":"https:\/\/kmetijazrazgledom.si\/hr\/wp-json\/wp\/v2\/pages\/850"}],"collection":[{"href":"https:\/\/kmetijazrazgledom.si\/hr\/wp-json\/wp\/v2\/pages"}],"about":[{"href":"https:\/\/kmetijazrazgledom.si\/hr\/wp-json\/wp\/v2\/types\/page"}],"author":[{"embeddable":true,"href":"https:\/\/kmetijazrazgledom.si\/hr\/wp-json\/wp\/v2\/users\/2"}],"replies":[{"embeddable":true,"href":"https:\/\/kmetijazrazgledom.si\/hr\/wp-json\/wp\/v2\/comments?post=850"}],"version-history":[{"count":5,"href":"https:\/\/kmetijazrazgledom.si\/hr\/wp-json\/wp\/v2\/pages\/850\/revisions"}],"predecessor-version":[{"id":2815,"href":"https:\/\/kmetijazrazgledom.si\/hr\/wp-json\/wp\/v2\/pages\/850\/revisions\/2815"}],"up":[{"embeddable":true,"href":"https:\/\/kmetijazrazgledom.si\/hr\/wp-json\/wp\/v2\/pages\/1213"}],"wp:attachment":[{"href":"https:\/\/kmetijazrazgledom.si\/hr\/wp-json\/wp\/v2\/media?parent=850"}],"curies":[{"name":"wp","href":"https:\/\/api.w.org\/{rel}","templated":true}]}}