{"id":867,"date":"2019-10-28T13:08:22","date_gmt":"2019-10-28T13:08:22","guid":{"rendered":"https:\/\/kmetijazrazgledom.si\/?page_id=867"},"modified":"2022-01-10T17:28:35","modified_gmt":"2022-01-10T17:28:35","slug":"biciklizam-i-bike-park","status":"publish","type":"page","link":"https:\/\/kmetijazrazgledom.si\/hr\/aktivnosti\/biciklizam-i-bike-park\/","title":{"rendered":"BICIKLIZAM I BIKE PARK"},"content":{"rendered":"<p>[et_pb_section fb_built=&#8221;1&#8243; fullwidth=&#8221;on&#8221; _builder_version=&#8221;3.29.3&#8243; global_colors_info=&#8221;{}&#8221;][et_pb_fullwidth_header _builder_version=&#8221;3.29.3&#8243; background_image=&#8221;https:\/\/kmetijazrazgledom.si\/wp-content\/uploads\/2019\/10\/KmetijaNaCendovs_BikeParkCerkno.jpg&#8221; background_position=&#8221;top_center&#8221; height=&#8221;350px&#8221; global_colors_info=&#8221;{}&#8221;][\/et_pb_fullwidth_header][\/et_pb_section][et_pb_section fb_built=&#8221;1&#8243; admin_label=&#8221;section&#8221; _builder_version=&#8221;3.22&#8243; global_colors_info=&#8221;{}&#8221;][et_pb_row column_structure=&#8221;1_2,1_2&#8243; admin_label=&#8221;row&#8221; _builder_version=&#8221;3.25&#8243; background_size=&#8221;initial&#8221; background_position=&#8221;top_left&#8221; background_repeat=&#8221;repeat&#8221; global_colors_info=&#8221;{}&#8221;][et_pb_column type=&#8221;1_2&#8243; _builder_version=&#8221;3.25&#8243; custom_padding=&#8221;|||&#8221; global_colors_info=&#8221;{}&#8221; custom_padding__hover=&#8221;|||&#8221;][et_pb_post_title meta=&#8221;off&#8221; featured_image=&#8221;off&#8221; admin_label=&#8221;Naslov&#8221; _builder_version=&#8221;3.29.3&#8243; global_colors_info=&#8221;{}&#8221;][\/et_pb_post_title][et_pb_text admin_label=&#8221;Vsebina&#8221; _builder_version=&#8221;3.29.3&#8243; global_colors_info=&#8221;{}&#8221;]<\/p>\n<p>Cerkljanske gore su idealne za bicikliste. Mo\u017eete birati izme\u0111u raznih tura, onih manje zahtjevnih i kratkih, te du\u017eih i napornijih tura. Biciklom mo\u017eete do\u0107i do prekrasnih pogleda i adrenalinskih spu\u0161tanja.<\/p>\n<p>Kako se ne bi izgubili u prostranstvu podru\u010dja, tako\u0111er vam nudimo kartu s ucrtanim biciklisti\u010dkim stazama. Neka pustolovina po\u010dne!<\/p>\n<p>[\/et_pb_text][et_pb_text admin_label=&#8221;Bike park&#8221; _builder_version=&#8221;3.29.3&#8243; global_colors_info=&#8221;{}&#8221;]<\/p>\n<h2>Bike park<\/h2>\n<p>\u010crni vrh nije rezerviran samo za skija\u0161tvo i planinarenje, ve\u0107 i za ljubitelje adrenalinskog biciklizma.<\/p>\n<p>Bike park se sastoji od raznovrsnih staza s razli\u010ditim terenskim oblicima (izbo\u010dine, spu\u0161talice, &#8230;), koje prolaze kroz \u0161umu, nastavljaju se flow trail stazom, da bi zavr\u0161ile ispod \u017ei\u010dare sa 6 sjedala. Dvije pojedina\u010dne staze i flow trail nose zanimljiva imena po poljoprivrednim alatima iz na\u0161ih krajeva (vaznka\u0161, vlakavc i snije\u017eet). Biciklisti\u010dki centar tako\u0111er nudi najam bicikala i ostale opreme te servis.<\/p>\n<p>[\/et_pb_text][\/et_pb_column][et_pb_column type=&#8221;1_2&#8243; _builder_version=&#8221;3.25&#8243; custom_padding=&#8221;|||&#8221; global_colors_info=&#8221;{}&#8221; custom_padding__hover=&#8221;|||&#8221;][et_pb_testimonial _builder_version=&#8221;3.29.3&#8243; body_font=&#8221;||on||||||&#8221; body_font_size=&#8221;23px&#8221; global_colors_info=&#8221;{}&#8221;]<\/p>\n<p>Cerkljanske gore su idealne za bicikliste. Mo\u017eete birati izme\u0111u raznih tura, onih manje zahtjevnih i kratkih, te du\u017eih i napornijih tura.<\/p>\n<p>[\/et_pb_testimonial][\/et_pb_column][\/et_pb_row][\/et_pb_section][et_pb_section fb_built=&#8221;1&#8243; _builder_version=&#8221;3.29.3&#8243; global_colors_info=&#8221;{}&#8221;][et_pb_row _builder_version=&#8221;3.29.3&#8243; global_colors_info=&#8221;{}&#8221;][et_pb_column type=&#8221;4_4&#8243; _builder_version=&#8221;3.29.3&#8243; global_colors_info=&#8221;{}&#8221;][et_pb_gallery gallery_ids=&#8221;369,368,367,366&#8243; show_title_and_caption=&#8221;off&#8221; show_pagination=&#8221;off&#8221; _builder_version=&#8221;3.29.3&#8243; global_colors_info=&#8221;{}&#8221;][\/et_pb_gallery][\/et_pb_column][\/et_pb_row][\/et_pb_section]<\/p>\n","protected":false},"excerpt":{"rendered":"<p>Cerkljanske gore su idealne za bicikliste. Mo\u017eete birati izme\u0111u raznih tura, onih manje zahtjevnih i kratkih, te du\u017eih i napornijih tura. Biciklom mo\u017eete do\u0107i do prekrasnih pogleda i adrenalinskih spu\u0161tanja. Kako se ne bi izgubili u prostranstvu podru\u010dja, tako\u0111er vam nudimo kartu s ucrtanim biciklisti\u010dkim stazama. Neka pustolovina po\u010dne!Bike park \u010crni vrh nije rezerviran samo [&hellip;]<\/p>\n","protected":false},"author":2,"featured_media":0,"parent":1213,"menu_order":0,"comment_status":"closed","ping_status":"closed","template":"","meta":{"_et_pb_use_builder":"on","_et_pb_old_content":"","_et_gb_content_width":"","_monsterinsights_skip_tracking":false,"_monsterinsights_sitenote_active":false,"_monsterinsights_sitenote_note":"","_monsterinsights_sitenote_category":0,"footnotes":""},"yoast_head":"<!-- This site is optimized with the Yoast SEO plugin v21.5 - https:\/\/yoast.com\/wordpress\/plugins\/seo\/ -->\n<title>BICIKLIZAM I BIKE PARK &#8212; Kmetija z razgledom<\/title>\n<meta name=\"description\" content=\"Cerkljanske gore su idealne za bicikliste. Mo\u017eete birati izme\u0111u raznih tura, onih manje zahtjevnih i kratkih, te du\u017eih i napornijih tura.\" \/>\n<meta name=\"robots\" content=\"index, follow, max-snippet:-1, max-image-preview:large, max-video-preview:-1\" \/>\n<link rel=\"canonical\" href=\"https:\/\/kmetijazrazgledom.si\/hr\/aktivnosti\/biciklizam-i-bike-park\/\" \/>\n<meta property=\"og:locale\" content=\"hr_HR\" \/>\n<meta property=\"og:type\" content=\"article\" \/>\n<meta property=\"og:title\" content=\"BICIKLIZAM I BIKE PARK &#8212; Kmetija z razgledom\" \/>\n<meta property=\"og:description\" content=\"Cerkljanske gore su idealne za bicikliste. Mo\u017eete birati izme\u0111u raznih tura, onih manje zahtjevnih i kratkih, te du\u017eih i napornijih tura.\" \/>\n<meta property=\"og:url\" content=\"https:\/\/kmetijazrazgledom.si\/hr\/aktivnosti\/biciklizam-i-bike-park\/\" \/>\n<meta property=\"og:site_name\" content=\"Kmetija z razgledom\" \/>\n<meta property=\"article:modified_time\" content=\"2022-01-10T17:28:35+00:00\" \/>\n<meta name=\"twitter:card\" content=\"summary_large_image\" \/>\n<meta name=\"twitter:label1\" content=\"Procijenjeno vrijeme \u010ditanja\" \/>\n\t<meta name=\"twitter:data1\" content=\"2 minute\" \/>\n<script type=\"application\/ld+json\" class=\"yoast-schema-graph\">{\"@context\":\"https:\/\/schema.org\",\"@graph\":[{\"@type\":\"WebPage\",\"@id\":\"https:\/\/kmetijazrazgledom.si\/hr\/aktivnosti\/biciklizam-i-bike-park\/\",\"url\":\"https:\/\/kmetijazrazgledom.si\/hr\/aktivnosti\/biciklizam-i-bike-park\/\",\"name\":\"BICIKLIZAM I BIKE PARK &#8212; Kmetija z razgledom\",\"isPartOf\":{\"@id\":\"https:\/\/kmetijazrazgledom.si\/#website\"},\"datePublished\":\"2019-10-28T13:08:22+00:00\",\"dateModified\":\"2022-01-10T17:28:35+00:00\",\"description\":\"Cerkljanske gore su idealne za bicikliste. Mo\u017eete birati izme\u0111u raznih tura, onih manje zahtjevnih i kratkih, te du\u017eih i napornijih tura.\",\"breadcrumb\":{\"@id\":\"https:\/\/kmetijazrazgledom.si\/hr\/aktivnosti\/biciklizam-i-bike-park\/#breadcrumb\"},\"inLanguage\":\"hr\",\"potentialAction\":[{\"@type\":\"ReadAction\",\"target\":[\"https:\/\/kmetijazrazgledom.si\/hr\/aktivnosti\/biciklizam-i-bike-park\/\"]}]},{\"@type\":\"BreadcrumbList\",\"@id\":\"https:\/\/kmetijazrazgledom.si\/hr\/aktivnosti\/biciklizam-i-bike-park\/#breadcrumb\",\"itemListElement\":[{\"@type\":\"ListItem\",\"position\":1,\"name\":\"Home\",\"item\":\"https:\/\/kmetijazrazgledom.si\/hr\/\"},{\"@type\":\"ListItem\",\"position\":2,\"name\":\"Aktivnosti\",\"item\":\"https:\/\/kmetijazrazgledom.si\/hr\/aktivnosti\/\"},{\"@type\":\"ListItem\",\"position\":3,\"name\":\"BICIKLIZAM I BIKE PARK\"}]},{\"@type\":\"WebSite\",\"@id\":\"https:\/\/kmetijazrazgledom.si\/#website\",\"url\":\"https:\/\/kmetijazrazgledom.si\/\",\"name\":\"Kmetija z razgledom\",\"description\":\"\",\"potentialAction\":[{\"@type\":\"SearchAction\",\"target\":{\"@type\":\"EntryPoint\",\"urlTemplate\":\"https:\/\/kmetijazrazgledom.si\/?s={search_term_string}\"},\"query-input\":\"required name=search_term_string\"}],\"inLanguage\":\"hr\"}]}<\/script>\n<!-- \/ Yoast SEO plugin. -->","yoast_head_json":{"title":"BICIKLIZAM I BIKE PARK &#8212; Kmetija z razgledom","description":"Cerkljanske gore su idealne za bicikliste. Mo\u017eete birati izme\u0111u raznih tura, onih manje zahtjevnih i kratkih, te du\u017eih i napornijih tura.","robots":{"index":"index","follow":"follow","max-snippet":"max-snippet:-1","max-image-preview":"max-image-preview:large","max-video-preview":"max-video-preview:-1"},"canonical":"https:\/\/kmetijazrazgledom.si\/hr\/aktivnosti\/biciklizam-i-bike-park\/","og_locale":"hr_HR","og_type":"article","og_title":"BICIKLIZAM I BIKE PARK &#8212; Kmetija z razgledom","og_description":"Cerkljanske gore su idealne za bicikliste. Mo\u017eete birati izme\u0111u raznih tura, onih manje zahtjevnih i kratkih, te du\u017eih i napornijih tura.","og_url":"https:\/\/kmetijazrazgledom.si\/hr\/aktivnosti\/biciklizam-i-bike-park\/","og_site_name":"Kmetija z razgledom","article_modified_time":"2022-01-10T17:28:35+00:00","twitter_card":"summary_large_image","twitter_misc":{"Procijenjeno vrijeme \u010ditanja":"2 minute"},"schema":{"@context":"https:\/\/schema.org","@graph":[{"@type":"WebPage","@id":"https:\/\/kmetijazrazgledom.si\/hr\/aktivnosti\/biciklizam-i-bike-park\/","url":"https:\/\/kmetijazrazgledom.si\/hr\/aktivnosti\/biciklizam-i-bike-park\/","name":"BICIKLIZAM I BIKE PARK &#8212; Kmetija z razgledom","isPartOf":{"@id":"https:\/\/kmetijazrazgledom.si\/#website"},"datePublished":"2019-10-28T13:08:22+00:00","dateModified":"2022-01-10T17:28:35+00:00","description":"Cerkljanske gore su idealne za bicikliste. Mo\u017eete birati izme\u0111u raznih tura, onih manje zahtjevnih i kratkih, te du\u017eih i napornijih tura.","breadcrumb":{"@id":"https:\/\/kmetijazrazgledom.si\/hr\/aktivnosti\/biciklizam-i-bike-park\/#breadcrumb"},"inLanguage":"hr","potentialAction":[{"@type":"ReadAction","target":["https:\/\/kmetijazrazgledom.si\/hr\/aktivnosti\/biciklizam-i-bike-park\/"]}]},{"@type":"BreadcrumbList","@id":"https:\/\/kmetijazrazgledom.si\/hr\/aktivnosti\/biciklizam-i-bike-park\/#breadcrumb","itemListElement":[{"@type":"ListItem","position":1,"name":"Home","item":"https:\/\/kmetijazrazgledom.si\/hr\/"},{"@type":"ListItem","position":2,"name":"Aktivnosti","item":"https:\/\/kmetijazrazgledom.si\/hr\/aktivnosti\/"},{"@type":"ListItem","position":3,"name":"BICIKLIZAM I BIKE PARK"}]},{"@type":"WebSite","@id":"https:\/\/kmetijazrazgledom.si\/#website","url":"https:\/\/kmetijazrazgledom.si\/","name":"Kmetija z razgledom","description":"","potentialAction":[{"@type":"SearchAction","target":{"@type":"EntryPoint","urlTemplate":"https:\/\/kmetijazrazgledom.si\/?s={search_term_string}"},"query-input":"required name=search_term_string"}],"inLanguage":"hr"}]}},"_links":{"self":[{"href":"https:\/\/kmetijazrazgledom.si\/hr\/wp-json\/wp\/v2\/pages\/867"}],"collection":[{"href":"https:\/\/kmetijazrazgledom.si\/hr\/wp-json\/wp\/v2\/pages"}],"about":[{"href":"https:\/\/kmetijazrazgledom.si\/hr\/wp-json\/wp\/v2\/types\/page"}],"author":[{"embeddable":true,"href":"https:\/\/kmetijazrazgledom.si\/hr\/wp-json\/wp\/v2\/users\/2"}],"replies":[{"embeddable":true,"href":"https:\/\/kmetijazrazgledom.si\/hr\/wp-json\/wp\/v2\/comments?post=867"}],"version-history":[{"count":8,"href":"https:\/\/kmetijazrazgledom.si\/hr\/wp-json\/wp\/v2\/pages\/867\/revisions"}],"predecessor-version":[{"id":2814,"href":"https:\/\/kmetijazrazgledom.si\/hr\/wp-json\/wp\/v2\/pages\/867\/revisions\/2814"}],"up":[{"embeddable":true,"href":"https:\/\/kmetijazrazgledom.si\/hr\/wp-json\/wp\/v2\/pages\/1213"}],"wp:attachment":[{"href":"https:\/\/kmetijazrazgledom.si\/hr\/wp-json\/wp\/v2\/media?parent=867"}],"curies":[{"name":"wp","href":"https:\/\/api.w.org\/{rel}","templated":true}]}}