{"id":877,"date":"2019-10-01T11:44:33","date_gmt":"2019-10-01T11:44:33","guid":{"rendered":"https:\/\/kmetijazrazgledom.si\/?page_id=877"},"modified":"2022-01-10T17:33:51","modified_gmt":"2022-01-10T17:33:51","slug":"plezanje","status":"publish","type":"page","link":"https:\/\/kmetijazrazgledom.si\/hr\/aktivnosti\/plezanje\/","title":{"rendered":"PENJANJE"},"content":{"rendered":"<p>[et_pb_section fb_built=&#8221;1&#8243; fullwidth=&#8221;on&#8221; _builder_version=&#8221;3.29.3&#8243; global_colors_info=&#8221;{}&#8221;][et_pb_fullwidth_header _builder_version=&#8221;3.29.3&#8243; background_image=&#8221;https:\/\/kmetijazrazgledom.si\/wp-content\/uploads\/2019\/10\/KmetijaNaCendovs_LutneSkale02.jpg&#8221; height=&#8221;350px&#8221; global_colors_info=&#8221;{}&#8221;][\/et_pb_fullwidth_header][\/et_pb_section][et_pb_section fb_built=&#8221;1&#8243; admin_label=&#8221;section&#8221; _builder_version=&#8221;3.22&#8243; global_colors_info=&#8221;{}&#8221;][et_pb_row column_structure=&#8221;1_2,1_2&#8243; admin_label=&#8221;row&#8221; _builder_version=&#8221;3.25&#8243; background_size=&#8221;initial&#8221; background_position=&#8221;top_left&#8221; background_repeat=&#8221;repeat&#8221; global_colors_info=&#8221;{}&#8221;][et_pb_column type=&#8221;1_2&#8243; _builder_version=&#8221;3.25&#8243; custom_padding=&#8221;|||&#8221; global_colors_info=&#8221;{}&#8221; custom_padding__hover=&#8221;|||&#8221;][et_pb_post_title meta=&#8221;off&#8221; featured_image=&#8221;off&#8221; _builder_version=&#8221;3.29.3&#8243; global_colors_info=&#8221;{}&#8221;][\/et_pb_post_title][et_pb_text _builder_version=&#8221;3.29.3&#8243; link_option_url=&#8221;http:\/\/www.aocerkno.com\/07\/2011\/seznam-smeri\/&#8221; global_colors_info=&#8221;{}&#8221;]<\/p>\n<p class=\"p1\">Opremljeno penjali\u0161te Lutne skale nalazi se u Kazarskoj grapi, u blizini ceste koja vodi od Reke do sela Bukovo, na raskri\u017eju za selo Police. Grapa Osim penjali\u0161ta ima i niz prekrasnih prirodnih znamenitosti (prirodni most, korita i brzaci, izvori i tragovi sedra).<\/p>\n<p class=\"p1\">Penjanje je mogu\u0107e od ranog prolje\u0107a pa sve do kasne jeseni. Smjerovi su uglavnom ravnomjerno nadsvo\u0111eni i provedeni na strmim plo\u010dama, opremljeni za\u0161titnim klinovima i sidri\u0161tima. Mo\u017eete se peti po vi\u0161e od \u010detrdeset smjerova za penjanje, od najlak\u0161ih pa sve do najte\u017eih razina te\u017eine.<\/p>\n<p class=\"p1\">Popis smjerova: <strong><a href=\"http:\/\/www.aocerkno.com\/07\/2011\/seznam-smeri\/\" target=\"_blank\" rel=\"noopener noreferrer\">www.aocerkno.com\/seznam-smeri<\/a><\/strong><\/p>\n<p>[\/et_pb_text][\/et_pb_column][et_pb_column type=&#8221;1_2&#8243; _builder_version=&#8221;3.25&#8243; custom_padding=&#8221;|||&#8221; global_colors_info=&#8221;{}&#8221; custom_padding__hover=&#8221;|||&#8221;][et_pb_image src=&#8221;https:\/\/kmetijazrazgledom.si\/wp-content\/uploads\/2019\/10\/KmetijaNaCendovs_LutneSkale01.jpg&#8221; _builder_version=&#8221;3.29.3&#8243; global_colors_info=&#8221;{}&#8221;][\/et_pb_image][\/et_pb_column][\/et_pb_row][\/et_pb_section]<\/p>\n","protected":false},"excerpt":{"rendered":"<p>Opremljeno penjali\u0161te Lutne skale nalazi se u Kazarskoj grapi, u blizini ceste koja vodi od Reke do sela Bukovo, na raskri\u017eju za selo Police. Grapa Osim penjali\u0161ta ima i niz prekrasnih prirodnih znamenitosti (prirodni most, korita i brzaci, izvori i tragovi sedra). Penjanje je mogu\u0107e od ranog prolje\u0107a pa sve do kasne jeseni. Smjerovi su [&hellip;]<\/p>\n","protected":false},"author":1,"featured_media":0,"parent":1213,"menu_order":0,"comment_status":"closed","ping_status":"closed","template":"","meta":{"_et_pb_use_builder":"on","_et_pb_old_content":"","_et_gb_content_width":"","_monsterinsights_skip_tracking":false,"_monsterinsights_sitenote_active":false,"_monsterinsights_sitenote_note":"","_monsterinsights_sitenote_category":0,"footnotes":""},"yoast_head":"<!-- This site is optimized with the Yoast SEO plugin v21.5 - https:\/\/yoast.com\/wordpress\/plugins\/seo\/ -->\n<title>PENJANJE &#8212; Kmetija z razgledom<\/title>\n<meta name=\"description\" content=\"Smjerovi su uglavnom ravnomjerno nadsvo\u0111eni i provedeni na strmim plo\u010dama. Penjanje je mogu\u0107e ranog prolje\u0107a pa sve do kasne jeseni.\" \/>\n<meta name=\"robots\" content=\"index, follow, max-snippet:-1, max-image-preview:large, max-video-preview:-1\" \/>\n<link rel=\"canonical\" href=\"https:\/\/kmetijazrazgledom.si\/hr\/aktivnosti\/plezanje\/\" \/>\n<meta property=\"og:locale\" content=\"hr_HR\" \/>\n<meta property=\"og:type\" content=\"article\" \/>\n<meta property=\"og:title\" content=\"PENJANJE &#8212; Kmetija z razgledom\" \/>\n<meta property=\"og:description\" content=\"Smjerovi su uglavnom ravnomjerno nadsvo\u0111eni i provedeni na strmim plo\u010dama. Penjanje je mogu\u0107e ranog prolje\u0107a pa sve do kasne jeseni.\" \/>\n<meta property=\"og:url\" content=\"https:\/\/kmetijazrazgledom.si\/hr\/aktivnosti\/plezanje\/\" \/>\n<meta property=\"og:site_name\" content=\"Kmetija z razgledom\" \/>\n<meta property=\"article:modified_time\" content=\"2022-01-10T17:33:51+00:00\" \/>\n<meta name=\"twitter:card\" content=\"summary_large_image\" \/>\n<meta name=\"twitter:label1\" content=\"Procijenjeno vrijeme \u010ditanja\" \/>\n\t<meta name=\"twitter:data1\" content=\"1 minuta\" \/>\n<script type=\"application\/ld+json\" class=\"yoast-schema-graph\">{\"@context\":\"https:\/\/schema.org\",\"@graph\":[{\"@type\":\"WebPage\",\"@id\":\"https:\/\/kmetijazrazgledom.si\/hr\/aktivnosti\/plezanje\/\",\"url\":\"https:\/\/kmetijazrazgledom.si\/hr\/aktivnosti\/plezanje\/\",\"name\":\"PENJANJE &#8212; Kmetija z razgledom\",\"isPartOf\":{\"@id\":\"https:\/\/kmetijazrazgledom.si\/#website\"},\"datePublished\":\"2019-10-01T11:44:33+00:00\",\"dateModified\":\"2022-01-10T17:33:51+00:00\",\"description\":\"Smjerovi su uglavnom ravnomjerno nadsvo\u0111eni i provedeni na strmim plo\u010dama. Penjanje je mogu\u0107e ranog prolje\u0107a pa sve do kasne jeseni.\",\"breadcrumb\":{\"@id\":\"https:\/\/kmetijazrazgledom.si\/hr\/aktivnosti\/plezanje\/#breadcrumb\"},\"inLanguage\":\"hr\",\"potentialAction\":[{\"@type\":\"ReadAction\",\"target\":[\"https:\/\/kmetijazrazgledom.si\/hr\/aktivnosti\/plezanje\/\"]}]},{\"@type\":\"BreadcrumbList\",\"@id\":\"https:\/\/kmetijazrazgledom.si\/hr\/aktivnosti\/plezanje\/#breadcrumb\",\"itemListElement\":[{\"@type\":\"ListItem\",\"position\":1,\"name\":\"Home\",\"item\":\"https:\/\/kmetijazrazgledom.si\/hr\/\"},{\"@type\":\"ListItem\",\"position\":2,\"name\":\"Aktivnosti\",\"item\":\"https:\/\/kmetijazrazgledom.si\/hr\/aktivnosti\/\"},{\"@type\":\"ListItem\",\"position\":3,\"name\":\"PENJANJE\"}]},{\"@type\":\"WebSite\",\"@id\":\"https:\/\/kmetijazrazgledom.si\/#website\",\"url\":\"https:\/\/kmetijazrazgledom.si\/\",\"name\":\"Kmetija z razgledom\",\"description\":\"\",\"potentialAction\":[{\"@type\":\"SearchAction\",\"target\":{\"@type\":\"EntryPoint\",\"urlTemplate\":\"https:\/\/kmetijazrazgledom.si\/?s={search_term_string}\"},\"query-input\":\"required name=search_term_string\"}],\"inLanguage\":\"hr\"}]}<\/script>\n<!-- \/ Yoast SEO plugin. -->","yoast_head_json":{"title":"PENJANJE &#8212; Kmetija z razgledom","description":"Smjerovi su uglavnom ravnomjerno nadsvo\u0111eni i provedeni na strmim plo\u010dama. Penjanje je mogu\u0107e ranog prolje\u0107a pa sve do kasne jeseni.","robots":{"index":"index","follow":"follow","max-snippet":"max-snippet:-1","max-image-preview":"max-image-preview:large","max-video-preview":"max-video-preview:-1"},"canonical":"https:\/\/kmetijazrazgledom.si\/hr\/aktivnosti\/plezanje\/","og_locale":"hr_HR","og_type":"article","og_title":"PENJANJE &#8212; Kmetija z razgledom","og_description":"Smjerovi su uglavnom ravnomjerno nadsvo\u0111eni i provedeni na strmim plo\u010dama. Penjanje je mogu\u0107e ranog prolje\u0107a pa sve do kasne jeseni.","og_url":"https:\/\/kmetijazrazgledom.si\/hr\/aktivnosti\/plezanje\/","og_site_name":"Kmetija z razgledom","article_modified_time":"2022-01-10T17:33:51+00:00","twitter_card":"summary_large_image","twitter_misc":{"Procijenjeno vrijeme \u010ditanja":"1 minuta"},"schema":{"@context":"https:\/\/schema.org","@graph":[{"@type":"WebPage","@id":"https:\/\/kmetijazrazgledom.si\/hr\/aktivnosti\/plezanje\/","url":"https:\/\/kmetijazrazgledom.si\/hr\/aktivnosti\/plezanje\/","name":"PENJANJE &#8212; Kmetija z razgledom","isPartOf":{"@id":"https:\/\/kmetijazrazgledom.si\/#website"},"datePublished":"2019-10-01T11:44:33+00:00","dateModified":"2022-01-10T17:33:51+00:00","description":"Smjerovi su uglavnom ravnomjerno nadsvo\u0111eni i provedeni na strmim plo\u010dama. Penjanje je mogu\u0107e ranog prolje\u0107a pa sve do kasne jeseni.","breadcrumb":{"@id":"https:\/\/kmetijazrazgledom.si\/hr\/aktivnosti\/plezanje\/#breadcrumb"},"inLanguage":"hr","potentialAction":[{"@type":"ReadAction","target":["https:\/\/kmetijazrazgledom.si\/hr\/aktivnosti\/plezanje\/"]}]},{"@type":"BreadcrumbList","@id":"https:\/\/kmetijazrazgledom.si\/hr\/aktivnosti\/plezanje\/#breadcrumb","itemListElement":[{"@type":"ListItem","position":1,"name":"Home","item":"https:\/\/kmetijazrazgledom.si\/hr\/"},{"@type":"ListItem","position":2,"name":"Aktivnosti","item":"https:\/\/kmetijazrazgledom.si\/hr\/aktivnosti\/"},{"@type":"ListItem","position":3,"name":"PENJANJE"}]},{"@type":"WebSite","@id":"https:\/\/kmetijazrazgledom.si\/#website","url":"https:\/\/kmetijazrazgledom.si\/","name":"Kmetija z razgledom","description":"","potentialAction":[{"@type":"SearchAction","target":{"@type":"EntryPoint","urlTemplate":"https:\/\/kmetijazrazgledom.si\/?s={search_term_string}"},"query-input":"required name=search_term_string"}],"inLanguage":"hr"}]}},"_links":{"self":[{"href":"https:\/\/kmetijazrazgledom.si\/hr\/wp-json\/wp\/v2\/pages\/877"}],"collection":[{"href":"https:\/\/kmetijazrazgledom.si\/hr\/wp-json\/wp\/v2\/pages"}],"about":[{"href":"https:\/\/kmetijazrazgledom.si\/hr\/wp-json\/wp\/v2\/types\/page"}],"author":[{"embeddable":true,"href":"https:\/\/kmetijazrazgledom.si\/hr\/wp-json\/wp\/v2\/users\/1"}],"replies":[{"embeddable":true,"href":"https:\/\/kmetijazrazgledom.si\/hr\/wp-json\/wp\/v2\/comments?post=877"}],"version-history":[{"count":7,"href":"https:\/\/kmetijazrazgledom.si\/hr\/wp-json\/wp\/v2\/pages\/877\/revisions"}],"predecessor-version":[{"id":2816,"href":"https:\/\/kmetijazrazgledom.si\/hr\/wp-json\/wp\/v2\/pages\/877\/revisions\/2816"}],"up":[{"embeddable":true,"href":"https:\/\/kmetijazrazgledom.si\/hr\/wp-json\/wp\/v2\/pages\/1213"}],"wp:attachment":[{"href":"https:\/\/kmetijazrazgledom.si\/hr\/wp-json\/wp\/v2\/media?parent=877"}],"curies":[{"name":"wp","href":"https:\/\/api.w.org\/{rel}","templated":true}]}}