{"id":900,"date":"2019-10-28T14:14:28","date_gmt":"2019-10-28T14:14:28","guid":{"rendered":"https:\/\/kmetijazrazgledom.si\/?page_id=900"},"modified":"2022-01-10T17:35:07","modified_gmt":"2022-01-10T17:35:07","slug":"planinarenje","status":"publish","type":"page","link":"https:\/\/kmetijazrazgledom.si\/hr\/aktivnosti\/planinarenje\/","title":{"rendered":"PLANINARENJE"},"content":{"rendered":"<p>[et_pb_section fb_built=&#8221;1&#8243; fullwidth=&#8221;on&#8221; _builder_version=&#8221;3.29.3&#8243; global_colors_info=&#8221;{}&#8221;][et_pb_fullwidth_header _builder_version=&#8221;3.29.3&#8243; background_image=&#8221;https:\/\/kmetijazrazgledom.si\/wp-content\/uploads\/2019\/10\/KmetijaNaCendovs_Porezen.jpg&#8221; background_position=&#8221;top_center&#8221; height=&#8221;350px&#8221; global_colors_info=&#8221;{}&#8221;][\/et_pb_fullwidth_header][\/et_pb_section][et_pb_section fb_built=&#8221;1&#8243; admin_label=&#8221;section&#8221; _builder_version=&#8221;3.22&#8243; global_colors_info=&#8221;{}&#8221;][et_pb_row admin_label=&#8221;row&#8221; _builder_version=&#8221;3.25&#8243; background_size=&#8221;initial&#8221; background_position=&#8221;top_left&#8221; background_repeat=&#8221;repeat&#8221; global_colors_info=&#8221;{}&#8221;][et_pb_column type=&#8221;4_4&#8243; _builder_version=&#8221;3.25&#8243; custom_padding=&#8221;|||&#8221; global_colors_info=&#8221;{}&#8221; custom_padding__hover=&#8221;|||&#8221;][et_pb_post_title meta=&#8221;off&#8221; featured_image=&#8221;off&#8221; _builder_version=&#8221;3.29.3&#8243; global_colors_info=&#8221;{}&#8221;][\/et_pb_post_title][et_pb_text _builder_version=&#8221;3.29.3&#8243; global_colors_info=&#8221;{}&#8221;]<\/p>\n<p class=\"p1\"><strong>Cerkno i njegova okolica pripadaju Cerkljanskom sredogorju i pobr\u0111u, koji se svrstavaju u skupinu predalpskih, odlikuju se strminama i dose\u017eu prosje\u010dnu visinu od 1000 metara. Ovdje \u0107ete prona\u0107i gorja, grebenove, visoravni, uske klance, doline, kristalno \u010diste vode, prekrasne poglede, netaknutu prirodu &#8230;, ne\u0107ete biti razo\u010darani kada posjetite Cerkljansko gorje.<\/strong><\/p>\n<p class=\"p1\"><strong>Tu se isprepli\u0107u brojne planinarske i transverzalne staze, kao i mnoge dobro organizirane i ozna\u010dene pje\u0161a\u010dke staze.<\/strong><\/p>\n<p>[\/et_pb_text][\/et_pb_column][\/et_pb_row][et_pb_row column_structure=&#8221;1_2,1_2&#8243; admin_label=&#8221;porezen&#8221; _builder_version=&#8221;3.29.3&#8243; global_colors_info=&#8221;{}&#8221;][et_pb_column type=&#8221;1_2&#8243; _builder_version=&#8221;3.29.3&#8243; global_colors_info=&#8221;{}&#8221;][et_pb_image src=&#8221;https:\/\/kmetijazrazgledom.si\/wp-content\/uploads\/2019\/10\/KmetijaNaCendovs_Porezen01.jpg&#8221; _builder_version=&#8221;3.29.3&#8243; global_colors_info=&#8221;{}&#8221;][\/et_pb_image][\/et_pb_column][et_pb_column type=&#8221;1_2&#8243; _builder_version=&#8221;3.29.3&#8243; global_colors_info=&#8221;{}&#8221;][et_pb_text _builder_version=&#8221;3.29.3&#8243; custom_margin=&#8221;10px||||false|false&#8221; custom_padding=&#8221;10px||||false|false&#8221; global_colors_info=&#8221;{}&#8221;]<\/p>\n<h2>Porezen (1630m)<\/h2>\n<p>&nbsp;<\/p>\n<p class=\"p1\">Porezen je najvi\u0161i vrh Cerkljanskog gorja, s kojeg se pru\u017ea pogled na Bohinjske gore, Julijske Alpe, Karavanke i Kamni\u0161ko-Savinjske Alpe te na Cerkljansko i \u0160kofjelo\u0161ko gorje, na jug pa sve do mora. Samo nekoliko metara pod vrhom je planinarski dom.<span class=\"Apple-converted-space\">\u00a0 <\/span>Na vrhu se nalazi \u017eig i upisna knjiga.<\/p>\n<p class=\"p1\">Na Porezenu se nalazi i spomen obilje\u017eje NOB i jo\u0161 neki ostaci koji svjedo\u010de o ratnom vremenu.<\/p>\n<p class=\"p1\">Na Porezen vode brojne markirane staze iz Cerkljanske i Ba\u0161ke grape.<\/p>\n<p>[\/et_pb_text][\/et_pb_column][\/et_pb_row][et_pb_row column_structure=&#8221;1_2,1_2&#8243; admin_label=&#8221;blego\u0161&#8221; _builder_version=&#8221;3.29.3&#8243; global_colors_info=&#8221;{}&#8221;][et_pb_column type=&#8221;1_2&#8243; _builder_version=&#8221;3.29.3&#8243; global_colors_info=&#8221;{}&#8221;][et_pb_text _builder_version=&#8221;3.29.3&#8243; custom_margin=&#8221;20px||||false|false&#8221; custom_padding=&#8221;20px||||false|false&#8221; global_colors_info=&#8221;{}&#8221;]<\/p>\n<h2>Blego\u0161 (1564m)<\/h2>\n<p>&nbsp;<\/p>\n<p class=\"p1\">Blego\u0161, najvi\u0161i vrh \u0160kofjelo\u0161kog gorja, a pored Porezne i Ratitovca, jedan je od &#8220;velika tri&#8221; alpska vrha i pru\u017ea prekrasan pogled na Julijske Alpe i okolna gorja. Na njega vodi niz ozna\u010denih staza.<\/p>\n<p class=\"p1\">Vrh ima \u017eig i upisnu knjigu. Stotinu metara ispod vrha nalazi se i planinska koliba.<\/p>\n<p>[\/et_pb_text][\/et_pb_column][et_pb_column type=&#8221;1_2&#8243; _builder_version=&#8221;3.29.3&#8243; global_colors_info=&#8221;{}&#8221;][et_pb_image src=&#8221;https:\/\/kmetijazrazgledom.si\/wp-content\/uploads\/2019\/10\/KmetijaNaCendovs_Blegos.jpg&#8221; _builder_version=&#8221;3.29.3&#8243; global_colors_info=&#8221;{}&#8221;][\/et_pb_image][\/et_pb_column][\/et_pb_row][et_pb_row column_structure=&#8221;1_2,1_2&#8243; admin_label=&#8221;kopa&#8221; _builder_version=&#8221;3.29.3&#8243; global_colors_info=&#8221;{}&#8221;][et_pb_column type=&#8221;1_2&#8243; _builder_version=&#8221;3.29.3&#8243; global_colors_info=&#8221;{}&#8221;][et_pb_image src=&#8221;https:\/\/kmetijazrazgledom.si\/wp-content\/uploads\/2019\/10\/KmetijaNaCendovs_Kopa.jpg&#8221; _builder_version=&#8221;3.29.3&#8243; global_colors_info=&#8221;{}&#8221;][\/et_pb_image][\/et_pb_column][et_pb_column type=&#8221;1_2&#8243; _builder_version=&#8221;3.29.3&#8243; global_colors_info=&#8221;{}&#8221;][et_pb_text _builder_version=&#8221;3.29.3&#8243; custom_margin=&#8221;20px||||false|false&#8221; custom_padding=&#8221;20px||||false|false&#8221; global_colors_info=&#8221;{}&#8221;]<\/p>\n<h2>Kopa (1360m)<\/h2>\n<p>&nbsp;<\/p>\n<p class=\"p1\">Mje\u0161tani su tu visoku stijenu, koja je nalik<span class=\"Apple-converted-space\">\u00a0 <\/span>gomili ugljena nazvali &#8220;Kapa&#8221; ili &#8220;Kopa&#8221;. Kopa je vrh iznad sela Novaki, na obroncima Cimprovke, s kojeg se otvara pogled na Cerkno i okolna gorja, Trnovski gozd, a kada je vrijeme lijepo \u010dak i do Kamni\u0161ko-Savinjskih Alpa.<\/p>\n<p class=\"p1\">Polazna to\u010dka uspona na Kopo je na Razpetu, koji le\u017ei na granici s Novakima i Dav\u010dom (na granici izme\u0111u Primorske i Gorenjske), tu se nalazi i informativna tabla, a do vrha vodi markirani put.<\/p>\n<p>[\/et_pb_text][\/et_pb_column][\/et_pb_row][et_pb_row column_structure=&#8221;1_2,1_2&#8243; admin_label=&#8221;kojca&#8221; _builder_version=&#8221;3.29.3&#8243; global_colors_info=&#8221;{}&#8221;][et_pb_column type=&#8221;1_2&#8243; _builder_version=&#8221;3.29.3&#8243; global_colors_info=&#8221;{}&#8221;][et_pb_text _builder_version=&#8221;3.29.3&#8243; custom_margin=&#8221;20px||||false|false&#8221; custom_padding=&#8221;20px||||false|false&#8221; global_colors_info=&#8221;{}&#8221;]<\/p>\n<h2>Kojca (1303)<\/h2>\n<p>&nbsp;<\/p>\n<p class=\"p1\">Kojca, majka Cerkljanskog gorja, stoji ju\u017eno od Porezena. Na nju se mo\u017eete popeti iz Zakojca, Orehoka i Jesenica. Iz nje se pru\u017ea prekrasan pogled na Cerkljansko gorje, Porezen, Bohinjske gore, Ba\u0161ko grapo i na \u010crnu prst pa sve do Krna.<\/p>\n<p class=\"p1\">Na travnatom vrhu nalazi se drveni bivak.<\/p>\n<p>[\/et_pb_text][\/et_pb_column][et_pb_column type=&#8221;1_2&#8243; _builder_version=&#8221;3.29.3&#8243; global_colors_info=&#8221;{}&#8221;][et_pb_image src=&#8221;https:\/\/kmetijazrazgledom.si\/wp-content\/uploads\/2019\/10\/KmetijaNaCendovs_Kojca.jpg&#8221; _builder_version=&#8221;3.29.3&#8243; global_colors_info=&#8221;{}&#8221;][\/et_pb_image][\/et_pb_column][\/et_pb_row][et_pb_row column_structure=&#8221;1_2,1_2&#8243; admin_label=&#8221;\u010crni Vrh&#8221; _builder_version=&#8221;3.29.3&#8243; global_colors_info=&#8221;{}&#8221;][et_pb_column type=&#8221;1_2&#8243; _builder_version=&#8221;3.29.3&#8243; global_colors_info=&#8221;{}&#8221;][et_pb_image src=&#8221;https:\/\/kmetijazrazgledom.si\/wp-content\/uploads\/2019\/10\/KmetijaNaCendovs_CrniVrh.jpg&#8221; _builder_version=&#8221;3.29.3&#8243; global_colors_info=&#8221;{}&#8221;][\/et_pb_image][\/et_pb_column][et_pb_column type=&#8221;1_2&#8243; _builder_version=&#8221;3.29.3&#8243; global_colors_info=&#8221;{}&#8221;][et_pb_text _builder_version=&#8221;3.29.3&#8243; custom_margin=&#8221;20px||||false|false&#8221; custom_padding=&#8221;20px||||false|false&#8221; global_colors_info=&#8221;{}&#8221;]<\/p>\n<h2>\u010crni vrh (1291m)<\/h2>\n<p>&nbsp;<\/p>\n<p class=\"p1\">\u010crni vrh je najvi\u0161a to\u010dka skijali\u0161ta Cerkno. Na vrhu se pru\u017ea pogled na Julijske Alpe, Cerkljansko gorje te po lijepom vremenu sve do Kamni\u0161ko-Savinjskih Alpi.<\/p>\n<p class=\"p1\">Na njega se mo\u017eete popeti iz Gorenjih Novakov, Leskovice&#8230;<\/p>\n<p>[\/et_pb_text][\/et_pb_column][\/et_pb_row][et_pb_row column_structure=&#8221;1_2,1_2&#8243; admin_label=&#8221;ermanovec&#8221; _builder_version=&#8221;3.29.3&#8243; global_colors_info=&#8221;{}&#8221;][et_pb_column type=&#8221;1_2&#8243; _builder_version=&#8221;3.29.3&#8243; global_colors_info=&#8221;{}&#8221;][et_pb_text _builder_version=&#8221;3.29.3&#8243; custom_margin=&#8221;20px||||false|false&#8221; custom_padding=&#8221;20px||||false|false&#8221; global_colors_info=&#8221;{}&#8221;]<\/p>\n<h2>Ermanovec (1026m)<\/h2>\n<p>&nbsp;<\/p>\n<p class=\"p1\">S vrha Ermanovca se pru\u017ea prekrasan pogled na cijelo \u0160kofjelo\u0161ko gorje, dijelove Cerkljanskog gorja i druge vrhove u okolini. Na njega vode brojne ozna\u010dene planinske rute, s Trebije, Hotavelja, s prijevoja Kladje. Vrh ima \u017eig i upisnu knjigu.<\/p>\n<p class=\"p1\">Pod planinom Ermanovec, na 968 metara nadmorske visine, nalazi se planinarski dom.<\/p>\n<p>[\/et_pb_text][\/et_pb_column][et_pb_column type=&#8221;1_2&#8243; _builder_version=&#8221;3.29.3&#8243; global_colors_info=&#8221;{}&#8221;][et_pb_image src=&#8221;https:\/\/kmetijazrazgledom.si\/wp-content\/uploads\/2019\/10\/KmetijaNaCendovs_Ermanovec.jpg&#8221; _builder_version=&#8221;3.29.3&#8243; global_colors_info=&#8221;{}&#8221;][\/et_pb_image][\/et_pb_column][\/et_pb_row][\/et_pb_section]<\/p>\n","protected":false},"excerpt":{"rendered":"<p>Cerkno i njegova okolica pripadaju Cerkljanskom sredogorju i pobr\u0111u, koji se svrstavaju u skupinu predalpskih, odlikuju se strminama i dose\u017eu prosje\u010dnu visinu od 1000 metara. Ovdje \u0107ete prona\u0107i gorja, grebenove, visoravni, uske klance, doline, kristalno \u010diste vode, prekrasne poglede, netaknutu prirodu &#8230;, ne\u0107ete biti razo\u010darani kada posjetite Cerkljansko gorje. Tu se isprepli\u0107u brojne planinarske i [&hellip;]<\/p>\n","protected":false},"author":2,"featured_media":0,"parent":1213,"menu_order":0,"comment_status":"closed","ping_status":"closed","template":"","meta":{"_et_pb_use_builder":"on","_et_pb_old_content":"","_et_gb_content_width":"","_monsterinsights_skip_tracking":false,"_monsterinsights_sitenote_active":false,"_monsterinsights_sitenote_note":"","_monsterinsights_sitenote_category":0,"footnotes":""},"yoast_head":"<!-- This site is optimized with the Yoast SEO plugin v21.5 - https:\/\/yoast.com\/wordpress\/plugins\/seo\/ -->\n<title>PLANINARENJE &#8212; Kmetija z razgledom<\/title>\n<meta name=\"description\" content=\"Ovdje \u0107ete prona\u0107i gorja, grebenove, visoravni, uske klance, doline, kristalno \u010diste vode, prekrasne poglede, netaknutu prirodu.\" \/>\n<meta name=\"robots\" content=\"index, follow, max-snippet:-1, max-image-preview:large, max-video-preview:-1\" \/>\n<link rel=\"canonical\" href=\"https:\/\/kmetijazrazgledom.si\/hr\/aktivnosti\/planinarenje\/\" \/>\n<meta property=\"og:locale\" content=\"hr_HR\" \/>\n<meta property=\"og:type\" content=\"article\" \/>\n<meta property=\"og:title\" content=\"PLANINARENJE &#8212; Kmetija z razgledom\" \/>\n<meta property=\"og:description\" content=\"Ovdje \u0107ete prona\u0107i gorja, grebenove, visoravni, uske klance, doline, kristalno \u010diste vode, prekrasne poglede, netaknutu prirodu.\" \/>\n<meta property=\"og:url\" content=\"https:\/\/kmetijazrazgledom.si\/hr\/aktivnosti\/planinarenje\/\" \/>\n<meta property=\"og:site_name\" content=\"Kmetija z razgledom\" \/>\n<meta property=\"article:modified_time\" content=\"2022-01-10T17:35:07+00:00\" \/>\n<meta name=\"twitter:card\" content=\"summary_large_image\" \/>\n<meta name=\"twitter:label1\" content=\"Procijenjeno vrijeme \u010ditanja\" \/>\n\t<meta name=\"twitter:data1\" content=\"5 minuta\" \/>\n<script type=\"application\/ld+json\" class=\"yoast-schema-graph\">{\"@context\":\"https:\/\/schema.org\",\"@graph\":[{\"@type\":\"WebPage\",\"@id\":\"https:\/\/kmetijazrazgledom.si\/hr\/aktivnosti\/planinarenje\/\",\"url\":\"https:\/\/kmetijazrazgledom.si\/hr\/aktivnosti\/planinarenje\/\",\"name\":\"PLANINARENJE &#8212; Kmetija z razgledom\",\"isPartOf\":{\"@id\":\"https:\/\/kmetijazrazgledom.si\/#website\"},\"datePublished\":\"2019-10-28T14:14:28+00:00\",\"dateModified\":\"2022-01-10T17:35:07+00:00\",\"description\":\"Ovdje \u0107ete prona\u0107i gorja, grebenove, visoravni, uske klance, doline, kristalno \u010diste vode, prekrasne poglede, netaknutu prirodu.\",\"breadcrumb\":{\"@id\":\"https:\/\/kmetijazrazgledom.si\/hr\/aktivnosti\/planinarenje\/#breadcrumb\"},\"inLanguage\":\"hr\",\"potentialAction\":[{\"@type\":\"ReadAction\",\"target\":[\"https:\/\/kmetijazrazgledom.si\/hr\/aktivnosti\/planinarenje\/\"]}]},{\"@type\":\"BreadcrumbList\",\"@id\":\"https:\/\/kmetijazrazgledom.si\/hr\/aktivnosti\/planinarenje\/#breadcrumb\",\"itemListElement\":[{\"@type\":\"ListItem\",\"position\":1,\"name\":\"Home\",\"item\":\"https:\/\/kmetijazrazgledom.si\/hr\/\"},{\"@type\":\"ListItem\",\"position\":2,\"name\":\"Aktivnosti\",\"item\":\"https:\/\/kmetijazrazgledom.si\/hr\/aktivnosti\/\"},{\"@type\":\"ListItem\",\"position\":3,\"name\":\"PLANINARENJE\"}]},{\"@type\":\"WebSite\",\"@id\":\"https:\/\/kmetijazrazgledom.si\/#website\",\"url\":\"https:\/\/kmetijazrazgledom.si\/\",\"name\":\"Kmetija z razgledom\",\"description\":\"\",\"potentialAction\":[{\"@type\":\"SearchAction\",\"target\":{\"@type\":\"EntryPoint\",\"urlTemplate\":\"https:\/\/kmetijazrazgledom.si\/?s={search_term_string}\"},\"query-input\":\"required name=search_term_string\"}],\"inLanguage\":\"hr\"}]}<\/script>\n<!-- \/ Yoast SEO plugin. -->","yoast_head_json":{"title":"PLANINARENJE &#8212; Kmetija z razgledom","description":"Ovdje \u0107ete prona\u0107i gorja, grebenove, visoravni, uske klance, doline, kristalno \u010diste vode, prekrasne poglede, netaknutu prirodu.","robots":{"index":"index","follow":"follow","max-snippet":"max-snippet:-1","max-image-preview":"max-image-preview:large","max-video-preview":"max-video-preview:-1"},"canonical":"https:\/\/kmetijazrazgledom.si\/hr\/aktivnosti\/planinarenje\/","og_locale":"hr_HR","og_type":"article","og_title":"PLANINARENJE &#8212; Kmetija z razgledom","og_description":"Ovdje \u0107ete prona\u0107i gorja, grebenove, visoravni, uske klance, doline, kristalno \u010diste vode, prekrasne poglede, netaknutu prirodu.","og_url":"https:\/\/kmetijazrazgledom.si\/hr\/aktivnosti\/planinarenje\/","og_site_name":"Kmetija z razgledom","article_modified_time":"2022-01-10T17:35:07+00:00","twitter_card":"summary_large_image","twitter_misc":{"Procijenjeno vrijeme \u010ditanja":"5 minuta"},"schema":{"@context":"https:\/\/schema.org","@graph":[{"@type":"WebPage","@id":"https:\/\/kmetijazrazgledom.si\/hr\/aktivnosti\/planinarenje\/","url":"https:\/\/kmetijazrazgledom.si\/hr\/aktivnosti\/planinarenje\/","name":"PLANINARENJE &#8212; Kmetija z razgledom","isPartOf":{"@id":"https:\/\/kmetijazrazgledom.si\/#website"},"datePublished":"2019-10-28T14:14:28+00:00","dateModified":"2022-01-10T17:35:07+00:00","description":"Ovdje \u0107ete prona\u0107i gorja, grebenove, visoravni, uske klance, doline, kristalno \u010diste vode, prekrasne poglede, netaknutu prirodu.","breadcrumb":{"@id":"https:\/\/kmetijazrazgledom.si\/hr\/aktivnosti\/planinarenje\/#breadcrumb"},"inLanguage":"hr","potentialAction":[{"@type":"ReadAction","target":["https:\/\/kmetijazrazgledom.si\/hr\/aktivnosti\/planinarenje\/"]}]},{"@type":"BreadcrumbList","@id":"https:\/\/kmetijazrazgledom.si\/hr\/aktivnosti\/planinarenje\/#breadcrumb","itemListElement":[{"@type":"ListItem","position":1,"name":"Home","item":"https:\/\/kmetijazrazgledom.si\/hr\/"},{"@type":"ListItem","position":2,"name":"Aktivnosti","item":"https:\/\/kmetijazrazgledom.si\/hr\/aktivnosti\/"},{"@type":"ListItem","position":3,"name":"PLANINARENJE"}]},{"@type":"WebSite","@id":"https:\/\/kmetijazrazgledom.si\/#website","url":"https:\/\/kmetijazrazgledom.si\/","name":"Kmetija z razgledom","description":"","potentialAction":[{"@type":"SearchAction","target":{"@type":"EntryPoint","urlTemplate":"https:\/\/kmetijazrazgledom.si\/?s={search_term_string}"},"query-input":"required name=search_term_string"}],"inLanguage":"hr"}]}},"_links":{"self":[{"href":"https:\/\/kmetijazrazgledom.si\/hr\/wp-json\/wp\/v2\/pages\/900"}],"collection":[{"href":"https:\/\/kmetijazrazgledom.si\/hr\/wp-json\/wp\/v2\/pages"}],"about":[{"href":"https:\/\/kmetijazrazgledom.si\/hr\/wp-json\/wp\/v2\/types\/page"}],"author":[{"embeddable":true,"href":"https:\/\/kmetijazrazgledom.si\/hr\/wp-json\/wp\/v2\/users\/2"}],"replies":[{"embeddable":true,"href":"https:\/\/kmetijazrazgledom.si\/hr\/wp-json\/wp\/v2\/comments?post=900"}],"version-history":[{"count":6,"href":"https:\/\/kmetijazrazgledom.si\/hr\/wp-json\/wp\/v2\/pages\/900\/revisions"}],"predecessor-version":[{"id":2817,"href":"https:\/\/kmetijazrazgledom.si\/hr\/wp-json\/wp\/v2\/pages\/900\/revisions\/2817"}],"up":[{"embeddable":true,"href":"https:\/\/kmetijazrazgledom.si\/hr\/wp-json\/wp\/v2\/pages\/1213"}],"wp:attachment":[{"href":"https:\/\/kmetijazrazgledom.si\/hr\/wp-json\/wp\/v2\/media?parent=900"}],"curies":[{"name":"wp","href":"https:\/\/api.w.org\/{rel}","templated":true}]}}