{"id":914,"date":"2019-10-28T14:17:04","date_gmt":"2019-10-28T14:17:04","guid":{"rendered":"https:\/\/kmetijazrazgledom.si\/?page_id=914"},"modified":"2022-01-10T17:37:21","modified_gmt":"2022-01-10T17:37:21","slug":"skijaliste-cerkno","status":"publish","type":"page","link":"https:\/\/kmetijazrazgledom.si\/hr\/aktivnosti\/skijaliste-cerkno\/","title":{"rendered":"SKIJALI\u0160TE CERKNO"},"content":{"rendered":"<p>[et_pb_section fb_built=&#8221;1&#8243; fullwidth=&#8221;on&#8221; _builder_version=&#8221;3.29.3&#8243; global_colors_info=&#8221;{}&#8221;][et_pb_fullwidth_header _builder_version=&#8221;3.29.3&#8243; background_image=&#8221;https:\/\/kmetijazrazgledom.si\/wp-content\/uploads\/2019\/10\/KmetijaNaCendovs_SkiCenterCerkno06.jpg&#8221; height=&#8221;350px&#8221; global_colors_info=&#8221;{}&#8221;][\/et_pb_fullwidth_header][\/et_pb_section][et_pb_section fb_built=&#8221;1&#8243; admin_label=&#8221;section&#8221; _builder_version=&#8221;3.22&#8243; global_colors_info=&#8221;{}&#8221;][et_pb_row column_structure=&#8221;1_2,1_2&#8243; admin_label=&#8221;row&#8221; _builder_version=&#8221;3.25&#8243; background_size=&#8221;initial&#8221; background_position=&#8221;top_left&#8221; background_repeat=&#8221;repeat&#8221; global_colors_info=&#8221;{}&#8221;][et_pb_column type=&#8221;1_2&#8243; _builder_version=&#8221;3.25&#8243; custom_padding=&#8221;|||&#8221; global_colors_info=&#8221;{}&#8221; custom_padding__hover=&#8221;|||&#8221;][et_pb_post_title meta=&#8221;off&#8221; featured_image=&#8221;off&#8221; _builder_version=&#8221;3.29.3&#8243; global_colors_info=&#8221;{}&#8221;][\/et_pb_post_title][et_pb_text _builder_version=&#8221;3.29.3&#8243; global_colors_info=&#8221;{}&#8221;]<\/p>\n<p class=\"p1\">Skijali\u0161te Cerkno le\u017ei na obroncima \u010crnog vrha (1291 m). Obuhva\u0107a 70 ha odli\u010dno ure\u0111enih skija\u0161kih staza, trka\u010dku i prugu za sanjkanje. Skija\u0161ke staze su pogodne za skija\u0161e svih vrsta, od po\u010detnika do najzahtjevnijih skija\u0161a. Ure\u0111aji, dvo-, \u010detvero i \u0161est- sjede\u017enice i vu\u010dnice su najsuvremenije i sigurne.<\/p>\n<p class=\"p1\">Ako nemate vlastitu opremu, mo\u017eete je posuditi na skijali\u0161tu, a oni koji nisu vje\u0161ti u skijanju to mogu nau\u010diti u \u0161koli skijanja. Tako\u0111er je pobrinuto za mali\u0161ane, jer se na vrhu skijali\u0161ta Cerkno nalazi dje\u010dji vrti\u0107 s poligonom za skijanje, pomi\u010dnom trakom i vrtuljkom.<\/p>\n<p class=\"p1\">Na samom vrhu skijali\u0161ta Cerkno nalazi se restoran Alpska perla, gdje mo\u017eete birati izme\u0111u raznovrsne ponude hrane i pi\u0107a, ugrijati se i gledati prijenos va\u0161eg omiljenog zimskog sporta.<\/p>\n<p>[\/et_pb_text][\/et_pb_column][et_pb_column type=&#8221;1_2&#8243; _builder_version=&#8221;3.25&#8243; custom_padding=&#8221;|||&#8221; global_colors_info=&#8221;{}&#8221; custom_padding__hover=&#8221;|||&#8221;][et_pb_testimonial _builder_version=&#8221;3.29.3&#8243; body_font=&#8221;||on||||||&#8221; body_font_size=&#8221;23px&#8221; saved_tabs=&#8221;all&#8221; global_colors_info=&#8221;{}&#8221;]<\/p>\n<p class=\"p1\">Skijali\u0161te Cerkno le\u017ei na obroncima \u010crnog vrha (1291 m). Obuhva\u0107a 70 ha odli\u010dno ure\u0111enih skija\u0161kih staza, trka\u010dku i prugu za sanjkanje.<\/p>\n<p>[\/et_pb_testimonial][\/et_pb_column][\/et_pb_row][\/et_pb_section][et_pb_section fb_built=&#8221;1&#8243; _builder_version=&#8221;3.29.3&#8243; global_colors_info=&#8221;{}&#8221;][et_pb_row _builder_version=&#8221;3.29.3&#8243; global_colors_info=&#8221;{}&#8221;][et_pb_column type=&#8221;4_4&#8243; _builder_version=&#8221;3.29.3&#8243; global_colors_info=&#8221;{}&#8221;][et_pb_gallery gallery_ids=&#8221;414,413,412,411&#8243; show_title_and_caption=&#8221;off&#8221; show_pagination=&#8221;off&#8221; _builder_version=&#8221;3.29.3&#8243; global_colors_info=&#8221;{}&#8221;][\/et_pb_gallery][\/et_pb_column][\/et_pb_row][\/et_pb_section]<\/p>\n","protected":false},"excerpt":{"rendered":"<p>Skijali\u0161te Cerkno le\u017ei na obroncima \u010crnog vrha (1291 m). Obuhva\u0107a 70 ha odli\u010dno ure\u0111enih skija\u0161kih staza, trka\u010dku i prugu za sanjkanje. Skija\u0161ke staze su pogodne za skija\u0161e svih vrsta, od po\u010detnika do najzahtjevnijih skija\u0161a. Ure\u0111aji, dvo-, \u010detvero i \u0161est- sjede\u017enice i vu\u010dnice su najsuvremenije i sigurne. Ako nemate vlastitu opremu, mo\u017eete je posuditi na skijali\u0161tu, [&hellip;]<\/p>\n","protected":false},"author":2,"featured_media":0,"parent":1213,"menu_order":0,"comment_status":"closed","ping_status":"closed","template":"","meta":{"_et_pb_use_builder":"on","_et_pb_old_content":"","_et_gb_content_width":"","_monsterinsights_skip_tracking":false,"_monsterinsights_sitenote_active":false,"_monsterinsights_sitenote_note":"","_monsterinsights_sitenote_category":0,"footnotes":""},"yoast_head":"<!-- This site is optimized with the Yoast SEO plugin v21.5 - https:\/\/yoast.com\/wordpress\/plugins\/seo\/ -->\n<title>SKIJALI\u0160TE CERKNO &#8212; Kmetija z razgledom<\/title>\n<meta name=\"description\" content=\"Skijali\u0161te Cerkno obuhva\u0107a 70 ha odli\u010dno ure\u0111enih skija\u0161kih staza, trka\u010dku i prugu za sanjkanje. staze su pogodne za skija\u0161e svih vrsta.\" \/>\n<meta name=\"robots\" content=\"index, follow, max-snippet:-1, max-image-preview:large, max-video-preview:-1\" \/>\n<link rel=\"canonical\" href=\"https:\/\/kmetijazrazgledom.si\/hr\/aktivnosti\/skijaliste-cerkno\/\" \/>\n<meta property=\"og:locale\" content=\"hr_HR\" \/>\n<meta property=\"og:type\" content=\"article\" \/>\n<meta property=\"og:title\" content=\"SKIJALI\u0160TE CERKNO &#8212; Kmetija z razgledom\" \/>\n<meta property=\"og:description\" content=\"Skijali\u0161te Cerkno obuhva\u0107a 70 ha odli\u010dno ure\u0111enih skija\u0161kih staza, trka\u010dku i prugu za sanjkanje. staze su pogodne za skija\u0161e svih vrsta.\" \/>\n<meta property=\"og:url\" content=\"https:\/\/kmetijazrazgledom.si\/hr\/aktivnosti\/skijaliste-cerkno\/\" \/>\n<meta property=\"og:site_name\" content=\"Kmetija z razgledom\" \/>\n<meta property=\"article:modified_time\" content=\"2022-01-10T17:37:21+00:00\" \/>\n<meta name=\"twitter:card\" content=\"summary_large_image\" \/>\n<meta name=\"twitter:label1\" content=\"Procijenjeno vrijeme \u010ditanja\" \/>\n\t<meta name=\"twitter:data1\" content=\"2 minute\" \/>\n<script type=\"application\/ld+json\" class=\"yoast-schema-graph\">{\"@context\":\"https:\/\/schema.org\",\"@graph\":[{\"@type\":\"WebPage\",\"@id\":\"https:\/\/kmetijazrazgledom.si\/hr\/aktivnosti\/skijaliste-cerkno\/\",\"url\":\"https:\/\/kmetijazrazgledom.si\/hr\/aktivnosti\/skijaliste-cerkno\/\",\"name\":\"SKIJALI\u0160TE CERKNO &#8212; Kmetija z razgledom\",\"isPartOf\":{\"@id\":\"https:\/\/kmetijazrazgledom.si\/#website\"},\"datePublished\":\"2019-10-28T14:17:04+00:00\",\"dateModified\":\"2022-01-10T17:37:21+00:00\",\"description\":\"Skijali\u0161te Cerkno obuhva\u0107a 70 ha odli\u010dno ure\u0111enih skija\u0161kih staza, trka\u010dku i prugu za sanjkanje. staze su pogodne za skija\u0161e svih vrsta.\",\"breadcrumb\":{\"@id\":\"https:\/\/kmetijazrazgledom.si\/hr\/aktivnosti\/skijaliste-cerkno\/#breadcrumb\"},\"inLanguage\":\"hr\",\"potentialAction\":[{\"@type\":\"ReadAction\",\"target\":[\"https:\/\/kmetijazrazgledom.si\/hr\/aktivnosti\/skijaliste-cerkno\/\"]}]},{\"@type\":\"BreadcrumbList\",\"@id\":\"https:\/\/kmetijazrazgledom.si\/hr\/aktivnosti\/skijaliste-cerkno\/#breadcrumb\",\"itemListElement\":[{\"@type\":\"ListItem\",\"position\":1,\"name\":\"Home\",\"item\":\"https:\/\/kmetijazrazgledom.si\/hr\/\"},{\"@type\":\"ListItem\",\"position\":2,\"name\":\"Aktivnosti\",\"item\":\"https:\/\/kmetijazrazgledom.si\/hr\/aktivnosti\/\"},{\"@type\":\"ListItem\",\"position\":3,\"name\":\"SKIJALI\u0160TE CERKNO\"}]},{\"@type\":\"WebSite\",\"@id\":\"https:\/\/kmetijazrazgledom.si\/#website\",\"url\":\"https:\/\/kmetijazrazgledom.si\/\",\"name\":\"Kmetija z razgledom\",\"description\":\"\",\"potentialAction\":[{\"@type\":\"SearchAction\",\"target\":{\"@type\":\"EntryPoint\",\"urlTemplate\":\"https:\/\/kmetijazrazgledom.si\/?s={search_term_string}\"},\"query-input\":\"required name=search_term_string\"}],\"inLanguage\":\"hr\"}]}<\/script>\n<!-- \/ Yoast SEO plugin. -->","yoast_head_json":{"title":"SKIJALI\u0160TE CERKNO &#8212; Kmetija z razgledom","description":"Skijali\u0161te Cerkno obuhva\u0107a 70 ha odli\u010dno ure\u0111enih skija\u0161kih staza, trka\u010dku i prugu za sanjkanje. staze su pogodne za skija\u0161e svih vrsta.","robots":{"index":"index","follow":"follow","max-snippet":"max-snippet:-1","max-image-preview":"max-image-preview:large","max-video-preview":"max-video-preview:-1"},"canonical":"https:\/\/kmetijazrazgledom.si\/hr\/aktivnosti\/skijaliste-cerkno\/","og_locale":"hr_HR","og_type":"article","og_title":"SKIJALI\u0160TE CERKNO &#8212; Kmetija z razgledom","og_description":"Skijali\u0161te Cerkno obuhva\u0107a 70 ha odli\u010dno ure\u0111enih skija\u0161kih staza, trka\u010dku i prugu za sanjkanje. staze su pogodne za skija\u0161e svih vrsta.","og_url":"https:\/\/kmetijazrazgledom.si\/hr\/aktivnosti\/skijaliste-cerkno\/","og_site_name":"Kmetija z razgledom","article_modified_time":"2022-01-10T17:37:21+00:00","twitter_card":"summary_large_image","twitter_misc":{"Procijenjeno vrijeme \u010ditanja":"2 minute"},"schema":{"@context":"https:\/\/schema.org","@graph":[{"@type":"WebPage","@id":"https:\/\/kmetijazrazgledom.si\/hr\/aktivnosti\/skijaliste-cerkno\/","url":"https:\/\/kmetijazrazgledom.si\/hr\/aktivnosti\/skijaliste-cerkno\/","name":"SKIJALI\u0160TE CERKNO &#8212; Kmetija z razgledom","isPartOf":{"@id":"https:\/\/kmetijazrazgledom.si\/#website"},"datePublished":"2019-10-28T14:17:04+00:00","dateModified":"2022-01-10T17:37:21+00:00","description":"Skijali\u0161te Cerkno obuhva\u0107a 70 ha odli\u010dno ure\u0111enih skija\u0161kih staza, trka\u010dku i prugu za sanjkanje. staze su pogodne za skija\u0161e svih vrsta.","breadcrumb":{"@id":"https:\/\/kmetijazrazgledom.si\/hr\/aktivnosti\/skijaliste-cerkno\/#breadcrumb"},"inLanguage":"hr","potentialAction":[{"@type":"ReadAction","target":["https:\/\/kmetijazrazgledom.si\/hr\/aktivnosti\/skijaliste-cerkno\/"]}]},{"@type":"BreadcrumbList","@id":"https:\/\/kmetijazrazgledom.si\/hr\/aktivnosti\/skijaliste-cerkno\/#breadcrumb","itemListElement":[{"@type":"ListItem","position":1,"name":"Home","item":"https:\/\/kmetijazrazgledom.si\/hr\/"},{"@type":"ListItem","position":2,"name":"Aktivnosti","item":"https:\/\/kmetijazrazgledom.si\/hr\/aktivnosti\/"},{"@type":"ListItem","position":3,"name":"SKIJALI\u0160TE CERKNO"}]},{"@type":"WebSite","@id":"https:\/\/kmetijazrazgledom.si\/#website","url":"https:\/\/kmetijazrazgledom.si\/","name":"Kmetija z razgledom","description":"","potentialAction":[{"@type":"SearchAction","target":{"@type":"EntryPoint","urlTemplate":"https:\/\/kmetijazrazgledom.si\/?s={search_term_string}"},"query-input":"required name=search_term_string"}],"inLanguage":"hr"}]}},"_links":{"self":[{"href":"https:\/\/kmetijazrazgledom.si\/hr\/wp-json\/wp\/v2\/pages\/914"}],"collection":[{"href":"https:\/\/kmetijazrazgledom.si\/hr\/wp-json\/wp\/v2\/pages"}],"about":[{"href":"https:\/\/kmetijazrazgledom.si\/hr\/wp-json\/wp\/v2\/types\/page"}],"author":[{"embeddable":true,"href":"https:\/\/kmetijazrazgledom.si\/hr\/wp-json\/wp\/v2\/users\/2"}],"replies":[{"embeddable":true,"href":"https:\/\/kmetijazrazgledom.si\/hr\/wp-json\/wp\/v2\/comments?post=914"}],"version-history":[{"count":7,"href":"https:\/\/kmetijazrazgledom.si\/hr\/wp-json\/wp\/v2\/pages\/914\/revisions"}],"predecessor-version":[{"id":2818,"href":"https:\/\/kmetijazrazgledom.si\/hr\/wp-json\/wp\/v2\/pages\/914\/revisions\/2818"}],"up":[{"embeddable":true,"href":"https:\/\/kmetijazrazgledom.si\/hr\/wp-json\/wp\/v2\/pages\/1213"}],"wp:attachment":[{"href":"https:\/\/kmetijazrazgledom.si\/hr\/wp-json\/wp\/v2\/media?parent=914"}],"curies":[{"name":"wp","href":"https:\/\/api.w.org\/{rel}","templated":true}]}}