{"id":930,"date":"2019-10-28T14:26:24","date_gmt":"2019-10-28T14:26:24","guid":{"rendered":"https:\/\/kmetijazrazgledom.si\/?page_id=930"},"modified":"2022-01-10T17:39:54","modified_gmt":"2022-01-10T17:39:54","slug":"ekoloska-proizvodnja-hrane","status":"publish","type":"page","link":"https:\/\/kmetijazrazgledom.si\/hr\/ekoloska-proizvodnja-hrane\/","title":{"rendered":"Ekolo\u0161ka proizvodnja hrane"},"content":{"rendered":"<p>[et_pb_section fb_built=&#8221;1&#8243; fullwidth=&#8221;on&#8221; _builder_version=&#8221;3.29.3&#8243; global_colors_info=&#8221;{}&#8221;][et_pb_fullwidth_header _builder_version=&#8221;3.29.3&#8243; background_image=&#8221;https:\/\/kmetijazrazgledom.si\/wp-content\/uploads\/2019\/10\/KmetijaNaCendovs_EkoloskaPridelavaZivil.jpg&#8221; height=&#8221;350px&#8221; global_colors_info=&#8221;{}&#8221;]<br \/>\n[\/et_pb_fullwidth_header][\/et_pb_section][et_pb_section fb_built=&#8221;1&#8243; admin_label=&#8221;section&#8221; _builder_version=&#8221;3.22&#8243; global_colors_info=&#8221;{}&#8221;][et_pb_row column_structure=&#8221;1_2,1_2&#8243; admin_label=&#8221;row&#8221; _builder_version=&#8221;3.25&#8243; background_size=&#8221;initial&#8221; background_position=&#8221;top_left&#8221; background_repeat=&#8221;repeat&#8221; global_colors_info=&#8221;{}&#8221;][et_pb_column type=&#8221;1_2&#8243; _builder_version=&#8221;3.25&#8243; custom_padding=&#8221;|||&#8221; global_colors_info=&#8221;{}&#8221; custom_padding__hover=&#8221;|||&#8221;][et_pb_post_title meta=&#8221;off&#8221; featured_image=&#8221;off&#8221; _builder_version=&#8221;3.29.3&#8243; global_colors_info=&#8221;{}&#8221;]<br \/>\n[\/et_pb_post_title][et_pb_testimonial _builder_version=&#8221;3.29.3&#8243; body_font=&#8221;||on||||||&#8221; body_font_size=&#8221;23px&#8221; global_colors_info=&#8221;{}&#8221;]<\/p>\n<p class=\"p1\">Na na\u0161em imanju mo\u017eete dobiti sezonske proizvode i namirnice iz na\u0161e proizvodnje koji su isklju\u010divo ekolo\u0161ko proizvedeni, prirodni, zdravi i hranjivi.<\/p>\n<p>\u200b<\/p>\n<p>[\/et_pb_testimonial][et_pb_text _builder_version=&#8221;3.29.3&#8243; global_colors_info=&#8221;{}&#8221;]<\/p>\n<p class=\"p1\">Zdrave i ukusne obroke, kao i tradicionalna doma\u0107a jela (kara\u017eevc, smukavc), mo\u017eete pripremiti sami, prema starim receptima, u potpuno opremljenim apartmanima.<\/p>\n<p class=\"p1\">Ponudu mo\u017eemo nadopuniti ekolo\u0161kom hranom i usjevima iz okolnih farmi.<\/p>\n<p class=\"p1\">Tako\u0111er mo\u017eete sudjelovati u poljoprivrednim poslovima, berbi usjeva, vo\u0107a, radu u staji, hranjenju \u017eivotinja, sakupljanju sijena. Odmor na na\u0161oj farmi je naravno i uzbudljiva avantura za djecu, mogu upoznati doma\u0107e \u017eivotinje i opu\u0161teno se igrati u prirodi.<\/p>\n<p>[\/et_pb_text][et_pb_image src=&#8221;https:\/\/kmetijazrazgledom.si\/wp-content\/uploads\/2020\/03\/2-1.jpg&#8221; show_in_lightbox=&#8221;on&#8221; _builder_version=&#8221;3.29.3&#8243; z_index_tablet=&#8221;500&#8243; box_shadow_horizontal_tablet=&#8221;0px&#8221; box_shadow_vertical_tablet=&#8221;0px&#8221; box_shadow_blur_tablet=&#8221;40px&#8221; box_shadow_spread_tablet=&#8221;0px&#8221; global_colors_info=&#8221;{}&#8221;][\/et_pb_image][\/et_pb_column][et_pb_column type=&#8221;1_2&#8243; _builder_version=&#8221;3.25&#8243; custom_padding=&#8221;|||&#8221; global_colors_info=&#8221;{}&#8221; custom_padding__hover=&#8221;|||&#8221;][et_pb_image src=&#8221;https:\/\/kmetijazrazgledom.si\/wp-content\/uploads\/2019\/10\/KmetijaNaCendovs_EkoloskaPridelavaZivil_01.jpg&#8221; _builder_version=&#8221;3.29.3&#8243; global_colors_info=&#8221;{}&#8221;]<br \/>\n[\/et_pb_image][\/et_pb_column][\/et_pb_row][\/et_pb_section]<\/p>\n","protected":false},"excerpt":{"rendered":"<p>Na na\u0161em imanju mo\u017eete dobiti sezonske proizvode i namirnice iz na\u0161e proizvodnje koji su isklju\u010divo ekolo\u0161ko proizvedeni, prirodni, zdravi i hranjivi. \u200b Zdrave i ukusne obroke, kao i tradicionalna doma\u0107a jela (kara\u017eevc, smukavc), mo\u017eete pripremiti sami, prema starim receptima, u potpuno opremljenim apartmanima. Ponudu mo\u017eemo nadopuniti ekolo\u0161kom hranom i usjevima iz okolnih farmi. Tako\u0111er mo\u017eete [&hellip;]<\/p>\n","protected":false},"author":2,"featured_media":0,"parent":0,"menu_order":0,"comment_status":"closed","ping_status":"closed","template":"","meta":{"_et_pb_use_builder":"on","_et_pb_old_content":"","_et_gb_content_width":"","_monsterinsights_skip_tracking":false,"_monsterinsights_sitenote_active":false,"_monsterinsights_sitenote_note":"","_monsterinsights_sitenote_category":0,"footnotes":""},"yoast_head":"<!-- This site is optimized with the Yoast SEO plugin v21.5 - https:\/\/yoast.com\/wordpress\/plugins\/seo\/ -->\n<title>Ekolo\u0161ka proizvodnja hrane &#8212; Kmetija z razgledom<\/title>\n<meta name=\"description\" content=\"Na na\u0161em imanju mo\u017eete dobiti sezonske proizvode i namirnice iz na\u0161e proizvodnje koji su isklju\u010divo ekolo\u0161ko proizvedeni.\" \/>\n<meta name=\"robots\" content=\"index, follow, max-snippet:-1, max-image-preview:large, max-video-preview:-1\" \/>\n<link rel=\"canonical\" href=\"https:\/\/kmetijazrazgledom.si\/hr\/ekoloska-proizvodnja-hrane\/\" \/>\n<meta property=\"og:locale\" content=\"hr_HR\" \/>\n<meta property=\"og:type\" content=\"article\" \/>\n<meta property=\"og:title\" content=\"Ekolo\u0161ka proizvodnja hrane &#8212; Kmetija z razgledom\" \/>\n<meta property=\"og:description\" content=\"Na na\u0161em imanju mo\u017eete dobiti sezonske proizvode i namirnice iz na\u0161e proizvodnje koji su isklju\u010divo ekolo\u0161ko proizvedeni.\" \/>\n<meta property=\"og:url\" content=\"https:\/\/kmetijazrazgledom.si\/hr\/ekoloska-proizvodnja-hrane\/\" \/>\n<meta property=\"og:site_name\" content=\"Kmetija z razgledom\" \/>\n<meta property=\"article:modified_time\" content=\"2022-01-10T17:39:54+00:00\" \/>\n<meta name=\"twitter:card\" content=\"summary_large_image\" \/>\n<meta name=\"twitter:label1\" content=\"Procijenjeno vrijeme \u010ditanja\" \/>\n\t<meta name=\"twitter:data1\" content=\"2 minute\" \/>\n<script type=\"application\/ld+json\" class=\"yoast-schema-graph\">{\"@context\":\"https:\/\/schema.org\",\"@graph\":[{\"@type\":\"WebPage\",\"@id\":\"https:\/\/kmetijazrazgledom.si\/hr\/ekoloska-proizvodnja-hrane\/\",\"url\":\"https:\/\/kmetijazrazgledom.si\/hr\/ekoloska-proizvodnja-hrane\/\",\"name\":\"Ekolo\u0161ka proizvodnja hrane &#8212; Kmetija z razgledom\",\"isPartOf\":{\"@id\":\"https:\/\/kmetijazrazgledom.si\/#website\"},\"datePublished\":\"2019-10-28T14:26:24+00:00\",\"dateModified\":\"2022-01-10T17:39:54+00:00\",\"description\":\"Na na\u0161em imanju mo\u017eete dobiti sezonske proizvode i namirnice iz na\u0161e proizvodnje koji su isklju\u010divo ekolo\u0161ko proizvedeni.\",\"breadcrumb\":{\"@id\":\"https:\/\/kmetijazrazgledom.si\/hr\/ekoloska-proizvodnja-hrane\/#breadcrumb\"},\"inLanguage\":\"hr\",\"potentialAction\":[{\"@type\":\"ReadAction\",\"target\":[\"https:\/\/kmetijazrazgledom.si\/hr\/ekoloska-proizvodnja-hrane\/\"]}]},{\"@type\":\"BreadcrumbList\",\"@id\":\"https:\/\/kmetijazrazgledom.si\/hr\/ekoloska-proizvodnja-hrane\/#breadcrumb\",\"itemListElement\":[{\"@type\":\"ListItem\",\"position\":1,\"name\":\"Home\",\"item\":\"https:\/\/kmetijazrazgledom.si\/hr\/\"},{\"@type\":\"ListItem\",\"position\":2,\"name\":\"Ekolo\u0161ka proizvodnja hrane\"}]},{\"@type\":\"WebSite\",\"@id\":\"https:\/\/kmetijazrazgledom.si\/#website\",\"url\":\"https:\/\/kmetijazrazgledom.si\/\",\"name\":\"Kmetija z razgledom\",\"description\":\"\",\"potentialAction\":[{\"@type\":\"SearchAction\",\"target\":{\"@type\":\"EntryPoint\",\"urlTemplate\":\"https:\/\/kmetijazrazgledom.si\/?s={search_term_string}\"},\"query-input\":\"required name=search_term_string\"}],\"inLanguage\":\"hr\"}]}<\/script>\n<!-- \/ Yoast SEO plugin. -->","yoast_head_json":{"title":"Ekolo\u0161ka proizvodnja hrane &#8212; Kmetija z razgledom","description":"Na na\u0161em imanju mo\u017eete dobiti sezonske proizvode i namirnice iz na\u0161e proizvodnje koji su isklju\u010divo ekolo\u0161ko proizvedeni.","robots":{"index":"index","follow":"follow","max-snippet":"max-snippet:-1","max-image-preview":"max-image-preview:large","max-video-preview":"max-video-preview:-1"},"canonical":"https:\/\/kmetijazrazgledom.si\/hr\/ekoloska-proizvodnja-hrane\/","og_locale":"hr_HR","og_type":"article","og_title":"Ekolo\u0161ka proizvodnja hrane &#8212; Kmetija z razgledom","og_description":"Na na\u0161em imanju mo\u017eete dobiti sezonske proizvode i namirnice iz na\u0161e proizvodnje koji su isklju\u010divo ekolo\u0161ko proizvedeni.","og_url":"https:\/\/kmetijazrazgledom.si\/hr\/ekoloska-proizvodnja-hrane\/","og_site_name":"Kmetija z razgledom","article_modified_time":"2022-01-10T17:39:54+00:00","twitter_card":"summary_large_image","twitter_misc":{"Procijenjeno vrijeme \u010ditanja":"2 minute"},"schema":{"@context":"https:\/\/schema.org","@graph":[{"@type":"WebPage","@id":"https:\/\/kmetijazrazgledom.si\/hr\/ekoloska-proizvodnja-hrane\/","url":"https:\/\/kmetijazrazgledom.si\/hr\/ekoloska-proizvodnja-hrane\/","name":"Ekolo\u0161ka proizvodnja hrane &#8212; Kmetija z razgledom","isPartOf":{"@id":"https:\/\/kmetijazrazgledom.si\/#website"},"datePublished":"2019-10-28T14:26:24+00:00","dateModified":"2022-01-10T17:39:54+00:00","description":"Na na\u0161em imanju mo\u017eete dobiti sezonske proizvode i namirnice iz na\u0161e proizvodnje koji su isklju\u010divo ekolo\u0161ko proizvedeni.","breadcrumb":{"@id":"https:\/\/kmetijazrazgledom.si\/hr\/ekoloska-proizvodnja-hrane\/#breadcrumb"},"inLanguage":"hr","potentialAction":[{"@type":"ReadAction","target":["https:\/\/kmetijazrazgledom.si\/hr\/ekoloska-proizvodnja-hrane\/"]}]},{"@type":"BreadcrumbList","@id":"https:\/\/kmetijazrazgledom.si\/hr\/ekoloska-proizvodnja-hrane\/#breadcrumb","itemListElement":[{"@type":"ListItem","position":1,"name":"Home","item":"https:\/\/kmetijazrazgledom.si\/hr\/"},{"@type":"ListItem","position":2,"name":"Ekolo\u0161ka proizvodnja hrane"}]},{"@type":"WebSite","@id":"https:\/\/kmetijazrazgledom.si\/#website","url":"https:\/\/kmetijazrazgledom.si\/","name":"Kmetija z razgledom","description":"","potentialAction":[{"@type":"SearchAction","target":{"@type":"EntryPoint","urlTemplate":"https:\/\/kmetijazrazgledom.si\/?s={search_term_string}"},"query-input":"required name=search_term_string"}],"inLanguage":"hr"}]}},"_links":{"self":[{"href":"https:\/\/kmetijazrazgledom.si\/hr\/wp-json\/wp\/v2\/pages\/930"}],"collection":[{"href":"https:\/\/kmetijazrazgledom.si\/hr\/wp-json\/wp\/v2\/pages"}],"about":[{"href":"https:\/\/kmetijazrazgledom.si\/hr\/wp-json\/wp\/v2\/types\/page"}],"author":[{"embeddable":true,"href":"https:\/\/kmetijazrazgledom.si\/hr\/wp-json\/wp\/v2\/users\/2"}],"replies":[{"embeddable":true,"href":"https:\/\/kmetijazrazgledom.si\/hr\/wp-json\/wp\/v2\/comments?post=930"}],"version-history":[{"count":9,"href":"https:\/\/kmetijazrazgledom.si\/hr\/wp-json\/wp\/v2\/pages\/930\/revisions"}],"predecessor-version":[{"id":2820,"href":"https:\/\/kmetijazrazgledom.si\/hr\/wp-json\/wp\/v2\/pages\/930\/revisions\/2820"}],"wp:attachment":[{"href":"https:\/\/kmetijazrazgledom.si\/hr\/wp-json\/wp\/v2\/media?parent=930"}],"curies":[{"name":"wp","href":"https:\/\/api.w.org\/{rel}","templated":true}]}}